{"id":5036,"date":"2026-01-14T11:03:25","date_gmt":"2026-01-14T11:03:25","guid":{"rendered":"https:\/\/turkishtrade.co\/product\/mens-cap-toe-oxfords\/"},"modified":"2026-04-09T19:46:15","modified_gmt":"2026-04-09T19:46:15","slug":"mens-cap-toe-oxfords","status":"publish","type":"product","link":"https:\/\/turkishtrade.co\/tr\/shop\/mens-cap-toe-oxfords\/","title":{"rendered":"Zarif El Yap\u0131m\u0131 Erkek Cap Toe Oxford Deri Ayakkab\u0131"},"content":{"rendered":"<p><strong>Erkek Cap Toe Oxfords<\/strong><\/p>\n<p>Titizlikle el yap\u0131m\u0131 \u00fcr\u00fcnlerimizle sofistike bir tarza ad\u0131m at\u0131n <strong>Erkek Cap Toe Oxfords<\/strong>. Se\u00e7kin beyefendiler i\u00e7in tasarlanan bu zarif elbise ayakkab\u0131lar\u0131, zamans\u0131z \u00e7ekicili\u011fi modern konforla harmanl\u0131yor. Her bir \u00e7ift, \u00fcst\u00fcn i\u015f\u00e7ili\u011fin bir kan\u0131t\u0131d\u0131r ve \u00f6nemli i\u015f toplant\u0131lar\u0131ndan resmi toplant\u0131lara kadar her etkinlikte kal\u0131c\u0131 bir izlenim b\u0131rakman\u0131z\u0131 sa\u011flar. Geleneksel Oxford ayakkab\u0131lar\u0131n ay\u0131rt edici \u00f6zelli\u011fi olan klasik burnu a\u00e7\u0131k tasar\u0131m, asla modas\u0131 ge\u00e7meyen rafine bir zarafet dokunu\u015fu katar.<\/p>\n<h3>Benzersiz Kalite ve Konfor<\/h3>\n<p>Premium \u00fcr\u00fcnlerimiz <strong>Erkek Cap Toe Oxfords<\/strong> sadece en iyi malzemeler kullan\u0131larak \u00fcretilmi\u015ftir. D\u0131\u015f y\u00fczeyi, p\u00fcr\u00fczs\u00fcz dokusu, do\u011fal parlakl\u0131\u011f\u0131 ve ola\u011fan\u00fcst\u00fc dayan\u0131kl\u0131l\u0131\u011f\u0131yla tan\u0131nan y\u00fcksek kaliteli dana derisinden \u00fcretilmi\u015ftir. Bu l\u00fcks d\u0131\u015f katman sadece zarif g\u00f6r\u00fcnmekle kalmaz, ayn\u0131 zamanda zamanla benzersiz bir patina geli\u015ftirerek g\u00fczel bir \u015fekilde ya\u015flanmay\u0131 da vaat eder. \u0130\u00e7 k\u0131s\u0131mda, ayaklar\u0131n\u0131z hakiki ke\u00e7i derisi astar\u0131n pel\u00fc\u015f konforunu ya\u015fayacak. Ke\u00e7i derisi yumu\u015fakl\u0131\u011f\u0131, nefes alabilirli\u011fi ve nem \u00e7ekme \u00f6zellikleriyle \u00fcnl\u00fcd\u00fcr ve uzun saatler giyildikten sonra bile ayaklar\u0131n\u0131z i\u00e7in inan\u0131lmaz rahat bir ortam sa\u011flar.<\/p>\n<h3>Performans ve Dayan\u0131kl\u0131l\u0131k i\u00e7in Tasarland\u0131<\/h3>\n<p>Erkek Cap Toe Oxfords, konfor ve denge i\u00e7in hafif bir mikro hafif tabana ve daha fazla kald\u0131rma i\u00e7in 1-3 cm'lik ince bir topuk y\u00fcksekli\u011fine sahiptir. 39-45 Avrupa bedenleri aras\u0131nda mevcut olan bu ayakkab\u0131lar her m\u00fc\u015fteriye m\u00fckemmel uyum sa\u011flar. \u0130\u015fletmeler en az 8 \u00e7ift sipari\u015f verebilir, 12 g\u00fcn i\u00e7inde art\u0131 kargo ile teslim edilir, bu da onlar\u0131 toptan sat\u0131\u015f i\u00e7in m\u00fckemmel bir se\u00e7enek haline getirir. Bu el yap\u0131m\u0131 deri ayakkab\u0131lar stil ve konforu bir araya getirerek her t\u00fcrl\u00fc ayakkab\u0131 koleksiyonunu zenginle\u015ftirir.<\/p>\n<p>&nbsp;<\/p>","protected":false},"excerpt":{"rendered":"<ul>\n<li>L\u00fcks \u00e7ekicilik ve dayan\u0131kl\u0131l\u0131k i\u00e7in birinci s\u0131n\u0131f dana derisi d\u0131\u015f y\u00fczey.<\/li>\n<li>Yumu\u015fak ke\u00e7i derisi i\u00e7 astar ola\u011fan\u00fcst\u00fc konfor sa\u011flar.<\/li>\n<li>Hafif ve dayan\u0131kl\u0131 microlight taban t\u00fcm g\u00fcn destek sa\u011flar.<\/li>\n<li>Resmi ve i\u015f k\u0131yafetleri i\u00e7in uygun zarif kap-toe tasar\u0131m.<\/li>\n<li>M\u00fckemmel bir uyum sa\u011flamak i\u00e7in 39-45 Avrupa bedenleri mevcuttur.<\/li>\n<li>Minimum sipari\u015f miktar\u0131: 8 \u00e7ift, toplu al\u0131mlar ve perakende sat\u0131\u015f i\u00e7in idealdir.<\/li>\n<\/ul>","protected":false},"featured_media":3411,"template":"","meta":{"_acf_changed":false,"_uag_custom_page_level_css":"","site-sidebar-layout":"default","site-content-layout":"","ast-site-content-layout":"default","site-content-style":"default","site-sidebar-style":"default","ast-global-header-display":"","ast-banner-title-visibility":"","ast-main-header-display":"","ast-hfb-above-header-display":"","ast-hfb-below-header-display":"","ast-hfb-mobile-header-display":"","site-post-title":"","ast-breadcrumbs-content":"","ast-featured-img":"","footer-sml-layout":"","ast-disable-related-posts":"","theme-transparent-header-meta":"default","adv-header-id-meta":"","stick-header-meta":"","header-above-stick-meta":"","header-main-stick-meta":"","header-below-stick-meta":"","astra-migrate-meta-layouts":"set","ast-page-background-enabled":"default","ast-page-background-meta":{"desktop":{"background-color":"var(--ast-global-color-4)","background-image":"","background-repeat":"repeat","background-position":"center center","background-size":"auto","background-attachment":"scroll","background-type":"","background-media":"","overlay-type":"","overlay-color":"","overlay-opacity":"","overlay-gradient":""},"tablet":{"background-color":"","background-image":"","background-repeat":"repeat","background-position":"center center","background-size":"auto","background-attachment":"scroll","background-type":"","background-media":"","overlay-type":"","overlay-color":"","overlay-opacity":"","overlay-gradient":""},"mobile":{"background-color":"","background-image":"","background-repeat":"repeat","background-position":"center center","background-size":"auto","background-attachment":"scroll","background-type":"","background-media":"","overlay-type":"","overlay-color":"","overlay-opacity":"","overlay-gradient":""}},"ast-content-background-meta":{"desktop":{"background-color":"var(--ast-global-color-5)","background-image":"","background-repeat":"repeat","background-position":"center center","background-size":"auto","background-attachment":"scroll","background-type":"","background-media":"","overlay-type":"","overlay-color":"","overlay-opacity":"","overlay-gradient":""},"tablet":{"background-color":"var(--ast-global-color-5)","background-image":"","background-repeat":"repeat","background-position":"center center","background-size":"auto","background-attachment":"scroll","background-type":"","background-media":"","overlay-type":"","overlay-color":"","overlay-opacity":"","overlay-gradient":""},"mobile":{"background-color":"var(--ast-global-color-5)","background-image":"","background-repeat":"repeat","background-position":"center center","background-size":"auto","background-attachment":"scroll","background-type":"","background-media":"","overlay-type":"","overlay-color":"","overlay-opacity":"","overlay-gradient":""}}},"product_brand":[],"product_cat":[47,430,40],"product_tag":[405,626,591,627,556,450,535,625,466,204,250,281],"class_list":{"0":"post-5036","1":"product","2":"type-product","3":"status-publish","4":"has-post-thumbnail","6":"product_cat-classic","7":"product_cat-men","8":"product_cat-mens-shoes","9":"product_tag-business-shoes","10":"product_tag-calfskin-oxfords","11":"product_tag-formal-wear","12":"product_tag-gentlemens-footwear","13":"product_tag-goatskin-lining","14":"product_tag-handcrafted-shoes","15":"product_tag-leather-dress-shoes","16":"product_tag-mens-cap-toe-oxfords","17":"product_tag-microlight-sole","18":"product_tag-oxford-shoes","19":"product_tag-premium-leather","20":"product_tag-wholesale-shoes","21":"desktop-align-center","22":"tablet-align-center","23":"mobile-align-center","25":"first","26":"instock","27":"shipping-taxable","28":"purchasable","29":"product-type-variable","30":"has-default-attributes"},"acf":[],"uagb_featured_image_src":{"full":["https:\/\/turkishtrade.co\/wp-content\/uploads\/2026\/01\/2400EJOMN00041-DARK-BLUE-DKS_7552.png",453,250,false],"thumbnail":["https:\/\/turkishtrade.co\/wp-content\/uploads\/2026\/01\/2400EJOMN00041-DARK-BLUE-DKS_7552.png",150,83,false],"medium":["https:\/\/turkishtrade.co\/wp-content\/uploads\/2026\/01\/2400EJOMN00041-DARK-BLUE-DKS_7552.png",300,166,false],"medium_large":["https:\/\/turkishtrade.co\/wp-content\/uploads\/2026\/01\/2400EJOMN00041-DARK-BLUE-DKS_7552.png",453,250,false],"large":["https:\/\/turkishtrade.co\/wp-content\/uploads\/2026\/01\/2400EJOMN00041-DARK-BLUE-DKS_7552.png",453,250,false],"1536x1536":["https:\/\/turkishtrade.co\/wp-content\/uploads\/2026\/01\/2400EJOMN00041-DARK-BLUE-DKS_7552.png",453,250,false],"2048x2048":["https:\/\/turkishtrade.co\/wp-content\/uploads\/2026\/01\/2400EJOMN00041-DARK-BLUE-DKS_7552.png",453,250,false],"trp-custom-language-flag":["https:\/\/turkishtrade.co\/wp-content\/uploads\/2026\/01\/2400EJOMN00041-DARK-BLUE-DKS_7552.png",18,10,false],"woocommerce_thumbnail":["https:\/\/turkishtrade.co\/wp-content\/uploads\/2026\/01\/2400EJOMN00041-DARK-BLUE-DKS_7552-400x250.png",400,250,true],"woocommerce_single":["https:\/\/turkishtrade.co\/wp-content\/uploads\/2026\/01\/2400EJOMN00041-DARK-BLUE-DKS_7552.png",453,250,false],"woocommerce_gallery_thumbnail":["https:\/\/turkishtrade.co\/wp-content\/uploads\/2026\/01\/2400EJOMN00041-DARK-BLUE-DKS_7552-100x100.png",100,100,true]},"uagb_author_info":{"display_name":"yaser olabi","author_link":"https:\/\/turkishtrade.co\/tr\/author\/"},"uagb_comment_info":0,"uagb_excerpt":"Premium calfskin leather exterior for luxurious appeal and durability. Soft goatskin leather interior lining ensures exceptional comfort. Lightweight and durable microlight sole provides all-day support. Elegant cap-toe design suitable for formal and business attire. Available in European sizes 39-45 to ensure a perfect fit. Minimum order quantity: 8 pairs, ideal for bulk purchases and retail.","_links":{"self":[{"href":"https:\/\/turkishtrade.co\/tr\/wp-json\/wp\/v2\/product\/5036","targetHints":{"allow":["GET"]}}],"collection":[{"href":"https:\/\/turkishtrade.co\/tr\/wp-json\/wp\/v2\/product"}],"about":[{"href":"https:\/\/turkishtrade.co\/tr\/wp-json\/wp\/v2\/types\/product"}],"wp:featuredmedia":[{"embeddable":true,"href":"https:\/\/turkishtrade.co\/tr\/wp-json\/wp\/v2\/media\/3411"}],"wp:attachment":[{"href":"https:\/\/turkishtrade.co\/tr\/wp-json\/wp\/v2\/media?parent=5036"}],"wp:term":[{"taxonomy":"product_brand","embeddable":true,"href":"https:\/\/turkishtrade.co\/tr\/wp-json\/wp\/v2\/product_brand?post=5036"},{"taxonomy":"product_cat","embeddable":true,"href":"https:\/\/turkishtrade.co\/tr\/wp-json\/wp\/v2\/product_cat?post=5036"},{"taxonomy":"product_tag","embeddable":true,"href":"https:\/\/turkishtrade.co\/tr\/wp-json\/wp\/v2\/product_tag?post=5036"}],"curies":[{"name":"wp","href":"https:\/\/api.w.org\/{rel}","templated":true}]}}