{"id":5033,"date":"2026-01-14T11:03:02","date_gmt":"2026-01-14T11:03:02","guid":{"rendered":"https:\/\/turkishtrade.co\/product\/mens-calf-leather-derby-shoes\/"},"modified":"2026-04-09T19:46:21","modified_gmt":"2026-04-09T19:46:21","slug":"mens-calf-leather-derby-shoes","status":"publish","type":"product","link":"https:\/\/turkishtrade.co\/tr\/shop\/mens-calf-leather-derby-shoes\/","title":{"rendered":"El Yap\u0131m\u0131 Erkek Dana Derisi Derby Ayakkab\u0131"},"content":{"rendered":"<p><strong>Erkek Dana Derisi Derby Ayakkab\u0131<\/strong><\/p>\n<p>Ayakkab\u0131 koleksiyonunuzu zarif el i\u015fi \u00fcr\u00fcnlerimizle geli\u015ftirin <strong>Erkek Dana Derisi Derby Ayakkab\u0131<\/strong>. Modern beyefendiler i\u00e7in tasarlanan bu ayakkab\u0131lar, zamans\u0131z \u015f\u0131kl\u0131\u011f\u0131 benzersiz konfor ve dayan\u0131kl\u0131l\u0131kla harmanl\u0131yor. Her bir \u00e7ift <strong>Erkek Dana Derisi Derby Ayakkab\u0131<\/strong> D\u0131\u015f y\u00fczeyi birinci s\u0131n\u0131f tam damarl\u0131 dana derisinden titizlikle \u00fcretilmi\u015ftir, l\u00fcks bir parlakl\u0131k ve zaman i\u00e7inde g\u00fczel bir \u015fekilde ya\u015flanacak ve benzersiz bir patine geli\u015ftirecek sa\u011flam bir yap\u0131 sunar.<\/p>\n<p>Bu sofistike i\u00e7 mekanlar <strong>Erkek Dana Derisi Derby Ayakkab\u0131<\/strong> esnek ke\u00e7i derisi ile astarlanm\u0131\u015ft\u0131r ve her ad\u0131mda ola\u011fan\u00fcst\u00fc nefes alabilirlik ve pel\u00fc\u015f bir his sa\u011flar. Y\u00fcksek kaliteli malzemelerden olu\u015fan bu \u00f6zenli kombinasyon, uzun s\u00fcreli kullan\u0131mlarda bile ayaklar\u0131n\u0131z i\u00e7in rahat ve sa\u011fl\u0131kl\u0131 bir ortam sa\u011flar. Bizim <strong>Erkek Dana Derisi Derby Ayakkab\u0131<\/strong> \u00fcst\u00fcn tutu\u015f, esneklik ve konfordan \u00f6d\u00fcn vermeden uzun \u00f6m\u00fcrl\u00fc kullan\u0131m i\u00e7in tasarlanm\u0131\u015f hafif Microlight tabana sahiptir. \u0130nce 1-3 cm topuk y\u00fcksekli\u011fi sofistike bir y\u00fckselti sa\u011flayarak duru\u015funuzu m\u00fckemmelle\u015ftirir ve bu klasik Derby ayakkab\u0131lar\u0131n \u015f\u0131k sil\u00fcetini geli\u015ftirir.<\/p>\n<h3>\u00c7ok Y\u00f6nl\u00fc Stil ve E\u015fsiz Kalite<\/h3>\n<p>Zengin kahverengi ve sofistike lacivert gibi \u00e7ok y\u00f6nl\u00fc renklerde mevcut olan bu <strong>Erkek Dana Derisi Derby Ayakkab\u0131<\/strong> \u00f6nemli i\u015f toplant\u0131lar\u0131 ve resmi etkinliklerden \u015f\u0131k ak\u015fam toplant\u0131lar\u0131na veya \u015f\u0131k g\u00fcndelik gezilere kadar bir\u00e7ok durum i\u00e7in m\u00fckemmeldir. Klasik Derby ba\u011fc\u0131k sistemi, \u00e7e\u015fitli ayak \u015fekilleri i\u00e7in rahat ve uyarlanabilir bir uyum sunarak bu ayakkab\u0131lar\u0131 <strong>Erkek Dana Derisi Derby Ayakkab\u0131<\/strong> pratik ama son derece \u015f\u0131k bir se\u00e7im. Geleneksel ayakkab\u0131c\u0131l\u0131k sanat\u0131 ile \u00e7a\u011fda\u015f tasar\u0131m\u0131n m\u00fckemmel birle\u015fimini deneyimlerken, birinci s\u0131n\u0131f deri ayakkab\u0131larla \u00f6zde\u015fle\u015fen \u00fcnl\u00fc konfor ve kalitenin keyfini \u00e7\u0131kar\u0131n. Bu y\u00fcksek kaliteli ayakkab\u0131lar\u0131 sunuyoruz <strong>Erkek Dana Derisi Derby Ayakkab\u0131<\/strong> AB 39-45 (ABD 6-12) aras\u0131nda kapsaml\u0131 bir beden yelpazesinde.<\/p>\n<h3>Toptan Sat\u0131\u015f F\u0131rsat\u0131<\/h3>\n<p>\u0130\u015fletmeler ve perakendeciler i\u00e7in bu premium <strong>Erkek Dana Derisi Derby Ayakkab\u0131<\/strong> envanterinize m\u00fckemmel bir ektir. Sadece 8 \u00e7iftlik uygun bir minimum sipari\u015f miktar\u0131 ile toptan sat\u0131\u015f i\u00e7in mevcuttur. Bu, se\u00e7ici m\u00fc\u015fterilerinize hem stil hem de i\u00e7erik vaat eden \u00fcst\u00fcn erkek ayakkab\u0131lar\u0131n\u0131 stoklamak i\u00e7in ola\u011fan\u00fcst\u00fc bir f\u0131rsat sunuyor. Yakla\u015f\u0131k 12 g\u00fcnl\u00fck teslim s\u00fcresi ve nakliye ile \u00fcr\u00fcn teklifinizi bu ola\u011fan\u00fcst\u00fc \u00fcr\u00fcnlerle h\u0131zla geli\u015ftirebilirsiniz. <strong>Erkek Dana Derisi Derby Ayakkab\u0131<\/strong>. Bir koleksiyona yat\u0131r\u0131m yap\u0131n <strong>Erkek Dana Derisi Derby Ayakkab\u0131<\/strong> kalite ve rafine stile olan ba\u011fl\u0131l\u0131\u011f\u0131n\u0131z hakk\u0131nda \u00e7ok \u015fey anlat\u0131yor.<\/p>","protected":false},"excerpt":{"rendered":"<ul>\n<li>Birinci s\u0131n\u0131f Tam Tah\u0131l Dana Derisi d\u0131\u015f y\u00fczeyden \u00fcretilmi\u015ftir<\/li>\n<li>\u00dcst\u00fcn konfor ve nefes alabilirlik i\u00e7in l\u00fcks Ke\u00e7i Derisi i\u00e7 astar<\/li>\n<li>\u00dcst\u00fcn kavrama, esneklik ve dayan\u0131kl\u0131l\u0131k i\u00e7in hafif Microlight taban<\/li>\n<li>Zarif, sofistike bir profil i\u00e7in zarif 1-3 cm topuk y\u00fcksekli\u011fi<\/li>\n<li>Zengin kahverengi ve koyu lacivert dahil olmak \u00fczere bir dizi sofistike renkte mevcuttur<\/li>\n<li>Mevcut bedenler: AB 39-45 (ABD 6-12'ye e\u015fde\u011fer)<\/li>\n<li>Minimum Sipari\u015f Miktar\u0131: 8 \u00e7ift (toptan ve toplu al\u0131mlar i\u00e7in ideal)<\/li>\n<li>Toptan Sat\u0131\u015f Fiyat\u0131: \u00c7ift ba\u015f\u0131na USD<\/li>\n<\/ul>","protected":false},"featured_media":3409,"template":"","meta":{"_acf_changed":false,"_uag_custom_page_level_css":"","site-sidebar-layout":"default","site-content-layout":"","ast-site-content-layout":"default","site-content-style":"default","site-sidebar-style":"default","ast-global-header-display":"","ast-banner-title-visibility":"","ast-main-header-display":"","ast-hfb-above-header-display":"","ast-hfb-below-header-display":"","ast-hfb-mobile-header-display":"","site-post-title":"","ast-breadcrumbs-content":"","ast-featured-img":"","footer-sml-layout":"","ast-disable-related-posts":"","theme-transparent-header-meta":"default","adv-header-id-meta":"","stick-header-meta":"","header-above-stick-meta":"","header-main-stick-meta":"","header-below-stick-meta":"","astra-migrate-meta-layouts":"set","ast-page-background-enabled":"default","ast-page-background-meta":{"desktop":{"background-color":"var(--ast-global-color-4)","background-image":"","background-repeat":"repeat","background-position":"center center","background-size":"auto","background-attachment":"scroll","background-type":"","background-media":"","overlay-type":"","overlay-color":"","overlay-opacity":"","overlay-gradient":""},"tablet":{"background-color":"","background-image":"","background-repeat":"repeat","background-position":"center center","background-size":"auto","background-attachment":"scroll","background-type":"","background-media":"","overlay-type":"","overlay-color":"","overlay-opacity":"","overlay-gradient":""},"mobile":{"background-color":"","background-image":"","background-repeat":"repeat","background-position":"center center","background-size":"auto","background-attachment":"scroll","background-type":"","background-media":"","overlay-type":"","overlay-color":"","overlay-opacity":"","overlay-gradient":""}},"ast-content-background-meta":{"desktop":{"background-color":"var(--ast-global-color-5)","background-image":"","background-repeat":"repeat","background-position":"center center","background-size":"auto","background-attachment":"scroll","background-type":"","background-media":"","overlay-type":"","overlay-color":"","overlay-opacity":"","overlay-gradient":""},"tablet":{"background-color":"var(--ast-global-color-5)","background-image":"","background-repeat":"repeat","background-position":"center center","background-size":"auto","background-attachment":"scroll","background-type":"","background-media":"","overlay-type":"","overlay-color":"","overlay-opacity":"","overlay-gradient":""},"mobile":{"background-color":"var(--ast-global-color-5)","background-image":"","background-repeat":"repeat","background-position":"center center","background-size":"auto","background-attachment":"scroll","background-type":"","background-media":"","overlay-type":"","overlay-color":"","overlay-opacity":"","overlay-gradient":""}}},"product_brand":[],"product_cat":[47,430,40],"product_tag":[292,185,212,251,189,450,535,416,622,324,466,397,362,280,281],"class_list":{"0":"post-5033","1":"product","2":"type-product","3":"status-publish","4":"has-post-thumbnail","6":"product_cat-classic","7":"product_cat-men","8":"product_cat-mens-shoes","9":"product_tag-brown-leather-shoes","10":"product_tag-calf-leather-shoes","11":"product_tag-derby-shoes","12":"product_tag-formal-shoes","13":"product_tag-goat-leather-lining","14":"product_tag-handcrafted-shoes","15":"product_tag-leather-dress-shoes","16":"product_tag-luxury-shoes","17":"product_tag-mens-calf-leather-derby-shoes","18":"product_tag-mens-dress-shoes","19":"product_tag-microlight-sole","20":"product_tag-navy-leather-shoes","21":"product_tag-premium-footwear","22":"product_tag-smart-casual-shoes","23":"product_tag-wholesale-shoes","24":"desktop-align-center","25":"tablet-align-center","26":"mobile-align-center","28":"first","29":"instock","30":"shipping-taxable","31":"purchasable","32":"product-type-variable","33":"has-default-attributes"},"acf":[],"uagb_featured_image_src":{"full":["https:\/\/turkishtrade.co\/wp-content\/uploads\/2026\/01\/2400EJOMN00040-DARK-BLUE-Y_7662.png",453,250,false],"thumbnail":["https:\/\/turkishtrade.co\/wp-content\/uploads\/2026\/01\/2400EJOMN00040-DARK-BLUE-Y_7662-150x150.png",150,150,true],"medium":["https:\/\/turkishtrade.co\/wp-content\/uploads\/2026\/01\/2400EJOMN00040-DARK-BLUE-Y_7662-300x166.png",300,166,true],"medium_large":["https:\/\/turkishtrade.co\/wp-content\/uploads\/2026\/01\/2400EJOMN00040-DARK-BLUE-Y_7662.png",453,250,false],"large":["https:\/\/turkishtrade.co\/wp-content\/uploads\/2026\/01\/2400EJOMN00040-DARK-BLUE-Y_7662.png",453,250,false],"1536x1536":["https:\/\/turkishtrade.co\/wp-content\/uploads\/2026\/01\/2400EJOMN00040-DARK-BLUE-Y_7662.png",453,250,false],"2048x2048":["https:\/\/turkishtrade.co\/wp-content\/uploads\/2026\/01\/2400EJOMN00040-DARK-BLUE-Y_7662.png",453,250,false],"trp-custom-language-flag":["https:\/\/turkishtrade.co\/wp-content\/uploads\/2026\/01\/2400EJOMN00040-DARK-BLUE-Y_7662-18x10.png",18,10,true],"woocommerce_thumbnail":["https:\/\/turkishtrade.co\/wp-content\/uploads\/2026\/01\/2400EJOMN00040-DARK-BLUE-Y_7662-400x250.png",400,250,true],"woocommerce_single":["https:\/\/turkishtrade.co\/wp-content\/uploads\/2026\/01\/2400EJOMN00040-DARK-BLUE-Y_7662.png",453,250,false],"woocommerce_gallery_thumbnail":["https:\/\/turkishtrade.co\/wp-content\/uploads\/2026\/01\/2400EJOMN00040-DARK-BLUE-Y_7662-100x100.png",100,100,true]},"uagb_author_info":{"display_name":"yaser olabi","author_link":"https:\/\/turkishtrade.co\/tr\/author\/"},"uagb_comment_info":0,"uagb_excerpt":"Crafted from premium Full-Grain Calf Leather exterior Luxurious Goat Leather interior lining for ultimate comfort and breathability Lightweight Microlight sole for superior grip, flexibility, and durability Elegant 1-3 cm heel height for a refined, sophisticated profile Available in a range of sophisticated colors, including rich brown and deep navy Sizes available: EU 39-45 (equivalent to&hellip;","_links":{"self":[{"href":"https:\/\/turkishtrade.co\/tr\/wp-json\/wp\/v2\/product\/5033","targetHints":{"allow":["GET"]}}],"collection":[{"href":"https:\/\/turkishtrade.co\/tr\/wp-json\/wp\/v2\/product"}],"about":[{"href":"https:\/\/turkishtrade.co\/tr\/wp-json\/wp\/v2\/types\/product"}],"wp:featuredmedia":[{"embeddable":true,"href":"https:\/\/turkishtrade.co\/tr\/wp-json\/wp\/v2\/media\/3409"}],"wp:attachment":[{"href":"https:\/\/turkishtrade.co\/tr\/wp-json\/wp\/v2\/media?parent=5033"}],"wp:term":[{"taxonomy":"product_brand","embeddable":true,"href":"https:\/\/turkishtrade.co\/tr\/wp-json\/wp\/v2\/product_brand?post=5033"},{"taxonomy":"product_cat","embeddable":true,"href":"https:\/\/turkishtrade.co\/tr\/wp-json\/wp\/v2\/product_cat?post=5033"},{"taxonomy":"product_tag","embeddable":true,"href":"https:\/\/turkishtrade.co\/tr\/wp-json\/wp\/v2\/product_tag?post=5033"}],"curies":[{"name":"wp","href":"https:\/\/api.w.org\/{rel}","templated":true}]}}