{"id":5025,"date":"2026-01-14T11:01:56","date_gmt":"2026-01-14T11:01:56","guid":{"rendered":"https:\/\/turkishtrade.co\/product\/mens-leather-derby-shoes\/"},"modified":"2026-04-09T19:46:38","modified_gmt":"2026-04-09T19:46:38","slug":"mens-leather-derby-shoes","status":"publish","type":"product","link":"https:\/\/turkishtrade.co\/tr\/shop\/mens-leather-derby-shoes\/","title":{"rendered":"Microlight Tabanl\u0131 Zarif Erkek Deri Derby Ayakkab\u0131"},"content":{"rendered":"<p><strong>Erkek Deri Derby Ayakkab\u0131<\/strong><\/p>\n<p>Ayakkab\u0131 koleksiyonunuzu se\u00e7kin \u00fcr\u00fcnlerimizle geli\u015ftirin <strong>Erkek Deri Derby Ayakkab\u0131<\/strong>, modern beyefendiler i\u00e7in titizlikle tasarlanm\u0131\u015ft\u0131r. Bu birinci s\u0131n\u0131f <strong>erkek deri Derby ayakkab\u0131<\/strong> klasik sofistikeli\u011fi \u00e7a\u011fda\u015f konforla harmanlayarak her se\u00e7kin gard\u0131rop i\u00e7in vazge\u00e7ilmez bir eklenti haline getiriyor. \u0130ster resmi bir davete kat\u0131l\u0131n, ister ofise gidin ya da sadece zarif bir g\u00fcnl\u00fck g\u00f6r\u00fcn\u00fcm aray\u0131\u015f\u0131nda olun, bu se\u00e7kin <strong>erkek deri Derby ayakkab\u0131<\/strong> keskin ve cilal\u0131 bir g\u00f6r\u00fcn\u00fcm i\u00e7in m\u00fckemmel bir temel sa\u011flar.<\/p>\n<h3>Benzersiz \u0130\u015f\u00e7ilik ve \u00dcst\u00fcn Kaliteli Malzemeler<\/h3>\n<p>D\u0131\u015f y\u00fczeyi i\u00e7in en iyi hakiki dana derisinden \u00fcretilen bu ayakkab\u0131lar, zengin bir dokuya ve yaln\u0131zca ya\u015fland\u0131k\u00e7a geli\u015fen l\u00fcks bir parlakl\u0131\u011fa sahiptir. D\u0131\u015f y\u00fczey ustal\u0131kla i\u015flenmi\u015f, karma\u015f\u0131k detaylar ve uzun \u00f6m\u00fcrl\u00fc dayan\u0131kl\u0131 bir yap\u0131 sergiliyor. \u0130\u00e7 k\u0131s\u0131mdaki yumu\u015fak, nefes alabilen Ke\u00e7i Derisi astar sayesinde ayaklar\u0131n\u0131z benzersiz bir konfor ya\u015fayacak. Birinci s\u0131n\u0131f malzemelerin bu \u00f6zenli kombinasyonu, hem dayan\u0131kl\u0131l\u0131k hem de pel\u00fc\u015f bir his sa\u011flayarak <strong>erkek deri Derby ayakkab\u0131<\/strong> g\u00fcn boyunca giymek i\u00e7in ger\u00e7ek bir zevk.<\/p>\n<h3>Konfor ve Stil i\u00e7in Yenilik\u00e7i Tasar\u0131m<\/h3>\n<p>Bu ola\u011fan\u00fcst\u00fc eserlerin temeli <strong>Erkek Deri Derby Ayakkab\u0131<\/strong> yenilik\u00e7i Microlight Taban\u0131d\u0131r. Ola\u011fan\u00fcst\u00fc hafiflik ve esneklik i\u00e7in tasarlanan Microlight taban, gereksiz hacim eklemeden \u00fcst\u00fcn yast\u0131klama ve kavrama sa\u011flar. 1-3 cm'lik ince topuk y\u00fcksekli\u011fi ile bu zarif <strong>erkek deri Derby ayakkab\u0131<\/strong> rahat bir profili korurken kendinden emin bir ad\u0131m i\u00e7in do\u011fru y\u00fckseli\u015fi sunar. Klasik Derby ba\u011fc\u0131k sistemi, \u00e7e\u015fitli ayak tiplerine kolayl\u0131kla uyum sa\u011flayarak g\u00fcvenli ve ayarlanabilir bir uyum sa\u011flar. S\u0131rt k\u0131sm\u0131ndaki ay\u0131rt edici dokulu panel benzersiz bir dokunu\u015f katarak bu ayakkab\u0131y\u0131 \u00f6ne \u00e7\u0131kar\u0131r. <strong>erkek deri Derby ayakkab\u0131<\/strong> ayr\u0131.<\/p>\n<h3>Toptan Bulunabilirlik ve Verimli Teslimat<\/h3>\n<p>AB 39'dan 45'e kadar kapsaml\u0131 bir beden yelpazesinde sunulan bu \u00e7ok y\u00f6nl\u00fc <strong>erkek deri Derby ayakkab\u0131<\/strong> geni\u015f bir m\u00fc\u015fteri kitlesine hitap eder. Uyarlanabilir tasar\u0131mlar\u0131, g\u00fcnl\u00fck i\u015f k\u0131yafetlerinden resmi k\u0131yafetlere sorunsuz bir \u015fekilde ge\u00e7i\u015f yapmalar\u0131n\u0131 sa\u011flar. Y\u00fcksek kaliteli ayakkab\u0131 stoklamak isteyen perakendeciler ve i\u015fletmeler i\u00e7in bu ola\u011fan\u00fcst\u00fc <strong>erkek deri Derby ayakkab\u0131<\/strong> minimum 8 \u00e7ift sipari\u015f miktar\u0131 ile toptan sat\u0131n al\u0131nabilir. Sadece 12 g\u00fcn art\u0131 nakliye s\u00fcresi ile verimli hizmet sunmaktan gurur duyuyoruz. Benzersiz \u00fcr\u00fcnlerimizle zamans\u0131z stile ve kal\u0131c\u0131 konfora yat\u0131r\u0131m yap\u0131n <strong>erkek deri Derby ayakkab\u0131<\/strong>, etkilemek ve zaman\u0131n testine dayanmak i\u00e7in tasarlanm\u0131\u015ft\u0131r.<\/p>","protected":false},"excerpt":{"rendered":"<ul>\n<li>D\u0131\u015f y\u00fczeyi birinci s\u0131n\u0131f hakiki dana derisinden \u00fcretilmi\u015ftir.<\/li>\n<li>\u00dcst\u00fcn konfor i\u00e7in l\u00fcks ke\u00e7i derisi i\u00e7 k\u0131s\u0131m.<\/li>\n<li>Hafif ve dayan\u0131kl\u0131 Microlight Taban.<\/li>\n<li>Farkl\u0131 dokulu detaylara sahip \u015f\u0131k Derby ba\u011fc\u0131k tasar\u0131m\u0131.<\/li>\n<li>AB 39-45 bedenleri mevcuttur.<\/li>\n<li>Minimum sipari\u015f miktar\u0131: 8 \u00e7ift.<\/li>\n<li>H\u0131zl\u0131 teslimat: 12 g\u00fcn + nakliye.<\/li>\n<\/ul>","protected":false},"featured_media":3404,"template":"","meta":{"_acf_changed":false,"_uag_custom_page_level_css":"","site-sidebar-layout":"default","site-content-layout":"","ast-site-content-layout":"default","site-content-style":"default","site-sidebar-style":"default","ast-global-header-display":"","ast-banner-title-visibility":"","ast-main-header-display":"","ast-hfb-above-header-display":"","ast-hfb-below-header-display":"","ast-hfb-mobile-header-display":"","site-post-title":"","ast-breadcrumbs-content":"","ast-featured-img":"","footer-sml-layout":"","ast-disable-related-posts":"","theme-transparent-header-meta":"default","adv-header-id-meta":"","stick-header-meta":"","header-above-stick-meta":"","header-main-stick-meta":"","header-below-stick-meta":"","astra-migrate-meta-layouts":"set","ast-page-background-enabled":"default","ast-page-background-meta":{"desktop":{"background-color":"var(--ast-global-color-4)","background-image":"","background-repeat":"repeat","background-position":"center center","background-size":"auto","background-attachment":"scroll","background-type":"","background-media":"","overlay-type":"","overlay-color":"","overlay-opacity":"","overlay-gradient":""},"tablet":{"background-color":"","background-image":"","background-repeat":"repeat","background-position":"center center","background-size":"auto","background-attachment":"scroll","background-type":"","background-media":"","overlay-type":"","overlay-color":"","overlay-opacity":"","overlay-gradient":""},"mobile":{"background-color":"","background-image":"","background-repeat":"repeat","background-position":"center center","background-size":"auto","background-attachment":"scroll","background-type":"","background-media":"","overlay-type":"","overlay-color":"","overlay-opacity":"","overlay-gradient":""}},"ast-content-background-meta":{"desktop":{"background-color":"var(--ast-global-color-5)","background-image":"","background-repeat":"repeat","background-position":"center center","background-size":"auto","background-attachment":"scroll","background-type":"","background-media":"","overlay-type":"","overlay-color":"","overlay-opacity":"","overlay-gradient":""},"tablet":{"background-color":"var(--ast-global-color-5)","background-image":"","background-repeat":"repeat","background-position":"center center","background-size":"auto","background-attachment":"scroll","background-type":"","background-media":"","overlay-type":"","overlay-color":"","overlay-opacity":"","overlay-gradient":""},"mobile":{"background-color":"var(--ast-global-color-5)","background-image":"","background-repeat":"repeat","background-position":"center center","background-size":"auto","background-attachment":"scroll","background-type":"","background-media":"","overlay-type":"","overlay-color":"","overlay-opacity":"","overlay-gradient":""}}},"product_brand":[],"product_cat":[47,430,40],"product_tag":[613,405,185,212,284,251,189,227,612,466,614,281],"class_list":{"0":"post-5025","1":"product","2":"type-product","3":"status-publish","4":"has-post-thumbnail","6":"product_cat-classic","7":"product_cat-men","8":"product_cat-mens-shoes","9":"product_tag-brown-derby-shoes","10":"product_tag-business-shoes","11":"product_tag-calf-leather-shoes","12":"product_tag-derby-shoes","13":"product_tag-dress-shoes","14":"product_tag-formal-shoes","15":"product_tag-goat-leather-lining","16":"product_tag-leather-shoes","17":"product_tag-mens-leather-derby-shoes","18":"product_tag-microlight-sole","19":"product_tag-navy-derby-shoes","20":"product_tag-wholesale-shoes","21":"desktop-align-center","22":"tablet-align-center","23":"mobile-align-center","25":"first","26":"instock","27":"shipping-taxable","28":"purchasable","29":"product-type-variable","30":"has-default-attributes"},"acf":[],"uagb_featured_image_src":{"full":["https:\/\/turkishtrade.co\/wp-content\/uploads\/2026\/01\/2400EJOMN00037-DARK-BLUE-Y_7622.png",453,250,false],"thumbnail":["https:\/\/turkishtrade.co\/wp-content\/uploads\/2026\/01\/2400EJOMN00037-DARK-BLUE-Y_7622-150x150.png",150,150,true],"medium":["https:\/\/turkishtrade.co\/wp-content\/uploads\/2026\/01\/2400EJOMN00037-DARK-BLUE-Y_7622-300x166.png",300,166,true],"medium_large":["https:\/\/turkishtrade.co\/wp-content\/uploads\/2026\/01\/2400EJOMN00037-DARK-BLUE-Y_7622.png",453,250,false],"large":["https:\/\/turkishtrade.co\/wp-content\/uploads\/2026\/01\/2400EJOMN00037-DARK-BLUE-Y_7622.png",453,250,false],"1536x1536":["https:\/\/turkishtrade.co\/wp-content\/uploads\/2026\/01\/2400EJOMN00037-DARK-BLUE-Y_7622.png",453,250,false],"2048x2048":["https:\/\/turkishtrade.co\/wp-content\/uploads\/2026\/01\/2400EJOMN00037-DARK-BLUE-Y_7622.png",453,250,false],"trp-custom-language-flag":["https:\/\/turkishtrade.co\/wp-content\/uploads\/2026\/01\/2400EJOMN00037-DARK-BLUE-Y_7622-18x10.png",18,10,true],"woocommerce_thumbnail":["https:\/\/turkishtrade.co\/wp-content\/uploads\/2026\/01\/2400EJOMN00037-DARK-BLUE-Y_7622-400x250.png",400,250,true],"woocommerce_single":["https:\/\/turkishtrade.co\/wp-content\/uploads\/2026\/01\/2400EJOMN00037-DARK-BLUE-Y_7622.png",453,250,false],"woocommerce_gallery_thumbnail":["https:\/\/turkishtrade.co\/wp-content\/uploads\/2026\/01\/2400EJOMN00037-DARK-BLUE-Y_7622-100x100.png",100,100,true]},"uagb_author_info":{"display_name":"yaser olabi","author_link":"https:\/\/turkishtrade.co\/tr\/author\/"},"uagb_comment_info":0,"uagb_excerpt":"Crafted from premium genuine Calf Leather exterior. Luxurious Goat Leather interior for ultimate comfort. Lightweight and durable Microlight Sole. Stylish Derby lacing design with distinctive textured details. Available in sizes EU 39-45. Minimum order quantity: 8 pairs. Fast delivery: 12 days + shipping.","_links":{"self":[{"href":"https:\/\/turkishtrade.co\/tr\/wp-json\/wp\/v2\/product\/5025","targetHints":{"allow":["GET"]}}],"collection":[{"href":"https:\/\/turkishtrade.co\/tr\/wp-json\/wp\/v2\/product"}],"about":[{"href":"https:\/\/turkishtrade.co\/tr\/wp-json\/wp\/v2\/types\/product"}],"wp:featuredmedia":[{"embeddable":true,"href":"https:\/\/turkishtrade.co\/tr\/wp-json\/wp\/v2\/media\/3404"}],"wp:attachment":[{"href":"https:\/\/turkishtrade.co\/tr\/wp-json\/wp\/v2\/media?parent=5025"}],"wp:term":[{"taxonomy":"product_brand","embeddable":true,"href":"https:\/\/turkishtrade.co\/tr\/wp-json\/wp\/v2\/product_brand?post=5025"},{"taxonomy":"product_cat","embeddable":true,"href":"https:\/\/turkishtrade.co\/tr\/wp-json\/wp\/v2\/product_cat?post=5025"},{"taxonomy":"product_tag","embeddable":true,"href":"https:\/\/turkishtrade.co\/tr\/wp-json\/wp\/v2\/product_tag?post=5025"}],"curies":[{"name":"wp","href":"https:\/\/api.w.org\/{rel}","templated":true}]}}