{"id":5022,"date":"2026-01-14T11:01:28","date_gmt":"2026-01-14T11:01:28","guid":{"rendered":"https:\/\/turkishtrade.co\/product\/mens-perforated-derby-shoes\/"},"modified":"2026-04-09T19:46:45","modified_gmt":"2026-04-09T19:46:45","slug":"mens-perforated-derby-shoes","status":"publish","type":"product","link":"https:\/\/turkishtrade.co\/tr\/shop\/mens-perforated-derby-shoes\/","title":{"rendered":"Erkek Delikli Dana Derisi Derby Ayakkab\u0131"},"content":{"rendered":"<p><strong>Erkek Delikli Derby Ayakkab\u0131<\/strong><\/p>\n<p>Se\u00e7kin \u00fcr\u00fcnlerimizle benzersiz bir \u015f\u0131kl\u0131\u011fa ve konfora ad\u0131m at\u0131n <strong>Erkek Delikli Dana Derisi Derby Ayakkab\u0131<\/strong>. Se\u00e7kin beyefendiler i\u00e7in tasarlanan bu ayakkab\u0131lar, klasik sofistikeli\u011fi modern i\u015f\u00e7ilikle harmanl\u0131yor. Her bir \u00e7ift, hem kusursuz stil hem de uzun s\u00fcreli dayan\u0131kl\u0131l\u0131k sa\u011flamak i\u00e7in titizlikle \u00fcretilmi\u015ftir, bu da onlar\u0131 her sofistike gard\u0131rop i\u00e7in vazge\u00e7ilmez bir eklenti haline getirir. \u0130ster \u00f6nemli bir i\u015f toplant\u0131s\u0131na, ister resmi bir etkinli\u011fe kat\u0131l\u0131yor olun, ister sadece g\u00fcnl\u00fck \u015f\u0131k k\u0131yafetlerinizi y\u00fckseltiyor olun, bu delikli Derby ayakkab\u0131lar fark yaratmak i\u00e7in tasarland\u0131.<\/p>\n<h3>Rakipsiz Kalite ve Konfor<\/h3>\n<p>L\u00fcks\u00fc i\u00e7ten d\u0131\u015fa ya\u015fay\u0131n. Bu zarif tasar\u0131mlar\u0131n d\u0131\u015f <strong>Erkek Delikli Derby Ayakkab\u0131<\/strong> esnek dokusu, nefes alabilirli\u011fi ve zaman i\u00e7inde g\u00fczel bir patine geli\u015ftirme yetene\u011fi ile tan\u0131nan birinci s\u0131n\u0131f, tam tah\u0131ll\u0131 dana derisinden yap\u0131lm\u0131\u015ft\u0131r. Bunu tamamlayan i\u00e7 k\u0131s\u0131m yumu\u015fak, hakiki ke\u00e7i derisiyle astarlanm\u0131\u015ft\u0131r ve aya\u011fa pel\u00fc\u015f, rahat bir his ve \u00fcst\u00fcn nem emme \u00f6zellikleri sunar. Bu \u00f6zenli malzeme kombinasyonu, uzun s\u00fcreli kullan\u0131mlarda bile nefes alabilirlik ve rahatl\u0131k sa\u011flar. S\u0131rt k\u0131sm\u0131ndaki ince delikler, bu sofistike delikli Derby ayakkab\u0131lar\u0131 geleneksel stillerden ay\u0131ran benzersiz bir tasar\u0131m \u00f6\u011fesi ekler.<\/p>\n<h3>Modern Giyim i\u00e7in Yenilik\u00e7i Tasar\u0131m<\/h3>\n<p>Bizim <strong>Erkek Delikli Derby Ayakkab\u0131<\/strong> devrim niteli\u011findeki Microlight taban \u00fczerine in\u015fa edilmi\u015ftir. Bu geli\u015fmi\u015f taban teknolojisi, dayan\u0131kl\u0131l\u0131k veya kavramadan \u00f6d\u00fcn vermeden ola\u011fan\u00fcst\u00fc hafiflik sa\u011flar. Microlight malzemenin do\u011fal esnekli\u011fi ve \u015fok emicili\u011fi sayesinde ad\u0131mlar\u0131n\u0131zda bir s\u0131\u00e7raman\u0131n ve \u00e7e\u015fitli y\u00fczeylerde dengeli \u00e7eki\u015fin keyfini \u00e7\u0131karacaks\u0131n\u0131z. 1-3 cm'lik rahat topuk y\u00fcksekli\u011fine sahip bu ayakkab\u0131lar, duru\u015fu iyile\u015ftiren ve zarif esteti\u011fine katk\u0131da bulunan ince bir y\u00fckselti sunar. Zamans\u0131z Siyah ve zengin Kahverengi renkleri bulunan bu ola\u011fan\u00fcst\u00fc delikli deri Derby ayakkab\u0131lar, her k\u0131yafeti tamamlayacak \u00e7ok y\u00f6nl\u00fc se\u00e7enekler sunarak premium koleksiyonunuz i\u00e7in bir k\u00f6\u015fe ta\u015f\u0131 haline gelir.<\/p>\n<h3>Toptan Al\u0131c\u0131lar i\u00e7in M\u00fckemmel<\/h3>\n<p>Y\u00fcksek kaliteli ayakkab\u0131 arayan perakendeciler ve i\u015fletmeler i\u00e7in bu premium ayakkab\u0131lar <strong>Erkek Delikli Derby Ayakkab\u0131<\/strong> toptan sat\u0131n al\u0131nabilir. Minimum 8 \u00e7ift sipari\u015f miktar\u0131 talep ediyoruz, bu da mevcut her iki renkte de EU 39'dan 45'e kadar kapsaml\u0131 bir beden yelpazesini stoklaman\u0131za olanak tan\u0131r. Verimli \u00fcretim s\u00fcrecimiz, sipari\u015finizin 12 g\u00fcn i\u00e7inde sevkiyata haz\u0131r olmas\u0131n\u0131 ve ard\u0131ndan standart sevkiyat s\u00fcrelerinin gelmesini sa\u011flar. Kalite, stil ve m\u00fc\u015fteri memnuniyeti vaat eden ayakkab\u0131lara yat\u0131r\u0131m yap\u0131n ve bu ola\u011fan\u00fcst\u00fc deri Derby ayakkab\u0131larla envanterinizi y\u00fckseltin.<\/p>","protected":false},"excerpt":{"rendered":"<ul>\n<li><strong>Premium Malzemeler:<\/strong> \u00dcst\u00fcn konfor ve dayan\u0131kl\u0131l\u0131k i\u00e7in hakiki dana derisinden d\u0131\u015f y\u00fczey ve yumu\u015fak ke\u00e7i derisinden i\u00e7 y\u00fczey ile \u00fcretilmi\u015ftir.<\/li>\n<li><strong>Hafif Microlight Taban:<\/strong> T\u00fcm g\u00fcn kullan\u0131m i\u00e7in \u00fcst\u00fcn kavrama ve azalt\u0131lm\u0131\u015f a\u011f\u0131rl\u0131k sunar.<\/li>\n<li><strong>Zarif Delikli Tasar\u0131m:<\/strong> Klasik Derby stiline \u015f\u0131k bir dokunu\u015f katan ince ama sofistike bir detay.<\/li>\n<li><strong>\u00c7ok Y\u00f6nl\u00fc Stil:<\/strong> \u0130\u015f d\u00fcnyas\u0131, resmi etkinlikler veya \u015f\u0131k g\u00fcndelik tak\u0131mlar i\u00e7in m\u00fckemmeldir.<\/li>\n<li><strong>Mevcut Boyutlar:<\/strong> M\u00fckemmel uyum sa\u011flamak i\u00e7in EU 39, 40, 41, 42, 43, 44, 45.<\/li>\n<li><strong>Toptan Sat\u0131\u015f:<\/strong> Minimum sipari\u015f miktar\u0131 8 \u00e7ifttir.<\/li>\n<li><strong>Teslimat Bilgileri:<\/strong> L\u00fctfen \u00fcretim ve nakliye s\u00fcresi i\u00e7in 12 g\u00fcn bekleyin.<\/li>\n<li><strong>Topuk Y\u00fcksekli\u011fi:<\/strong> Hafif y\u00fckseltme ve destek i\u00e7in rahat 1-3 cm.<\/li>\n<\/ul>","protected":false},"featured_media":3402,"template":"","meta":{"_acf_changed":false,"_uag_custom_page_level_css":"","site-sidebar-layout":"default","site-content-layout":"","ast-site-content-layout":"default","site-content-style":"default","site-sidebar-style":"default","ast-global-header-display":"","ast-banner-title-visibility":"","ast-main-header-display":"","ast-hfb-above-header-display":"","ast-hfb-below-header-display":"","ast-hfb-mobile-header-display":"","site-post-title":"","ast-breadcrumbs-content":"","ast-featured-img":"","footer-sml-layout":"","ast-disable-related-posts":"","theme-transparent-header-meta":"default","adv-header-id-meta":"","stick-header-meta":"","header-above-stick-meta":"","header-main-stick-meta":"","header-below-stick-meta":"","astra-migrate-meta-layouts":"set","ast-page-background-enabled":"default","ast-page-background-meta":{"desktop":{"background-color":"var(--ast-global-color-4)","background-image":"","background-repeat":"repeat","background-position":"center center","background-size":"auto","background-attachment":"scroll","background-type":"","background-media":"","overlay-type":"","overlay-color":"","overlay-opacity":"","overlay-gradient":""},"tablet":{"background-color":"","background-image":"","background-repeat":"repeat","background-position":"center center","background-size":"auto","background-attachment":"scroll","background-type":"","background-media":"","overlay-type":"","overlay-color":"","overlay-opacity":"","overlay-gradient":""},"mobile":{"background-color":"","background-image":"","background-repeat":"repeat","background-position":"center center","background-size":"auto","background-attachment":"scroll","background-type":"","background-media":"","overlay-type":"","overlay-color":"","overlay-opacity":"","overlay-gradient":""}},"ast-content-background-meta":{"desktop":{"background-color":"var(--ast-global-color-5)","background-image":"","background-repeat":"repeat","background-position":"center center","background-size":"auto","background-attachment":"scroll","background-type":"","background-media":"","overlay-type":"","overlay-color":"","overlay-opacity":"","overlay-gradient":""},"tablet":{"background-color":"var(--ast-global-color-5)","background-image":"","background-repeat":"repeat","background-position":"center center","background-size":"auto","background-attachment":"scroll","background-type":"","background-media":"","overlay-type":"","overlay-color":"","overlay-opacity":"","overlay-gradient":""},"mobile":{"background-color":"var(--ast-global-color-5)","background-image":"","background-repeat":"repeat","background-position":"center center","background-size":"auto","background-attachment":"scroll","background-type":"","background-media":"","overlay-type":"","overlay-color":"","overlay-opacity":"","overlay-gradient":""}}},"product_brand":[],"product_cat":[47,430,40],"product_tag":[605,218,405,202,212,609,251,437,351,324,466,232,608,281],"class_list":{"0":"post-5022","1":"product","2":"type-product","3":"status-publish","4":"has-post-thumbnail","6":"product_cat-classic","7":"product_cat-men","8":"product_cat-mens-shoes","9":"product_tag-black-shoes","10":"product_tag-brown-shoes","11":"product_tag-business-shoes","12":"product_tag-calf-leather","13":"product_tag-derby-shoes","14":"product_tag-elegant-mens-shoes","15":"product_tag-formal-shoes","16":"product_tag-goat-leather","17":"product_tag-leather-footwear","18":"product_tag-mens-dress-shoes","19":"product_tag-microlight-sole","20":"product_tag-perforated-leather-shoes","21":"product_tag-turkish-made","22":"product_tag-wholesale-shoes","23":"desktop-align-center","24":"tablet-align-center","25":"mobile-align-center","27":"first","28":"instock","29":"shipping-taxable","30":"purchasable","31":"product-type-variable","32":"has-default-attributes"},"acf":[],"uagb_featured_image_src":{"full":["https:\/\/turkishtrade.co\/wp-content\/uploads\/2026\/01\/2400EJOMN00036-BROWN-K_570.png",453,250,false],"thumbnail":["https:\/\/turkishtrade.co\/wp-content\/uploads\/2026\/01\/2400EJOMN00036-BROWN-K_570-150x150.png",150,150,true],"medium":["https:\/\/turkishtrade.co\/wp-content\/uploads\/2026\/01\/2400EJOMN00036-BROWN-K_570-300x166.png",300,166,true],"medium_large":["https:\/\/turkishtrade.co\/wp-content\/uploads\/2026\/01\/2400EJOMN00036-BROWN-K_570.png",453,250,false],"large":["https:\/\/turkishtrade.co\/wp-content\/uploads\/2026\/01\/2400EJOMN00036-BROWN-K_570.png",453,250,false],"1536x1536":["https:\/\/turkishtrade.co\/wp-content\/uploads\/2026\/01\/2400EJOMN00036-BROWN-K_570.png",453,250,false],"2048x2048":["https:\/\/turkishtrade.co\/wp-content\/uploads\/2026\/01\/2400EJOMN00036-BROWN-K_570.png",453,250,false],"trp-custom-language-flag":["https:\/\/turkishtrade.co\/wp-content\/uploads\/2026\/01\/2400EJOMN00036-BROWN-K_570-18x10.png",18,10,true],"woocommerce_thumbnail":["https:\/\/turkishtrade.co\/wp-content\/uploads\/2026\/01\/2400EJOMN00036-BROWN-K_570-400x250.png",400,250,true],"woocommerce_single":["https:\/\/turkishtrade.co\/wp-content\/uploads\/2026\/01\/2400EJOMN00036-BROWN-K_570.png",453,250,false],"woocommerce_gallery_thumbnail":["https:\/\/turkishtrade.co\/wp-content\/uploads\/2026\/01\/2400EJOMN00036-BROWN-K_570-100x100.png",100,100,true]},"uagb_author_info":{"display_name":"yaser olabi","author_link":"https:\/\/turkishtrade.co\/tr\/author\/"},"uagb_comment_info":0,"uagb_excerpt":"Premium Materials: Crafted with genuine calf leather exterior and soft goat leather interior for ultimate comfort and durability. Lightweight Microlight Sole: Offers superior grip and reduced weight for all-day wear. Elegant Perforated Design: A subtle yet sophisticated detail that adds a touch of class to the classic Derby style. Versatile Style: Perfect for business, formal&hellip;","_links":{"self":[{"href":"https:\/\/turkishtrade.co\/tr\/wp-json\/wp\/v2\/product\/5022","targetHints":{"allow":["GET"]}}],"collection":[{"href":"https:\/\/turkishtrade.co\/tr\/wp-json\/wp\/v2\/product"}],"about":[{"href":"https:\/\/turkishtrade.co\/tr\/wp-json\/wp\/v2\/types\/product"}],"wp:featuredmedia":[{"embeddable":true,"href":"https:\/\/turkishtrade.co\/tr\/wp-json\/wp\/v2\/media\/3402"}],"wp:attachment":[{"href":"https:\/\/turkishtrade.co\/tr\/wp-json\/wp\/v2\/media?parent=5022"}],"wp:term":[{"taxonomy":"product_brand","embeddable":true,"href":"https:\/\/turkishtrade.co\/tr\/wp-json\/wp\/v2\/product_brand?post=5022"},{"taxonomy":"product_cat","embeddable":true,"href":"https:\/\/turkishtrade.co\/tr\/wp-json\/wp\/v2\/product_cat?post=5022"},{"taxonomy":"product_tag","embeddable":true,"href":"https:\/\/turkishtrade.co\/tr\/wp-json\/wp\/v2\/product_tag?post=5022"}],"curies":[{"name":"wp","href":"https:\/\/api.w.org\/{rel}","templated":true}]}}