{"id":5020,"date":"2026-01-14T11:01:06","date_gmt":"2026-01-14T11:01:06","guid":{"rendered":"https:\/\/turkishtrade.co\/product\/mens-calfskin-derby-shoes\/"},"modified":"2026-04-09T19:46:48","modified_gmt":"2026-04-09T19:46:48","slug":"mens-calfskin-derby-shoes","status":"publish","type":"product","link":"https:\/\/turkishtrade.co\/tr\/shop\/mens-calfskin-derby-shoes\/","title":{"rendered":"Microlight Tabanl\u0131 Zarif Erkek Dana Derisi Derby Ayakkab\u0131"},"content":{"rendered":"<p><strong>Erkek Dana Derisi Derby Ayakkab\u0131<\/strong><\/p>\n<p>Resmi ve i\u015f k\u0131yafetlerinizi titizlikle haz\u0131rlanm\u0131\u015f <b>Erkek Dana Derisi Derby Ayakkab\u0131<\/b>. Se\u00e7kin beyefendiler i\u00e7in tasarlanan bu ayakkab\u0131lar, zamans\u0131z \u015f\u0131kl\u0131\u011f\u0131 modern konfor ve dayan\u0131kl\u0131l\u0131kla harmanl\u0131yor. Her bir \u00e7ift, \u00fcst\u00fcn i\u015f\u00e7ilik ve l\u00fcks malzemelere olan ba\u011fl\u0131l\u0131\u011f\u0131 temsil eder ve onlar\u0131 her sofistike gard\u0131rop i\u00e7in vazge\u00e7ilmez bir katk\u0131 haline getirir.<\/p>\n<p>&nbsp;<\/p>\n<h3>Microlight Teknolojisi ile Rakipsiz Konfor<\/h3>\n<p>L\u00fcks g\u00f6r\u00fcn\u00fcmlerinin \u00f6tesinde, bu <b>dana derisi erkek derby ayakkab\u0131<\/b> hafif performans i\u00e7in tasarlanm\u0131\u015ft\u0131r. \u0130nan\u0131lmaz hafifli\u011fi, esnekli\u011fi ve \u015fok emici \u00f6zellikleriyle bilinen devrim niteli\u011finde bir malzeme olan geli\u015fmi\u015f Microlight tabana sahiptir. Geleneksel a\u011f\u0131r deri tabanlardan farkl\u0131 olarak, Microlight taban \u00fcst\u00fcn yast\u0131klama sunar ve yorgunlu\u011fu azaltarak sabahtan ak\u015fama kadar kolayl\u0131kla ve g\u00fcvenle hareket etmenizi sa\u011flar. \u0130nce 1-3 cm topuk, konfordan \u00f6d\u00fcn vermeden klasik profili koruyarak do\u011fru miktarda kald\u0131rma sa\u011flar. Klasik tasar\u0131m ve yenilik\u00e7i konforun m\u00fckemmel sinerjisini <b>dana derisi erkek derby ayakkab\u0131<\/b>.<\/p>\n<h3>Her Durum i\u00e7in \u00c7ok Y\u00f6nl\u00fc Stil<\/h3>\n<p>Kurumsal toplant\u0131lar ve resmi bulu\u015fmalardan \u015f\u0131k ak\u015famlara kadar \u00e7ok \u00e7e\u015fitli durumlar i\u00e7in m\u00fckemmel olan bu ba\u011fc\u0131kl\u0131 Derby ayakkab\u0131lar ola\u011fan\u00fcst\u00fc bir \u00e7ok y\u00f6nl\u00fcl\u00fck sunar. Bu ayakkab\u0131lar\u0131 \u015f\u0131k bir profesyonel g\u00f6r\u00fcn\u00fcm i\u00e7in keskin bir tak\u0131m elbise ile e\u015fle\u015ftirin veya \u015f\u0131k bir g\u00fcndelik kombin i\u00e7in \u00f6zel dikim pantolon ve blazer ceket ile hafif\u00e7e giydirin. Bunlara yat\u0131r\u0131m yapmak <b>dana derisi erkek derby ayakkab\u0131<\/b> estetik \u00e7ekicili\u011fi pratik yenilik ve kal\u0131c\u0131 kalite ile birle\u015ftiren bir ayakkab\u0131ya yat\u0131r\u0131m yapmak anlam\u0131na gelir. G\u00fcnl\u00fck kullan\u0131m\u0131n zorluklar\u0131na dayan\u0131rken bozulmam\u0131\u015f g\u00f6r\u00fcn\u00fcmlerini koruyarak her zaman se\u00e7kin bir izlenim b\u0131rakman\u0131z\u0131 sa\u011flayacak \u015fekilde \u00fcretilmi\u015ftir.<\/p>\n<h3>Perakendeciler i\u00e7in Toplu Bulunabilirlik<\/h3>\n<p>Y\u00fcksek kaliteli ayakkab\u0131 arayan perakendeciler ve i\u015fletmeler i\u00e7in <b>dana derisi Derby ayakkab\u0131<\/b> minimum 8 \u00e7ift miktar\u0131yla toplu sipari\u015fler i\u00e7in mevcuttur. Bu da onlar\u0131 butik ma\u011fazalar, kurumsal \u00fcniforma tedarik\u00e7ileri veya rekabet\u00e7i fiyatlarla birinci s\u0131n\u0131f \u00fcr\u00fcnler sunmak isteyen herkes i\u00e7in m\u00fckemmel bir se\u00e7im haline getirir. Yakla\u015f\u0131k 12 g\u00fcnl\u00fck teslimat s\u00fcresi ve nakliye ile envanterinizi bu ola\u011fan\u00fcst\u00fc \u00fcr\u00fcnlerle h\u0131zl\u0131 bir \u015fekilde stoklayabilirsiniz. <b>dana derisi erkek derby ayakkab\u0131<\/b>, M\u00fc\u015fterilerinizi etkilemeye haz\u0131r. Gelenek, konfor ve \u00e7a\u011fda\u015f tasar\u0131m\u0131n m\u00fckemmel kar\u0131\u015f\u0131m\u0131n\u0131 nihai \u00fcr\u00fcnlerimizle ke\u015ffedin <b>dana derisi erkek derby ayakkab\u0131<\/b>.<\/p>","protected":false},"excerpt":{"rendered":"<ul>\n<li>Premium Dana Derisi D\u0131\u015f Y\u00fczey<\/li>\n<li>Nefes Alabilirlik i\u00e7in Yumu\u015fak Ke\u00e7i Derisi \u0130\u00e7 Astar<\/li>\n<li>Hafif ve Esnek Microlight Taban<\/li>\n<li>Dokulu S\u0131rtl\u0131 Klasik Ba\u011fc\u0131kl\u0131 Derby Tasar\u0131m<\/li>\n<li>Rahat 1-3cm Topuk Y\u00fcksekli\u011fi<\/li>\n<li>39-45 Avrupa Bedenlerinde Mevcuttur<\/li>\n<li>Minimum Sipari\u015f Miktar\u0131: 8 \u00c7ift (Toplu al\u0131mlar i\u00e7in ideal!)<\/li>\n<li>Teslimat S\u00fcresi: 12 G\u00fcn + Kargo<\/li>\n<\/ul>","protected":false},"featured_media":3400,"template":"","meta":{"_acf_changed":false,"_uag_custom_page_level_css":"","site-sidebar-layout":"default","site-content-layout":"","ast-site-content-layout":"default","site-content-style":"default","site-sidebar-style":"default","ast-global-header-display":"","ast-banner-title-visibility":"","ast-main-header-display":"","ast-hfb-above-header-display":"","ast-hfb-below-header-display":"","ast-hfb-mobile-header-display":"","site-post-title":"","ast-breadcrumbs-content":"","ast-featured-img":"","footer-sml-layout":"","ast-disable-related-posts":"","theme-transparent-header-meta":"default","adv-header-id-meta":"","stick-header-meta":"","header-above-stick-meta":"","header-main-stick-meta":"","header-below-stick-meta":"","astra-migrate-meta-layouts":"set","ast-page-background-enabled":"default","ast-page-background-meta":{"desktop":{"background-color":"var(--ast-global-color-4)","background-image":"","background-repeat":"repeat","background-position":"center center","background-size":"auto","background-attachment":"scroll","background-type":"","background-media":"","overlay-type":"","overlay-color":"","overlay-opacity":"","overlay-gradient":""},"tablet":{"background-color":"","background-image":"","background-repeat":"repeat","background-position":"center center","background-size":"auto","background-attachment":"scroll","background-type":"","background-media":"","overlay-type":"","overlay-color":"","overlay-opacity":"","overlay-gradient":""},"mobile":{"background-color":"","background-image":"","background-repeat":"repeat","background-position":"center center","background-size":"auto","background-attachment":"scroll","background-type":"","background-media":"","overlay-type":"","overlay-color":"","overlay-opacity":"","overlay-gradient":""}},"ast-content-background-meta":{"desktop":{"background-color":"var(--ast-global-color-5)","background-image":"","background-repeat":"repeat","background-position":"center center","background-size":"auto","background-attachment":"scroll","background-type":"","background-media":"","overlay-type":"","overlay-color":"","overlay-opacity":"","overlay-gradient":""},"tablet":{"background-color":"var(--ast-global-color-5)","background-image":"","background-repeat":"repeat","background-position":"center center","background-size":"auto","background-attachment":"scroll","background-type":"","background-media":"","overlay-type":"","overlay-color":"","overlay-opacity":"","overlay-gradient":""},"mobile":{"background-color":"var(--ast-global-color-5)","background-image":"","background-repeat":"repeat","background-position":"center center","background-size":"auto","background-attachment":"scroll","background-type":"","background-media":"","overlay-type":"","overlay-color":"","overlay-opacity":"","overlay-gradient":""}}},"product_brand":[],"product_cat":[47,430,40],"product_tag":[605,405,566,212,284,251,189,227,466,362,281],"class_list":{"0":"post-5020","1":"product","2":"type-product","3":"status-publish","4":"has-post-thumbnail","6":"product_cat-classic","7":"product_cat-men","8":"product_cat-mens-shoes","9":"product_tag-black-shoes","10":"product_tag-business-shoes","11":"product_tag-calfskin-shoes","12":"product_tag-derby-shoes","13":"product_tag-dress-shoes","14":"product_tag-formal-shoes","15":"product_tag-goat-leather-lining","16":"product_tag-leather-shoes","17":"product_tag-microlight-sole","18":"product_tag-premium-footwear","19":"product_tag-wholesale-shoes","20":"desktop-align-center","21":"tablet-align-center","22":"mobile-align-center","24":"first","25":"instock","26":"shipping-taxable","27":"purchasable","28":"product-type-variable","29":"has-default-attributes"},"acf":[],"uagb_featured_image_src":{"full":["https:\/\/turkishtrade.co\/wp-content\/uploads\/2026\/01\/2400EJOMN00035-BLACK-X_72.png",453,250,false],"thumbnail":["https:\/\/turkishtrade.co\/wp-content\/uploads\/2026\/01\/2400EJOMN00035-BLACK-X_72-150x150.png",150,150,true],"medium":["https:\/\/turkishtrade.co\/wp-content\/uploads\/2026\/01\/2400EJOMN00035-BLACK-X_72-300x166.png",300,166,true],"medium_large":["https:\/\/turkishtrade.co\/wp-content\/uploads\/2026\/01\/2400EJOMN00035-BLACK-X_72.png",453,250,false],"large":["https:\/\/turkishtrade.co\/wp-content\/uploads\/2026\/01\/2400EJOMN00035-BLACK-X_72.png",453,250,false],"1536x1536":["https:\/\/turkishtrade.co\/wp-content\/uploads\/2026\/01\/2400EJOMN00035-BLACK-X_72.png",453,250,false],"2048x2048":["https:\/\/turkishtrade.co\/wp-content\/uploads\/2026\/01\/2400EJOMN00035-BLACK-X_72.png",453,250,false],"trp-custom-language-flag":["https:\/\/turkishtrade.co\/wp-content\/uploads\/2026\/01\/2400EJOMN00035-BLACK-X_72-18x10.png",18,10,true],"woocommerce_thumbnail":["https:\/\/turkishtrade.co\/wp-content\/uploads\/2026\/01\/2400EJOMN00035-BLACK-X_72-400x250.png",400,250,true],"woocommerce_single":["https:\/\/turkishtrade.co\/wp-content\/uploads\/2026\/01\/2400EJOMN00035-BLACK-X_72.png",453,250,false],"woocommerce_gallery_thumbnail":["https:\/\/turkishtrade.co\/wp-content\/uploads\/2026\/01\/2400EJOMN00035-BLACK-X_72-100x100.png",100,100,true]},"uagb_author_info":{"display_name":"yaser olabi","author_link":"https:\/\/turkishtrade.co\/tr\/author\/"},"uagb_comment_info":0,"uagb_excerpt":"Premium Calf Leather Outer Surface Soft Goat Leather Inner Lining for Breathability Lightweight and Flexible Microlight Sole Classic Lace-Up Derby Design with Textured Vamp Comfortable 1-3cm Heel Height Available in European Sizes 39-45 Minimum Order Quantity: 8 Pairs (Ideal for bulk purchases!) Delivery Time: 12 Days + Shipping","_links":{"self":[{"href":"https:\/\/turkishtrade.co\/tr\/wp-json\/wp\/v2\/product\/5020","targetHints":{"allow":["GET"]}}],"collection":[{"href":"https:\/\/turkishtrade.co\/tr\/wp-json\/wp\/v2\/product"}],"about":[{"href":"https:\/\/turkishtrade.co\/tr\/wp-json\/wp\/v2\/types\/product"}],"wp:featuredmedia":[{"embeddable":true,"href":"https:\/\/turkishtrade.co\/tr\/wp-json\/wp\/v2\/media\/3400"}],"wp:attachment":[{"href":"https:\/\/turkishtrade.co\/tr\/wp-json\/wp\/v2\/media?parent=5020"}],"wp:term":[{"taxonomy":"product_brand","embeddable":true,"href":"https:\/\/turkishtrade.co\/tr\/wp-json\/wp\/v2\/product_brand?post=5020"},{"taxonomy":"product_cat","embeddable":true,"href":"https:\/\/turkishtrade.co\/tr\/wp-json\/wp\/v2\/product_cat?post=5020"},{"taxonomy":"product_tag","embeddable":true,"href":"https:\/\/turkishtrade.co\/tr\/wp-json\/wp\/v2\/product_tag?post=5020"}],"curies":[{"name":"wp","href":"https:\/\/api.w.org\/{rel}","templated":true}]}}