{"id":5017,"date":"2026-01-14T11:00:43","date_gmt":"2026-01-14T11:00:43","guid":{"rendered":"https:\/\/turkishtrade.co\/product\/mens-cap-toe-derby-shoes\/"},"modified":"2026-04-09T19:46:55","modified_gmt":"2026-04-09T19:46:55","slug":"mens-cap-toe-derby-shoes","status":"publish","type":"product","link":"https:\/\/turkishtrade.co\/tr\/shop\/mens-cap-toe-derby-shoes\/","title":{"rendered":"Zarif Erkek \u015eapkal\u0131 Derby Ayakkab\u0131"},"content":{"rendered":"<p><strong>Erkek \u015eapkal\u0131 Derby Ayakkab\u0131<\/strong><\/p>\n<p>Enfes koleksiyonumuzla benzersiz bir stil ve konfora ad\u0131m at\u0131n <strong>Erkek \u015eapkal\u0131 Derby Ayakkab\u0131<\/strong>. Se\u00e7kin beyefendiler i\u00e7in tasarlanan bu ayakkab\u0131lar, klasik sofistikeli\u011fi \u00e7a\u011fda\u015f i\u015f\u00e7ilikle harmanlayarak her gard\u0131rop i\u00e7in vazge\u00e7ilmez bir eklenti haline getiriyor. Her bir \u00e7ift, hem zamans\u0131z hem de \u00e7arp\u0131c\u0131 derecede modern bir g\u00f6r\u00fcn\u00fcm sunmak i\u00e7in el yap\u0131m\u0131 olarak titiz sanat\u00e7\u0131l\u0131\u011f\u0131n bir kan\u0131t\u0131d\u0131r. \u0130ster resmi bir etkinli\u011fe kat\u0131l\u0131n, ister i\u015f d\u00fcnyas\u0131nda gezinin ya da sadece g\u00fcnl\u00fck k\u0131yafetlerinizi y\u00fckseltin, bu derby ayakkab\u0131lar kal\u0131c\u0131 bir izlenim b\u0131rakmay\u0131 vaat ediyor.<\/p>\n<h3>Rakipsiz Kalite ve Konfor<\/h3>\n<p>Bizim <strong>Erkek \u015eapkal\u0131 Derby Ayakkab\u0131<\/strong> hem dayan\u0131kl\u0131l\u0131k hem de l\u00fcks bir his sa\u011flamak i\u00e7in en iyi malzemelerden \u00fcretilmi\u015ftir. D\u0131\u015f y\u00fczeyi, p\u00fcr\u00fczs\u00fcz dokusu, esnekli\u011fi ve zarif parlakl\u0131\u011f\u0131yla bilinen birinci s\u0131n\u0131f dana derisine sahiptir. Bu y\u00fcksek kaliteli deri sadece se\u00e7kin bir estetik sa\u011flamakla kalmaz, ayn\u0131 zamanda zaman i\u00e7inde aya\u011f\u0131n\u0131za g\u00fczelce \u015fekil vererek ki\u015fiselle\u015ftirilmi\u015f bir uyum sunar. Sa\u011flam d\u0131\u015f y\u00fczeyi tamamlayan, son derece yumu\u015fak ke\u00e7i derisi i\u00e7 astar. Bu i\u00e7 malzeme se\u00e7imi, ola\u011fan\u00fcst\u00fc nefes alabilirlik ve konfor sa\u011flayarak ayakkab\u0131n\u0131z\u0131 uzun s\u00fcre rahats\u0131zl\u0131k duymadan giymenize olanak tan\u0131r ve uzun g\u00fcnler veya ak\u015famlar i\u00e7in ideal hale getirir.<\/p>\n<p>Bu ola\u011fan\u00fcst\u00fc ayakkab\u0131lar\u0131n temelinde hafif Microlight taban bulunmaktad\u0131r. Bu yenilik\u00e7i taban malzemesi, geleneksel tabanlara k\u0131yasla \u00fcst\u00fcn esneklik ve yast\u0131klama sunarak ayak yorgunlu\u011funu azalt\u0131r ve genel y\u00fcr\u00fcy\u00fc\u015f konforunu art\u0131r\u0131r. \u0130nce bir 1-3 cm topuk y\u00fcksekli\u011fi ile e\u015fle\u015ftirilen bu derby ayakkab\u0131lar, dengeden veya hareket kolayl\u0131\u011f\u0131ndan \u00f6d\u00fcn vermeden zarif bir duru\u015fa katk\u0131da bulunan hafif bir kald\u0131rma sa\u011flar. Bu unsurlar\u0131n \u00f6zenle bir araya getirilmesi, \u015f\u0131k oldu\u011fu kadar rahat da olan bir ayakkab\u0131yla sonu\u00e7lan\u0131r.<\/p>\n<h3>\u00c7ok Y\u00f6nl\u00fc Stil ve Pratiklik<\/h3>\n<p>\u0130konik \u015fapkal\u0131 burun tasar\u0131m\u0131, rafine detaylara bir dokunu\u015f katarak bu <strong>Erkek \u015eapkal\u0131 Derby Ayakkab\u0131<\/strong> inan\u0131lmaz derecede \u00e7ok y\u00f6nl\u00fc. Derby tarz\u0131n\u0131n a\u00e7\u0131k ba\u011fc\u0131k sistemi, Oxford'a k\u0131yasla biraz daha rahat, ancak yine de kusursuz derecede resmi bir estetik sa\u011flar ve daha geni\u015f bir ayak \u015fekli yelpazesi i\u00e7in daha fazla esneklik ve rahat bir uyum sunar. Klasik siyah ve koyu lacivert dahil olmak \u00fczere sofistike bir palette sunulan bu ayakkab\u0131lar, keskin i\u015f k\u0131yafetlerinden sofistike gece k\u0131yafetlerine zahmetsizce ge\u00e7i\u015f yapabilir veya hatta \u015f\u0131k ve g\u00fcndelik bir toplulu\u011fu y\u00fckseltebilir.<\/p>\n<p>\u0130\u015fletmeler, perakendeciler ve moda distrib\u00fct\u00f6rleri i\u00e7in bu birinci s\u0131n\u0131f ayakkab\u0131lar\u0131 minimum 8 \u00e7ift sipari\u015f miktar\u0131yla toplu al\u0131m i\u00e7in sunuyoruz. Bu, sofistike bir m\u00fc\u015fteri kitlesine hitap eden y\u00fcksek kaliteli, el yap\u0131m\u0131 ayakkab\u0131lar\u0131 stoklamak i\u00e7in m\u00fckemmel bir f\u0131rsat sa\u011flar. Verimli lojistik hizmetlerimiz, yakla\u015f\u0131k 12 g\u00fcn art\u0131 nakliye s\u00fcresi sa\u011flayarak envanterinizi etkili bir \u015fekilde y\u00f6netmenize ve m\u00fc\u015fteri talebini derhal kar\u015f\u0131laman\u0131za olanak tan\u0131r. Bu l\u00fcks derby ayakkab\u0131lara yat\u0131r\u0131m yap\u0131n ve m\u00fc\u015fterilerinize i\u015f\u00e7ilik, konfor ve kal\u0131c\u0131 stili \u00f6rnekleyen bir \u00fcr\u00fcn sunun.<\/p>","protected":false},"excerpt":{"rendered":"<ul>\n<li><strong>El Yap\u0131m\u0131 Zarafet:<\/strong> Sofistike bir g\u00f6r\u00fcn\u00fcm ve his i\u00e7in birinci s\u0131n\u0131f dana derisi d\u0131\u015f y\u00fczey.<\/li>\n<li><strong>L\u00fcks Konfor:<\/strong> Yumu\u015fak ke\u00e7i derisi i\u00e7 astar ola\u011fan\u00fcst\u00fc nefes alabilirlik ve konfor sa\u011flar.<\/li>\n<li><strong>Hafif Tasar\u0131m:<\/strong> Microlight taban, t\u00fcm g\u00fcn kullan\u0131m i\u00e7in \u00fcst\u00fcn esneklik ve azalt\u0131lm\u0131\u015f a\u011f\u0131rl\u0131k sa\u011flar.<\/li>\n<li><strong>Hafif Kald\u0131rma:<\/strong> Rahat 1-3 cm topuk y\u00fcksekli\u011fi, dengeden \u00f6d\u00fcn vermeden zarif bir duru\u015f sunar.<\/li>\n<li><strong>\u00c7ok Y\u00f6nl\u00fc Boyutland\u0131rma:<\/strong> M\u00fckemmel bir uyum sa\u011flamak i\u00e7in 39, 40, 41, 42, 43, 44, 45 AB bedenlerinde mevcuttur.<\/li>\n<li><strong>Toplu Sipari\u015f:<\/strong> Toptan sat\u0131\u015f i\u00e7in minimum 8 \u00e7ift sipari\u015f miktar\u0131 mevcuttur.<\/li>\n<li><strong>Etkili Teslimat:<\/strong> Size kolayl\u0131k sa\u011flamak i\u00e7in teslim s\u00fcresi 12 g\u00fcn art\u0131 nakliye.<\/li>\n<\/ul>","protected":false},"featured_media":3399,"template":"","meta":{"_acf_changed":false,"_uag_custom_page_level_css":"","site-sidebar-layout":"default","site-content-layout":"","ast-site-content-layout":"default","site-content-style":"default","site-sidebar-style":"default","ast-global-header-display":"","ast-banner-title-visibility":"","ast-main-header-display":"","ast-hfb-above-header-display":"","ast-hfb-below-header-display":"","ast-hfb-mobile-header-display":"","site-post-title":"","ast-breadcrumbs-content":"","ast-featured-img":"","footer-sml-layout":"","ast-disable-related-posts":"","theme-transparent-header-meta":"default","adv-header-id-meta":"","stick-header-meta":"","header-above-stick-meta":"","header-main-stick-meta":"","header-below-stick-meta":"","astra-migrate-meta-layouts":"set","ast-page-background-enabled":"default","ast-page-background-meta":{"desktop":{"background-color":"var(--ast-global-color-4)","background-image":"","background-repeat":"repeat","background-position":"center center","background-size":"auto","background-attachment":"scroll","background-type":"","background-media":"","overlay-type":"","overlay-color":"","overlay-opacity":"","overlay-gradient":""},"tablet":{"background-color":"","background-image":"","background-repeat":"repeat","background-position":"center center","background-size":"auto","background-attachment":"scroll","background-type":"","background-media":"","overlay-type":"","overlay-color":"","overlay-opacity":"","overlay-gradient":""},"mobile":{"background-color":"","background-image":"","background-repeat":"repeat","background-position":"center center","background-size":"auto","background-attachment":"scroll","background-type":"","background-media":"","overlay-type":"","overlay-color":"","overlay-opacity":"","overlay-gradient":""}},"ast-content-background-meta":{"desktop":{"background-color":"var(--ast-global-color-5)","background-image":"","background-repeat":"repeat","background-position":"center center","background-size":"auto","background-attachment":"scroll","background-type":"","background-media":"","overlay-type":"","overlay-color":"","overlay-opacity":"","overlay-gradient":""},"tablet":{"background-color":"var(--ast-global-color-5)","background-image":"","background-repeat":"repeat","background-position":"center center","background-size":"auto","background-attachment":"scroll","background-type":"","background-media":"","overlay-type":"","overlay-color":"","overlay-opacity":"","overlay-gradient":""},"mobile":{"background-color":"var(--ast-global-color-5)","background-image":"","background-repeat":"repeat","background-position":"center center","background-size":"auto","background-attachment":"scroll","background-type":"","background-media":"","overlay-type":"","overlay-color":"","overlay-opacity":"","overlay-gradient":""}}},"product_brand":[],"product_cat":[47,430,40],"product_tag":[435,604,405,202,458,212,284,454,251,437,450,227,416,198,466,281],"class_list":{"0":"post-5017","1":"product","2":"type-product","3":"status-publish","4":"has-post-thumbnail","6":"product_cat-classic","7":"product_cat-men","8":"product_cat-mens-shoes","9":"product_tag-black-derby","10":"product_tag-blue-derby","11":"product_tag-business-shoes","12":"product_tag-calf-leather","13":"product_tag-cap-toe-shoes","14":"product_tag-derby-shoes","15":"product_tag-dress-shoes","16":"product_tag-elegant-footwear","17":"product_tag-formal-shoes","18":"product_tag-goat-leather","19":"product_tag-handcrafted-shoes","20":"product_tag-leather-shoes","21":"product_tag-luxury-shoes","22":"product_tag-mens-fashion","23":"product_tag-microlight-sole","24":"product_tag-wholesale-shoes","25":"desktop-align-center","26":"tablet-align-center","27":"mobile-align-center","29":"first","30":"instock","31":"shipping-taxable","32":"purchasable","33":"product-type-variable","34":"has-default-attributes"},"acf":[],"uagb_featured_image_src":{"full":["https:\/\/turkishtrade.co\/wp-content\/uploads\/2026\/01\/2400EJOMN00034-DARK-BLUE-X_12573.png",453,250,false],"thumbnail":["https:\/\/turkishtrade.co\/wp-content\/uploads\/2026\/01\/2400EJOMN00034-DARK-BLUE-X_12573-150x150.png",150,150,true],"medium":["https:\/\/turkishtrade.co\/wp-content\/uploads\/2026\/01\/2400EJOMN00034-DARK-BLUE-X_12573-300x166.png",300,166,true],"medium_large":["https:\/\/turkishtrade.co\/wp-content\/uploads\/2026\/01\/2400EJOMN00034-DARK-BLUE-X_12573.png",453,250,false],"large":["https:\/\/turkishtrade.co\/wp-content\/uploads\/2026\/01\/2400EJOMN00034-DARK-BLUE-X_12573.png",453,250,false],"1536x1536":["https:\/\/turkishtrade.co\/wp-content\/uploads\/2026\/01\/2400EJOMN00034-DARK-BLUE-X_12573.png",453,250,false],"2048x2048":["https:\/\/turkishtrade.co\/wp-content\/uploads\/2026\/01\/2400EJOMN00034-DARK-BLUE-X_12573.png",453,250,false],"trp-custom-language-flag":["https:\/\/turkishtrade.co\/wp-content\/uploads\/2026\/01\/2400EJOMN00034-DARK-BLUE-X_12573-18x10.png",18,10,true],"woocommerce_thumbnail":["https:\/\/turkishtrade.co\/wp-content\/uploads\/2026\/01\/2400EJOMN00034-DARK-BLUE-X_12573-400x250.png",400,250,true],"woocommerce_single":["https:\/\/turkishtrade.co\/wp-content\/uploads\/2026\/01\/2400EJOMN00034-DARK-BLUE-X_12573.png",453,250,false],"woocommerce_gallery_thumbnail":["https:\/\/turkishtrade.co\/wp-content\/uploads\/2026\/01\/2400EJOMN00034-DARK-BLUE-X_12573-100x100.png",100,100,true]},"uagb_author_info":{"display_name":"yaser olabi","author_link":"https:\/\/turkishtrade.co\/tr\/author\/"},"uagb_comment_info":0,"uagb_excerpt":"Handcrafted Elegance: Premium calf leather exterior for a sophisticated look and feel. Luxurious Comfort: Soft goat leather interior lining ensures exceptional breathability and comfort. Lightweight Design: Microlight sole provides superior flexibility and reduced weight for all-day wear. Subtle Lift: Comfortable 1-3 cm heel height offers a refined stance without compromising stability. Versatile Sizing: Available in&hellip;","_links":{"self":[{"href":"https:\/\/turkishtrade.co\/tr\/wp-json\/wp\/v2\/product\/5017","targetHints":{"allow":["GET"]}}],"collection":[{"href":"https:\/\/turkishtrade.co\/tr\/wp-json\/wp\/v2\/product"}],"about":[{"href":"https:\/\/turkishtrade.co\/tr\/wp-json\/wp\/v2\/types\/product"}],"wp:featuredmedia":[{"embeddable":true,"href":"https:\/\/turkishtrade.co\/tr\/wp-json\/wp\/v2\/media\/3399"}],"wp:attachment":[{"href":"https:\/\/turkishtrade.co\/tr\/wp-json\/wp\/v2\/media?parent=5017"}],"wp:term":[{"taxonomy":"product_brand","embeddable":true,"href":"https:\/\/turkishtrade.co\/tr\/wp-json\/wp\/v2\/product_brand?post=5017"},{"taxonomy":"product_cat","embeddable":true,"href":"https:\/\/turkishtrade.co\/tr\/wp-json\/wp\/v2\/product_cat?post=5017"},{"taxonomy":"product_tag","embeddable":true,"href":"https:\/\/turkishtrade.co\/tr\/wp-json\/wp\/v2\/product_tag?post=5017"}],"curies":[{"name":"wp","href":"https:\/\/api.w.org\/{rel}","templated":true}]}}