{"id":5014,"date":"2026-01-14T11:00:20","date_gmt":"2026-01-14T11:00:20","guid":{"rendered":"https:\/\/turkishtrade.co\/product\/men-s-handcrafted-leather-loafers\/"},"modified":"2026-04-09T19:47:02","modified_gmt":"2026-04-09T19:47:02","slug":"rare-mens-handcrafted-leather-loafers","status":"publish","type":"product","link":"https:\/\/turkishtrade.co\/tr\/shop\/rare-mens-handcrafted-leather-loafers\/","title":{"rendered":"Erkek El Yap\u0131m\u0131 Dana Derisi Penny Loafer"},"content":{"rendered":"<p><strong>Erkek El Yap\u0131m\u0131 Deri Loaferlar<\/strong><\/p>\n<p>Benzersiz sofistikeli\u011fe ad\u0131m at\u0131n <strong>Erkek El Yap\u0131m\u0131 Deri Loaferlar<\/strong>. Hem stil hem de konfora de\u011fer veren se\u00e7ici bireyler i\u00e7in tasarlanan bu zarif mokasen ayakkab\u0131lar, geleneksel sanat ve modern tasar\u0131m\u0131n ger\u00e7ek bir kan\u0131t\u0131d\u0131r. Bunlar\u0131n her bir \u00e7ifti <strong>Erkek El Yap\u0131m\u0131 Deri Loaferlar<\/strong> l\u00fcks ve g\u00fcnl\u00fck giyilebilirli\u011fin kusursuz bir kar\u0131\u015f\u0131m\u0131n\u0131 sunmak i\u00e7in titizlikle \u00fcretilmi\u015ftir, bu da onlar\u0131 her rafine gard\u0131robun temel ta\u015f\u0131 haline getirir.<\/p>\n<h3>\u00dcst\u00fcn Konfor i\u00e7in Birinci S\u0131n\u0131f Malzemeler<\/h3>\n<p>Bu mokasen ayakkab\u0131lar\u0131n \u00fcst\u00fcn kalitesi, \u00f6zenle se\u00e7ilen malzemelerle ba\u015flar. Ayakkab\u0131n\u0131n d\u0131\u015f y\u00fczeyi, \u015f\u0131k y\u00fczeyi, ola\u011fan\u00fcst\u00fc dayan\u0131kl\u0131l\u0131\u011f\u0131 ve zarif g\u00f6r\u00fcn\u00fcm\u00fcyle tan\u0131nan y\u00fcksek kaliteli dana derisinden \u00fcretilmi\u015ftir. Bu se\u00e7im, yaln\u0131zca zaman\u0131n testine dayanmakla kalmay\u0131p ayn\u0131 zamanda g\u00fczel bir \u015fekilde ya\u015flanarak benzersiz bir patine geli\u015ftiren uzun \u00f6m\u00fcrl\u00fc bir ayakkab\u0131 sa\u011flar. \u0130\u00e7 k\u0131s\u0131mda ayaklar\u0131n\u0131z, nefes alabilirli\u011fi ve \u00fcst\u00fcn konforuyla \u00fcnl\u00fc ke\u00e7i derisi astar\u0131n yumu\u015fak kuca\u011f\u0131na sar\u0131lacak. Bu i\u00e7 l\u00fcks, bu ayakkab\u0131lar\u0131 <strong>Erkek El Yap\u0131m\u0131 Deri Loaferlar<\/strong> sabahtan ak\u015fama kadar giymek bir zevk.<\/p>\n<h3>Hafif Tasar\u0131m ve M\u00fckemmel Uyum<\/h3>\n<p>Yenilik\u00e7i Microlight taban ile zahmetsiz y\u00fcr\u00fcy\u00fc\u015f deneyimi ya\u015fay\u0131n. Bu geli\u015fmi\u015f taban teknolojisi ola\u011fan\u00fcst\u00fc hafiflik, esneklik ve m\u00fckemmel \u015fok emilimi sa\u011flayarak sizi a\u011f\u0131rla\u015ft\u0131rmadan g\u00fcn boyu s\u00fcren bir konfor sunar. 1-3 cm'lik ince topuk y\u00fcksekli\u011fi, denge veya konfordan \u00f6d\u00fcn vermeden klasik bir zarafet dokunu\u015fu katar. Bu muhte\u015fem ayakkab\u0131lar\u0131 sunuyoruz <strong>Erkek El Yap\u0131m\u0131 Deri Loaferlar<\/strong> 39'dan 45'e kadar geni\u015f bir beden yelpazesinde, her beyefendi i\u00e7in m\u00fckemmel bir uyum sa\u011flar ve t\u00fcm stillerde tutarl\u0131 bir konfor sa\u011flar.<\/p>\n<h3>Her Durum i\u00e7in \u00c7ok Y\u00f6nl\u00fc Stil<\/h3>\n<p>Klasik penny loafer silueti ve vamp kay\u0131\u015f\u0131ndaki ay\u0131rt edici dokulu detaylar\u0131yla bu ayakkab\u0131lar, resmi i\u015f ortamlar\u0131ndan \u015f\u0131k g\u00fcndelik gezilere zahmetsizce ge\u00e7i\u015f yapar. \u0130ster \u00f6zel dikim bir tak\u0131m elbise, ister sofistike bir pantolon ya da \u015f\u0131k bir chino pantolon ile e\u015fle\u015ftirilsin <strong>Erkek El Yap\u0131m\u0131 Deri Loaferlar<\/strong> Ayakkab\u0131da rafine bir zevki sergileyerek her kombini y\u00fckseltir. \u00c7ok y\u00f6nl\u00fc cazibesi sayesinde modern gard\u0131roplar\u0131n vazge\u00e7ilmezi olan bu ayakkab\u0131lar, stil ve konforun \u00f6n planda oldu\u011fu \u00e7e\u015fitli durumlar i\u00e7in m\u00fckemmeldir.<\/p>\n<h3>Toplu Bulunabilirlik ve Kalite G\u00fcvencesi<\/h3>\n<p>Perakendeciler veya toplu al\u0131m yapanlar i\u00e7in bu ola\u011fan\u00fcst\u00fc <strong>Erkek El Yap\u0131m\u0131 Deri Loaferlar<\/strong> minimum 8 \u00e7ift sipari\u015f miktar\u0131 ile mevcuttur. Her bir \u00e7ift, g\u00f6nderilmeden \u00f6nce titiz bir incelemeden ge\u00e7irilerek \u00fcst\u00fcn i\u015f\u00e7ilik ve kaliteye olan sars\u0131lmaz ba\u011fl\u0131l\u0131\u011f\u0131m\u0131z\u0131 yans\u0131tmaktad\u0131r. Hassasiyet ve \u00f6zenle haz\u0131rlanm\u0131\u015f bir \u00fcr\u00fcn alman\u0131z\u0131 sa\u011flamak i\u00e7in l\u00fctfen \u00fcretim art\u0131 nakliye i\u00e7in 12 g\u00fcn bekleyin. Birinci s\u0131n\u0131f koleksiyonumuzla zamans\u0131z stile ve kal\u0131c\u0131 konfora yat\u0131r\u0131m yap\u0131n <strong>Erkek El Yap\u0131m\u0131 Deri Loaferlar<\/strong>.<\/p>","protected":false},"excerpt":{"rendered":"<ul>\n<li>Kal\u0131c\u0131 dayan\u0131kl\u0131l\u0131k ve stil i\u00e7in Premium Dana Derisi D\u0131\u015f Y\u00fczey<\/li>\n<li>\u00dcst\u00fcn konfor ve nefes alabilirlik i\u00e7in Yumu\u015fak Ke\u00e7i Derisi \u0130\u00e7 Astar<\/li>\n<li>Esnek, g\u00fcn boyu kullan\u0131m i\u00e7in hafif Microlight Taban<\/li>\n<li>Zarif bir siluet i\u00e7in ince 1-3 cm topuk y\u00fcksekli\u011fi<\/li>\n<li>39'dan 45'e kadar kapsaml\u0131 bir beden aral\u0131\u011f\u0131nda mevcuttur<\/li>\n<li>Toplu al\u0131mlar i\u00e7in minimum 8 \u00e7ift sipari\u015f (12 g\u00fcn \u00fcretim + nakliye)<\/li>\n<\/ul>","protected":false},"featured_media":3397,"template":"","meta":{"_acf_changed":false,"_uag_custom_page_level_css":"","site-sidebar-layout":"default","site-content-layout":"","ast-site-content-layout":"default","site-content-style":"default","site-sidebar-style":"default","ast-global-header-display":"","ast-banner-title-visibility":"","ast-main-header-display":"","ast-hfb-above-header-display":"","ast-hfb-below-header-display":"","ast-hfb-mobile-header-display":"","site-post-title":"","ast-breadcrumbs-content":"","ast-featured-img":"","footer-sml-layout":"","ast-disable-related-posts":"","theme-transparent-header-meta":"default","adv-header-id-meta":"","stick-header-meta":"","header-above-stick-meta":"","header-main-stick-meta":"","header-below-stick-meta":"","astra-migrate-meta-layouts":"set","ast-page-background-enabled":"default","ast-page-background-meta":{"desktop":{"background-color":"var(--ast-global-color-4)","background-image":"","background-repeat":"repeat","background-position":"center center","background-size":"auto","background-attachment":"scroll","background-type":"","background-media":"","overlay-type":"","overlay-color":"","overlay-opacity":"","overlay-gradient":""},"tablet":{"background-color":"","background-image":"","background-repeat":"repeat","background-position":"center center","background-size":"auto","background-attachment":"scroll","background-type":"","background-media":"","overlay-type":"","overlay-color":"","overlay-opacity":"","overlay-gradient":""},"mobile":{"background-color":"","background-image":"","background-repeat":"repeat","background-position":"center center","background-size":"auto","background-attachment":"scroll","background-type":"","background-media":"","overlay-type":"","overlay-color":"","overlay-opacity":"","overlay-gradient":""}},"ast-content-background-meta":{"desktop":{"background-color":"var(--ast-global-color-5)","background-image":"","background-repeat":"repeat","background-position":"center center","background-size":"auto","background-attachment":"scroll","background-type":"","background-media":"","overlay-type":"","overlay-color":"","overlay-opacity":"","overlay-gradient":""},"tablet":{"background-color":"var(--ast-global-color-5)","background-image":"","background-repeat":"repeat","background-position":"center center","background-size":"auto","background-attachment":"scroll","background-type":"","background-media":"","overlay-type":"","overlay-color":"","overlay-opacity":"","overlay-gradient":""},"mobile":{"background-color":"var(--ast-global-color-5)","background-image":"","background-repeat":"repeat","background-position":"center center","background-size":"auto","background-attachment":"scroll","background-type":"","background-media":"","overlay-type":"","overlay-color":"","overlay-opacity":"","overlay-gradient":""}}},"product_brand":[],"product_cat":[47,430,40],"product_tag":[202,449,220,284,437,450,215,217,198,186,466,279,597,598,599,600,601,602,603,596],"class_list":{"0":"post-5014","1":"product","2":"type-product","3":"status-publish","4":"has-post-thumbnail","6":"product_cat-classic","7":"product_cat-men","8":"product_cat-mens-shoes","9":"product_tag-calf-leather","10":"product_tag-casual-shoes","11":"product_tag-comfortable-loafers","12":"product_tag-dress-shoes","13":"product_tag-goat-leather","14":"product_tag-handcrafted-shoes","15":"product_tag-leather-loafers","16":"product_tag-luxury-footwear","17":"product_tag-mens-fashion","18":"product_tag-mens-loafers","19":"product_tag-microlight-sole","20":"product_tag-penny-loafers","21":"product_tag-size-39","22":"product_tag-size-40","23":"product_tag-size-41","24":"product_tag-size-42","25":"product_tag-size-43","26":"product_tag-size-44","27":"product_tag-size-45","28":"product_tag-turkish-made-shoes","29":"desktop-align-center","30":"tablet-align-center","31":"mobile-align-center","33":"first","34":"instock","35":"shipping-taxable","36":"purchasable","37":"product-type-variable","38":"has-default-attributes"},"acf":[],"uagb_featured_image_src":{"full":["https:\/\/turkishtrade.co\/wp-content\/uploads\/2026\/01\/2400EJOMN00033-BROWN-SL_01.png",453,250,false],"thumbnail":["https:\/\/turkishtrade.co\/wp-content\/uploads\/2026\/01\/2400EJOMN00033-BROWN-SL_01-150x150.png",150,150,true],"medium":["https:\/\/turkishtrade.co\/wp-content\/uploads\/2026\/01\/2400EJOMN00033-BROWN-SL_01-300x166.png",300,166,true],"medium_large":["https:\/\/turkishtrade.co\/wp-content\/uploads\/2026\/01\/2400EJOMN00033-BROWN-SL_01.png",453,250,false],"large":["https:\/\/turkishtrade.co\/wp-content\/uploads\/2026\/01\/2400EJOMN00033-BROWN-SL_01.png",453,250,false],"1536x1536":["https:\/\/turkishtrade.co\/wp-content\/uploads\/2026\/01\/2400EJOMN00033-BROWN-SL_01.png",453,250,false],"2048x2048":["https:\/\/turkishtrade.co\/wp-content\/uploads\/2026\/01\/2400EJOMN00033-BROWN-SL_01.png",453,250,false],"trp-custom-language-flag":["https:\/\/turkishtrade.co\/wp-content\/uploads\/2026\/01\/2400EJOMN00033-BROWN-SL_01-18x10.png",18,10,true],"woocommerce_thumbnail":["https:\/\/turkishtrade.co\/wp-content\/uploads\/2026\/01\/2400EJOMN00033-BROWN-SL_01-400x250.png",400,250,true],"woocommerce_single":["https:\/\/turkishtrade.co\/wp-content\/uploads\/2026\/01\/2400EJOMN00033-BROWN-SL_01.png",453,250,false],"woocommerce_gallery_thumbnail":["https:\/\/turkishtrade.co\/wp-content\/uploads\/2026\/01\/2400EJOMN00033-BROWN-SL_01-100x100.png",100,100,true]},"uagb_author_info":{"display_name":"yaser olabi","author_link":"https:\/\/turkishtrade.co\/tr\/author\/"},"uagb_comment_info":0,"uagb_excerpt":"Premium Calf Leather Exterior for lasting durability and style Soft Goat Leather Interior Lining for ultimate comfort and breathability Lightweight Microlight Sole for flexible, all-day wear Subtle 1-3 cm heel height for a refined silhouette Available in a comprehensive size range from 39 to 45 Minimum order of 8 pairs for bulk purchases (12 days&hellip;","_links":{"self":[{"href":"https:\/\/turkishtrade.co\/tr\/wp-json\/wp\/v2\/product\/5014","targetHints":{"allow":["GET"]}}],"collection":[{"href":"https:\/\/turkishtrade.co\/tr\/wp-json\/wp\/v2\/product"}],"about":[{"href":"https:\/\/turkishtrade.co\/tr\/wp-json\/wp\/v2\/types\/product"}],"wp:featuredmedia":[{"embeddable":true,"href":"https:\/\/turkishtrade.co\/tr\/wp-json\/wp\/v2\/media\/3397"}],"wp:attachment":[{"href":"https:\/\/turkishtrade.co\/tr\/wp-json\/wp\/v2\/media?parent=5014"}],"wp:term":[{"taxonomy":"product_brand","embeddable":true,"href":"https:\/\/turkishtrade.co\/tr\/wp-json\/wp\/v2\/product_brand?post=5014"},{"taxonomy":"product_cat","embeddable":true,"href":"https:\/\/turkishtrade.co\/tr\/wp-json\/wp\/v2\/product_cat?post=5014"},{"taxonomy":"product_tag","embeddable":true,"href":"https:\/\/turkishtrade.co\/tr\/wp-json\/wp\/v2\/product_tag?post=5014"}],"curies":[{"name":"wp","href":"https:\/\/api.w.org\/{rel}","templated":true}]}}