{"id":5012,"date":"2026-01-14T10:59:58","date_gmt":"2026-01-14T10:59:58","guid":{"rendered":"https:\/\/turkishtrade.co\/product\/men-s-leather-dress-shoes\/"},"modified":"2026-04-09T19:47:06","modified_gmt":"2026-04-09T19:47:06","slug":"luxury-footwear-mens-leather-dress-shoes","status":"publish","type":"product","link":"https:\/\/turkishtrade.co\/tr\/shop\/luxury-footwear-mens-leather-dress-shoes\/","title":{"rendered":"Zarif Erkek Kahverengi Deri Derby Elbise Ayakkab\u0131s\u0131"},"content":{"rendered":"<p><strong>Erkek Deri Elbise Ayakkab\u0131s\u0131<\/strong><\/p>\n<p>Enfes tasar\u0131m\u0131m\u0131zla zamans\u0131z \u015f\u0131kl\u0131\u011fa ad\u0131m at\u0131n <b>erkek deri\u0307 ayakkabi<\/b>, modern beyefendiler i\u00e7in titizlikle \u00fcretilmi\u015ftir. Benzersiz stil ve konfor sunmak \u00fczere tasarlanan bu birinci s\u0131n\u0131f <b>erkek deri\u0307 ayakkabi<\/b> her se\u00e7kin gard\u0131rop i\u00e7in m\u00fckemmel bir eklentidir. \u0130ster resmi bir etkinli\u011fe kat\u0131l\u0131yor, ister \u00f6nemli bir i\u015f toplant\u0131s\u0131na gidiyor ya da sadece sofistike bir g\u00fcnl\u00fck giyim ar\u0131yor olun, bu kahverengi Derby ayakkab\u0131lar varl\u0131\u011f\u0131n\u0131z\u0131 y\u00fckseltecek.<\/p>\n<h3>Rakipsiz \u0130\u015f\u00e7ilik ve Birinci S\u0131n\u0131f Malzemeler<\/h3>\n<p>En iyi malzemelerden \u00fcretilen bu \u00e7arp\u0131c\u0131 d\u0131\u015f y\u00fczey <b>erkek deri\u0307 ayakkabi<\/b> ola\u011fan\u00fcst\u00fc dayan\u0131kl\u0131l\u0131\u011f\u0131, p\u00fcr\u00fczs\u00fcz dokusu ve zarif y\u00fczeyiyle bilinen y\u00fcksek kaliteli dana derisine sahiptir. Bu birinci s\u0131n\u0131f d\u0131\u015f kabuk, uzun \u00f6m\u00fcrl\u00fcl\u00fck ve yaln\u0131zca ya\u015fland\u0131k\u00e7a geli\u015fecek l\u00fcks bir g\u00f6r\u00fcn\u00fcm sa\u011flar. Sa\u011flam d\u0131\u015f y\u00fczeyi tamamlayan i\u00e7 k\u0131s\u0131m, ayaklar\u0131n\u0131z i\u00e7in inan\u0131lmaz derecede yumu\u015fak ve nefes alabilen bir ortam sa\u011flayan esnek ke\u00e7i derisiyle astarlanm\u0131\u015ft\u0131r. Bu \u00f6zenli malzeme kombinasyonu, g\u00fcn boyunca hem l\u00fcks bir his hem de kal\u0131c\u0131 bir konfor sa\u011flar.<\/p>\n<h3>Konfor ve Stil i\u00e7in Tasarland\u0131<\/h3>\n<p>Yenilik\u00e7i Microlight taban sayesinde her ad\u0131mda \u00fcst\u00fcn konforu ya\u015fay\u0131n. Hafif esneklik i\u00e7in tasarlanan Microlight taban, m\u00fckemmel \u015fok emilimi sunar ve ayak yorgunlu\u011funu azalt\u0131r. <b>erkek deri\u0307 ayakkabi<\/b> uzun s\u00fcreli kullan\u0131m i\u00e7in idealdir. M\u00fctevaz\u0131 1-3 cm topuk y\u00fcksekli\u011fi, denge veya konfordan \u00f6d\u00fcn vermeden hafif bir y\u00fckselti sa\u011flar. Klasik Derby ba\u011fc\u0131k sistemi sadece ayakkab\u0131n\u0131n sofistike esteti\u011fini geli\u015ftirmekle kalmaz, ayn\u0131 zamanda daha ayarlanabilir bir uyum sa\u011flayarak \u00e7e\u015fitli ayak \u015fekillerine kolayl\u0131kla uyum sa\u011flar. Bunlar s\u0131radan ayakkab\u0131lar de\u011fil <b>erkek deri\u0307 ayakkabi<\/b>; Bir s\u0131n\u0131f ve konfor ifadesidirler.<\/p>\n<p>&nbsp;<\/p>","protected":false},"excerpt":{"rendered":"<ul>\n<li><b>Premium Malzemeler:<\/b> Dayan\u0131kl\u0131 dana derisi d\u0131\u015f y\u00fczey ve yumu\u015fak ke\u00e7i derisi i\u00e7 k\u0131s\u0131m ile \u00fcretilmi\u015ftir.<\/li>\n<li><b>\u00dcst\u00fcn Konfor:<\/b> T\u00fcm g\u00fcn kullan\u0131m i\u00e7in hafif Microlight taban ve 1-3 cm'lik m\u00fctevaz\u0131 bir topuk ile donat\u0131lm\u0131\u015ft\u0131r.<\/li>\n<li><b>Klasik tarz:<\/b> Zamans\u0131z kahverengi Derby tasar\u0131m\u0131, i\u015f, resmi ve \u015f\u0131k g\u00fcndelik durumlar i\u00e7in m\u00fckemmeldir.<\/li>\n<li><b>Mevcut Boyutlar:<\/b> 39'dan 45'e kadar geni\u015f bir AB beden yelpazesinde sunulmaktad\u0131r.<\/li>\n<li><b>Toptan Sat\u0131\u015f:<\/b> Minimum sipari\u015f miktar\u0131 8 \u00e7ifttir ve teslim s\u00fcresi nakliye dahil 12 g\u00fcnd\u00fcr.<\/li>\n<\/ul>","protected":false},"featured_media":3395,"template":"","meta":{"_acf_changed":false,"_uag_custom_page_level_css":"","site-sidebar-layout":"default","site-content-layout":"","ast-site-content-layout":"default","site-content-style":"default","site-sidebar-style":"default","ast-global-header-display":"","ast-banner-title-visibility":"","ast-main-header-display":"","ast-hfb-above-header-display":"","ast-hfb-below-header-display":"","ast-hfb-mobile-header-display":"","site-post-title":"","ast-breadcrumbs-content":"","ast-featured-img":"","footer-sml-layout":"","ast-disable-related-posts":"","theme-transparent-header-meta":"default","adv-header-id-meta":"","stick-header-meta":"","header-above-stick-meta":"","header-main-stick-meta":"","header-below-stick-meta":"","astra-migrate-meta-layouts":"set","ast-page-background-enabled":"default","ast-page-background-meta":{"desktop":{"background-color":"var(--ast-global-color-4)","background-image":"","background-repeat":"repeat","background-position":"center center","background-size":"auto","background-attachment":"scroll","background-type":"","background-media":"","overlay-type":"","overlay-color":"","overlay-opacity":"","overlay-gradient":""},"tablet":{"background-color":"","background-image":"","background-repeat":"repeat","background-position":"center center","background-size":"auto","background-attachment":"scroll","background-type":"","background-media":"","overlay-type":"","overlay-color":"","overlay-opacity":"","overlay-gradient":""},"mobile":{"background-color":"","background-image":"","background-repeat":"repeat","background-position":"center center","background-size":"auto","background-attachment":"scroll","background-type":"","background-media":"","overlay-type":"","overlay-color":"","overlay-opacity":"","overlay-gradient":""}},"ast-content-background-meta":{"desktop":{"background-color":"var(--ast-global-color-5)","background-image":"","background-repeat":"repeat","background-position":"center center","background-size":"auto","background-attachment":"scroll","background-type":"","background-media":"","overlay-type":"","overlay-color":"","overlay-opacity":"","overlay-gradient":""},"tablet":{"background-color":"var(--ast-global-color-5)","background-image":"","background-repeat":"repeat","background-position":"center center","background-size":"auto","background-attachment":"scroll","background-type":"","background-media":"","overlay-type":"","overlay-color":"","overlay-opacity":"","overlay-gradient":""},"mobile":{"background-color":"var(--ast-global-color-5)","background-image":"","background-repeat":"repeat","background-position":"center center","background-size":"auto","background-attachment":"scroll","background-type":"","background-media":"","overlay-type":"","overlay-color":"","overlay-opacity":"","overlay-gradient":""}}},"product_brand":[],"product_cat":[47,430,40],"product_tag":[218,405,202,181,212,284,480,593,251,437,227,198,466,281],"class_list":{"0":"post-5012","1":"product","2":"type-product","3":"status-publish","4":"has-post-thumbnail","6":"product_cat-classic","7":"product_cat-men","8":"product_cat-mens-shoes","9":"product_tag-brown-shoes","10":"product_tag-business-shoes","11":"product_tag-calf-leather","12":"product_tag-comfortable-dress-shoes","13":"product_tag-derby-shoes","14":"product_tag-dress-shoes","15":"product_tag-elegant-shoes","16":"product_tag-eu-sizes-39-45","17":"product_tag-formal-shoes","18":"product_tag-goat-leather","19":"product_tag-leather-shoes","20":"product_tag-mens-fashion","21":"product_tag-microlight-sole","22":"product_tag-wholesale-shoes","23":"desktop-align-center","24":"tablet-align-center","25":"mobile-align-center","27":"first","28":"instock","29":"shipping-taxable","30":"purchasable","31":"product-type-variable","32":"has-default-attributes"},"acf":[],"uagb_featured_image_src":{"full":["https:\/\/turkishtrade.co\/wp-content\/uploads\/2026\/01\/2400EJOMN00032-BROWN-Y_301.png",453,250,false],"thumbnail":["https:\/\/turkishtrade.co\/wp-content\/uploads\/2026\/01\/2400EJOMN00032-BROWN-Y_301-150x150.png",150,150,true],"medium":["https:\/\/turkishtrade.co\/wp-content\/uploads\/2026\/01\/2400EJOMN00032-BROWN-Y_301-300x166.png",300,166,true],"medium_large":["https:\/\/turkishtrade.co\/wp-content\/uploads\/2026\/01\/2400EJOMN00032-BROWN-Y_301.png",453,250,false],"large":["https:\/\/turkishtrade.co\/wp-content\/uploads\/2026\/01\/2400EJOMN00032-BROWN-Y_301.png",453,250,false],"1536x1536":["https:\/\/turkishtrade.co\/wp-content\/uploads\/2026\/01\/2400EJOMN00032-BROWN-Y_301.png",453,250,false],"2048x2048":["https:\/\/turkishtrade.co\/wp-content\/uploads\/2026\/01\/2400EJOMN00032-BROWN-Y_301.png",453,250,false],"trp-custom-language-flag":["https:\/\/turkishtrade.co\/wp-content\/uploads\/2026\/01\/2400EJOMN00032-BROWN-Y_301-18x10.png",18,10,true],"woocommerce_thumbnail":["https:\/\/turkishtrade.co\/wp-content\/uploads\/2026\/01\/2400EJOMN00032-BROWN-Y_301-400x250.png",400,250,true],"woocommerce_single":["https:\/\/turkishtrade.co\/wp-content\/uploads\/2026\/01\/2400EJOMN00032-BROWN-Y_301.png",453,250,false],"woocommerce_gallery_thumbnail":["https:\/\/turkishtrade.co\/wp-content\/uploads\/2026\/01\/2400EJOMN00032-BROWN-Y_301-100x100.png",100,100,true]},"uagb_author_info":{"display_name":"yaser olabi","author_link":"https:\/\/turkishtrade.co\/tr\/author\/"},"uagb_comment_info":0,"uagb_excerpt":"Premium Materials: Crafted with durable calf leather exterior and soft goat leather interior. Superior Comfort: Equipped with a lightweight Microlight sole and a modest 1-3 cm heel for all-day wear. Classic Style: Timeless brown Derby design, perfect for business, formal, and smart casual occasions. Available Sizes: Offered in a wide range of EU sizes from&hellip;","_links":{"self":[{"href":"https:\/\/turkishtrade.co\/tr\/wp-json\/wp\/v2\/product\/5012","targetHints":{"allow":["GET"]}}],"collection":[{"href":"https:\/\/turkishtrade.co\/tr\/wp-json\/wp\/v2\/product"}],"about":[{"href":"https:\/\/turkishtrade.co\/tr\/wp-json\/wp\/v2\/types\/product"}],"wp:featuredmedia":[{"embeddable":true,"href":"https:\/\/turkishtrade.co\/tr\/wp-json\/wp\/v2\/media\/3395"}],"wp:attachment":[{"href":"https:\/\/turkishtrade.co\/tr\/wp-json\/wp\/v2\/media?parent=5012"}],"wp:term":[{"taxonomy":"product_brand","embeddable":true,"href":"https:\/\/turkishtrade.co\/tr\/wp-json\/wp\/v2\/product_brand?post=5012"},{"taxonomy":"product_cat","embeddable":true,"href":"https:\/\/turkishtrade.co\/tr\/wp-json\/wp\/v2\/product_cat?post=5012"},{"taxonomy":"product_tag","embeddable":true,"href":"https:\/\/turkishtrade.co\/tr\/wp-json\/wp\/v2\/product_tag?post=5012"}],"curies":[{"name":"wp","href":"https:\/\/api.w.org\/{rel}","templated":true}]}}