{"id":5010,"date":"2026-01-14T10:59:36","date_gmt":"2026-01-14T10:59:36","guid":{"rendered":"https:\/\/turkishtrade.co\/product\/men-s-black-calf-leather-oxford-shoes\/"},"modified":"2026-04-09T19:47:09","modified_gmt":"2026-04-09T19:47:09","slug":"mens-black-calf-leather-oxford-shoes","status":"publish","type":"product","link":"https:\/\/turkishtrade.co\/tr\/shop\/mens-black-calf-leather-oxford-shoes\/","title":{"rendered":"Erkek Siyah Dana Derisi Oxford Ayakkab\u0131"},"content":{"rendered":"<p><strong>Erkek Siyah Dana Derisi Oxford Ayakkab\u0131<\/strong><\/p>\n<p>Ola\u011fan\u00fcst\u00fc \u00fcr\u00fcnlerimizle sofistike bir ad\u0131m at\u0131n <b>Erkek Siyah Dana Derisi Oxford Ayakkab\u0131<\/b>. Titizlikle el i\u015f\u00e7ili\u011fiyle \u00fcretilen bu ayakkab\u0131lar, zamans\u0131z \u015f\u0131kl\u0131\u011f\u0131n ve \u00fcst\u00fcn i\u015f\u00e7ili\u011fin timsalidir. Se\u00e7ici bireyler i\u00e7in tasarlanan <b>Erkek Siyah Dana Derisi Oxford Ayakkab\u0131<\/b> geleneksel stili modern konforla kusursuz bir \u015fekilde harmanlayarak resmi veya profesyonel gard\u0131roplar i\u00e7in vazge\u00e7ilmez bir eklenti haline getiriyor.<\/p>\n<p><h3>Benzersiz Kalitede Malzemeler<\/h3>\n<\/p>\n<p>Her ad\u0131mda l\u00fcks\u00fc ya\u015fay\u0131n. Bu \u00e7arp\u0131c\u0131 Oxfords'un d\u0131\u015f y\u00fczeyi, p\u00fcr\u00fczs\u00fcz dokusu, ola\u011fan\u00fcst\u00fc dayan\u0131kl\u0131l\u0131\u011f\u0131 ve parlak y\u00fczeyiyle bilinen birinci s\u0131n\u0131f hakiki dana derisinden \u00fcretilmi\u015ftir. Bu y\u00fcksek kaliteli malzeme yaln\u0131zca sofistike bir g\u00f6r\u00fcn\u00fcm sa\u011flamakla kalmaz, ayn\u0131 zamanda a\u015f\u0131nmaya kar\u015f\u0131 diren\u00e7 g\u00f6stererek ve zaman i\u00e7inde bozulmam\u0131\u015f g\u00f6r\u00fcn\u00fcm\u00fcn\u00fc koruyarak uzun \u00f6m\u00fcrl\u00fcl\u00fck vaat eder.<\/p>\n<p>Sa\u011flam d\u0131\u015f y\u00fczeyi tamamlayan i\u00e7 k\u0131s\u0131m, g\u00fcn boyunca benzersiz konfor ve nefes alabilirlik sa\u011flayan son derece yumu\u015fak ke\u00e7i derisiyle astarlanm\u0131\u015ft\u0131r. Sonu\u00e7 olarak ortaya bir \u00e7ift <b>Erkek Siyah Dana Derisi Oxford Ayakkab\u0131<\/b> g\u00f6r\u00fcnd\u00fckleri kadar iyi hissettiren, ayaklar\u0131n\u0131z i\u00e7in pel\u00fc\u015f bir ortam sunar.<\/p>\n<p><h3>Konfor ve Stil i\u00e7in Tasarland\u0131<\/h3>\n<\/p>\n<p>\u00c7arp\u0131c\u0131 estetiklerinin \u00f6tesinde, bu <b>Erkek Siyah Dana Derisi Oxford Ayakkab\u0131<\/b> \u00fcst\u00fcn konfor i\u00e7in tasarlanm\u0131\u015ft\u0131r. Hafif Microlight tabana sahip olan bu ayakkab\u0131lar m\u00fckemmel \u015fok emilimi ve esneklik sunarak ister \u015fehir sokaklar\u0131nda geziniyor ister uzun etkinlikler boyunca ayakta duruyor olun hareket kolayl\u0131\u011f\u0131 sa\u011flar. \u0130nce 1-3 cm topuk, konfordan \u00f6d\u00fcn vermeden duru\u015fu iyile\u015ftirerek do\u011fru y\u00fcksekli\u011fi sa\u011flar.<\/p>\n<p>Klasik burnu a\u00e7\u0131k tasar\u0131m, zarif bir formalite dokunu\u015fu katarak bu ayakkab\u0131lar\u0131 i\u015f toplant\u0131lar\u0131, d\u00fc\u011f\u00fcnler, siyah kravatl\u0131 etkinlikler ve di\u011fer zarif durumlar i\u00e7in uygun hale getirir. Her bir \u00e7ift, detaylara g\u00f6sterilen titiz dikkatin ve zamana meydan okuyan kaliteye ba\u011fl\u0131l\u0131\u011f\u0131n bir kan\u0131t\u0131d\u0131r.<\/p>\n<p>Bu \u00e7ok y\u00f6nl\u00fc <b>Erkek Siyah Dana Derisi Oxford Ayakkab\u0131<\/b> 39'dan 45'e kadar kapsaml\u0131 bir beden yelpazesinde mevcuttur ve geni\u015f bir m\u00fc\u015fteri yelpazesi i\u00e7in m\u00fckemmel bir uyum sa\u011flar. Profesyonel bir g\u00f6r\u00fcn\u00fcm i\u00e7in keskin bir tak\u0131m elbise ile e\u015fle\u015ftirin veya smart-casual etkinlikler i\u00e7in \u00f6zel dikim pantolonlarla hafif\u00e7e giydirin. Klasik siyah renkleri, mevcut gard\u0131roplara entegre edilmelerini son derece kolayla\u015ft\u0131r\u0131r ve say\u0131s\u0131z k\u0131yafet i\u00e7in g\u00fcvenilir bir temel g\u00f6revi g\u00f6r\u00fcr.<\/p>\n<p><h3>Toplu Sipari\u015f Avantajlar\u0131<\/h3>\n<\/p>\n<p>Perakendeciler, i\u015fletmeler veya y\u00fcksek kaliteli resmi ayakkab\u0131 stoklamak isteyenler i\u00e7in <b>Erkek Siyah Dana Derisi Oxford Ayakkab\u0131<\/b> minimum 8 \u00e7ift sipari\u015f miktar\u0131 ile toplu al\u0131m i\u00e7in mevcuttur.<\/p>\n<p>\u00c7ifti sadece USD olan rekabet\u00e7i fiyatlardan yararlanarak envanteriniz i\u00e7in m\u00fckemmel bir yat\u0131r\u0131m yapabilirsiniz. Yakla\u015f\u0131k 12 g\u00fcnl\u00fck teslimat s\u00fcresi ve nakliye ile, m\u00fc\u015fterilerinizi etkileyecek birinci s\u0131n\u0131f, ustal\u0131kla haz\u0131rlanm\u0131\u015f ayakkab\u0131larla tekliflerinizi h\u0131zl\u0131 bir \u015fekilde geli\u015ftirebilirsiniz.<\/p>\n<p>Zevkinizi yans\u0131tan ayakkab\u0131larla kal\u0131c\u0131 stil ve konfora yat\u0131r\u0131m yap\u0131n. Bizim <b>Erkek Siyah Dana Derisi Oxford Ayakkab\u0131<\/b> bir ayakkab\u0131dan \u00e7ok daha fazlas\u0131d\u0131r; sofistike ve kaliteli bir ifadedir. Bug\u00fcn sipari\u015f verin ve gelenek, l\u00fcks ve giyilebilirli\u011fin m\u00fckemmel kar\u0131\u015f\u0131m\u0131n\u0131 deneyimleyin.<\/p>","protected":false},"excerpt":{"rendered":"<p>Klasik stili \u00fcst\u00fcn konforla harmanlayan zarif Erkek Siyah Dana Derisi Oxford Ayakkab\u0131lar\u0131m\u0131zla resmi gard\u0131robunuzu y\u00fckseltin.<\/p>\n<ul>\n<li>Zarif bir g\u00f6r\u00fcn\u00fcm ve dayan\u0131kl\u0131l\u0131k i\u00e7in Premium Siyah Dana Derisi D\u0131\u015f Y\u00fczey<\/li>\n<li>L\u00fcks Ke\u00e7i Derisi \u0130\u00e7 Astar benzersiz konfor ve nefes alabilirlik sa\u011flar<\/li>\n<li>Konforu art\u0131ran Microlight Taban hafif esneklik ve destek sa\u011flar<\/li>\n<li>Zarif bir duru\u015f ve ergonomik konfor i\u00e7in ince 1-3 cm Topuk<\/li>\n<li>Geni\u015f bir ebat yelpazesinde mevcuttur: 39, 40, 41, 42, 43, 44, 45<\/li>\n<li>Minimum Sipari\u015f Miktar\u0131: 8 \u00c7ift (Toplu Sat\u0131n Alma ve Perakendeciler i\u00e7in M\u00fckemmel)<\/li>\n<\/ul>","protected":false},"featured_media":3394,"template":"","meta":{"_acf_changed":false,"_uag_custom_page_level_css":"","site-sidebar-layout":"default","site-content-layout":"","ast-site-content-layout":"default","site-content-style":"default","site-sidebar-style":"default","ast-global-header-display":"","ast-banner-title-visibility":"","ast-main-header-display":"","ast-hfb-above-header-display":"","ast-hfb-below-header-display":"","ast-hfb-mobile-header-display":"","site-post-title":"","ast-breadcrumbs-content":"","ast-featured-img":"","footer-sml-layout":"","ast-disable-related-posts":"","theme-transparent-header-meta":"","adv-header-id-meta":"","stick-header-meta":"","header-above-stick-meta":"","header-main-stick-meta":"","header-below-stick-meta":"","astra-migrate-meta-layouts":"default","ast-page-background-enabled":"default","ast-page-background-meta":{"desktop":{"background-color":"var(--ast-global-color-4)","background-image":"","background-repeat":"repeat","background-position":"center center","background-size":"auto","background-attachment":"scroll","background-type":"","background-media":"","overlay-type":"","overlay-color":"","overlay-opacity":"","overlay-gradient":""},"tablet":{"background-color":"","background-image":"","background-repeat":"repeat","background-position":"center center","background-size":"auto","background-attachment":"scroll","background-type":"","background-media":"","overlay-type":"","overlay-color":"","overlay-opacity":"","overlay-gradient":""},"mobile":{"background-color":"","background-image":"","background-repeat":"repeat","background-position":"center center","background-size":"auto","background-attachment":"scroll","background-type":"","background-media":"","overlay-type":"","overlay-color":"","overlay-opacity":"","overlay-gradient":""}},"ast-content-background-meta":{"desktop":{"background-color":"var(--ast-global-color-5)","background-image":"","background-repeat":"repeat","background-position":"center center","background-size":"auto","background-attachment":"scroll","background-type":"","background-media":"","overlay-type":"","overlay-color":"","overlay-opacity":"","overlay-gradient":""},"tablet":{"background-color":"var(--ast-global-color-5)","background-image":"","background-repeat":"repeat","background-position":"center center","background-size":"auto","background-attachment":"scroll","background-type":"","background-media":"","overlay-type":"","overlay-color":"","overlay-opacity":"","overlay-gradient":""},"mobile":{"background-color":"var(--ast-global-color-5)","background-image":"","background-repeat":"repeat","background-position":"center center","background-size":"auto","background-attachment":"scroll","background-type":"","background-media":"","overlay-type":"","overlay-color":"","overlay-opacity":"","overlay-gradient":""}}},"product_brand":[],"product_cat":[47,430,40],"product_tag":[540,590,405,185,541,284,454,314,591,189,351,589,466,281],"class_list":{"0":"post-5010","1":"product","2":"type-product","3":"status-publish","4":"has-post-thumbnail","6":"product_cat-classic","7":"product_cat-men","8":"product_cat-mens-shoes","9":"product_tag-black-oxford-shoes","10":"product_tag-bulk-oxford-shoes","11":"product_tag-business-shoes","12":"product_tag-calf-leather-shoes","13":"product_tag-cap-toe-oxfords","14":"product_tag-dress-shoes","15":"product_tag-elegant-footwear","16":"product_tag-formal-mens-shoes","17":"product_tag-formal-wear","18":"product_tag-goat-leather-lining","19":"product_tag-leather-footwear","20":"product_tag-mens-black-calf-leather-oxford-shoes","21":"product_tag-microlight-sole","22":"product_tag-wholesale-shoes","23":"desktop-align-center","24":"tablet-align-center","25":"mobile-align-center","27":"first","28":"instock","29":"shipping-taxable","30":"purchasable","31":"product-type-variable","32":"has-default-attributes"},"acf":[],"uagb_featured_image_src":{"full":["https:\/\/turkishtrade.co\/wp-content\/uploads\/2026\/01\/2400EJOMN00031-BLACK-Y_554.png",453,250,false],"thumbnail":["https:\/\/turkishtrade.co\/wp-content\/uploads\/2026\/01\/2400EJOMN00031-BLACK-Y_554-150x150.png",150,150,true],"medium":["https:\/\/turkishtrade.co\/wp-content\/uploads\/2026\/01\/2400EJOMN00031-BLACK-Y_554-300x166.png",300,166,true],"medium_large":["https:\/\/turkishtrade.co\/wp-content\/uploads\/2026\/01\/2400EJOMN00031-BLACK-Y_554.png",453,250,false],"large":["https:\/\/turkishtrade.co\/wp-content\/uploads\/2026\/01\/2400EJOMN00031-BLACK-Y_554.png",453,250,false],"1536x1536":["https:\/\/turkishtrade.co\/wp-content\/uploads\/2026\/01\/2400EJOMN00031-BLACK-Y_554.png",453,250,false],"2048x2048":["https:\/\/turkishtrade.co\/wp-content\/uploads\/2026\/01\/2400EJOMN00031-BLACK-Y_554.png",453,250,false],"trp-custom-language-flag":["https:\/\/turkishtrade.co\/wp-content\/uploads\/2026\/01\/2400EJOMN00031-BLACK-Y_554-18x10.png",18,10,true],"woocommerce_thumbnail":["https:\/\/turkishtrade.co\/wp-content\/uploads\/2026\/01\/2400EJOMN00031-BLACK-Y_554-400x250.png",400,250,true],"woocommerce_single":["https:\/\/turkishtrade.co\/wp-content\/uploads\/2026\/01\/2400EJOMN00031-BLACK-Y_554.png",453,250,false],"woocommerce_gallery_thumbnail":["https:\/\/turkishtrade.co\/wp-content\/uploads\/2026\/01\/2400EJOMN00031-BLACK-Y_554-100x100.png",100,100,true]},"uagb_author_info":{"display_name":"yaser olabi","author_link":"https:\/\/turkishtrade.co\/tr\/author\/"},"uagb_comment_info":0,"uagb_excerpt":"Elevate your formal wardrobe with our exquisite Men's Black Calf Leather Oxford Shoes, blending classic style with ultimate comfort. Premium Black Calf Leather Exterior for a refined look and durability Luxurious Goat Leather Interior Lining ensures unparalleled comfort and breathability Comfort-enhancing Microlight Sole provides lightweight flexibility and support Subtle 1-3cm Heel for a refined stance&hellip;","_links":{"self":[{"href":"https:\/\/turkishtrade.co\/tr\/wp-json\/wp\/v2\/product\/5010","targetHints":{"allow":["GET"]}}],"collection":[{"href":"https:\/\/turkishtrade.co\/tr\/wp-json\/wp\/v2\/product"}],"about":[{"href":"https:\/\/turkishtrade.co\/tr\/wp-json\/wp\/v2\/types\/product"}],"wp:featuredmedia":[{"embeddable":true,"href":"https:\/\/turkishtrade.co\/tr\/wp-json\/wp\/v2\/media\/3394"}],"wp:attachment":[{"href":"https:\/\/turkishtrade.co\/tr\/wp-json\/wp\/v2\/media?parent=5010"}],"wp:term":[{"taxonomy":"product_brand","embeddable":true,"href":"https:\/\/turkishtrade.co\/tr\/wp-json\/wp\/v2\/product_brand?post=5010"},{"taxonomy":"product_cat","embeddable":true,"href":"https:\/\/turkishtrade.co\/tr\/wp-json\/wp\/v2\/product_cat?post=5010"},{"taxonomy":"product_tag","embeddable":true,"href":"https:\/\/turkishtrade.co\/tr\/wp-json\/wp\/v2\/product_tag?post=5010"}],"curies":[{"name":"wp","href":"https:\/\/api.w.org\/{rel}","templated":true}]}}