{"id":5008,"date":"2026-01-14T10:59:18","date_gmt":"2026-01-14T10:59:18","guid":{"rendered":"https:\/\/turkishtrade.co\/product\/men-black-leather-derby-shoes\/"},"modified":"2026-04-09T19:47:11","modified_gmt":"2026-04-09T19:47:11","slug":"mens-black-leather-derby-shoes-9","status":"publish","type":"product","link":"https:\/\/turkishtrade.co\/tr\/shop\/mens-black-leather-derby-shoes-9\/","title":{"rendered":"Microlight Tabanl\u0131 Premium Erkek Siyah Deri Derby Ayakkab\u0131"},"content":{"rendered":"<p><strong>Erkek Siyah Deri Derby Ayakkab\u0131<\/strong><\/p>\n<p>Zarif tasar\u0131m\u0131m\u0131zla zamans\u0131z \u015f\u0131kl\u0131\u011f\u0131n \u00f6z\u00fcn\u00fc ke\u015ffedin <strong>Erkek Siyah Deri Derby Ayakkab\u0131<\/strong>. Modern beyefendiler i\u00e7in tasarlanan bu ayakkab\u0131lar, geleneksel i\u015f\u00e7ili\u011fi \u00e7a\u011fda\u015f konforla harmanlayarak her se\u00e7kin gard\u0131robun vazge\u00e7ilmez bir par\u00e7as\u0131 haline geliyor. Bu birinci s\u0131n\u0131f ayakkab\u0131lar\u0131n her bir \u00e7ifti <strong>Erkek Siyah Deri Derby Ayakkab\u0131<\/strong> hem \u00e7arp\u0131c\u0131 esteti\u011fi hem de kal\u0131c\u0131 kaliteyi sa\u011flamak i\u00e7in titizlikle \u00fcretilmi\u015ftir ve resmi ayakkab\u0131lar i\u00e7in yeni bir standart belirlemektedir.<\/p>\n<p>Bu sofistike tasar\u0131mlar\u0131n d\u0131\u015f <strong>Erkek Siyah Deri Derby Ayakkab\u0131<\/strong> y\u00fcksek kaliteli hakiki dana derisinden \u00fcretilmi\u015ftir ve l\u00fcks\u00fc yans\u0131tan \u015f\u0131k, cilal\u0131 bir y\u00fczey sunar. Sa\u011flam d\u0131\u015f y\u00fczeyi tamamlayan i\u00e7 k\u0131s\u0131m, inan\u0131lmaz yumu\u015fak ke\u00e7i derisiyle astarlanm\u0131\u015ft\u0131r ve t\u00fcm g\u00fcn kullan\u0131m i\u00e7in benzersiz bir konfor d\u00fczeyi sa\u011flar. Bu \u00f6zenli malzeme kombinasyonu, nefes alabilirlik ve eldiven benzeri bir uyum sa\u011flayarak <strong>Erkek Siyah Deri Derby Ayakkab\u0131<\/strong> Sabah toplant\u0131lar\u0131ndan ak\u015fam galalar\u0131na kadar giymek bir zevk.<\/p>\n<h3>Rakipsiz Konfor ve Klasik Stil<\/h3>\n<p>Bu ayakkab\u0131n\u0131n i\u00e7ine entegre edilmi\u015f yenilik\u00e7i microlight taban ile en \u00fcst d\u00fczeyde y\u00fcr\u00fcme konforunu ya\u015fay\u0131n <strong>Erkek Siyah Deri Derby Ayakkab\u0131<\/strong>. Bu geli\u015fmi\u015f taban teknolojisi ola\u011fan\u00fcst\u00fc hafiflik ve esneklik sunarak dayan\u0131kl\u0131l\u0131k veya destekten \u00f6d\u00fcn vermeden ayak yorgunlu\u011funu azalt\u0131r. \u0130nce 1-3 cm topuk y\u00fcksekli\u011fi, se\u00e7kin bir duru\u015fu korumak i\u00e7in m\u00fckemmel olan klasik bir y\u00fckseli\u015f dokunu\u015fu ekler. \u0130konik burun tasar\u0131m\u0131 resmi \u00e7ekicili\u011fi daha da art\u0131rarak bu ayakkab\u0131y\u0131 <strong>Erkek Siyah Deri Derby Ayakkab\u0131<\/strong> say\u0131s\u0131z durum i\u00e7in uygundur.<\/p>\n<p>\u0130ster \u00f6nemli bir i\u015f toplant\u0131s\u0131na, ister resmi bir d\u00fc\u011f\u00fcne kat\u0131l\u0131yor olun, ister sadece g\u00fcnl\u00fck \u015f\u0131k k\u0131yafetlerinizi y\u00fckseltmeyi hedefliyor olun, bizim <strong>Erkek Siyah Deri Derby Ayakkab\u0131<\/strong> m\u00fckemmel bir se\u00e7imdir. \u00d6zel dikim tak\u0131m elbiseler, elbise pantolonlar\u0131 ve hatta birinci s\u0131n\u0131f chino pantolonlarla sorunsuz bir \u015fekilde e\u015fle\u015ferek, di\u011fer birka\u00e7 ayakkab\u0131 stilinin e\u015fle\u015ftirebilece\u011fi \u00e7ok y\u00f6nl\u00fcl\u00fc\u011f\u00fc sergiler. 39'dan 45'e kadar kapsaml\u0131 bir beden yelpazesinde mevcut oldu\u011fundan ideal kal\u0131b\u0131 bulmak zahmetsizdir.<\/p>\n<h3>Premium Ayakkab\u0131lar i\u00e7in Toptan Sat\u0131\u015f F\u0131rsat\u0131<\/h3>\n<p>Y\u00fcksek kaliteli resmi ayakkab\u0131lar sunmak isteyen perakendeciler ve i\u015fletmeler i\u00e7in bu <strong>Erkek Siyah Deri Derby Ayakkab\u0131<\/strong> m\u00fckemmel bir toptan sat\u0131\u015f f\u0131rsat\u0131n\u0131 temsil etmektedir. Sadece 8 \u00e7iftlik minimum sipari\u015f miktar\u0131 sunarak bu pop\u00fcler stili stoklaman\u0131za olanak tan\u0131yoruz. Yakla\u015f\u0131k 12 g\u00fcnl\u00fck teslimat s\u00fcresi ve nakliye ile envanterinizi verimli bir \u015fekilde y\u00f6netebilir ve \u00fcst\u00fcn m\u00fc\u015fteri talebini kar\u015f\u0131layabilirsiniz. <strong>Erkek Siyah Deri Derby Ayakkab\u0131<\/strong>. Hem stil hem de i\u00e7erik vaat eden bir \u00fcr\u00fcne yat\u0131r\u0131m yap\u0131n ve m\u00fc\u015fterilerinizin g\u00fcven ve rahatl\u0131k i\u00e7inde d\u0131\u015far\u0131 ad\u0131m atmalar\u0131n\u0131 izleyin.<\/p>","protected":false},"excerpt":{"rendered":"<ul>\n<li>Zarif tasar\u0131m: Klasik kep burunlu Erkek Siyah Deri Derby Ayakkab\u0131.<\/li>\n<li>\u00dcst\u00fcn malzemeler: Hakiki dana derisi d\u0131\u015f y\u00fczey ve yumu\u015fak ke\u00e7i derisi i\u00e7 y\u00fczey ile \u00fcretilmi\u015ftir.<\/li>\n<li>Hafif konfor: 1-3 cm topuklu dayan\u0131kl\u0131 ve esnek mikro hafif tabana sahiptir.<\/li>\n<li>Mevcut bedenler: 39'dan 45'e kadar, m\u00fckemmel bir uyum sa\u011flar.<\/li>\n<li>Toptan sat\u0131\u015fa haz\u0131r: Toplu al\u0131mlar i\u00e7in minimum 8 \u00e7ift sipari\u015f.<\/li>\n<li>Etkili teslimat: Kargo dahil 12 g\u00fcn i\u00e7inde teslimat bekleyin.<\/li>\n<\/ul>","protected":false},"featured_media":3393,"template":"","meta":{"_acf_changed":false,"_uag_custom_page_level_css":"","site-sidebar-layout":"default","site-content-layout":"","ast-site-content-layout":"default","site-content-style":"default","site-sidebar-style":"default","ast-global-header-display":"","ast-banner-title-visibility":"","ast-main-header-display":"","ast-hfb-above-header-display":"","ast-hfb-below-header-display":"","ast-hfb-mobile-header-display":"","site-post-title":"","ast-breadcrumbs-content":"","ast-featured-img":"","footer-sml-layout":"","ast-disable-related-posts":"","theme-transparent-header-meta":"default","adv-header-id-meta":"","stick-header-meta":"","header-above-stick-meta":"","header-main-stick-meta":"","header-below-stick-meta":"","astra-migrate-meta-layouts":"set","ast-page-background-enabled":"default","ast-page-background-meta":{"desktop":{"background-color":"var(--ast-global-color-4)","background-image":"","background-repeat":"repeat","background-position":"center center","background-size":"auto","background-attachment":"scroll","background-type":"","background-media":"","overlay-type":"","overlay-color":"","overlay-opacity":"","overlay-gradient":""},"tablet":{"background-color":"","background-image":"","background-repeat":"repeat","background-position":"center center","background-size":"auto","background-attachment":"scroll","background-type":"","background-media":"","overlay-type":"","overlay-color":"","overlay-opacity":"","overlay-gradient":""},"mobile":{"background-color":"","background-image":"","background-repeat":"repeat","background-position":"center center","background-size":"auto","background-attachment":"scroll","background-type":"","background-media":"","overlay-type":"","overlay-color":"","overlay-opacity":"","overlay-gradient":""}},"ast-content-background-meta":{"desktop":{"background-color":"var(--ast-global-color-5)","background-image":"","background-repeat":"repeat","background-position":"center center","background-size":"auto","background-attachment":"scroll","background-type":"","background-media":"","overlay-type":"","overlay-color":"","overlay-opacity":"","overlay-gradient":""},"tablet":{"background-color":"var(--ast-global-color-5)","background-image":"","background-repeat":"repeat","background-position":"center center","background-size":"auto","background-attachment":"scroll","background-type":"","background-media":"","overlay-type":"","overlay-color":"","overlay-opacity":"","overlay-gradient":""},"mobile":{"background-color":"var(--ast-global-color-5)","background-image":"","background-repeat":"repeat","background-position":"center center","background-size":"auto","background-attachment":"scroll","background-type":"","background-media":"","overlay-type":"","overlay-color":"","overlay-opacity":"","overlay-gradient":""}}},"product_brand":[],"product_cat":[47,430,40],"product_tag":[196,405,587,458,212,251,189,227,324,466,250,281],"class_list":{"0":"post-5008","1":"product","2":"type-product","3":"status-publish","4":"has-post-thumbnail","6":"product_cat-classic","7":"product_cat-men","8":"product_cat-mens-shoes","9":"product_tag-black-leather-shoes","10":"product_tag-business-shoes","11":"product_tag-calf-leather-exterior","12":"product_tag-cap-toe-shoes","13":"product_tag-derby-shoes","14":"product_tag-formal-shoes","15":"product_tag-goat-leather-lining","16":"product_tag-leather-shoes","17":"product_tag-mens-dress-shoes","18":"product_tag-microlight-sole","19":"product_tag-premium-leather","20":"product_tag-wholesale-shoes","21":"desktop-align-center","22":"tablet-align-center","23":"mobile-align-center","25":"first","26":"instock","27":"shipping-taxable","28":"purchasable","29":"product-type-variable","30":"has-default-attributes"},"acf":[],"uagb_featured_image_src":{"full":["https:\/\/turkishtrade.co\/wp-content\/uploads\/2026\/01\/2400EJOMN00030-BLACK-B_04.png",453,250,false],"thumbnail":["https:\/\/turkishtrade.co\/wp-content\/uploads\/2026\/01\/2400EJOMN00030-BLACK-B_04-150x150.png",150,150,true],"medium":["https:\/\/turkishtrade.co\/wp-content\/uploads\/2026\/01\/2400EJOMN00030-BLACK-B_04-300x166.png",300,166,true],"medium_large":["https:\/\/turkishtrade.co\/wp-content\/uploads\/2026\/01\/2400EJOMN00030-BLACK-B_04.png",453,250,false],"large":["https:\/\/turkishtrade.co\/wp-content\/uploads\/2026\/01\/2400EJOMN00030-BLACK-B_04.png",453,250,false],"1536x1536":["https:\/\/turkishtrade.co\/wp-content\/uploads\/2026\/01\/2400EJOMN00030-BLACK-B_04.png",453,250,false],"2048x2048":["https:\/\/turkishtrade.co\/wp-content\/uploads\/2026\/01\/2400EJOMN00030-BLACK-B_04.png",453,250,false],"trp-custom-language-flag":["https:\/\/turkishtrade.co\/wp-content\/uploads\/2026\/01\/2400EJOMN00030-BLACK-B_04-18x10.png",18,10,true],"woocommerce_thumbnail":["https:\/\/turkishtrade.co\/wp-content\/uploads\/2026\/01\/2400EJOMN00030-BLACK-B_04-400x250.png",400,250,true],"woocommerce_single":["https:\/\/turkishtrade.co\/wp-content\/uploads\/2026\/01\/2400EJOMN00030-BLACK-B_04.png",453,250,false],"woocommerce_gallery_thumbnail":["https:\/\/turkishtrade.co\/wp-content\/uploads\/2026\/01\/2400EJOMN00030-BLACK-B_04-100x100.png",100,100,true]},"uagb_author_info":{"display_name":"yaser olabi","author_link":"https:\/\/turkishtrade.co\/tr\/author\/"},"uagb_comment_info":0,"uagb_excerpt":"Exquisite design: Classic cap-toe Men's Black Leather Derby Shoes. Superior materials: Crafted with genuine calf leather exterior and soft goat leather interior. Lightweight comfort: Features a durable and flexible microlight sole with a 1-3 cm heel. Available sizes: From 39 to 45, ensuring a perfect fit. Wholesale ready: Minimum order of 8 pairs for bulk&hellip;","_links":{"self":[{"href":"https:\/\/turkishtrade.co\/tr\/wp-json\/wp\/v2\/product\/5008","targetHints":{"allow":["GET"]}}],"collection":[{"href":"https:\/\/turkishtrade.co\/tr\/wp-json\/wp\/v2\/product"}],"about":[{"href":"https:\/\/turkishtrade.co\/tr\/wp-json\/wp\/v2\/types\/product"}],"wp:featuredmedia":[{"embeddable":true,"href":"https:\/\/turkishtrade.co\/tr\/wp-json\/wp\/v2\/media\/3393"}],"wp:attachment":[{"href":"https:\/\/turkishtrade.co\/tr\/wp-json\/wp\/v2\/media?parent=5008"}],"wp:term":[{"taxonomy":"product_brand","embeddable":true,"href":"https:\/\/turkishtrade.co\/tr\/wp-json\/wp\/v2\/product_brand?post=5008"},{"taxonomy":"product_cat","embeddable":true,"href":"https:\/\/turkishtrade.co\/tr\/wp-json\/wp\/v2\/product_cat?post=5008"},{"taxonomy":"product_tag","embeddable":true,"href":"https:\/\/turkishtrade.co\/tr\/wp-json\/wp\/v2\/product_tag?post=5008"}],"curies":[{"name":"wp","href":"https:\/\/api.w.org\/{rel}","templated":true}]}}