{"id":5006,"date":"2026-01-14T10:58:59","date_gmt":"2026-01-14T10:58:59","guid":{"rendered":"https:\/\/turkishtrade.co\/product\/mens-black-leather-derby-shoes\/"},"modified":"2026-04-09T19:47:15","modified_gmt":"2026-04-09T19:47:15","slug":"mens-black-leather-derby-shoes","status":"publish","type":"product","link":"https:\/\/turkishtrade.co\/tr\/shop\/mens-black-leather-derby-shoes\/","title":{"rendered":"Erkek Premium Siyah Deri Derby Elbise Ayakkab\u0131s\u0131"},"content":{"rendered":"<p><strong>Erkek Siyah Deri Derby Ayakkab\u0131<\/strong><\/p>\n<p>Enfes koleksiyonumuzla sofistike \u015f\u0131kl\u0131\u011fa ad\u0131m at\u0131n <strong>Erkek Siyah Deri Derby Ayakkab\u0131<\/strong>. Se\u00e7kin beyefendiler i\u00e7in tasarlanan bu birinci s\u0131n\u0131f Derby ayakkab\u0131lar, klasik stili benzersiz konforla harmanl\u0131yor. Her bir \u00e7ift, \u00fcst\u00fcn i\u015f\u00e7ili\u011fin bir kan\u0131t\u0131d\u0131r ve ister toplant\u0131 odas\u0131nda ister resmi bir etkinlikte olun, kal\u0131c\u0131 bir izlenim b\u0131rakman\u0131z\u0131 sa\u011flar. Bunlar sadece ayakkab\u0131 de\u011fil; ki\u015fisel tarz\u0131n\u0131za ve konforunuza yapt\u0131\u011f\u0131n\u0131z bir yat\u0131r\u0131md\u0131r.<\/p>\n<h3>Rakipsiz Kalite ve Konfor<\/h3>\n<p>Bizim <strong>Erkek Siyah Deri Derby Ayakkab\u0131<\/strong> yaln\u0131zca en iyi malzemeler kullan\u0131larak titizlikle \u00fcretilmi\u015ftir. D\u0131\u015f y\u00fczeyi, p\u00fcr\u00fczs\u00fcz dokusu, dayan\u0131kl\u0131l\u0131\u011f\u0131 ve zaman i\u00e7inde g\u00fczel bir patina geli\u015ftirme kabiliyetiyle bilinen hakiki, y\u00fcksek kaliteli dana derisinden \u00fcretilmi\u015ftir. \u0130\u00e7 k\u0131s\u0131mda ise ayaklar\u0131n\u0131z, g\u00fcn boyunca ola\u011fan\u00fcst\u00fc nefes alabilirlik ve konfor sa\u011flayan ke\u00e7i derisi astar\u0131n yumu\u015fak kuca\u011f\u0131yla sar\u0131l\u0131r. Bu kombinasyon, aya\u011f\u0131n\u0131za ge\u00e7irdi\u011finiz andan itibaren l\u00fcks bir his sa\u011flar.<\/p>\n<p>Yenilik\u00e7i Microlight taban\u0131 bu \u00fcr\u00fcnleri <strong>Erkek Siyah Deri Derby Ayakkab\u0131<\/strong> ayr\u0131 olarak, dayan\u0131kl\u0131l\u0131k veya kavramadan \u00f6d\u00fcn vermeden \u015fa\u015f\u0131rt\u0131c\u0131 derecede hafif bir his sunar. Bu geli\u015fmi\u015f taban teknolojisi, m\u00fckemmel \u015fok emilimi ve esneklik sa\u011flayarak uzun s\u00fcreli kullan\u0131m i\u00e7in inan\u0131lmaz derecede rahat olmas\u0131n\u0131 sa\u011flar. \u0130nce 1-3 cm topuk y\u00fcksekli\u011fi ile birle\u015fen bu ayakkab\u0131lar, y\u00fckseklik ve dengenin m\u00fckemmel dengesini sunar. Bu muhte\u015fem ayakkab\u0131larla att\u0131\u011f\u0131n\u0131z her ad\u0131mda geleneksel tasar\u0131m ve modern konforun birle\u015fimini deneyimleyin. <strong>Erkek Siyah Deri Derby Ayakkab\u0131<\/strong>.<\/p>\n<h3>\u00c7ok Y\u00f6nl\u00fc Stil ve \u0130\u015f\u00e7ilik<\/h3>\n<p>Zamans\u0131z siyah Derby tasar\u0131m\u0131, bu ayakkab\u0131lar\u0131n her gard\u0131rop i\u00e7in \u00e7ok y\u00f6nl\u00fc bir eklenti olmas\u0131n\u0131 sa\u011flar. A\u00e7\u0131k ba\u011fc\u0131k sistemi \u00e7e\u015fitli ayak \u015fekilleri i\u00e7in rahat bir uyum sa\u011flarken, yan taraftaki zarif brogue detaylar klasik sofistike bir dokunu\u015f katar. \u00d6zel dikim tak\u0131mlar, \u015f\u0131k pantolonlar ve hatta y\u00fcksek g\u00fcndelik k\u0131yafetlerle e\u015fle\u015ftirmek i\u00e7in m\u00fckemmel olan bu ayakkab\u0131lar <strong>Erkek Siyah Deri Derby Ayakkab\u0131<\/strong> geni\u015f bir k\u0131yafet yelpazesini tamamlamak \u00fczere tasarlanm\u0131\u015ft\u0131r. \u00d6nemli i\u015f toplant\u0131lar\u0131ndan resmi toplant\u0131lara kadar, cila ve duru\u015f gerektiren her durum i\u00e7in ideal se\u00e7imdir.<\/p>\n<p>Ayakkab\u0131lar\u0131m\u0131z\u0131n zanaatkar kalitesiyle gurur duyuyoruz. Her diki\u015f ve kesim, m\u00fckemmelli\u011fe olan ba\u011fl\u0131l\u0131\u011f\u0131m\u0131z\u0131 yans\u0131t\u0131yor ve her bir \u00e7ift ayakkab\u0131n\u0131n <strong>Erkek Siyah Deri Derby Ayakkab\u0131<\/strong> en y\u00fcksek i\u015f\u00e7ilik standartlar\u0131n\u0131 kar\u015f\u0131lamaktad\u0131r. AB 39 ila 45 aras\u0131nda de\u011fi\u015fen bedenlerde mevcut olup, geni\u015f bir ihtiya\u00e7 yelpazesine hitap ediyoruz. Envanterlerini geli\u015ftirmek isteyen i\u015fletmeler i\u00e7in bu birinci s\u0131n\u0131f ayakkab\u0131lar, minimum 8 \u00e7ift sipari\u015f ve 12 g\u00fcn art\u0131 nakliye s\u00fcresi ile mevcuttur. Ayakkab\u0131 koleksiyonunuzu zaman\u0131n ve stilin testine ger\u00e7ekten dayanan bir \u00e7iftle y\u00fckseltin.<\/p>","protected":false},"excerpt":{"rendered":"<ul>\n<li><strong>Premium Malzemeler:<\/strong> L\u00fcks dana derisi d\u0131\u015f y\u00fczey ve yumu\u015fak ke\u00e7i derisi i\u00e7 k\u0131s\u0131mdan \u00fcretilmi\u015ftir.<\/li>\n<li><strong>Konfor Odakl\u0131 Taban:<\/strong> Ola\u011fan\u00fcst\u00fc konfor ve esneklik i\u00e7in hafif Microlight tabana sahiptir.<\/li>\n<li><strong>Klasik Tasar\u0131m:<\/strong> Zarif brogue detaylar\u0131na sahip zamans\u0131z siyah Derby stili, resmi ve i\u015f ortamlar\u0131 i\u00e7in uygundur.<\/li>\n<li><strong>Optimal Topuk Y\u00fcksekli\u011fi:<\/strong> Hafif 1-3 cm topuk rahat bir y\u00fckselme sa\u011flar.<\/li>\n<li><strong>Mevcut Boyutlar:<\/strong> Kapsaml\u0131 beden aral\u0131\u011f\u0131 AB 39 ila 45 aras\u0131ndad\u0131r.<\/li>\n<li><strong>Toplu Bulunabilirlik:<\/strong> Toptan al\u0131m i\u00e7in minimum 8 \u00e7ift sipari\u015f verilebilir.<\/li>\n<li><strong>Etkili Teslimat:<\/strong> Teslim s\u00fcresi 12 g\u00fcn art\u0131 nakliye.<\/li>\n<\/ul>","protected":false},"featured_media":3392,"template":"","meta":{"_acf_changed":false,"_uag_custom_page_level_css":"","site-sidebar-layout":"default","site-content-layout":"","ast-site-content-layout":"default","site-content-style":"default","site-sidebar-style":"default","ast-global-header-display":"","ast-banner-title-visibility":"","ast-main-header-display":"","ast-hfb-above-header-display":"","ast-hfb-below-header-display":"","ast-hfb-mobile-header-display":"","site-post-title":"","ast-breadcrumbs-content":"","ast-featured-img":"","footer-sml-layout":"","ast-disable-related-posts":"","theme-transparent-header-meta":"default","adv-header-id-meta":"","stick-header-meta":"","header-above-stick-meta":"","header-main-stick-meta":"","header-below-stick-meta":"","astra-migrate-meta-layouts":"set","ast-page-background-enabled":"default","ast-page-background-meta":{"desktop":{"background-color":"var(--ast-global-color-4)","background-image":"","background-repeat":"repeat","background-position":"center center","background-size":"auto","background-attachment":"scroll","background-type":"","background-media":"","overlay-type":"","overlay-color":"","overlay-opacity":"","overlay-gradient":""},"tablet":{"background-color":"","background-image":"","background-repeat":"repeat","background-position":"center center","background-size":"auto","background-attachment":"scroll","background-type":"","background-media":"","overlay-type":"","overlay-color":"","overlay-opacity":"","overlay-gradient":""},"mobile":{"background-color":"","background-image":"","background-repeat":"repeat","background-position":"center center","background-size":"auto","background-attachment":"scroll","background-type":"","background-media":"","overlay-type":"","overlay-color":"","overlay-opacity":"","overlay-gradient":""}},"ast-content-background-meta":{"desktop":{"background-color":"var(--ast-global-color-5)","background-image":"","background-repeat":"repeat","background-position":"center center","background-size":"auto","background-attachment":"scroll","background-type":"","background-media":"","overlay-type":"","overlay-color":"","overlay-opacity":"","overlay-gradient":""},"tablet":{"background-color":"var(--ast-global-color-5)","background-image":"","background-repeat":"repeat","background-position":"center center","background-size":"auto","background-attachment":"scroll","background-type":"","background-media":"","overlay-type":"","overlay-color":"","overlay-opacity":"","overlay-gradient":""},"mobile":{"background-color":"var(--ast-global-color-5)","background-image":"","background-repeat":"repeat","background-position":"center center","background-size":"auto","background-attachment":"scroll","background-type":"","background-media":"","overlay-type":"","overlay-color":"","overlay-opacity":"","overlay-gradient":""}}},"product_brand":[],"product_cat":[47,430,40],"product_tag":[196,405,451,145,212,284,251,556,198,466,362,281],"class_list":{"0":"post-5006","1":"product","2":"type-product","3":"status-publish","4":"has-post-thumbnail","6":"product_cat-classic","7":"product_cat-men","8":"product_cat-mens-shoes","9":"product_tag-black-leather-shoes","10":"product_tag-business-shoes","11":"product_tag-calfskin-leather","12":"product_tag-classic-shoes","13":"product_tag-derby-shoes","14":"product_tag-dress-shoes","15":"product_tag-formal-shoes","16":"product_tag-goatskin-lining","17":"product_tag-mens-fashion","18":"product_tag-microlight-sole","19":"product_tag-premium-footwear","20":"product_tag-wholesale-shoes","21":"desktop-align-center","22":"tablet-align-center","23":"mobile-align-center","25":"first","26":"instock","27":"shipping-taxable","28":"purchasable","29":"product-type-variable","30":"has-default-attributes"},"acf":[],"uagb_featured_image_src":{"full":["https:\/\/turkishtrade.co\/wp-content\/uploads\/2026\/01\/2400EJOMN00029-BLACK-DKS_870.png",453,250,false],"thumbnail":["https:\/\/turkishtrade.co\/wp-content\/uploads\/2026\/01\/2400EJOMN00029-BLACK-DKS_870-150x150.png",150,150,true],"medium":["https:\/\/turkishtrade.co\/wp-content\/uploads\/2026\/01\/2400EJOMN00029-BLACK-DKS_870-300x166.png",300,166,true],"medium_large":["https:\/\/turkishtrade.co\/wp-content\/uploads\/2026\/01\/2400EJOMN00029-BLACK-DKS_870.png",453,250,false],"large":["https:\/\/turkishtrade.co\/wp-content\/uploads\/2026\/01\/2400EJOMN00029-BLACK-DKS_870.png",453,250,false],"1536x1536":["https:\/\/turkishtrade.co\/wp-content\/uploads\/2026\/01\/2400EJOMN00029-BLACK-DKS_870.png",453,250,false],"2048x2048":["https:\/\/turkishtrade.co\/wp-content\/uploads\/2026\/01\/2400EJOMN00029-BLACK-DKS_870.png",453,250,false],"trp-custom-language-flag":["https:\/\/turkishtrade.co\/wp-content\/uploads\/2026\/01\/2400EJOMN00029-BLACK-DKS_870-18x10.png",18,10,true],"woocommerce_thumbnail":["https:\/\/turkishtrade.co\/wp-content\/uploads\/2026\/01\/2400EJOMN00029-BLACK-DKS_870-400x250.png",400,250,true],"woocommerce_single":["https:\/\/turkishtrade.co\/wp-content\/uploads\/2026\/01\/2400EJOMN00029-BLACK-DKS_870.png",453,250,false],"woocommerce_gallery_thumbnail":["https:\/\/turkishtrade.co\/wp-content\/uploads\/2026\/01\/2400EJOMN00029-BLACK-DKS_870-100x100.png",100,100,true]},"uagb_author_info":{"display_name":"yaser olabi","author_link":"https:\/\/turkishtrade.co\/tr\/author\/"},"uagb_comment_info":0,"uagb_excerpt":"Premium Materials: Crafted from luxurious calfskin leather exterior and soft goatskin interior. Comfort-Driven Sole: Features a lightweight Microlight sole for exceptional comfort and flexibility. Classic Design: Timeless black Derby style with elegant brogue detailing, suitable for formal and business occasions. Optimal Heel Height: Subtle 1-3cm heel provides a comfortable lift. Available Sizes: Comprehensive size range&hellip;","_links":{"self":[{"href":"https:\/\/turkishtrade.co\/tr\/wp-json\/wp\/v2\/product\/5006","targetHints":{"allow":["GET"]}}],"collection":[{"href":"https:\/\/turkishtrade.co\/tr\/wp-json\/wp\/v2\/product"}],"about":[{"href":"https:\/\/turkishtrade.co\/tr\/wp-json\/wp\/v2\/types\/product"}],"wp:featuredmedia":[{"embeddable":true,"href":"https:\/\/turkishtrade.co\/tr\/wp-json\/wp\/v2\/media\/3392"}],"wp:attachment":[{"href":"https:\/\/turkishtrade.co\/tr\/wp-json\/wp\/v2\/media?parent=5006"}],"wp:term":[{"taxonomy":"product_brand","embeddable":true,"href":"https:\/\/turkishtrade.co\/tr\/wp-json\/wp\/v2\/product_brand?post=5006"},{"taxonomy":"product_cat","embeddable":true,"href":"https:\/\/turkishtrade.co\/tr\/wp-json\/wp\/v2\/product_cat?post=5006"},{"taxonomy":"product_tag","embeddable":true,"href":"https:\/\/turkishtrade.co\/tr\/wp-json\/wp\/v2\/product_tag?post=5006"}],"curies":[{"name":"wp","href":"https:\/\/api.w.org\/{rel}","templated":true}]}}