{"id":5004,"date":"2026-01-14T10:58:39","date_gmt":"2026-01-14T10:58:39","guid":{"rendered":"https:\/\/turkishtrade.co\/product\/mens-woven-leather-loafers\/"},"modified":"2026-04-09T19:47:19","modified_gmt":"2026-04-09T19:47:19","slug":"mens-woven-leather-loafers","status":"publish","type":"product","link":"https:\/\/turkishtrade.co\/tr\/shop\/mens-woven-leather-loafers\/","title":{"rendered":"Premium Erkek Dokuma Deri Loafer - Microlight Taban"},"content":{"rendered":"<p><strong>Erkek Dokuma Deri Loafer<\/strong><\/p>\n<p>Enfes tasar\u0131m\u0131m\u0131zla benzersiz bir stil ve konfora ad\u0131m at\u0131n <strong>Erkek Dokuma Deri Loafer<\/strong>. Modern beyefendiler i\u00e7in titizlikle tasarlanan bu mokasen ayakkab\u0131lar, geleneksel i\u015f\u00e7ili\u011fi \u00e7a\u011fda\u015f zarafetle kusursuz bir \u015fekilde harmanl\u0131yor. \u0130ster bir i\u015f toplant\u0131s\u0131, ister resmi bir etkinlik ya da \u015f\u0131k bir g\u00fcndelik gezi i\u00e7in giyiniyor olun, bu ola\u011fan\u00fcst\u00fc <strong>erkek dokuma deri\u0307 mokasen<\/strong> varl\u0131\u011f\u0131n\u0131z\u0131 y\u00fckseltmek ve g\u00fcn boyunca kal\u0131c\u0131 konfor sa\u011flamak i\u00e7in tasarlanm\u0131\u015ft\u0131r.<\/p>\n<h3>Rakipsiz \u0130\u015f\u00e7ilik ve Birinci S\u0131n\u0131f Malzemeler<\/h3>\n<p>Kaliteye olan ba\u011fl\u0131l\u0131\u011f\u0131m\u0131z birinci s\u0131n\u0131f malzeme se\u00e7imiyle ba\u015flar. Bu \u00e7arp\u0131c\u0131 evlerin d\u0131\u015f cephesi <strong>erkek dokuma deri\u0307 mokasen<\/strong> esnek dokusu, dayan\u0131kl\u0131l\u0131\u011f\u0131 ve l\u00fcks g\u00f6r\u00fcn\u00fcm\u00fcyle tan\u0131nan 100% hakiki dana derisinden \u00fcretilmi\u015ftir. Karma\u015f\u0131k dokuma deseni benzersiz bir boyut ve sofistike detaylar katarak bu ayakkab\u0131lar\u0131 geleneksel tasar\u0131mlardan ay\u0131r\u0131r. \u0130\u00e7 k\u0131s\u0131mda, ayaklar\u0131n\u0131z ke\u00e7i derisinin inan\u0131lmaz yumu\u015fak astar\u0131 taraf\u0131ndan sar\u0131lacak, nefes alabilirlik ve aya\u011f\u0131n\u0131za \u00f6zel bir uyum i\u00e7in kal\u0131planan pel\u00fc\u015f bir his sunacakt\u0131r. Dana derisi ve ke\u00e7i derisinin bu kombinasyonu sadece \u015f\u0131kl\u0131k de\u011fil, ayn\u0131 zamanda uzun s\u00fcreli kullan\u0131m ve ola\u011fan\u00fcst\u00fc konfor sa\u011flar.<\/p>\n<h3>Konfor ve Dayan\u0131kl\u0131l\u0131k i\u00e7in Tasarland\u0131<\/h3>\n<p>Tasar\u0131m felsefemizde konfor her \u015feyden \u00f6nemlidir. Bunlar <strong>erkek dokuma deri\u0307 mokasen<\/strong> geli\u015fmi\u015f Microlight tabana sahiptir. Bu yenilik\u00e7i taban teknolojisi \u00fcst\u00fcn hafif yast\u0131klama, m\u00fckemmel \u015fok emilimi ve geli\u015fmi\u015f esneklik sa\u011flayarak her ad\u0131m\u0131 zahmetsiz hissettirir. \u0130nce 1-3 cm topuk, konfordan \u00f6d\u00fcn vermeden sofistike bir dokunu\u015f katar ve uzun s\u00fcreli kullan\u0131m i\u00e7in m\u00fckemmeldir. Sa\u011flam yap\u0131s\u0131 dayan\u0131kl\u0131l\u0131\u011f\u0131 garanti ederek bu ayakkab\u0131lar\u0131n <strong>erkek dokuma deri\u0307 mokasen<\/strong> \u015feklini ve l\u00fcks \u00e7ekicili\u011fini koruyarak gard\u0131robunuzda y\u0131llarca temel bir par\u00e7a olarak kalacakt\u0131r.<\/p>\n<h3>Her Durum i\u00e7in \u00c7ok Y\u00f6nl\u00fcl\u00fck<\/h3>\n<p>Bunlar\u0131n zamans\u0131z tasar\u0131m\u0131 <strong>erkek dokuma deri\u0307 mokasen<\/strong> inan\u0131lmaz derecede \u00e7ok y\u00f6nl\u00fc olmas\u0131n\u0131 sa\u011flar. Keskin, profesyonel bir g\u00f6r\u00fcn\u00fcm i\u00e7in \u00f6zel dikim tak\u0131m elbiselerle e\u015fle\u015ftirin veya sofistike g\u00fcndelik k\u0131yafetler i\u00e7in chino pantolon ve blazer ceketle kombinleyin. Zarif esteti\u011fi sayesinde ofis k\u0131yafetlerinden ak\u015fam yemeklerine ve \u00f6zel etkinliklere kadar \u00e7ok \u00e7e\u015fitli durumlar i\u00e7in uygundur. Bunlar\u0131 se\u00e7ti\u011finizde <strong>erkek dokuma deri\u0307 mokasen<\/strong>, hem stil hem de uyarlanabilirlik sunan bir par\u00e7aya yat\u0131r\u0131m yap\u0131yorsunuz.<\/p>\n<h3>Toplu Sipari\u015fler ve G\u00fcvenilir Teslimat<\/h3>\n<p>Toptan sat\u0131\u015f ortaklar\u0131m\u0131z\u0131n ihtiya\u00e7lar\u0131n\u0131 anl\u0131yoruz. Bu premium <strong>erkek dokuma deri\u0307 mokasen<\/strong> sadece 8 \u00e7ift minimum sipari\u015f miktar\u0131 ile toplu sat\u0131n alma i\u00e7in kullan\u0131labilir. Yakla\u015f\u0131k 12 g\u00fcnl\u00fck teslimat s\u00fcresi ve nakliye ile verimli hizmet vermekten gurur duyuyoruz. Kalitenin yaratt\u0131\u011f\u0131 fark\u0131 deneyimleyin ve bu temel <strong>erkek dokuma deri\u0307 mokasen<\/strong> koleksiyonunuza veya envanterinize bug\u00fcn ekleyin. M\u00fc\u015fterilerinize ger\u00e7ekten \u00f6ne \u00e7\u0131kan ayakkab\u0131lar sunma f\u0131rsat\u0131n\u0131 ka\u00e7\u0131rmay\u0131n.<\/p>","protected":false},"excerpt":{"rendered":"<ul>\n<li><strong>Malzeme M\u00fckemmelli\u011fi:<\/strong> D\u0131\u015f\u0131 birinci s\u0131n\u0131f dana derisinden \u00fcretilmi\u015ftir, i\u00e7 k\u0131sm\u0131 \u00fcst\u00fcn konfor i\u00e7in yumu\u015fak ke\u00e7i derisiyle astarlanm\u0131\u015ft\u0131r.<\/li>\n<li><strong>Yenilik\u00e7i Taban:<\/strong> Geli\u015fmi\u015f esneklik ve dayan\u0131kl\u0131l\u0131k i\u00e7in hafif bir Microlight tabana sahiptir.<\/li>\n<li><strong>Optimal Topuk Y\u00fcksekli\u011fi:<\/strong> Sofistike stil ve konfor i\u00e7in 1-3 cm'lik ince topuk.<\/li>\n<li><strong>Mevcut Boyutlar:<\/strong> 39'dan 45'e kadar kapsaml\u0131 bir aral\u0131kta sunulmaktad\u0131r.<\/li>\n<li><strong>Toptan Sat\u0131\u015f:<\/strong> Toplu al\u0131m i\u00e7in minimum 8 \u00e7ift sipari\u015f verilebilir.<\/li>\n<li><strong>Etkili Teslimat:<\/strong> Teslim s\u00fcresi 12 g\u00fcn art\u0131 nakliye.<\/li>\n<\/ul>","protected":false},"featured_media":3391,"template":"","meta":{"_acf_changed":false,"_uag_custom_page_level_css":"","site-sidebar-layout":"default","site-content-layout":"","ast-site-content-layout":"default","site-content-style":"default","site-sidebar-style":"default","ast-global-header-display":"","ast-banner-title-visibility":"","ast-main-header-display":"","ast-hfb-above-header-display":"","ast-hfb-below-header-display":"","ast-hfb-mobile-header-display":"","site-post-title":"","ast-breadcrumbs-content":"","ast-featured-img":"","footer-sml-layout":"","ast-disable-related-posts":"","theme-transparent-header-meta":"default","adv-header-id-meta":"","stick-header-meta":"","header-above-stick-meta":"","header-main-stick-meta":"","header-below-stick-meta":"","astra-migrate-meta-layouts":"set","ast-page-background-enabled":"default","ast-page-background-meta":{"desktop":{"background-color":"var(--ast-global-color-4)","background-image":"","background-repeat":"repeat","background-position":"center center","background-size":"auto","background-attachment":"scroll","background-type":"","background-media":"","overlay-type":"","overlay-color":"","overlay-opacity":"","overlay-gradient":""},"tablet":{"background-color":"","background-image":"","background-repeat":"repeat","background-position":"center center","background-size":"auto","background-attachment":"scroll","background-type":"","background-media":"","overlay-type":"","overlay-color":"","overlay-opacity":"","overlay-gradient":""},"mobile":{"background-color":"","background-image":"","background-repeat":"repeat","background-position":"center center","background-size":"auto","background-attachment":"scroll","background-type":"","background-media":"","overlay-type":"","overlay-color":"","overlay-opacity":"","overlay-gradient":""}},"ast-content-background-meta":{"desktop":{"background-color":"var(--ast-global-color-5)","background-image":"","background-repeat":"repeat","background-position":"center center","background-size":"auto","background-attachment":"scroll","background-type":"","background-media":"","overlay-type":"","overlay-color":"","overlay-opacity":"","overlay-gradient":""},"tablet":{"background-color":"var(--ast-global-color-5)","background-image":"","background-repeat":"repeat","background-position":"center center","background-size":"auto","background-attachment":"scroll","background-type":"","background-media":"","overlay-type":"","overlay-color":"","overlay-opacity":"","overlay-gradient":""},"mobile":{"background-color":"var(--ast-global-color-5)","background-image":"","background-repeat":"repeat","background-position":"center center","background-size":"auto","background-attachment":"scroll","background-type":"","background-media":"","overlay-type":"","overlay-color":"","overlay-opacity":"","overlay-gradient":""}}},"product_brand":[],"product_cat":[47,430,40],"product_tag":[582,512,284,251,583,215,217,198,466,584,581],"class_list":{"0":"post-5004","1":"product","2":"type-product","3":"status-publish","4":"has-post-thumbnail","6":"product_cat-classic","7":"product_cat-men","8":"product_cat-mens-shoes","9":"product_tag-calfskin","10":"product_tag-casual-loafers","11":"product_tag-dress-shoes","12":"product_tag-formal-shoes","13":"product_tag-goatskin","14":"product_tag-leather-loafers","15":"product_tag-luxury-footwear","16":"product_tag-mens-fashion","17":"product_tag-microlight-sole","18":"product_tag-turkish-trade","19":"product_tag-woven-shoes","20":"desktop-align-center","21":"tablet-align-center","22":"mobile-align-center","24":"first","25":"instock","26":"shipping-taxable","27":"purchasable","28":"product-type-variable","29":"has-default-attributes"},"acf":[],"uagb_featured_image_src":{"full":["https:\/\/turkishtrade.co\/wp-content\/uploads\/2026\/01\/2400EJOMN00028-BLACK-DKM_7630.png",453,250,false],"thumbnail":["https:\/\/turkishtrade.co\/wp-content\/uploads\/2026\/01\/2400EJOMN00028-BLACK-DKM_7630-150x150.png",150,150,true],"medium":["https:\/\/turkishtrade.co\/wp-content\/uploads\/2026\/01\/2400EJOMN00028-BLACK-DKM_7630-300x166.png",300,166,true],"medium_large":["https:\/\/turkishtrade.co\/wp-content\/uploads\/2026\/01\/2400EJOMN00028-BLACK-DKM_7630.png",453,250,false],"large":["https:\/\/turkishtrade.co\/wp-content\/uploads\/2026\/01\/2400EJOMN00028-BLACK-DKM_7630.png",453,250,false],"1536x1536":["https:\/\/turkishtrade.co\/wp-content\/uploads\/2026\/01\/2400EJOMN00028-BLACK-DKM_7630.png",453,250,false],"2048x2048":["https:\/\/turkishtrade.co\/wp-content\/uploads\/2026\/01\/2400EJOMN00028-BLACK-DKM_7630.png",453,250,false],"trp-custom-language-flag":["https:\/\/turkishtrade.co\/wp-content\/uploads\/2026\/01\/2400EJOMN00028-BLACK-DKM_7630-18x10.png",18,10,true],"woocommerce_thumbnail":["https:\/\/turkishtrade.co\/wp-content\/uploads\/2026\/01\/2400EJOMN00028-BLACK-DKM_7630-400x250.png",400,250,true],"woocommerce_single":["https:\/\/turkishtrade.co\/wp-content\/uploads\/2026\/01\/2400EJOMN00028-BLACK-DKM_7630.png",453,250,false],"woocommerce_gallery_thumbnail":["https:\/\/turkishtrade.co\/wp-content\/uploads\/2026\/01\/2400EJOMN00028-BLACK-DKM_7630-100x100.png",100,100,true]},"uagb_author_info":{"display_name":"yaser olabi","author_link":"https:\/\/turkishtrade.co\/tr\/author\/"},"uagb_comment_info":0,"uagb_excerpt":"Material Excellence: Outer crafted from premium calfskin, inner lined with soft goatskin for superior comfort. Innovative Sole: Features a lightweight Microlight sole for enhanced flexibility and durability. Optimal Heel Height: Subtle 1-3 cm heel for sophisticated styling and comfort. Available Sizes: Offered in a comprehensive range from 39 to 45. Wholesale Availability: Minimum order of&hellip;","_links":{"self":[{"href":"https:\/\/turkishtrade.co\/tr\/wp-json\/wp\/v2\/product\/5004","targetHints":{"allow":["GET"]}}],"collection":[{"href":"https:\/\/turkishtrade.co\/tr\/wp-json\/wp\/v2\/product"}],"about":[{"href":"https:\/\/turkishtrade.co\/tr\/wp-json\/wp\/v2\/types\/product"}],"wp:featuredmedia":[{"embeddable":true,"href":"https:\/\/turkishtrade.co\/tr\/wp-json\/wp\/v2\/media\/3391"}],"wp:attachment":[{"href":"https:\/\/turkishtrade.co\/tr\/wp-json\/wp\/v2\/media?parent=5004"}],"wp:term":[{"taxonomy":"product_brand","embeddable":true,"href":"https:\/\/turkishtrade.co\/tr\/wp-json\/wp\/v2\/product_brand?post=5004"},{"taxonomy":"product_cat","embeddable":true,"href":"https:\/\/turkishtrade.co\/tr\/wp-json\/wp\/v2\/product_cat?post=5004"},{"taxonomy":"product_tag","embeddable":true,"href":"https:\/\/turkishtrade.co\/tr\/wp-json\/wp\/v2\/product_tag?post=5004"}],"curies":[{"name":"wp","href":"https:\/\/api.w.org\/{rel}","templated":true}]}}