{"id":5001,"date":"2026-01-14T10:58:17","date_gmt":"2026-01-14T10:58:17","guid":{"rendered":"https:\/\/turkishtrade.co\/product\/mens-textured-leather-derby-shoes\/"},"modified":"2026-04-09T19:47:26","modified_gmt":"2026-04-09T19:47:26","slug":"mens-textured-leather-derby-shoes","status":"publish","type":"product","link":"https:\/\/turkishtrade.co\/tr\/shop\/mens-textured-leather-derby-shoes\/","title":{"rendered":"Erkek Premium Dokulu Deri Derby Ayakkab\u0131"},"content":{"rendered":"<p><strong>Erkek Dokulu Deri Derby Ayakkab\u0131<\/strong><\/p>\n<p>Enfes koleksiyonumuzla rafine bir zarafet ve e\u015fsiz bir konfor d\u00fcnyas\u0131na ad\u0131m at\u0131n <strong>Erkek Premium Dokulu Deri Derby Ayakkab\u0131<\/strong>. \u00dcst\u00fcn i\u015f\u00e7ili\u011fi ve kendine \u00f6zg\u00fc tarz\u0131 takdir eden modern beyefendiler i\u00e7in tasarlanan bu ayakkab\u0131lar, bir ayakkab\u0131dan \u00e7ok daha fazlas\u0131d\u0131r - bir ifadedir. Her bir \u00e7ift, yaln\u0131zca en iyi malzemeler kullan\u0131larak titizlikle \u00fcretilmi\u015ftir ve hem l\u00fcks bir his hem de uzun s\u00fcreli dayan\u0131kl\u0131l\u0131k sa\u011flar. Bu Derby ayakkab\u0131lar, \u00f6nemli i\u015f toplant\u0131lar\u0131ndan sofistike sosyal bulu\u015fmalara kadar resmi ve \u015f\u0131k g\u00fcndelik k\u0131yafetlerinizi zahmetsiz bir zarafetle tamamlayacak \u015fekilde tasarlanm\u0131\u015ft\u0131r.<\/p>\n<h3>Benzersiz \u0130\u015f\u00e7ilik ve \u00dcst\u00fcn Kaliteli Malzemeler<\/h3>\n<p>Bu ola\u011fan\u00fcst\u00fc binan\u0131n d\u0131\u015f cephesi <strong>erkek dokulu deri Derby ayakkab\u0131<\/strong> sa\u011flaml\u0131\u011f\u0131, esnek dokusu ve zarif y\u00fczeyiyle tan\u0131nan y\u00fcksek kaliteli hakiki s\u0131\u011f\u0131r derisinden \u00fcretilmi\u015ftir. Bu ayakkab\u0131y\u0131 di\u011ferlerinden ay\u0131ran en \u00f6nemli \u00f6zellik, genel cazibesini y\u00fckselten ilgi \u00e7ekici bir g\u00f6rsel unsur ekleyen, vampiri s\u00fcsleyen ay\u0131rt edici dokulu detayd\u0131r. Klasik siyah ve s\u0131cak, yan\u0131k kahverengi gibi zengin, koyu tonlar her gard\u0131rop i\u00e7in \u00e7ok y\u00f6nl\u00fcl\u00fck sa\u011flar. \u0130\u00e7 k\u0131s\u0131mda, ayaklar\u0131n\u0131z\u0131 saran l\u00fcks ke\u00e7i derisi astar, ola\u011fan\u00fcst\u00fc nefes alabilirlik ve her ad\u0131mda yumu\u015fak, rahat bir kucaklama sa\u011flar.<\/p>\n<p>Konfor ve denge her \u015feyden \u00f6nemlidir, bu nedenle bu Derby ayakkab\u0131lar son teknoloji Microlight tabana sahiptir. Bu yenilik\u00e7i taban teknolojisi, ola\u011fan\u00fcst\u00fc hafif performans ve m\u00fckemmel \u015fok emilimi sunarak uzun s\u00fcreli kullan\u0131m i\u00e7in idealdir. 1-3 cm aras\u0131nda de\u011fi\u015fen ince topuk y\u00fcksekli\u011fi, dengeden \u00f6d\u00fcn vermeden rahat bir y\u00fckselti sa\u011flayarak g\u00fcn boyunca g\u00fcvenle hareket etmenize olanak tan\u0131r. Hassas diki\u015flerden sa\u011flam ba\u011fc\u0131k sistemine kadar her ayr\u0131nt\u0131, bu birinci s\u0131n\u0131f ayakkab\u0131lar\u0131n her bir \u00e7iftinde yer alan kaliteye adanm\u0131\u015fl\u0131\u011f\u0131 g\u00f6sterir.<\/p>\n<h3>Se\u00e7ici Bireyler ve Perakendeciler i\u00e7in M\u00fckemmel Se\u00e7im<\/h3>\n<p>Bizim <strong>erkek dokulu deri Derby ayakkab\u0131<\/strong> AB 39'dan 45'e kadar kapsaml\u0131 bir beden yelpazesinde mevcuttur ve her m\u00fc\u015fterinin ideal uyumunu bulabilmesini sa\u011flar. \u0130ster ki\u015fisel tarz\u0131n\u0131z\u0131 geli\u015ftirmek isteyen bir birey olun, ister y\u00fcksek kaliteli, talep g\u00f6ren resmi ayakkab\u0131lar\u0131 stoklamak isteyen bir perakendeci, bu ayakkab\u0131lar ola\u011fan\u00fcst\u00fc bir yat\u0131r\u0131m\u0131 temsil ediyor. Sadece 8 \u00e7iftlik minimum sipari\u015f miktar\u0131yla esnek toptan sat\u0131\u015f f\u0131rsatlar\u0131 sunuyoruz ve bu aranan tasar\u0131mlar\u0131 envanterinize dahil etmenizi kolayla\u015ft\u0131r\u0131yoruz. \u00c7ift ba\u015f\u0131na USD rekabet\u00e7i fiyatland\u0131rma ve 12 g\u00fcn art\u0131 nakliye gibi verimli bir teslimat program\u0131 ile bu zarif ayakkab\u0131lar\u0131 koleksiyonunuz i\u00e7in g\u00fcvence alt\u0131na almak hi\u00e7 bu kadar kolay olmam\u0131\u015ft\u0131.<\/p>\n<p>Geleneksel zarafet ve \u00e7a\u011fda\u015f tasar\u0131m\u0131n birle\u015fimini kucaklay\u0131n. Bizimkini se\u00e7in <strong>Erkek Dokulu Deri Derby Ayakkab\u0131<\/strong> ve stil, konfor ve kal\u0131c\u0131 kalitenin m\u00fckemmel kar\u0131\u015f\u0131m\u0131n\u0131 deneyimleyin.<\/p>","protected":false},"excerpt":{"rendered":"<ul>\n<li><b>Premium Deri Yap\u0131:<\/b> Hakiki s\u0131\u011f\u0131r derisi d\u0131\u015f y\u00fczeyi ve l\u00fcks ke\u00e7i derisi i\u00e7 astar\u0131 ile ustal\u0131kla \u00fcretilmi\u015ftir.<\/li>\n<li><b>Ay\u0131rt Edici Dokulu Tasar\u0131m:<\/b> Klasik Derby sil\u00fcetine sofistike bir stil katan benzersiz dokulu detaylara sahiptir.<\/li>\n<li><b>Hafif Microlight Taban:<\/b> \u00dcst\u00fcn konfor ve dayan\u0131kl\u0131l\u0131k i\u00e7in tasarlanm\u0131\u015f olup, 1-3 cm'lik ince bir topukla m\u00fckemmel kavrama sa\u011flar.<\/li>\n<li><b>Kapsaml\u0131 Boyut Aral\u0131\u011f\u0131:<\/b> 39, 40, 41, 42, 43, 44 ve 45 AB bedenlerinde mevcuttur ve her beyefendi i\u00e7in m\u00fckemmel bir uyum sa\u011flar.<\/li>\n<li><b>Toptan Sat\u0131\u015f F\u0131rsat\u0131:<\/b> Minimum 8 \u00e7ift sipari\u015f mevcuttur, perakendeciler ve toplu al\u0131m yapanlar i\u00e7in idealdir.<\/li>\n<li><b>Etkili Teslimat:<\/b> Size kolayl\u0131k sa\u011flamak i\u00e7in teslim s\u00fcresi 12 g\u00fcn art\u0131 nakliye.<\/li>\n<li><b>Rekabet\u00e7i Fiyatland\u0131rma:<\/b> Toptan sipari\u015fler i\u00e7in \u00e7ift ba\u015f\u0131na USD olarak fiyatland\u0131r\u0131l\u0131r.<\/li>\n<\/ul>","protected":false},"featured_media":3390,"template":"","meta":{"_acf_changed":false,"_uag_custom_page_level_css":"","site-sidebar-layout":"default","site-content-layout":"","ast-site-content-layout":"default","site-content-style":"default","site-sidebar-style":"default","ast-global-header-display":"","ast-banner-title-visibility":"","ast-main-header-display":"","ast-hfb-above-header-display":"","ast-hfb-below-header-display":"","ast-hfb-mobile-header-display":"","site-post-title":"","ast-breadcrumbs-content":"","ast-featured-img":"","footer-sml-layout":"","ast-disable-related-posts":"","theme-transparent-header-meta":"default","adv-header-id-meta":"","stick-header-meta":"","header-above-stick-meta":"","header-main-stick-meta":"","header-below-stick-meta":"","astra-migrate-meta-layouts":"set","ast-page-background-enabled":"default","ast-page-background-meta":{"desktop":{"background-color":"var(--ast-global-color-4)","background-image":"","background-repeat":"repeat","background-position":"center center","background-size":"auto","background-attachment":"scroll","background-type":"","background-media":"","overlay-type":"","overlay-color":"","overlay-opacity":"","overlay-gradient":""},"tablet":{"background-color":"","background-image":"","background-repeat":"repeat","background-position":"center center","background-size":"auto","background-attachment":"scroll","background-type":"","background-media":"","overlay-type":"","overlay-color":"","overlay-opacity":"","overlay-gradient":""},"mobile":{"background-color":"","background-image":"","background-repeat":"repeat","background-position":"center center","background-size":"auto","background-attachment":"scroll","background-type":"","background-media":"","overlay-type":"","overlay-color":"","overlay-opacity":"","overlay-gradient":""}},"ast-content-background-meta":{"desktop":{"background-color":"var(--ast-global-color-5)","background-image":"","background-repeat":"repeat","background-position":"center center","background-size":"auto","background-attachment":"scroll","background-type":"","background-media":"","overlay-type":"","overlay-color":"","overlay-opacity":"","overlay-gradient":""},"tablet":{"background-color":"var(--ast-global-color-5)","background-image":"","background-repeat":"repeat","background-position":"center center","background-size":"auto","background-attachment":"scroll","background-type":"","background-media":"","overlay-type":"","overlay-color":"","overlay-opacity":"","overlay-gradient":""},"mobile":{"background-color":"var(--ast-global-color-5)","background-image":"","background-repeat":"repeat","background-position":"center center","background-size":"auto","background-attachment":"scroll","background-type":"","background-media":"","overlay-type":"","overlay-color":"","overlay-opacity":"","overlay-gradient":""}}},"product_brand":[],"product_cat":[47,430,40],"product_tag":[196,292,405,781,212,480,251,189,219,227,416,324,198,466,362,709,619,373,281],"class_list":{"0":"post-5001","1":"product","2":"type-product","3":"status-publish","4":"has-post-thumbnail","6":"product_cat-classic","7":"product_cat-men","8":"product_cat-mens-shoes","9":"product_tag-black-leather-shoes","10":"product_tag-brown-leather-shoes","11":"product_tag-business-shoes","12":"product_tag-cowhide-shoes","13":"product_tag-derby-shoes","14":"product_tag-elegant-shoes","15":"product_tag-formal-shoes","16":"product_tag-goat-leather-lining","17":"product_tag-handmade-shoes","18":"product_tag-leather-shoes","19":"product_tag-luxury-shoes","20":"product_tag-mens-dress-shoes","21":"product_tag-mens-fashion","22":"product_tag-microlight-sole","23":"product_tag-premium-footwear","24":"product_tag-quality-footwear","25":"product_tag-sophisticated-shoes","26":"product_tag-textured-leather","27":"product_tag-wholesale-shoes","28":"desktop-align-center","29":"tablet-align-center","30":"mobile-align-center","32":"first","33":"instock","34":"shipping-taxable","35":"purchasable","36":"product-type-variable","37":"has-default-attributes"},"acf":[],"uagb_featured_image_src":{"full":["https:\/\/turkishtrade.co\/wp-content\/uploads\/2026\/01\/2400EJOMN00027-BROWN-M_72_14.png",453,250,false],"thumbnail":["https:\/\/turkishtrade.co\/wp-content\/uploads\/2026\/01\/2400EJOMN00027-BROWN-M_72_14-150x150.png",150,150,true],"medium":["https:\/\/turkishtrade.co\/wp-content\/uploads\/2026\/01\/2400EJOMN00027-BROWN-M_72_14-300x166.png",300,166,true],"medium_large":["https:\/\/turkishtrade.co\/wp-content\/uploads\/2026\/01\/2400EJOMN00027-BROWN-M_72_14.png",453,250,false],"large":["https:\/\/turkishtrade.co\/wp-content\/uploads\/2026\/01\/2400EJOMN00027-BROWN-M_72_14.png",453,250,false],"1536x1536":["https:\/\/turkishtrade.co\/wp-content\/uploads\/2026\/01\/2400EJOMN00027-BROWN-M_72_14.png",453,250,false],"2048x2048":["https:\/\/turkishtrade.co\/wp-content\/uploads\/2026\/01\/2400EJOMN00027-BROWN-M_72_14.png",453,250,false],"trp-custom-language-flag":["https:\/\/turkishtrade.co\/wp-content\/uploads\/2026\/01\/2400EJOMN00027-BROWN-M_72_14-18x10.png",18,10,true],"woocommerce_thumbnail":["https:\/\/turkishtrade.co\/wp-content\/uploads\/2026\/01\/2400EJOMN00027-BROWN-M_72_14-400x250.png",400,250,true],"woocommerce_single":["https:\/\/turkishtrade.co\/wp-content\/uploads\/2026\/01\/2400EJOMN00027-BROWN-M_72_14.png",453,250,false],"woocommerce_gallery_thumbnail":["https:\/\/turkishtrade.co\/wp-content\/uploads\/2026\/01\/2400EJOMN00027-BROWN-M_72_14-100x100.png",100,100,true]},"uagb_author_info":{"display_name":"yaser olabi","author_link":"https:\/\/turkishtrade.co\/tr\/author\/"},"uagb_comment_info":0,"uagb_excerpt":"Premium Leather Construction: Expertly crafted with a genuine cowhide outer and luxurious goat leather inner lining. Distinctive Textured Design: Features a unique textured detail on the vamp, adding sophisticated style to the classic Derby silhouette. Lightweight Microlight Sole: Engineered for superior comfort and durability, providing excellent grip with a subtle 1-3 cm heel. Comprehensive Size&hellip;","_links":{"self":[{"href":"https:\/\/turkishtrade.co\/tr\/wp-json\/wp\/v2\/product\/5001","targetHints":{"allow":["GET"]}}],"collection":[{"href":"https:\/\/turkishtrade.co\/tr\/wp-json\/wp\/v2\/product"}],"about":[{"href":"https:\/\/turkishtrade.co\/tr\/wp-json\/wp\/v2\/types\/product"}],"wp:featuredmedia":[{"embeddable":true,"href":"https:\/\/turkishtrade.co\/tr\/wp-json\/wp\/v2\/media\/3390"}],"wp:attachment":[{"href":"https:\/\/turkishtrade.co\/tr\/wp-json\/wp\/v2\/media?parent=5001"}],"wp:term":[{"taxonomy":"product_brand","embeddable":true,"href":"https:\/\/turkishtrade.co\/tr\/wp-json\/wp\/v2\/product_brand?post=5001"},{"taxonomy":"product_cat","embeddable":true,"href":"https:\/\/turkishtrade.co\/tr\/wp-json\/wp\/v2\/product_cat?post=5001"},{"taxonomy":"product_tag","embeddable":true,"href":"https:\/\/turkishtrade.co\/tr\/wp-json\/wp\/v2\/product_tag?post=5001"}],"curies":[{"name":"wp","href":"https:\/\/api.w.org\/{rel}","templated":true}]}}