{"id":4997,"date":"2026-01-14T10:57:48","date_gmt":"2026-01-14T10:57:48","guid":{"rendered":"https:\/\/turkishtrade.co\/product\/premium-mens-calf-leather-oxford-shoes\/"},"modified":"2026-04-09T19:47:36","modified_gmt":"2026-04-09T19:47:36","slug":"premium-mens-calf-leather-oxford-shoes","status":"publish","type":"product","link":"https:\/\/turkishtrade.co\/tr\/shop\/premium-mens-calf-leather-oxford-shoes\/","title":{"rendered":"Premium Erkek Dana Derisi Oxford Elbise Ayakkab\u0131s\u0131"},"content":{"rendered":"<p><strong>Erkek Dana Derisi Oxford Ayakkab\u0131<\/strong><\/p>\n<p>Premium Erkek Dana Derisi Oxford Ayakkab\u0131lar\u0131m\u0131z** ile klasik ayakkab\u0131n\u0131n zirvesini ke\u015ffedin. Hem zamans\u0131z \u015f\u0131kl\u0131k hem de \u00e7a\u011fda\u015f konfor sunmak i\u00e7in titizlikle haz\u0131rlanan bu Oxford ayakkab\u0131lar, her se\u00e7kin beyefendinin gard\u0131robuna \u00f6nemli bir ektir. \u00dcst\u00fcn kalite ve rafine stili takdir edenler i\u00e7in tasarlanan Erkek Dana Derisi Oxford Ayakkab\u0131lar\u0131m\u0131z i\u015f toplant\u0131lar\u0131, resmi etkinlikler veya g\u00fcnl\u00fck \u015f\u0131k g\u00fcndelik g\u00f6r\u00fcn\u00fcm\u00fcn\u00fcz\u00fc y\u00fckseltmek i\u00e7in m\u00fckemmeldir. Sofistike tasar\u0131m, ola\u011fan\u00fcst\u00fc malzemelerle birle\u015fti\u011finde, bunlar\u0131n sadece ayakkab\u0131 de\u011fil, l\u00fcks ve ayr\u0131cal\u0131kl\u0131 bir ifade olmas\u0131n\u0131 sa\u011flar.<\/p>\n<p>Bu zarif Erkek Dana Derisi Oxford Ayakkab\u0131lar\u0131n her bir \u00e7ifti, en iyi hakiki dana derisinden yap\u0131lm\u0131\u015f bir d\u0131\u015f y\u00fczeye sahiptir. P\u00fcr\u00fczs\u00fcz dokusu, dayan\u0131kl\u0131l\u0131\u011f\u0131 ve g\u00fczel ya\u015flanma kabiliyetiyle bilinen dana derisi, dikkat \u00e7eken \u015f\u0131k ve cilal\u0131 bir y\u00fczey sa\u011flar. Tasar\u0131m, klasik Oxford sil\u00fcetine benzersiz bir karakter katan, kendine \u00f6zg\u00fc dokulu bir burun ucuna sahiptir. Sa\u011flam d\u0131\u015f y\u00fczeyi tamamlayan i\u00e7 k\u0131s\u0131m, benzersiz yumu\u015fakl\u0131k ve nefes alabilirlik sunan esnek ke\u00e7i derisiyle astarlanm\u0131\u015ft\u0131r. Bu kombinasyon, ilk giyimden itibaren rahat bir uyum sa\u011flayarak bu **Erkek Dana Derisi Oxford Ayakkab\u0131lar\u0131n\u0131** g\u00fcn boyu y\u00fcr\u00fcmek i\u00e7in bir zevk haline getirir.<\/p>\n<h3>Rakipsiz Konfor ve Dayan\u0131kl\u0131l\u0131k<\/h3>\n<p>Konfor her \u015feyden \u00f6nemlidir ve bu Oxford ayakkab\u0131lar bunu sa\u011flar. Birinci s\u0131n\u0131f ke\u00e7i derisinden \u00fcretilen i\u00e7 astar, nemi do\u011fal bir \u015fekilde emerek ayaklar\u0131n\u0131z\u0131n kuru ve rahat kalmas\u0131n\u0131 sa\u011flar. Taban, hafif \u00f6zellikleri ve m\u00fckemmel dayan\u0131kl\u0131l\u0131\u011f\u0131yla tan\u0131nan Microlight malzemeden yap\u0131lm\u0131\u015ft\u0131r ve her ad\u0131m i\u00e7in sa\u011flam ancak esnek bir temel sa\u011flar. 1-3 cm'lik ince topuk y\u00fcksekli\u011fiyle bu ayakkab\u0131lar, konfordan \u00f6d\u00fcn vermeden zarif bir duru\u015f sunar. Kaliteye olan ba\u011fl\u0131l\u0131\u011f\u0131m\u0131z, sa\u011flam yap\u0131dan zarif ba\u011fc\u0131klara kadar her detay\u0131n uzun s\u00fcreli kullan\u0131m ve kal\u0131c\u0131 stil sunmak \u00fczere tasarland\u0131\u011f\u0131 anlam\u0131na gelir. Erkek Dana Derisi Oxford Ayakkab\u0131lar\u0131m\u0131za** yat\u0131r\u0131m yapt\u0131\u011f\u0131n\u0131zda, uzun \u00f6m\u00fcrl\u00fc ve etkileyici ayakkab\u0131lar se\u00e7mi\u015f olursunuz.<\/p>\n<h3>Her Durum ve Toplu Sipari\u015fler i\u00e7in M\u00fckemmel<\/h3>\n<p>39'dan 45'e kadar uzanan kapsaml\u0131 beden se\u00e7enekleriyle m\u00fckemmel uyumunuzu bulmak hi\u00e7 bu kadar kolay olmam\u0131\u015ft\u0131. \u00c7ok y\u00f6nl\u00fcl\u00fck i\u00e7in klasik Siyah, s\u0131cak ve sofistike bir \u00e7ekicilik i\u00e7in zengin Kahverengi veya abart\u0131s\u0131z bir l\u00fcks havas\u0131 i\u00e7in koyu Koyu Kahverengi aras\u0131ndan se\u00e7iminizi yap\u0131n. Bu **Erkek Dana Derisi Oxford Ayakkab\u0131lar** sadece m\u00fckemmel bir ki\u015fisel se\u00e7im de\u011fil, ayn\u0131 zamanda i\u015fletmeler i\u00e7in de m\u00fckemmel bir se\u00e7enektir. Minimum 8 \u00e7ift gereksinimi olan toplu sipari\u015flere hitap ediyoruz, bu da onlar\u0131 kurumsal hediye, \u00fcniforma gereksinimleri veya perakende stoklama i\u00e7in ideal hale getiriyor. Sipari\u015finizin verimli ve h\u0131zl\u0131 bir \u015fekilde ula\u015fmas\u0131n\u0131 sa\u011flamak i\u00e7in yakla\u015f\u0131k 12 g\u00fcn art\u0131 nakliye teslimat s\u00fcresinin keyfini \u00e7\u0131kar\u0131n. Bu ola\u011fan\u00fcst\u00fc Erkek Dana Derisi Oxford Ayakkab\u0131 ile ayakkab\u0131 koleksiyonunuzu bug\u00fcn y\u00fckseltin.<\/p>","protected":false},"excerpt":{"rendered":"<ul>\n<li>Birinci s\u0131n\u0131f dana derisi d\u0131\u015f y\u00fczeyi ile m\u00fckemmel i\u015f\u00e7ilik.<\/li>\n<li>E\u015fsiz konfor i\u00e7in l\u00fcks ke\u00e7i derisi i\u00e7 k\u0131s\u0131m.<\/li>\n<li>T\u00fcm g\u00fcn kullan\u0131m i\u00e7in hafif ve dayan\u0131kl\u0131 Microlight taban.<\/li>\n<li>Benzersiz dokulu burun ucuna sahip klasik Oxford tasar\u0131m\u0131.<\/li>\n<li>M\u00fckemmel uyumu sa\u011flamak i\u00e7in 39-45 bedenleri mevcuttur.<\/li>\n<li>Zamans\u0131z Siyah, zengin Kahverengi ve sofistike Koyu Kahverengi aras\u0131ndan se\u00e7im yap\u0131n.<\/li>\n<li>Minimum 8 \u00e7ift miktarl\u0131 toplu sipari\u015fler i\u00e7in idealdir.<\/li>\n<\/ul>","protected":false},"featured_media":3388,"template":"","meta":{"_acf_changed":false,"_uag_custom_page_level_css":"","site-sidebar-layout":"default","site-content-layout":"","ast-site-content-layout":"default","site-content-style":"default","site-sidebar-style":"default","ast-global-header-display":"","ast-banner-title-visibility":"","ast-main-header-display":"","ast-hfb-above-header-display":"","ast-hfb-below-header-display":"","ast-hfb-mobile-header-display":"","site-post-title":"","ast-breadcrumbs-content":"","ast-featured-img":"","footer-sml-layout":"","ast-disable-related-posts":"","theme-transparent-header-meta":"default","adv-header-id-meta":"","stick-header-meta":"","header-above-stick-meta":"","header-main-stick-meta":"","header-below-stick-meta":"","astra-migrate-meta-layouts":"set","ast-page-background-enabled":"default","ast-page-background-meta":{"desktop":{"background-color":"var(--ast-global-color-4)","background-image":"","background-repeat":"repeat","background-position":"center center","background-size":"auto","background-attachment":"scroll","background-type":"","background-media":"","overlay-type":"","overlay-color":"","overlay-opacity":"","overlay-gradient":""},"tablet":{"background-color":"","background-image":"","background-repeat":"repeat","background-position":"center center","background-size":"auto","background-attachment":"scroll","background-type":"","background-media":"","overlay-type":"","overlay-color":"","overlay-opacity":"","overlay-gradient":""},"mobile":{"background-color":"","background-image":"","background-repeat":"repeat","background-position":"center center","background-size":"auto","background-attachment":"scroll","background-type":"","background-media":"","overlay-type":"","overlay-color":"","overlay-opacity":"","overlay-gradient":""}},"ast-content-background-meta":{"desktop":{"background-color":"var(--ast-global-color-5)","background-image":"","background-repeat":"repeat","background-position":"center center","background-size":"auto","background-attachment":"scroll","background-type":"","background-media":"","overlay-type":"","overlay-color":"","overlay-opacity":"","overlay-gradient":""},"tablet":{"background-color":"var(--ast-global-color-5)","background-image":"","background-repeat":"repeat","background-position":"center center","background-size":"auto","background-attachment":"scroll","background-type":"","background-media":"","overlay-type":"","overlay-color":"","overlay-opacity":"","overlay-gradient":""},"mobile":{"background-color":"var(--ast-global-color-5)","background-image":"","background-repeat":"repeat","background-position":"center center","background-size":"auto","background-attachment":"scroll","background-type":"","background-media":"","overlay-type":"","overlay-color":"","overlay-opacity":"","overlay-gradient":""}}},"product_brand":[],"product_cat":[47,430,40],"product_tag":[573,574,405,185,458,575,284,251,189,450,286,359,466,362],"class_list":{"0":"post-4997","1":"product","2":"type-product","3":"status-publish","4":"has-post-thumbnail","6":"product_cat-classic","7":"product_cat-men","8":"product_cat-mens-shoes","9":"product_tag-black-oxford","10":"product_tag-brown-oxford","11":"product_tag-business-shoes","12":"product_tag-calf-leather-shoes","13":"product_tag-cap-toe-shoes","14":"product_tag-dark-brown-oxford","15":"product_tag-dress-shoes","16":"product_tag-formal-shoes","17":"product_tag-goat-leather-lining","18":"product_tag-handcrafted-shoes","19":"product_tag-mens-leather-shoes","20":"product_tag-mens-oxford-shoes","21":"product_tag-microlight-sole","22":"product_tag-premium-footwear","23":"desktop-align-center","24":"tablet-align-center","25":"mobile-align-center","27":"first","28":"instock","29":"shipping-taxable","30":"purchasable","31":"product-type-variable","32":"has-default-attributes"},"acf":[],"uagb_featured_image_src":{"full":["https:\/\/turkishtrade.co\/wp-content\/uploads\/2026\/01\/2400EJOMN00026-DARK-BROWN-Y_102.png",453,250,false],"thumbnail":["https:\/\/turkishtrade.co\/wp-content\/uploads\/2026\/01\/2400EJOMN00026-DARK-BROWN-Y_102-150x150.png",150,150,true],"medium":["https:\/\/turkishtrade.co\/wp-content\/uploads\/2026\/01\/2400EJOMN00026-DARK-BROWN-Y_102-300x166.png",300,166,true],"medium_large":["https:\/\/turkishtrade.co\/wp-content\/uploads\/2026\/01\/2400EJOMN00026-DARK-BROWN-Y_102.png",453,250,false],"large":["https:\/\/turkishtrade.co\/wp-content\/uploads\/2026\/01\/2400EJOMN00026-DARK-BROWN-Y_102.png",453,250,false],"1536x1536":["https:\/\/turkishtrade.co\/wp-content\/uploads\/2026\/01\/2400EJOMN00026-DARK-BROWN-Y_102.png",453,250,false],"2048x2048":["https:\/\/turkishtrade.co\/wp-content\/uploads\/2026\/01\/2400EJOMN00026-DARK-BROWN-Y_102.png",453,250,false],"trp-custom-language-flag":["https:\/\/turkishtrade.co\/wp-content\/uploads\/2026\/01\/2400EJOMN00026-DARK-BROWN-Y_102-18x10.png",18,10,true],"woocommerce_thumbnail":["https:\/\/turkishtrade.co\/wp-content\/uploads\/2026\/01\/2400EJOMN00026-DARK-BROWN-Y_102-400x250.png",400,250,true],"woocommerce_single":["https:\/\/turkishtrade.co\/wp-content\/uploads\/2026\/01\/2400EJOMN00026-DARK-BROWN-Y_102.png",453,250,false],"woocommerce_gallery_thumbnail":["https:\/\/turkishtrade.co\/wp-content\/uploads\/2026\/01\/2400EJOMN00026-DARK-BROWN-Y_102-100x100.png",100,100,true]},"uagb_author_info":{"display_name":"yaser olabi","author_link":"https:\/\/turkishtrade.co\/tr\/author\/"},"uagb_comment_info":0,"uagb_excerpt":"Exquisite craftsmanship with premium calf leather exterior. Luxurious goat leather interior for unmatched comfort. Lightweight and durable Microlight sole for all-day wear. Classic Oxford design with a unique textured cap toe. Available in sizes 39-45 to ensure the perfect fit. Choose from timeless Black, rich Brown, and sophisticated Dark Brown. Ideal for bulk orders with&hellip;","_links":{"self":[{"href":"https:\/\/turkishtrade.co\/tr\/wp-json\/wp\/v2\/product\/4997","targetHints":{"allow":["GET"]}}],"collection":[{"href":"https:\/\/turkishtrade.co\/tr\/wp-json\/wp\/v2\/product"}],"about":[{"href":"https:\/\/turkishtrade.co\/tr\/wp-json\/wp\/v2\/types\/product"}],"wp:featuredmedia":[{"embeddable":true,"href":"https:\/\/turkishtrade.co\/tr\/wp-json\/wp\/v2\/media\/3388"}],"wp:attachment":[{"href":"https:\/\/turkishtrade.co\/tr\/wp-json\/wp\/v2\/media?parent=4997"}],"wp:term":[{"taxonomy":"product_brand","embeddable":true,"href":"https:\/\/turkishtrade.co\/tr\/wp-json\/wp\/v2\/product_brand?post=4997"},{"taxonomy":"product_cat","embeddable":true,"href":"https:\/\/turkishtrade.co\/tr\/wp-json\/wp\/v2\/product_cat?post=4997"},{"taxonomy":"product_tag","embeddable":true,"href":"https:\/\/turkishtrade.co\/tr\/wp-json\/wp\/v2\/product_tag?post=4997"}],"curies":[{"name":"wp","href":"https:\/\/api.w.org\/{rel}","templated":true}]}}