{"id":4994,"date":"2026-01-14T10:57:30","date_gmt":"2026-01-14T10:57:30","guid":{"rendered":"https:\/\/turkishtrade.co\/product\/men-calf-leather-loafers\/"},"modified":"2026-04-09T19:47:44","modified_gmt":"2026-04-09T19:47:44","slug":"rare-mens-calf-leather-loafers","status":"publish","type":"product","link":"https:\/\/turkishtrade.co\/tr\/shop\/rare-mens-calf-leather-loafers\/","title":{"rendered":"Microlight Tabanl\u0131 Premium Erkek Dana Derisi Loafer"},"content":{"rendered":"<p><strong>Erkek Dana Derisi Loafer<\/strong><\/p>\n<p>Rafine \u015f\u0131kl\u0131\u011fa ad\u0131m at\u0131n <b>Erkek Dana Derisi Loafer<\/b>, modern beyefendiler i\u00e7in titizlikle tasarlanm\u0131\u015ft\u0131r. Bu zarif slip-on ayakkab\u0131lar bir ayakkab\u0131dan \u00e7ok daha fazlas\u0131d\u0131r; sofistike bir stilin ve benzersiz bir konforun ifadesidir. Her bir \u00e7iftimiz <b>Erkek Dana Derisi Loafer<\/b> yaln\u0131zca en iyi malzemeler kullan\u0131larak el i\u015f\u00e7ili\u011fiyle \u00fcretilmi\u015ftir, dayan\u0131kl\u0131l\u0131k ve y\u0131llarca s\u00fcrecek l\u00fcks bir his sa\u011flar.<\/p>\n<h3>E\u015fsiz Kalite ve Konfor<\/h3>\n<p>Bu ola\u011fan\u00fcst\u00fc binan\u0131n d\u0131\u015f cephesi <b>Erkek Dana Derisi Loafer<\/b> p\u00fcr\u00fczs\u00fcz dokusu, zengin g\u00f6r\u00fcn\u00fcm\u00fc ve esnekli\u011fi ile tan\u0131nan y\u00fcksek kaliteli hakiki dana derisine sahiptir. Bu zarif malzeme zamanla aya\u011f\u0131n\u0131za uyum sa\u011flayarak sadece ya\u015fla birlikte geli\u015fen ki\u015fiselle\u015ftirilmi\u015f bir uyum sa\u011flar. Sa\u011flam d\u0131\u015f y\u00fczeyi tamamlayan i\u00e7 k\u0131s\u0131m, inan\u0131lmaz yumu\u015fak bir dokunu\u015f ve \u00fcst\u00fcn nefes alabilirlik sunan esnek ke\u00e7i derisiyle kaplanm\u0131\u015ft\u0131r. Bu kombinasyon, ayaklar\u0131n\u0131z\u0131n g\u00fcn boyunca rahat ve ferah kalmas\u0131n\u0131 sa\u011flar. <b>Erkek Dana Derisi Loafer<\/b> ofiste ge\u00e7irilen uzun saatler veya \u00f6zel etkinlikler i\u00e7in m\u00fckemmeldir.<\/p>\n<p>Yenilik\u00e7i Microlight taban, hafif ancak sa\u011flam bir temel sa\u011flar. Bu geli\u015fmi\u015f taban teknolojisi m\u00fckemmel \u015fok emilimi ve esneklik sunarak zahmetsiz bir y\u00fcr\u00fcy\u00fc\u015fe katk\u0131da bulunur. 1-3 cm'lik ince topuk y\u00fcksekli\u011fi ile bu zarif <b>Erkek Dana Derisi Loafer<\/b> stabilite veya konfordan \u00f6d\u00fcn vermeden do\u011fru miktarda kald\u0131rma sa\u011flayarak en iyi \u015fekilde g\u00f6r\u00fcnmenizi ve hissetmenizi sa\u011flar.<\/p>\n<h3>Her Durum i\u00e7in \u00c7ok Y\u00f6nl\u00fc Stil<\/h3>\n<p>Bizim <b>Erkek Dana Derisi Loafer<\/b> \u00e7e\u015fitli ortamlarda sorunsuzca ge\u00e7i\u015f yapmak i\u00e7in tasarlanm\u0131\u015ft\u0131r. \u0130ster bir i\u015f toplant\u0131s\u0131na gidiyor olun, ister resmi bir etkinli\u011fe kat\u0131l\u0131n ya da \u015f\u0131k ve g\u00fcndelik bir gezintinin tad\u0131n\u0131 \u00e7\u0131kar\u0131n, bu ayakkab\u0131lar her t\u00fcrl\u00fc kombini y\u00fckseltir. Zamans\u0131z tasar\u0131mlar\u0131, birinci s\u0131n\u0131f dana derisinin zengin parlakl\u0131\u011f\u0131yla birle\u015fti\u011finde, her se\u00e7kin gard\u0131rop i\u00e7in \u00e7ok y\u00f6nl\u00fc bir eklenti haline gelir. EU 39'dan 45'e kadar kapsaml\u0131 bir beden yelpazesinde mevcut oldu\u011fundan, m\u00fckemmel uyumunuzu bulmak \u00e7ok kolay.<\/p>\n<h3>Toptan ve Perakende Sat\u0131\u015f F\u0131rsatlar\u0131<\/h3>\n<p>Y\u00fcksek kaliteli ayakkab\u0131 stoklamak isteyen i\u015fletmeler i\u00e7in bu premium ayakkab\u0131lar <b>Erkek Dana Derisi Loafer<\/b> minimum 8 \u00e7ift sipari\u015f ile temin edilebilir. Yakla\u015f\u0131k 12 g\u00fcn art\u0131 nakliye s\u00fcresi ile verimli hizmet vermekten gurur duyuyoruz. M\u00fc\u015fterilerinize sofistike erkek ayakkab\u0131lar\u0131nda en \u00fcst seviyeyi sunmak i\u00e7in bizimle i\u015f ortakl\u0131\u011f\u0131 yap\u0131n. Gelenek ve yenili\u011fin kar\u0131\u015f\u0131m\u0131n\u0131 titizlikle haz\u0131rlanm\u0131\u015f \u00fcr\u00fcnlerimizle deneyimleyin <b>Erkek Dana Derisi Loafer<\/b>, \u00dcst\u00fcn ayakkab\u0131 i\u015f\u00e7ili\u011finin ger\u00e7ek bir kan\u0131t\u0131.<\/p>","protected":false},"excerpt":{"rendered":"<ul>\n<li><b>Premium Malzemeler:<\/b> \u00dcst\u00fcn konfor i\u00e7in yumu\u015fak ke\u00e7i derisi astarl\u0131 hakiki dana derisi \u00fcst k\u0131s\u0131mdan \u00fcretilmi\u015ftir.<\/li>\n<li><b>Rahat Taban:<\/b> G\u00fcn boyu rahatl\u0131k sa\u011flayan hafif ve dayan\u0131kl\u0131 Microlight tabana sahiptir.<\/li>\n<li><b>Zarif Tasar\u0131m:<\/b> Klasik loafer stili resmi, i\u015f ve smart-casual ortamlar i\u00e7in m\u00fckemmeldir.<\/li>\n<li><b>\u0130nce topuk:<\/b> Geli\u015fmi\u015f duru\u015f ve sofistike bir \u00e7ekicilik i\u00e7in 1-3 cm'lik zarif bir topukla tasarlanm\u0131\u015ft\u0131r.<\/li>\n<li><b>Mevcut Boyutlar:<\/b> M\u00fckemmel bir uyum sa\u011flamak i\u00e7in AB 39 ila 45 aras\u0131nda kapsaml\u0131 bir aral\u0131k.<\/li>\n<li><b>Toplu Bulunabilirlik:<\/b> Toptan ve perakende sat\u0131\u015f ortaklar\u0131 i\u00e7in minimum 8 \u00e7ift sipari\u015f mevcuttur.<\/li>\n<\/ul>","protected":false},"featured_media":3385,"template":"","meta":{"_acf_changed":false,"_uag_custom_page_level_css":"","site-sidebar-layout":"default","site-content-layout":"","ast-site-content-layout":"default","site-content-style":"default","site-sidebar-style":"default","ast-global-header-display":"","ast-banner-title-visibility":"","ast-main-header-display":"","ast-hfb-above-header-display":"","ast-hfb-below-header-display":"","ast-hfb-mobile-header-display":"","site-post-title":"","ast-breadcrumbs-content":"","ast-featured-img":"","footer-sml-layout":"","ast-disable-related-posts":"","theme-transparent-header-meta":"default","adv-header-id-meta":"","stick-header-meta":"","header-above-stick-meta":"","header-main-stick-meta":"","header-below-stick-meta":"","astra-migrate-meta-layouts":"set","ast-page-background-enabled":"default","ast-page-background-meta":{"desktop":{"background-color":"var(--ast-global-color-4)","background-image":"","background-repeat":"repeat","background-position":"center center","background-size":"auto","background-attachment":"scroll","background-type":"","background-media":"","overlay-type":"","overlay-color":"","overlay-opacity":"","overlay-gradient":""},"tablet":{"background-color":"","background-image":"","background-repeat":"repeat","background-position":"center center","background-size":"auto","background-attachment":"scroll","background-type":"","background-media":"","overlay-type":"","overlay-color":"","overlay-opacity":"","overlay-gradient":""},"mobile":{"background-color":"","background-image":"","background-repeat":"repeat","background-position":"center center","background-size":"auto","background-attachment":"scroll","background-type":"","background-media":"","overlay-type":"","overlay-color":"","overlay-opacity":"","overlay-gradient":""}},"ast-content-background-meta":{"desktop":{"background-color":"var(--ast-global-color-5)","background-image":"","background-repeat":"repeat","background-position":"center center","background-size":"auto","background-attachment":"scroll","background-type":"","background-media":"","overlay-type":"","overlay-color":"","overlay-opacity":"","overlay-gradient":""},"tablet":{"background-color":"var(--ast-global-color-5)","background-image":"","background-repeat":"repeat","background-position":"center center","background-size":"auto","background-attachment":"scroll","background-type":"","background-media":"","overlay-type":"","overlay-color":"","overlay-opacity":"","overlay-gradient":""},"mobile":{"background-color":"var(--ast-global-color-5)","background-image":"","background-repeat":"repeat","background-position":"center center","background-size":"auto","background-attachment":"scroll","background-type":"","background-media":"","overlay-type":"","overlay-color":"","overlay-opacity":"","overlay-gradient":""}}},"product_brand":[],"product_cat":[47,430,40],"product_tag":[187,200,185,284,545,251,189,217,198,186,466,184,281],"class_list":{"0":"post-4994","1":"product","2":"type-product","3":"status-publish","4":"has-post-thumbnail","6":"product_cat-classic","7":"product_cat-men","8":"product_cat-mens-shoes","9":"product_tag-brown-leather-loafers","10":"product_tag-business-casual","11":"product_tag-calf-leather-shoes","12":"product_tag-dress-shoes","13":"product_tag-eu-39-45","14":"product_tag-formal-shoes","15":"product_tag-goat-leather-lining","16":"product_tag-luxury-footwear","17":"product_tag-mens-fashion","18":"product_tag-mens-loafers","19":"product_tag-microlight-sole","20":"product_tag-slip-on-shoes","21":"product_tag-wholesale-shoes","22":"desktop-align-center","23":"tablet-align-center","24":"mobile-align-center","26":"first","27":"instock","28":"shipping-taxable","29":"purchasable","30":"product-type-variable","31":"has-default-attributes"},"acf":[],"uagb_featured_image_src":{"full":["https:\/\/turkishtrade.co\/wp-content\/uploads\/2026\/01\/2400EJOMN00025-DARK-BROWN-Y_7660.png",453,250,false],"thumbnail":["https:\/\/turkishtrade.co\/wp-content\/uploads\/2026\/01\/2400EJOMN00025-DARK-BROWN-Y_7660-150x150.png",150,150,true],"medium":["https:\/\/turkishtrade.co\/wp-content\/uploads\/2026\/01\/2400EJOMN00025-DARK-BROWN-Y_7660-300x166.png",300,166,true],"medium_large":["https:\/\/turkishtrade.co\/wp-content\/uploads\/2026\/01\/2400EJOMN00025-DARK-BROWN-Y_7660.png",453,250,false],"large":["https:\/\/turkishtrade.co\/wp-content\/uploads\/2026\/01\/2400EJOMN00025-DARK-BROWN-Y_7660.png",453,250,false],"1536x1536":["https:\/\/turkishtrade.co\/wp-content\/uploads\/2026\/01\/2400EJOMN00025-DARK-BROWN-Y_7660.png",453,250,false],"2048x2048":["https:\/\/turkishtrade.co\/wp-content\/uploads\/2026\/01\/2400EJOMN00025-DARK-BROWN-Y_7660.png",453,250,false],"trp-custom-language-flag":["https:\/\/turkishtrade.co\/wp-content\/uploads\/2026\/01\/2400EJOMN00025-DARK-BROWN-Y_7660-18x10.png",18,10,true],"woocommerce_thumbnail":["https:\/\/turkishtrade.co\/wp-content\/uploads\/2026\/01\/2400EJOMN00025-DARK-BROWN-Y_7660-400x250.png",400,250,true],"woocommerce_single":["https:\/\/turkishtrade.co\/wp-content\/uploads\/2026\/01\/2400EJOMN00025-DARK-BROWN-Y_7660.png",453,250,false],"woocommerce_gallery_thumbnail":["https:\/\/turkishtrade.co\/wp-content\/uploads\/2026\/01\/2400EJOMN00025-DARK-BROWN-Y_7660-100x100.png",100,100,true]},"uagb_author_info":{"display_name":"yaser olabi","author_link":"https:\/\/turkishtrade.co\/tr\/author\/"},"uagb_comment_info":0,"uagb_excerpt":"Premium Materials: Crafted from genuine calf leather upper with a soft goat leather lining for supreme comfort. Comfortable Sole: Features a lightweight and durable Microlight sole, ensuring all-day ease. Elegant Design: Classic loafer style perfect for formal, business, and smart-casual occasions. Subtle Heel: Designed with a refined 1-3 cm heel for enhanced posture and sophisticated&hellip;","_links":{"self":[{"href":"https:\/\/turkishtrade.co\/tr\/wp-json\/wp\/v2\/product\/4994","targetHints":{"allow":["GET"]}}],"collection":[{"href":"https:\/\/turkishtrade.co\/tr\/wp-json\/wp\/v2\/product"}],"about":[{"href":"https:\/\/turkishtrade.co\/tr\/wp-json\/wp\/v2\/types\/product"}],"wp:featuredmedia":[{"embeddable":true,"href":"https:\/\/turkishtrade.co\/tr\/wp-json\/wp\/v2\/media\/3385"}],"wp:attachment":[{"href":"https:\/\/turkishtrade.co\/tr\/wp-json\/wp\/v2\/media?parent=4994"}],"wp:term":[{"taxonomy":"product_brand","embeddable":true,"href":"https:\/\/turkishtrade.co\/tr\/wp-json\/wp\/v2\/product_brand?post=4994"},{"taxonomy":"product_cat","embeddable":true,"href":"https:\/\/turkishtrade.co\/tr\/wp-json\/wp\/v2\/product_cat?post=4994"},{"taxonomy":"product_tag","embeddable":true,"href":"https:\/\/turkishtrade.co\/tr\/wp-json\/wp\/v2\/product_tag?post=4994"}],"curies":[{"name":"wp","href":"https:\/\/api.w.org\/{rel}","templated":true}]}}