{"id":4991,"date":"2026-01-14T10:57:07","date_gmt":"2026-01-14T10:57:07","guid":{"rendered":"https:\/\/turkishtrade.co\/product\/mens-leather-monk-strap-shoes\/"},"modified":"2026-04-09T19:47:49","modified_gmt":"2026-04-09T19:47:49","slug":"mens-leather-monk-strap-shoes","status":"publish","type":"product","link":"https:\/\/turkishtrade.co\/tr\/shop\/mens-leather-monk-strap-shoes\/","title":{"rendered":"Erkek Premium Dana Derisi Tekli Monk Kay\u0131\u015fl\u0131 Ayakkab\u0131"},"content":{"rendered":"<p><strong>erkek deri tek kay\u0131\u015fl\u0131 ayakkab\u0131<\/strong><\/p>\n<p>Enfes koleksiyonumuzla benzersiz bir sofistikeli\u011fe ad\u0131m at\u0131n <strong>erkek deri tek kay\u0131\u015fl\u0131 ayakkab\u0131<\/strong>. Se\u00e7kin beyefendiler i\u00e7in tasarlanan bu ayakkab\u0131lar, klasik \u015f\u0131kl\u0131\u011f\u0131 \u00e7a\u011fda\u015f konforla harmanl\u0131yor. D\u0131\u015f y\u00fczeyi i\u00e7in en iyi dana derisinden \u00fcretilen her bir \u00e7ift, l\u00fcks bir parlakl\u0131k yayar ve ola\u011fan\u00fcst\u00fc dayan\u0131kl\u0131l\u0131k vaat eder. Zarif toka kapamal\u0131 ay\u0131rt edici tekli monk kay\u0131\u015f tasar\u0131m\u0131, geleneksel ba\u011fc\u0131kl\u0131 ayakkab\u0131lara \u015f\u0131k bir alternatif sunarak bu ayakkab\u0131lar\u0131 <strong>erkek deri tek kay\u0131\u015fl\u0131 ayakkab\u0131<\/strong> her gard\u0131rop i\u00e7in etkileyici bir par\u00e7a. \u0130ster \u00f6nemli bir i\u015f toplant\u0131s\u0131na, ister resmi bir etkinli\u011fe kat\u0131l\u0131yor olun, ister sadece g\u00fcnl\u00fck k\u0131yafetlerinizi y\u00fckseltiyor olun, bu ayakkab\u0131lar zamans\u0131z \u00e7ekicilikleriyle etkilemek i\u00e7in tasarland\u0131.<\/p>\n<h3>Rakipsiz Konfor ve \u00dcst\u00fcn \u0130\u015f\u00e7ilik<\/h3>\n<p>Kaliteye olan ba\u011fl\u0131l\u0131\u011f\u0131m\u0131z, bu ola\u011fan\u00fcst\u00fc \u00fcr\u00fcnlerin her detay\u0131nda kendini g\u00f6stermektedir <strong>erkek deri tek kay\u0131\u015fl\u0131 ayakkab\u0131<\/strong>. \u0130\u00e7 k\u0131sm\u0131 yumu\u015fak ke\u00e7i derisiyle titizlikle astarlanm\u0131\u015ft\u0131r ve ilk giyimden itibaren nefes alabilir ve son derece rahat bir uyum sa\u011flar. Bu \u00f6zenli i\u00e7 astar aya\u011f\u0131n\u0131za uyum sa\u011flayarak g\u00fcn boyunca ki\u015fiye \u00f6zel bir his verir. Birinci s\u0131n\u0131f deri yap\u0131y\u0131 tamamlayan hafif microlight taban, stilden \u00f6d\u00fcn vermeden esneklik ve uzun \u00f6m\u00fcrl\u00fc kullan\u0131m i\u00e7in tasarlanm\u0131\u015ft\u0131r. \u0130nce 1-3 cm topuk y\u00fcksekli\u011fine sahip bu ayakkab\u0131lar, denge ve konforu korurken m\u00fckemmel bir y\u00fckselti sunar, bu da onlar\u0131 uzun s\u00fcreli kullan\u0131m i\u00e7in ideal bir se\u00e7im ve her resmi ayakkab\u0131 koleksiyonuna \u00f6nemli bir katk\u0131 haline getirir.<\/p>\n<h3>\u00c7ok Y\u00f6nl\u00fcl\u00fck ve Kal\u0131c\u0131 Stil<\/h3>\n<p>Bu \u00e7ok y\u00f6nl\u00fc <strong>erkek deri tek kay\u0131\u015fl\u0131 ayakkab\u0131<\/strong> AB 39'dan 45'e kadar kapsaml\u0131 bir beden yelpazesinde mevcuttur ve geni\u015f bir m\u00fc\u015fteri yelpazesi i\u00e7in m\u00fckemmel bir uyum sa\u011flar. Dana derisinin zengin tonlar\u0131yla zenginle\u015ftirilen klasik tasar\u0131m, keskin i\u015f tak\u0131mlar\u0131ndan \u015f\u0131k g\u00fcndelik tak\u0131mlara kadar \u00e7e\u015fitli k\u0131yafetlerle zahmetsizce e\u015fle\u015ferek onlar\u0131 ger\u00e7ekten uyarlanabilir k\u0131l\u0131yor. Bunlara yat\u0131r\u0131m yapmak <strong>erkek deri tek kay\u0131\u015fl\u0131 ayakkab\u0131<\/strong> gelecek sezonlar boyunca ge\u00e7erlili\u011fini koruyacak zamans\u0131z bir stil se\u00e7mek anlam\u0131na gelir. Y\u00fcksek kaliteli ayakkab\u0131 arayan i\u015fletmeler i\u00e7in minimum 8 \u00e7ift sipari\u015f miktar\u0131 sunarak bu ola\u011fan\u00fcst\u00fc ayakkab\u0131lar\u0131 toptan sat\u0131\u015f f\u0131rsatlar\u0131 i\u00e7in eri\u015filebilir k\u0131l\u0131yoruz. Hem kalite hem de tasar\u0131m a\u00e7\u0131s\u0131ndan \u00f6ne \u00e7\u0131kan ayakkab\u0131larla gelenek ve modernli\u011fin m\u00fckemmel birle\u015fimini deneyimleyin.<\/p>","protected":false},"excerpt":{"rendered":"<ul>\n<li><strong>D\u0131\u015f Malzeme:<\/strong> Premium Dana Derisi<\/li>\n<li><strong>\u0130\u00e7 Malzeme:<\/strong> Yumu\u015fak Ke\u00e7i Derisi Astar<\/li>\n<li><strong>Taban:<\/strong> Geli\u015fmi\u015f Konfor i\u00e7in Hafif Microlight Taban<\/li>\n<li><strong>Topuk Y\u00fcksekli\u011fi:<\/strong> Hafif 1-3 cm<\/li>\n<li><strong>Mevcut Boyutlar:<\/strong> AB 39, 40, 41, 42, 43, 44, 45<\/li>\n<li><strong>Minimum Sipari\u015f Miktar\u0131:<\/strong> 8 \u00c7ift<\/li>\n<li><strong>Tahmini Teslim S\u00fcresi:<\/strong> 12 g\u00fcn + Kargo<\/li>\n<li><strong>Toptan Sat\u0131\u015f Fiyat\u0131:<\/strong> \u00c7ift ba\u015f\u0131na USD<\/li>\n<\/ul>","protected":false},"featured_media":3383,"template":"","meta":{"_acf_changed":false,"_uag_custom_page_level_css":"","site-sidebar-layout":"default","site-content-layout":"","ast-site-content-layout":"default","site-content-style":"default","site-sidebar-style":"default","ast-global-header-display":"","ast-banner-title-visibility":"","ast-main-header-display":"","ast-hfb-above-header-display":"","ast-hfb-below-header-display":"","ast-hfb-mobile-header-display":"","site-post-title":"","ast-breadcrumbs-content":"","ast-featured-img":"","footer-sml-layout":"","ast-disable-related-posts":"","theme-transparent-header-meta":"default","adv-header-id-meta":"","stick-header-meta":"","header-above-stick-meta":"","header-main-stick-meta":"","header-below-stick-meta":"","astra-migrate-meta-layouts":"set","ast-page-background-enabled":"default","ast-page-background-meta":{"desktop":{"background-color":"var(--ast-global-color-4)","background-image":"","background-repeat":"repeat","background-position":"center center","background-size":"auto","background-attachment":"scroll","background-type":"","background-media":"","overlay-type":"","overlay-color":"","overlay-opacity":"","overlay-gradient":""},"tablet":{"background-color":"","background-image":"","background-repeat":"repeat","background-position":"center center","background-size":"auto","background-attachment":"scroll","background-type":"","background-media":"","overlay-type":"","overlay-color":"","overlay-opacity":"","overlay-gradient":""},"mobile":{"background-color":"","background-image":"","background-repeat":"repeat","background-position":"center center","background-size":"auto","background-attachment":"scroll","background-type":"","background-media":"","overlay-type":"","overlay-color":"","overlay-opacity":"","overlay-gradient":""}},"ast-content-background-meta":{"desktop":{"background-color":"var(--ast-global-color-5)","background-image":"","background-repeat":"repeat","background-position":"center center","background-size":"auto","background-attachment":"scroll","background-type":"","background-media":"","overlay-type":"","overlay-color":"","overlay-opacity":"","overlay-gradient":""},"tablet":{"background-color":"var(--ast-global-color-5)","background-image":"","background-repeat":"repeat","background-position":"center center","background-size":"auto","background-attachment":"scroll","background-type":"","background-media":"","overlay-type":"","overlay-color":"","overlay-opacity":"","overlay-gradient":""},"mobile":{"background-color":"var(--ast-global-color-5)","background-image":"","background-repeat":"repeat","background-position":"center center","background-size":"auto","background-attachment":"scroll","background-type":"","background-media":"","overlay-type":"","overlay-color":"","overlay-opacity":"","overlay-gradient":""}}},"product_brand":[],"product_cat":[47,430,40],"product_tag":[405,566,454,189,535,565,567,466,261,508,281],"class_list":{"0":"post-4991","1":"product","2":"type-product","3":"status-publish","4":"has-post-thumbnail","6":"product_cat-classic","7":"product_cat-men","8":"product_cat-mens-shoes","9":"product_tag-business-shoes","10":"product_tag-calfskin-shoes","11":"product_tag-elegant-footwear","12":"product_tag-goat-leather-lining","13":"product_tag-leather-dress-shoes","14":"product_tag-mens-formal-shoes","15":"product_tag-mens-luxury-shoes","16":"product_tag-microlight-sole","17":"product_tag-monk-strap-shoes","18":"product_tag-single-monk-strap","19":"product_tag-wholesale-shoes","20":"desktop-align-center","21":"tablet-align-center","22":"mobile-align-center","24":"first","25":"instock","26":"shipping-taxable","27":"purchasable","28":"product-type-variable","29":"has-default-attributes"},"acf":[],"uagb_featured_image_src":{"full":["https:\/\/turkishtrade.co\/wp-content\/uploads\/2026\/01\/2400EJOMN00024-DARK-BROWN-SL_239.png",453,250,false],"thumbnail":["https:\/\/turkishtrade.co\/wp-content\/uploads\/2026\/01\/2400EJOMN00024-DARK-BROWN-SL_239-150x150.png",150,150,true],"medium":["https:\/\/turkishtrade.co\/wp-content\/uploads\/2026\/01\/2400EJOMN00024-DARK-BROWN-SL_239-300x166.png",300,166,true],"medium_large":["https:\/\/turkishtrade.co\/wp-content\/uploads\/2026\/01\/2400EJOMN00024-DARK-BROWN-SL_239.png",453,250,false],"large":["https:\/\/turkishtrade.co\/wp-content\/uploads\/2026\/01\/2400EJOMN00024-DARK-BROWN-SL_239.png",453,250,false],"1536x1536":["https:\/\/turkishtrade.co\/wp-content\/uploads\/2026\/01\/2400EJOMN00024-DARK-BROWN-SL_239.png",453,250,false],"2048x2048":["https:\/\/turkishtrade.co\/wp-content\/uploads\/2026\/01\/2400EJOMN00024-DARK-BROWN-SL_239.png",453,250,false],"trp-custom-language-flag":["https:\/\/turkishtrade.co\/wp-content\/uploads\/2026\/01\/2400EJOMN00024-DARK-BROWN-SL_239-18x10.png",18,10,true],"woocommerce_thumbnail":["https:\/\/turkishtrade.co\/wp-content\/uploads\/2026\/01\/2400EJOMN00024-DARK-BROWN-SL_239-400x250.png",400,250,true],"woocommerce_single":["https:\/\/turkishtrade.co\/wp-content\/uploads\/2026\/01\/2400EJOMN00024-DARK-BROWN-SL_239.png",453,250,false],"woocommerce_gallery_thumbnail":["https:\/\/turkishtrade.co\/wp-content\/uploads\/2026\/01\/2400EJOMN00024-DARK-BROWN-SL_239-100x100.png",100,100,true]},"uagb_author_info":{"display_name":"yaser olabi","author_link":"https:\/\/turkishtrade.co\/tr\/author\/"},"uagb_comment_info":0,"uagb_excerpt":"Outer Material: Premium Calf Leather Inner Material: Soft Goat Leather Lining Sole: Lightweight Microlight Sole for Enhanced Comfort Heel Height: Subtle 1-3 cm Available Sizes: EU 39, 40, 41, 42, 43, 44, 45 Minimum Order Quantity: 8 Pairs Estimated Delivery Time: 12 days + Shipping Wholesale Price: USD per pair","_links":{"self":[{"href":"https:\/\/turkishtrade.co\/tr\/wp-json\/wp\/v2\/product\/4991","targetHints":{"allow":["GET"]}}],"collection":[{"href":"https:\/\/turkishtrade.co\/tr\/wp-json\/wp\/v2\/product"}],"about":[{"href":"https:\/\/turkishtrade.co\/tr\/wp-json\/wp\/v2\/types\/product"}],"wp:featuredmedia":[{"embeddable":true,"href":"https:\/\/turkishtrade.co\/tr\/wp-json\/wp\/v2\/media\/3383"}],"wp:attachment":[{"href":"https:\/\/turkishtrade.co\/tr\/wp-json\/wp\/v2\/media?parent=4991"}],"wp:term":[{"taxonomy":"product_brand","embeddable":true,"href":"https:\/\/turkishtrade.co\/tr\/wp-json\/wp\/v2\/product_brand?post=4991"},{"taxonomy":"product_cat","embeddable":true,"href":"https:\/\/turkishtrade.co\/tr\/wp-json\/wp\/v2\/product_cat?post=4991"},{"taxonomy":"product_tag","embeddable":true,"href":"https:\/\/turkishtrade.co\/tr\/wp-json\/wp\/v2\/product_tag?post=4991"}],"curies":[{"name":"wp","href":"https:\/\/api.w.org\/{rel}","templated":true}]}}