{"id":4988,"date":"2026-01-14T10:56:43","date_gmt":"2026-01-14T10:56:43","guid":{"rendered":"https:\/\/turkishtrade.co\/product\/men-s-leather-derby-shoes\/"},"modified":"2026-04-09T19:47:57","modified_gmt":"2026-04-09T19:47:57","slug":"luxury-mens-leather-derby-shoes","status":"publish","type":"product","link":"https:\/\/turkishtrade.co\/tr\/shop\/luxury-mens-leather-derby-shoes\/","title":{"rendered":"Premium Dana ve Ke\u00e7i Derisi Erkek Derby Ayakkab\u0131"},"content":{"rendered":"<p><strong>Erkek Deri Derby Ayakkab\u0131<\/strong><\/p>\n<p>Premium Dana ve Ke\u00e7i Derisi Erkek Derby Ayakkab\u0131lar\u0131m\u0131zla benzersiz bir sofistikeli\u011fe ad\u0131m at\u0131n. Se\u00e7kin beyefendiler i\u00e7in tasarlanan bu zarif erkek deri derby ayakkab\u0131lar, geleneksel i\u015f\u00e7ili\u011fi modern konforla harmanlayarak her profesyonel veya resmi gard\u0131rop i\u00e7in vazge\u00e7ilmez bir katk\u0131 sa\u011flar. Her bir \u00e7ift, kaliteye olan ba\u011fl\u0131l\u0131\u011f\u0131 yans\u0131t\u0131r, l\u00fcks bir his ve sizi di\u011ferlerinden ay\u0131ran se\u00e7kin bir g\u00f6r\u00fcn\u00fcm sunar.<\/p>\n<h3>Rakipsiz Malzeme ve \u0130\u015f\u00e7ilik<\/h3>\n<p>Erkek deri derby ayakkab\u0131lar\u0131m\u0131z en iyi malzemelerden titizlikle \u00fcretilmi\u015ftir. D\u0131\u015f y\u00fczeyi, esnek dokusu, zengin cilas\u0131 ve ola\u011fan\u00fcst\u00fc dayan\u0131kl\u0131l\u0131\u011f\u0131yla tan\u0131nan hakiki tam damarl\u0131 dana derisine sahiptir. Bu birinci s\u0131n\u0131f dana derisi sadece \u00e7arp\u0131c\u0131 bir estetik sa\u011flamakla kalmaz, ayn\u0131 zamanda zamanla benzersiz bir patine geli\u015ftirerek g\u00fczel bir \u015fekilde ya\u015flanmay\u0131 da vaat eder. \u0130\u00e7 k\u0131s\u0131mda, ayaklar\u0131n\u0131z yumu\u015fak, nefes alabilen ke\u00e7i derisi astarla sar\u0131lacak ve sabahtan ak\u015fama kadar s\u00fcren benzersiz bir konfor seviyesi sa\u011flayacakt\u0131r. Birinci s\u0131n\u0131f derilerin bu kombinasyonu, hem sa\u011flam hem de son derece rahat bir ayakkab\u0131 yarat\u0131r.<\/p>\n<h3>Konfor ve Stil i\u00e7in Tasarland\u0131<\/h3>\n<p>Bu erkek deri derby ayakkab\u0131, l\u00fcks d\u0131\u015f g\u00f6r\u00fcn\u00fcm\u00fcn\u00fcn \u00f6tesinde rahatl\u0131\u011f\u0131n\u0131z\u0131 \u00f6n planda tutar. Yenilik\u00e7i Microlight taban, hafif esneklik ve m\u00fckemmel \u015fok emilimi sunarak her ad\u0131mda yast\u0131kl\u0131 bir ad\u0131m sa\u011flar. Bunu tamamlayan 1-3 cm'lik ince topuk, dengeden \u00f6d\u00fcn vermeden zarif bir duru\u015f i\u00e7in do\u011fru miktarda y\u00fckseklik sa\u011flar. A\u00e7\u0131k ba\u011fc\u0131k sistemi ile karakterize edilen klasik Derby silueti, \u00e7e\u015fitli ayak tipleri ve durumlar i\u00e7in uygun \u00e7ok y\u00f6nl\u00fc bir g\u00f6r\u00fcn\u00fcm sunar.<\/p>\n<h3>Her Durum i\u00e7in \u00c7ok Y\u00f6nl\u00fcl\u00fck<\/h3>\n<p>\u0130ster \u00f6nemli bir i\u015f toplant\u0131s\u0131na, ister resmi bir etkinli\u011fe gidiyor olun, ister sadece g\u00fcnl\u00fck k\u0131yafetlerinizi y\u00fckseltmek istiyor olun, bu erkek deri derby ayakkab\u0131lar m\u00fckemmel bir se\u00e7imdir. Zamans\u0131z siyah ve zengin kahverengi renkleri bulunan bu ayakkab\u0131lar, keskin tak\u0131m elbiselerden \u015f\u0131k g\u00fcndelik tak\u0131mlara kadar \u00e7e\u015fitli k\u0131yafetleri zahmetsizce tamamlar. Her zaman en iyi \u015fekilde g\u00f6r\u00fcnmenizi ve hissetmenizi sa\u011flayacak, g\u00fcven ve zarafet yayan bir \u00e7ift erkek deri derby ayakkab\u0131ya yat\u0131r\u0131m yap\u0131n. Y\u00fcksek kaliteli ayakkab\u0131 stoklamak isteyen i\u015fletmeler veya perakendeciler i\u00e7in minimum sipari\u015f miktar\u0131m\u0131z\u0131n 8 \u00e7ift oldu\u011funu ve tahmini teslimat s\u00fcresinin 12 g\u00fcn art\u0131 nakliye oldu\u011funu l\u00fctfen unutmay\u0131n. Bu ola\u011fan\u00fcst\u00fc ayakkab\u0131larla koleksiyonunuzu geli\u015ftirin.<\/p>","protected":false},"excerpt":{"rendered":"<ul>\n<li>Zamans\u0131z \u015f\u0131kl\u0131k ve dayan\u0131kl\u0131l\u0131k i\u00e7in birinci s\u0131n\u0131f tam damarl\u0131 Dana Derisi d\u0131\u015f y\u00fczeyden \u00fcretilmi\u015ftir.<\/li>\n<li>L\u00fcks Ke\u00e7i Derisi i\u00e7 astar, ola\u011fan\u00fcst\u00fc nefes alabilirlik ve g\u00fcn boyu konfor sa\u011flar.<\/li>\n<li>\u00dcst\u00fcn yast\u0131klama ve \u00e7eki\u015f g\u00fcc\u00fc sunan hafif ve esnek Microlight tabana sahiptir.<\/li>\n<li>Hafif 1-3 cm topuk y\u00fcksekli\u011fi rahat bir y\u00fckselti ve zarif bir duru\u015f sa\u011flar.<\/li>\n<li>Her gard\u0131roba uyacak \u015fekilde sofistike Siyah ve klasik Kahverengi renklerde mevcuttur.<\/li>\n<li>Kapsaml\u0131 bir beden yelpazesinde sunulur: AB 39, 40, 41, 42, 43, 44, 45.<\/li>\n<li><strong>Minimum Sipari\u015f Miktar\u0131: 8 \u00e7ift.<\/strong><\/li>\n<li><strong>Tahmini Teslim S\u00fcresi: 12 g\u00fcn + nakliye.<\/strong><\/li>\n<\/ul>","protected":false},"featured_media":3381,"template":"","meta":{"_acf_changed":false,"_uag_custom_page_level_css":"","site-sidebar-layout":"default","site-content-layout":"","ast-site-content-layout":"default","site-content-style":"default","site-sidebar-style":"default","ast-global-header-display":"","ast-banner-title-visibility":"","ast-main-header-display":"","ast-hfb-above-header-display":"","ast-hfb-below-header-display":"","ast-hfb-mobile-header-display":"","site-post-title":"","ast-breadcrumbs-content":"","ast-featured-img":"","footer-sml-layout":"","ast-disable-related-posts":"","theme-transparent-header-meta":"default","adv-header-id-meta":"","stick-header-meta":"","header-above-stick-meta":"","header-main-stick-meta":"","header-below-stick-meta":"","astra-migrate-meta-layouts":"set","ast-page-background-enabled":"default","ast-page-background-meta":{"desktop":{"background-color":"var(--ast-global-color-4)","background-image":"","background-repeat":"repeat","background-position":"center center","background-size":"auto","background-attachment":"scroll","background-type":"","background-media":"","overlay-type":"","overlay-color":"","overlay-opacity":"","overlay-gradient":""},"tablet":{"background-color":"","background-image":"","background-repeat":"repeat","background-position":"center center","background-size":"auto","background-attachment":"scroll","background-type":"","background-media":"","overlay-type":"","overlay-color":"","overlay-opacity":"","overlay-gradient":""},"mobile":{"background-color":"","background-image":"","background-repeat":"repeat","background-position":"center center","background-size":"auto","background-attachment":"scroll","background-type":"","background-media":"","overlay-type":"","overlay-color":"","overlay-opacity":"","overlay-gradient":""}},"ast-content-background-meta":{"desktop":{"background-color":"var(--ast-global-color-5)","background-image":"","background-repeat":"repeat","background-position":"center center","background-size":"auto","background-attachment":"scroll","background-type":"","background-media":"","overlay-type":"","overlay-color":"","overlay-opacity":"","overlay-gradient":""},"tablet":{"background-color":"var(--ast-global-color-5)","background-image":"","background-repeat":"repeat","background-position":"center center","background-size":"auto","background-attachment":"scroll","background-type":"","background-media":"","overlay-type":"","overlay-color":"","overlay-opacity":"","overlay-gradient":""},"mobile":{"background-color":"var(--ast-global-color-5)","background-image":"","background-repeat":"repeat","background-position":"center center","background-size":"auto","background-attachment":"scroll","background-type":"","background-media":"","overlay-type":"","overlay-color":"","overlay-opacity":"","overlay-gradient":""}}},"product_brand":[],"product_cat":[47,430,40],"product_tag":[435,561,405,202,290,212,454,251,437,416,324,466],"class_list":{"0":"post-4988","1":"product","2":"type-product","3":"status-publish","4":"has-post-thumbnail","6":"product_cat-classic","7":"product_cat-men","8":"product_cat-mens-shoes","9":"product_tag-black-derby","10":"product_tag-brown-derby","11":"product_tag-business-shoes","12":"product_tag-calf-leather","13":"product_tag-comfortable-mens-shoes","14":"product_tag-derby-shoes","15":"product_tag-elegant-footwear","16":"product_tag-formal-shoes","17":"product_tag-goat-leather","18":"product_tag-luxury-shoes","19":"product_tag-mens-dress-shoes","20":"product_tag-microlight-sole","21":"desktop-align-center","22":"tablet-align-center","23":"mobile-align-center","25":"first","26":"instock","27":"shipping-taxable","28":"purchasable","29":"product-type-variable","30":"has-default-attributes"},"acf":[],"uagb_featured_image_src":{"full":["https:\/\/turkishtrade.co\/wp-content\/uploads\/2026\/01\/2400EJOMN00023-BROWN-Y_100.png",453,250,false],"thumbnail":["https:\/\/turkishtrade.co\/wp-content\/uploads\/2026\/01\/2400EJOMN00023-BROWN-Y_100-150x150.png",150,150,true],"medium":["https:\/\/turkishtrade.co\/wp-content\/uploads\/2026\/01\/2400EJOMN00023-BROWN-Y_100-300x166.png",300,166,true],"medium_large":["https:\/\/turkishtrade.co\/wp-content\/uploads\/2026\/01\/2400EJOMN00023-BROWN-Y_100.png",453,250,false],"large":["https:\/\/turkishtrade.co\/wp-content\/uploads\/2026\/01\/2400EJOMN00023-BROWN-Y_100.png",453,250,false],"1536x1536":["https:\/\/turkishtrade.co\/wp-content\/uploads\/2026\/01\/2400EJOMN00023-BROWN-Y_100.png",453,250,false],"2048x2048":["https:\/\/turkishtrade.co\/wp-content\/uploads\/2026\/01\/2400EJOMN00023-BROWN-Y_100.png",453,250,false],"trp-custom-language-flag":["https:\/\/turkishtrade.co\/wp-content\/uploads\/2026\/01\/2400EJOMN00023-BROWN-Y_100-18x10.png",18,10,true],"woocommerce_thumbnail":["https:\/\/turkishtrade.co\/wp-content\/uploads\/2026\/01\/2400EJOMN00023-BROWN-Y_100-400x250.png",400,250,true],"woocommerce_single":["https:\/\/turkishtrade.co\/wp-content\/uploads\/2026\/01\/2400EJOMN00023-BROWN-Y_100.png",453,250,false],"woocommerce_gallery_thumbnail":["https:\/\/turkishtrade.co\/wp-content\/uploads\/2026\/01\/2400EJOMN00023-BROWN-Y_100-100x100.png",100,100,true]},"uagb_author_info":{"display_name":"yaser olabi","author_link":"https:\/\/turkishtrade.co\/tr\/author\/"},"uagb_comment_info":0,"uagb_excerpt":"Crafted from premium full-grain Calf Leather exterior for timeless elegance and durability. Luxurious Goat Leather interior lining ensures exceptional breathability and all-day comfort. Features a lightweight and flexible Microlight sole, offering superior cushioning and traction. Subtle 1-3cm heel height provides a comfortable lift and refined posture. Available in sophisticated Black and classic Brown finishes to&hellip;","_links":{"self":[{"href":"https:\/\/turkishtrade.co\/tr\/wp-json\/wp\/v2\/product\/4988","targetHints":{"allow":["GET"]}}],"collection":[{"href":"https:\/\/turkishtrade.co\/tr\/wp-json\/wp\/v2\/product"}],"about":[{"href":"https:\/\/turkishtrade.co\/tr\/wp-json\/wp\/v2\/types\/product"}],"wp:featuredmedia":[{"embeddable":true,"href":"https:\/\/turkishtrade.co\/tr\/wp-json\/wp\/v2\/media\/3381"}],"wp:attachment":[{"href":"https:\/\/turkishtrade.co\/tr\/wp-json\/wp\/v2\/media?parent=4988"}],"wp:term":[{"taxonomy":"product_brand","embeddable":true,"href":"https:\/\/turkishtrade.co\/tr\/wp-json\/wp\/v2\/product_brand?post=4988"},{"taxonomy":"product_cat","embeddable":true,"href":"https:\/\/turkishtrade.co\/tr\/wp-json\/wp\/v2\/product_cat?post=4988"},{"taxonomy":"product_tag","embeddable":true,"href":"https:\/\/turkishtrade.co\/tr\/wp-json\/wp\/v2\/product_tag?post=4988"}],"curies":[{"name":"wp","href":"https:\/\/api.w.org\/{rel}","templated":true}]}}