{"id":4984,"date":"2026-01-14T10:56:17","date_gmt":"2026-01-14T10:56:17","guid":{"rendered":"https:\/\/turkishtrade.co\/product\/mens-leather-loafers\/"},"modified":"2026-04-09T19:48:08","modified_gmt":"2026-04-09T19:48:08","slug":"mens-leather-loafers","status":"publish","type":"product","link":"https:\/\/turkishtrade.co\/tr\/shop\/mens-leather-loafers\/","title":{"rendered":"\u015e\u0131k Erkek Deri Loafer'lar"},"content":{"rendered":"<p><strong>Erkek Deri Loaferlar<\/strong><\/p>\n<p>Birinci s\u0131n\u0131f \u00fcr\u00fcnlerimizle benzersiz sofistike ve konforlu bir ortama ad\u0131m at\u0131n <strong>Erkek Deri Loaferlar<\/strong>. Modern beyefendiler i\u00e7in tasarlanan bu slip-on ayakkab\u0131lar, klasik \u015f\u0131kl\u0131\u011f\u0131 \u00e7a\u011fda\u015f tarzla kusursuz bir \u015fekilde harmanl\u0131yor. En iyi malzemelerden \u00fcretilen bu mokasen ayakkab\u0131lar sadece bir ayakkab\u0131 de\u011fil; kal\u0131c\u0131 kalite ve rafine zevke yap\u0131lan bir yat\u0131r\u0131md\u0131r. \u0130ster bir i\u015f toplant\u0131s\u0131, ister resmi bir etkinlik ya da \u015f\u0131k ve g\u00fcndelik bir gezi i\u00e7in giyiniyor olun, bu <strong>erkek deri\u0307 mokasen<\/strong> kendine \u00f6zg\u00fc \u00e7ekicili\u011fiyle tak\u0131m\u0131n\u0131z\u0131 y\u00fckseltecek.<\/p>\n<h3>Erkek Deri Loafer'lar\u0131n\u0131z i\u00e7in Rakipsiz \u0130\u015f\u00e7ilik ve Malzemeler<\/h3>\n<p>Her bir \u00e7iftimiz <strong>Erkek Deri Loaferlar<\/strong> hem dayan\u0131kl\u0131l\u0131k hem de l\u00fcks konfor sunmak i\u00e7in titizlikle \u00fcretilmi\u015ftir. D\u0131\u015f y\u00fczeyi, p\u00fcr\u00fczs\u00fcz dokusu, esnekli\u011fi ve zarif y\u00fczeyiyle bilinen y\u00fcksek kaliteli dana derisinden \u00fcretilmi\u015ftir. Bu birinci s\u0131n\u0131f deri, yaln\u0131zca ya\u015fland\u0131k\u00e7a geli\u015fen sofistike bir g\u00f6r\u00fcn\u00fcm sa\u011flar. \u0130\u00e7 k\u0131s\u0131mda, ayaklar\u0131n\u0131z hakiki ke\u00e7i derisi astar\u0131n yumu\u015fak kucaklamas\u0131yla sar\u0131lacak, nefes alabilirlik ve g\u00fcn boyunca ola\u011fan\u00fcst\u00fc rahat bir kullan\u0131m deneyimi sa\u011flayacakt\u0131r. Bu zarif derilerin \u00f6zenli kombinasyonu, g\u00f6r\u00fcnd\u00fc\u011f\u00fc kadar iyi hissettiren bir ayakkab\u0131y\u0131 garanti eder.<\/p>\n<h3>Konfor ve Stil i\u00e7in Tasarland\u0131<\/h3>\n<p>\u00c7arp\u0131c\u0131 g\u00f6r\u00fcn\u00fcmlerinin \u00f6tesinde, bu <strong>erkek deri\u0307 mokasen<\/strong> rahatl\u0131\u011f\u0131n\u0131za \u00f6ncelik verir. Son derece hafif ve esnek olacak \u015fekilde tasarlanan son teknoloji \u00fcr\u00fcn\u00fc Microlight taban\u0131, do\u011fal hareketlere olanak tan\u0131r ve ayak yorgunlu\u011funu azalt\u0131r. \u0130nce 1-3 cm topuk, kendinden emin bir ad\u0131m i\u00e7in do\u011fru miktarda y\u00fckseklik sa\u011flar ve bu mokasenleri uzun s\u00fcreli kullan\u0131m i\u00e7in uygun hale getirir. 39 ile 45 numara aras\u0131nda mevcut olan bu ayakkab\u0131lar, geni\u015f bir ayak \u00f6l\u00e7\u00fcs\u00fc yelpazesi i\u00e7in m\u00fckemmel uyum sa\u011flar. Hem zamans\u0131z lacivert hem de zengin kahverengi renklerde sergilenen zarif tasar\u0131m, zevkli dokulu paneller ve \u015f\u0131k bir metal vurgu i\u00e7erir ve bu temel ayakkab\u0131lara benzersiz bir dokunu\u015f katar. <strong>erkek deri\u0307 mokasen<\/strong>.<\/p>\n<h3>Toptan ve Toplu Sipari\u015fler i\u00e7in \u0130deal<\/h3>\n<p>Y\u00fcksek kaliteli ayakkab\u0131 arayan perakendeciler ve i\u015fletmeler i\u00e7in bu <strong>Erkek Deri Loaferlar<\/strong> minimum 8 \u00e7ift sipari\u015f ile toplu al\u0131m i\u00e7in mevcuttur. Sipari\u015finizi en k\u0131sa s\u00fcrede teslim alman\u0131z\u0131 sa\u011flamak i\u00e7in 12 g\u00fcn art\u0131 nakliye s\u00fcresiyle verimli hizmet sunmaktan gurur duyuyoruz. M\u00fc\u015fterilerinize bu ola\u011fan\u00fcst\u00fc l\u00fcks ve konforu sunun <strong>erkek deri\u0307 mokasen<\/strong>, \u00fcst\u00fcn i\u015f\u00e7ilik ve kal\u0131c\u0131 stilin ger\u00e7ek bir kan\u0131t\u0131d\u0131r.<\/p>","protected":false},"excerpt":{"rendered":"<ul>\n<li><strong>Premium Malzemeler:<\/strong> En \u00fcst d\u00fczeyde konfor i\u00e7in dayan\u0131kl\u0131 dana derisi d\u0131\u015f y\u00fczey ve yumu\u015fak ke\u00e7i derisi i\u00e7 k\u0131s\u0131m ile \u00fcretilmi\u015ftir.<\/li>\n<li><strong>Konfor Taban:<\/strong> Ola\u011fan\u00fcst\u00fc esneklik ve g\u00fcn boyu kullan\u0131m i\u00e7in hafif Microlight tabana sahiptir.<\/li>\n<li><strong>\u0130nce topuk:<\/strong> Rahat 1-3 cm topuk, dengeden \u00f6d\u00fcn vermeden hafif bir y\u00fckselme sa\u011flar.<\/li>\n<li><strong>\u00c7ok Y\u00f6nl\u00fc Boyutland\u0131rma:<\/strong> M\u00fckemmel bir uyum sa\u011flamak i\u00e7in 39 ila 45 aras\u0131nda geni\u015f bir beden yelpazesinde mevcuttur.<\/li>\n<li><strong>Toplu Bulunabilirlik:<\/strong> Minimum sipari\u015f miktar\u0131 8 \u00e7ifttir ve teslimat s\u00fcresi nakliye dahil 12 g\u00fcnd\u00fcr.<\/li>\n<li><strong>Zarif Tasar\u0131m:<\/strong> Farkl\u0131 dokulu panellere sahip sofistike Lacivert ve klasik Kahverengi renkleri mevcuttur.<\/li>\n<\/ul>","protected":false},"featured_media":3379,"template":"","meta":{"_acf_changed":false,"_uag_custom_page_level_css":"","site-sidebar-layout":"default","site-content-layout":"","ast-site-content-layout":"default","site-content-style":"default","site-sidebar-style":"default","ast-global-header-display":"","ast-banner-title-visibility":"","ast-main-header-display":"","ast-hfb-above-header-display":"","ast-hfb-below-header-display":"","ast-hfb-mobile-header-display":"","site-post-title":"","ast-breadcrumbs-content":"","ast-featured-img":"","footer-sml-layout":"","ast-disable-related-posts":"","theme-transparent-header-meta":"default","adv-header-id-meta":"","stick-header-meta":"","header-above-stick-meta":"","header-main-stick-meta":"","header-below-stick-meta":"","astra-migrate-meta-layouts":"set","ast-page-background-enabled":"default","ast-page-background-meta":{"desktop":{"background-color":"var(--ast-global-color-4)","background-image":"","background-repeat":"repeat","background-position":"center center","background-size":"auto","background-attachment":"scroll","background-type":"","background-media":"","overlay-type":"","overlay-color":"","overlay-opacity":"","overlay-gradient":""},"tablet":{"background-color":"","background-image":"","background-repeat":"repeat","background-position":"center center","background-size":"auto","background-attachment":"scroll","background-type":"","background-media":"","overlay-type":"","overlay-color":"","overlay-opacity":"","overlay-gradient":""},"mobile":{"background-color":"","background-image":"","background-repeat":"repeat","background-position":"center center","background-size":"auto","background-attachment":"scroll","background-type":"","background-media":"","overlay-type":"","overlay-color":"","overlay-opacity":"","overlay-gradient":""}},"ast-content-background-meta":{"desktop":{"background-color":"var(--ast-global-color-5)","background-image":"","background-repeat":"repeat","background-position":"center center","background-size":"auto","background-attachment":"scroll","background-type":"","background-media":"","overlay-type":"","overlay-color":"","overlay-opacity":"","overlay-gradient":""},"tablet":{"background-color":"var(--ast-global-color-5)","background-image":"","background-repeat":"repeat","background-position":"center center","background-size":"auto","background-attachment":"scroll","background-type":"","background-media":"","overlay-type":"","overlay-color":"","overlay-opacity":"","overlay-gradient":""},"mobile":{"background-color":"var(--ast-global-color-5)","background-image":"","background-repeat":"repeat","background-position":"center center","background-size":"auto","background-attachment":"scroll","background-type":"","background-media":"","overlay-type":"","overlay-color":"","overlay-opacity":"","overlay-gradient":""}}},"product_brand":[],"product_cat":[47,430,40],"product_tag":[147,555,220,284,352,556,215,217,198,466,557,184,280],"class_list":{"0":"post-4984","1":"product","2":"type-product","3":"status-publish","4":"has-post-thumbnail","6":"product_cat-classic","7":"product_cat-men","8":"product_cat-mens-shoes","9":"product_tag-brown-loafers","10":"product_tag-calfskin-loafers","11":"product_tag-comfortable-loafers","12":"product_tag-dress-shoes","13":"product_tag-formal-loafers","14":"product_tag-goatskin-lining","15":"product_tag-leather-loafers","16":"product_tag-luxury-footwear","17":"product_tag-mens-fashion","18":"product_tag-microlight-sole","19":"product_tag-navy-loafers","20":"product_tag-slip-on-shoes","21":"product_tag-smart-casual-shoes","22":"desktop-align-center","23":"tablet-align-center","24":"mobile-align-center","26":"first","27":"instock","28":"shipping-taxable","29":"purchasable","30":"product-type-variable","31":"has-default-attributes"},"acf":[],"uagb_featured_image_src":{"full":["https:\/\/turkishtrade.co\/wp-content\/uploads\/2026\/01\/2400EJOMN00022-DARK-BROWN-DKS_7550.png",453,250,false],"thumbnail":["https:\/\/turkishtrade.co\/wp-content\/uploads\/2026\/01\/2400EJOMN00022-DARK-BROWN-DKS_7550-150x150.png",150,150,true],"medium":["https:\/\/turkishtrade.co\/wp-content\/uploads\/2026\/01\/2400EJOMN00022-DARK-BROWN-DKS_7550-300x166.png",300,166,true],"medium_large":["https:\/\/turkishtrade.co\/wp-content\/uploads\/2026\/01\/2400EJOMN00022-DARK-BROWN-DKS_7550.png",453,250,false],"large":["https:\/\/turkishtrade.co\/wp-content\/uploads\/2026\/01\/2400EJOMN00022-DARK-BROWN-DKS_7550.png",453,250,false],"1536x1536":["https:\/\/turkishtrade.co\/wp-content\/uploads\/2026\/01\/2400EJOMN00022-DARK-BROWN-DKS_7550.png",453,250,false],"2048x2048":["https:\/\/turkishtrade.co\/wp-content\/uploads\/2026\/01\/2400EJOMN00022-DARK-BROWN-DKS_7550.png",453,250,false],"trp-custom-language-flag":["https:\/\/turkishtrade.co\/wp-content\/uploads\/2026\/01\/2400EJOMN00022-DARK-BROWN-DKS_7550-18x10.png",18,10,true],"woocommerce_thumbnail":["https:\/\/turkishtrade.co\/wp-content\/uploads\/2026\/01\/2400EJOMN00022-DARK-BROWN-DKS_7550-400x250.png",400,250,true],"woocommerce_single":["https:\/\/turkishtrade.co\/wp-content\/uploads\/2026\/01\/2400EJOMN00022-DARK-BROWN-DKS_7550.png",453,250,false],"woocommerce_gallery_thumbnail":["https:\/\/turkishtrade.co\/wp-content\/uploads\/2026\/01\/2400EJOMN00022-DARK-BROWN-DKS_7550-100x100.png",100,100,true]},"uagb_author_info":{"display_name":"yaser olabi","author_link":"https:\/\/turkishtrade.co\/tr\/author\/"},"uagb_comment_info":0,"uagb_excerpt":"Premium Materials: Crafted with a durable calfskin leather exterior and a soft goatskin leather interior for ultimate comfort. Comfort Sole: Features a lightweight Microlight sole for exceptional flexibility and all-day wear. Subtle Heel: A comfortable 1-3 cm heel provides a slight lift without compromising stability. Versatile Sizing: Available in a wide range of sizes from&hellip;","_links":{"self":[{"href":"https:\/\/turkishtrade.co\/tr\/wp-json\/wp\/v2\/product\/4984","targetHints":{"allow":["GET"]}}],"collection":[{"href":"https:\/\/turkishtrade.co\/tr\/wp-json\/wp\/v2\/product"}],"about":[{"href":"https:\/\/turkishtrade.co\/tr\/wp-json\/wp\/v2\/types\/product"}],"wp:featuredmedia":[{"embeddable":true,"href":"https:\/\/turkishtrade.co\/tr\/wp-json\/wp\/v2\/media\/3379"}],"wp:attachment":[{"href":"https:\/\/turkishtrade.co\/tr\/wp-json\/wp\/v2\/media?parent=4984"}],"wp:term":[{"taxonomy":"product_brand","embeddable":true,"href":"https:\/\/turkishtrade.co\/tr\/wp-json\/wp\/v2\/product_brand?post=4984"},{"taxonomy":"product_cat","embeddable":true,"href":"https:\/\/turkishtrade.co\/tr\/wp-json\/wp\/v2\/product_cat?post=4984"},{"taxonomy":"product_tag","embeddable":true,"href":"https:\/\/turkishtrade.co\/tr\/wp-json\/wp\/v2\/product_tag?post=4984"}],"curies":[{"name":"wp","href":"https:\/\/api.w.org\/{rel}","templated":true}]}}