{"id":4982,"date":"2026-01-14T10:55:54","date_gmt":"2026-01-14T10:55:54","guid":{"rendered":"https:\/\/turkishtrade.co\/product\/mens-brown-leather-oxfords\/"},"modified":"2026-04-09T19:48:12","modified_gmt":"2026-04-09T19:48:12","slug":"mens-brown-leather-oxfords","status":"publish","type":"product","link":"https:\/\/turkishtrade.co\/tr\/shop\/mens-brown-leather-oxfords\/","title":{"rendered":"Timsah Desenli Erkek Kahverengi Deri Oxford Ayakkab\u0131"},"content":{"rendered":"<p><strong>Erkek Kahverengi Deri Oxfords<\/strong><\/p>\n<p>Klasik tarz\u0131n ve rafine i\u015f\u00e7ili\u011fin \u00f6z\u00fcn\u00fc, zarif tasar\u0131mlar\u0131m\u0131zla ke\u015ffedin <strong>Erkek Kahverengi Deri Oxfords<\/strong>. Se\u00e7kin beyefendiler i\u00e7in tasarlanan bu sofistike elbise ayakkab\u0131lar\u0131, geleneksel zarafeti \u00e7a\u011fda\u015f detaylarla kusursuz bir \u015fekilde harmanl\u0131yor. Her bir \u00e7iftimiz <strong>Erkek Kahverengi Deri Oxfords<\/strong> \u00fcst\u00fcn sanat\u00e7\u0131l\u0131\u011f\u0131n bir kan\u0131t\u0131d\u0131r ve yaln\u0131zca se\u00e7kin bir g\u00f6r\u00fcn\u00fcm de\u011fil, ayn\u0131 zamanda herhangi bir resmi veya i\u015f ama\u00e7l\u0131 g\u00fcndelik durum i\u00e7in benzersiz bir konfor vaat eder.<\/p>\n<h3>E\u015fsiz Kalite ve Tasar\u0131m<\/h3>\n<p>D\u0131\u015f y\u00fczeyi i\u00e7in en iyi hakiki dana derisinden \u00fcretilen bu <strong>Erkek Kahverengi Deri Oxfords<\/strong> l\u00fcks\u00fc yans\u0131tan zengin, koyu kahverengi bir tona sahiptir. Tasar\u0131m, burun ve yan panellerdeki \u00e7arp\u0131c\u0131 timsah kabartmal\u0131 deri vurgularla benzersiz bir doku ve sofistike bir hava kat\u0131yor. Bu kombinasyon, bu Oxfords'u geleneksel resmi ayakkab\u0131lardan ay\u0131ran g\u00f6rsel olarak \u00e7ekici bir kontrast olu\u015fturur.<\/p>\n<p>\u0130\u00e7 k\u0131s\u0131m, ola\u011fan\u00fcst\u00fc yumu\u015fakl\u0131\u011f\u0131 ve nefes alabilirli\u011fi ile tan\u0131nan birinci s\u0131n\u0131f ke\u00e7i derisi ile astarlanm\u0131\u015ft\u0131r. Bu, ister zorlu bir i\u015f toplant\u0131s\u0131nda ister \u00f6zel bir etkinlikte olun, ayaklar\u0131n\u0131z\u0131n g\u00fcn boyunca ferah hissetmesini sa\u011flayarak maksimum konfor sa\u011flar. Hafif Microlight taban\u0131n \u00f6zenli entegrasyonu m\u00fckemmel yast\u0131klama, esneklik ve destek sa\u011flayarak bu ayakkab\u0131y\u0131 <strong>Erkek Kahverengi Deri Oxfords<\/strong> uzun s\u00fcreli kullan\u0131m i\u00e7in idealdir. \u0130nce 1-3 cm topu\u011fa sahip bu ayakkab\u0131lar, klasik oranlar\u0131 korurken kendinden emin ad\u0131mlar i\u00e7in m\u00fckemmel bir y\u00fckselti sunar.<\/p>\n<h3>\u00c7ok Y\u00f6nl\u00fcl\u00fck ve Toplu Sipari\u015f Se\u00e7enekleri<\/h3>\n<p>Bizim <strong>Erkek Kahverengi Deri Oxfords<\/strong> son derece \u00e7ok y\u00f6nl\u00fcd\u00fcr; \u00f6zel tak\u0131m elbiseler, \u015f\u0131k pantolonlar ve hatta sofistike g\u00fcndelik k\u0131yafetlerle m\u00fckemmel uyum sa\u011flar. AB 39'dan 45'e kadar kapsaml\u0131 bir beden yelpazesinde mevcuttur ve geni\u015f bir m\u00fc\u015fteri yelpazesi i\u00e7in m\u00fckemmel bir uyum sa\u011flar. Perakendeciler ve i\u015fletmeler i\u00e7in, minimum 8 \u00e7ift sipari\u015f miktar\u0131 ile cazip toptan sat\u0131\u015f se\u00e7enekleri sunuyoruz ve bu \u00e7ok aranan \u00fcr\u00fcnleri stoklaman\u0131za olanak tan\u0131yoruz <strong>Erkek Kahverengi Deri Oxfords<\/strong>. Her sipari\u015f, envanteriniz i\u00e7in kalite ve zaman\u0131nda teslimat\u0131 garanti eden 12 g\u00fcn art\u0131 nakliye s\u00fcresi ile titiz bir \u00fcretimden ge\u00e7er.<\/p>\n<p>Tarz\u0131n\u0131z ve standartlar\u0131n\u0131z hakk\u0131nda \u00e7ok \u015fey anlatan ayakkab\u0131lara yat\u0131r\u0131m yap\u0131n. Bizim <strong>Erkek Kahverengi Deri Oxfords<\/strong> ayakkab\u0131dan daha fazlas\u0131d\u0131r; onlar bir s\u0131n\u0131f ve kal\u0131c\u0131 kalite ifadesidir. Her ad\u0131mda gelenek, yenilik ve konforun m\u00fckemmel kar\u0131\u015f\u0131m\u0131n\u0131 deneyimleyin.<\/p>","protected":false},"excerpt":{"rendered":"<ul>\n<li><strong>Premium Malzemeler:<\/strong> \u00dcst\u00fcn konfor ve dayan\u0131kl\u0131l\u0131k i\u00e7in hakiki dana derisi d\u0131\u015f y\u00fczey ve esnek ke\u00e7i derisi i\u00e7 k\u0131s\u0131m ile \u00fcretilmi\u015ftir.<\/li>\n<li><strong>Zarif Tasar\u0131m:<\/strong> \u015e\u0131k kahverengi tonu, burnu ve aya\u011f\u0131 saran \u015f\u0131k timsah kabartmal\u0131 deri vurgular\u0131yla \u00f6ne \u00e7\u0131kar.<\/li>\n<li><strong>Konfor Taban:<\/strong> Hafif Microlight taban, g\u00fcn boyu kullan\u0131m i\u00e7in m\u00fckemmel yast\u0131klama ve esneklik sa\u011flar.<\/li>\n<li><strong>Optimal Topuk Y\u00fcksekli\u011fi:<\/strong> Klasik \u00e7ekicilik ve rahat duru\u015f i\u00e7in ince 1-3 cm topuk.<\/li>\n<li><strong>Mevcut Boyutlar:<\/strong> AB 39, 40, 41, 42, 43, 44, 45.<\/li>\n<li><strong>Toptan Sat\u0131\u015f:<\/strong> Minimum 8 \u00e7ift sipari\u015f.<\/li>\n<li><strong>\u00dcretim ve Teslimat:<\/strong> \u00dcretim 12 g\u00fcn art\u0131 nakliye s\u00fcresi s\u00fcrer.<\/li>\n<\/ul>","protected":false},"featured_media":3377,"template":"","meta":{"_acf_changed":false,"_uag_custom_page_level_css":"","site-sidebar-layout":"default","site-content-layout":"","ast-site-content-layout":"default","site-content-style":"default","site-sidebar-style":"default","ast-global-header-display":"","ast-banner-title-visibility":"","ast-main-header-display":"","ast-hfb-above-header-display":"","ast-hfb-below-header-display":"","ast-hfb-mobile-header-display":"","site-post-title":"","ast-breadcrumbs-content":"","ast-featured-img":"","footer-sml-layout":"","ast-disable-related-posts":"","theme-transparent-header-meta":"default","adv-header-id-meta":"","stick-header-meta":"","header-above-stick-meta":"","header-main-stick-meta":"","header-below-stick-meta":"","astra-migrate-meta-layouts":"set","ast-page-background-enabled":"default","ast-page-background-meta":{"desktop":{"background-color":"var(--ast-global-color-4)","background-image":"","background-repeat":"repeat","background-position":"center center","background-size":"auto","background-attachment":"scroll","background-type":"","background-media":"","overlay-type":"","overlay-color":"","overlay-opacity":"","overlay-gradient":""},"tablet":{"background-color":"","background-image":"","background-repeat":"repeat","background-position":"center center","background-size":"auto","background-attachment":"scroll","background-type":"","background-media":"","overlay-type":"","overlay-color":"","overlay-opacity":"","overlay-gradient":""},"mobile":{"background-color":"","background-image":"","background-repeat":"repeat","background-position":"center center","background-size":"auto","background-attachment":"scroll","background-type":"","background-media":"","overlay-type":"","overlay-color":"","overlay-opacity":"","overlay-gradient":""}},"ast-content-background-meta":{"desktop":{"background-color":"var(--ast-global-color-5)","background-image":"","background-repeat":"repeat","background-position":"center center","background-size":"auto","background-attachment":"scroll","background-type":"","background-media":"","overlay-type":"","overlay-color":"","overlay-opacity":"","overlay-gradient":""},"tablet":{"background-color":"var(--ast-global-color-5)","background-image":"","background-repeat":"repeat","background-position":"center center","background-size":"auto","background-attachment":"scroll","background-type":"","background-media":"","overlay-type":"","overlay-color":"","overlay-opacity":"","overlay-gradient":""},"mobile":{"background-color":"var(--ast-global-color-5)","background-image":"","background-repeat":"repeat","background-position":"center center","background-size":"auto","background-attachment":"scroll","background-type":"","background-media":"","overlay-type":"","overlay-color":"","overlay-opacity":"","overlay-gradient":""}}},"product_brand":[],"product_cat":[47,430,40],"product_tag":[292,405,451,458,551,550,284,201,437,217,198,549,466],"class_list":{"0":"post-4982","1":"product","2":"type-product","3":"status-publish","4":"has-post-thumbnail","6":"product_cat-classic","7":"product_cat-men","8":"product_cat-mens-shoes","9":"product_tag-brown-leather-shoes","10":"product_tag-business-shoes","11":"product_tag-calfskin-leather","12":"product_tag-cap-toe-shoes","13":"product_tag-classic-style","14":"product_tag-crocodile-embossed-leather","15":"product_tag-dress-shoes","16":"product_tag-formal-footwear","17":"product_tag-goat-leather","18":"product_tag-luxury-footwear","19":"product_tag-mens-fashion","20":"product_tag-mens-oxfords","21":"product_tag-microlight-sole","22":"desktop-align-center","23":"tablet-align-center","24":"mobile-align-center","26":"first","27":"instock","28":"shipping-taxable","29":"purchasable","30":"product-type-variable","31":"has-default-attributes"},"acf":[],"uagb_featured_image_src":{"full":["https:\/\/turkishtrade.co\/wp-content\/uploads\/2026\/01\/2400EJOMN00017-DARK-BROWN-Z_874.png",453,250,false],"thumbnail":["https:\/\/turkishtrade.co\/wp-content\/uploads\/2026\/01\/2400EJOMN00017-DARK-BROWN-Z_874-150x150.png",150,150,true],"medium":["https:\/\/turkishtrade.co\/wp-content\/uploads\/2026\/01\/2400EJOMN00017-DARK-BROWN-Z_874-300x166.png",300,166,true],"medium_large":["https:\/\/turkishtrade.co\/wp-content\/uploads\/2026\/01\/2400EJOMN00017-DARK-BROWN-Z_874.png",453,250,false],"large":["https:\/\/turkishtrade.co\/wp-content\/uploads\/2026\/01\/2400EJOMN00017-DARK-BROWN-Z_874.png",453,250,false],"1536x1536":["https:\/\/turkishtrade.co\/wp-content\/uploads\/2026\/01\/2400EJOMN00017-DARK-BROWN-Z_874.png",453,250,false],"2048x2048":["https:\/\/turkishtrade.co\/wp-content\/uploads\/2026\/01\/2400EJOMN00017-DARK-BROWN-Z_874.png",453,250,false],"trp-custom-language-flag":["https:\/\/turkishtrade.co\/wp-content\/uploads\/2026\/01\/2400EJOMN00017-DARK-BROWN-Z_874-18x10.png",18,10,true],"woocommerce_thumbnail":["https:\/\/turkishtrade.co\/wp-content\/uploads\/2026\/01\/2400EJOMN00017-DARK-BROWN-Z_874-400x250.png",400,250,true],"woocommerce_single":["https:\/\/turkishtrade.co\/wp-content\/uploads\/2026\/01\/2400EJOMN00017-DARK-BROWN-Z_874.png",453,250,false],"woocommerce_gallery_thumbnail":["https:\/\/turkishtrade.co\/wp-content\/uploads\/2026\/01\/2400EJOMN00017-DARK-BROWN-Z_874-100x100.png",100,100,true]},"uagb_author_info":{"display_name":"yaser olabi","author_link":"https:\/\/turkishtrade.co\/tr\/author\/"},"uagb_comment_info":0,"uagb_excerpt":"Premium Materials: Crafted with genuine calfskin leather exterior and supple goat leather interior for superior comfort and durability. Elegant Design: Features a sophisticated brown tone with stylish crocodile-embossed leather accents on the cap-toe and quarter. Comfort Sole: Lightweight Microlight sole provides excellent cushioning and flexibility for all-day wear. Optimal Heel Height: Subtle 1-3 cm heel&hellip;","_links":{"self":[{"href":"https:\/\/turkishtrade.co\/tr\/wp-json\/wp\/v2\/product\/4982","targetHints":{"allow":["GET"]}}],"collection":[{"href":"https:\/\/turkishtrade.co\/tr\/wp-json\/wp\/v2\/product"}],"about":[{"href":"https:\/\/turkishtrade.co\/tr\/wp-json\/wp\/v2\/types\/product"}],"wp:featuredmedia":[{"embeddable":true,"href":"https:\/\/turkishtrade.co\/tr\/wp-json\/wp\/v2\/media\/3377"}],"wp:attachment":[{"href":"https:\/\/turkishtrade.co\/tr\/wp-json\/wp\/v2\/media?parent=4982"}],"wp:term":[{"taxonomy":"product_brand","embeddable":true,"href":"https:\/\/turkishtrade.co\/tr\/wp-json\/wp\/v2\/product_brand?post=4982"},{"taxonomy":"product_cat","embeddable":true,"href":"https:\/\/turkishtrade.co\/tr\/wp-json\/wp\/v2\/product_cat?post=4982"},{"taxonomy":"product_tag","embeddable":true,"href":"https:\/\/turkishtrade.co\/tr\/wp-json\/wp\/v2\/product_tag?post=4982"}],"curies":[{"name":"wp","href":"https:\/\/api.w.org\/{rel}","templated":true}]}}