{"id":4980,"date":"2026-01-14T10:55:35","date_gmt":"2026-01-14T10:55:35","guid":{"rendered":"https:\/\/turkishtrade.co\/product\/mens-calf-leather-loafers\/"},"modified":"2026-04-09T19:48:15","modified_gmt":"2026-04-09T19:48:15","slug":"mens-calf-leather-loafers","status":"publish","type":"product","link":"https:\/\/turkishtrade.co\/tr\/shop\/mens-calf-leather-loafers\/","title":{"rendered":"Erkek Premium Dana Derisi Loafer'lar"},"content":{"rendered":"<p><strong>Erkek Dana Derisi Loafer<\/strong><\/p>\n<p>Ayakkab\u0131 koleksiyonunuzu se\u00e7kin \u00fcr\u00fcnlerimizle geli\u015ftirin <strong>Erkek Dana Derisi Loafer<\/strong>, Hem stil hem de konfora de\u011fer veren se\u00e7ici beyefendiler i\u00e7in tasarlanm\u0131\u015ft\u0131r. Benzersiz bir incelik ve dayan\u0131kl\u0131l\u0131k sunmak \u00fczere titizlikle \u00fcretilen bu birinci s\u0131n\u0131f mokasen ayakkab\u0131lar, her t\u00fcrl\u00fc resmi veya \u015f\u0131k g\u00fcndelik k\u0131yafet i\u00e7in vazge\u00e7ilmez bir eklentidir. Geleneksel i\u015f\u00e7ilik ve modern tasar\u0131m\u0131n kar\u0131\u015f\u0131m\u0131n\u0131 bu ola\u011fan\u00fcst\u00fc ayakkab\u0131larla deneyimleyin. <strong>Erkek Dana Derisi Loafer<\/strong>.<\/p>\n<h3>Rakipsiz Kalite ve Malzemeler<\/h3>\n<p>Bu zarif \u00e7iftlerin her biri <strong>Erkek Dana Derisi Loafer<\/strong> p\u00fcr\u00fczs\u00fcz dokusu, esnekli\u011fi ve l\u00fcks g\u00f6r\u00fcn\u00fcm\u00fcyle tan\u0131nan en iyi dana derisi ile ba\u015flar. Bu mokasen ayakkab\u0131lar\u0131n zengin kahverengi tonu, zamans\u0131z bir cazibeye sahiptir ve \u00e7ok \u00e7e\u015fitli k\u0131yafetleri tamamlamas\u0131n\u0131 sa\u011flar. \u0130\u00e7 k\u0131s\u0131mda, ayaklar\u0131n\u0131z son derece yumu\u015fak ke\u00e7i derisi astarla sar\u0131lacak ve giydi\u011finiz andan itibaren nefes alabilirlik ve son derece rahat bir uyum sa\u011flayacakt\u0131r. \u00dcst\u00fcn malzemelere olan bu ba\u011fl\u0131l\u0131k, bu ayakkab\u0131lar\u0131n sadece bir ayakkab\u0131 de\u011fil, kal\u0131c\u0131 bir stil yat\u0131r\u0131m\u0131 olmas\u0131n\u0131 sa\u011flar.<\/p>\n<h3>Konfor ve Stil i\u00e7in Tasarland\u0131<\/h3>\n<p>Konfor her \u015feyden \u00f6nemlidir ve <strong>Erkek Dana Derisi Loafer<\/strong> teslim edin. Yenilik\u00e7i Microlight taban, ola\u011fan\u00fcst\u00fc hafiflik ve esneklik sunarak uzun saatler giyildikten sonra bile ayak yorgunlu\u011funu azalt\u0131r. Bu geli\u015fmi\u015f taban teknolojisi, gereksiz a\u011f\u0131rl\u0131k eklemeden m\u00fckemmel kavrama ve dayan\u0131kl\u0131l\u0131k sa\u011flayarak bu ayakkab\u0131lar\u0131 g\u00fcnl\u00fck kullan\u0131m veya \u00f6zel g\u00fcnler i\u00e7in ideal bir elbise ayakkab\u0131s\u0131 haline getirir. 1-3 cm'lik ince bir topu\u011fa sahip bu loafer ayakkab\u0131lar, zarif bir siluet i\u00e7in do\u011fru miktarda kald\u0131rma sa\u011flar. S\u0131rt k\u0131sm\u0131ndaki dokulu detaylarla vurgulanan klasik loafer tasar\u0131m\u0131, bu ayakkab\u0131lar\u0131 <strong>Erkek Dana Derisi Loafer<\/strong> ger\u00e7ekten g\u00f6ze \u00e7arp\u0131yor.<\/p>\n<h3>Her Durum \u0130\u00e7in \u00c7ok Y\u00f6nl\u00fc \u015e\u0131kl\u0131k<\/h3>\n<p>\u0130ster bir i\u015f toplant\u0131s\u0131na, ister resmi bir etkinli\u011fe gidiyor olun, ister sadece sofistike bir ak\u015fam\u0131n tad\u0131n\u0131 \u00e7\u0131kar\u0131n, bu <strong>Erkek Dana Derisi Loafer<\/strong> m\u00fckemmel arkada\u015f\u0131n\u0131zd\u0131r. \u00c7ok y\u00f6nl\u00fc tasar\u0131mlar\u0131 profesyonel ortamlardan \u015f\u0131k sosyal toplant\u0131lara sorunsuzca ge\u00e7i\u015f yapar. Keskin ve g\u00f6steri\u015fli bir g\u00f6r\u00fcn\u00fcm i\u00e7in \u00f6zel dikim tak\u0131m elbiselerle e\u015fle\u015ftirin ya da smart-casual sofistike bir g\u00f6r\u00fcn\u00fcm i\u00e7in chino pantolon ve blazer ceketle kombinleyin. Bunlar <strong>Erkek Dana Derisi Loafer<\/strong> \u00e7ok y\u00f6nl\u00fcl\u00fc\u011f\u00fc ve kal\u0131c\u0131 stili temsil eder.<\/p>\n<h3>Toptan Sat\u0131\u015f F\u0131rsat\u0131<\/h3>\n<p>Birinci s\u0131n\u0131f ayakkab\u0131lar sunmak isteyen i\u015fletmeler i\u00e7in bu <strong>Erkek Dana Derisi Loafer<\/strong> minimum 8 \u00e7ift sipari\u015f ile toptan sat\u0131n al\u0131nabilir. Sipari\u015flerin 12 g\u00fcn i\u00e7inde g\u00f6nderilmesi ve standart nakliye s\u00fcresi ile zaman\u0131nda teslimat konusunda kendimizle gurur duyuyoruz. EU 39-45 beden aral\u0131\u011f\u0131nda bulunan bu zarif loafer'larla m\u00fc\u015fterilerinize hak ettikleri l\u00fcks ve kaliteyi sunun. Bu ola\u011fan\u00fcst\u00fc <strong>Erkek Dana Derisi Loafer<\/strong> rekabet\u00e7i USD fiyat\u0131na sahiptir ve bu kadar y\u00fcksek kaliteli i\u015f\u00e7ilik i\u00e7in m\u00fckemmel de\u011fer sunar.<\/p>","protected":false},"excerpt":{"rendered":"<ul>\n<li><strong>Premium Malzemeler:<\/strong> L\u00fcks dana derisi d\u0131\u015f y\u00fczey ve yumu\u015fak ke\u00e7i derisi i\u00e7 k\u0131s\u0131mdan \u00fcretilmi\u015ftir.<\/li>\n<li><strong>Hafif Konfor:<\/strong> T\u00fcm g\u00fcn kullan\u0131m i\u00e7in dayan\u0131kl\u0131, hafif Microlight tabana sahiptir.<\/li>\n<li><strong>Klasik tarz:<\/strong> \u0130nce 1-3 cm topuklu zarif loafer tasar\u0131m.<\/li>\n<li><strong>Mevcut Boyutlar:<\/strong> AB 39, 40, 41, 42, 43, 44, 45.<\/li>\n<li><strong>Toptan Sat\u0131\u015f:<\/strong> Minimum 8 \u00e7ift sipari\u015f.<\/li>\n<li><strong>Teslimat:<\/strong> 12 g\u00fcn + nakliye.<\/li>\n<li><strong>Fiyat:<\/strong> \u00c7ift ba\u015f\u0131na USD.<\/li>\n<\/ul>","protected":false},"featured_media":3376,"template":"","meta":{"_acf_changed":false,"_uag_custom_page_level_css":"","site-sidebar-layout":"default","site-content-layout":"","ast-site-content-layout":"default","site-content-style":"default","site-sidebar-style":"default","ast-global-header-display":"","ast-banner-title-visibility":"","ast-main-header-display":"","ast-hfb-above-header-display":"","ast-hfb-below-header-display":"","ast-hfb-mobile-header-display":"","site-post-title":"","ast-breadcrumbs-content":"","ast-featured-img":"","footer-sml-layout":"","ast-disable-related-posts":"","theme-transparent-header-meta":"default","adv-header-id-meta":"","stick-header-meta":"","header-above-stick-meta":"","header-main-stick-meta":"","header-below-stick-meta":"","astra-migrate-meta-layouts":"set","ast-page-background-enabled":"default","ast-page-background-meta":{"desktop":{"background-color":"var(--ast-global-color-4)","background-image":"","background-repeat":"repeat","background-position":"center center","background-size":"auto","background-attachment":"scroll","background-type":"","background-media":"","overlay-type":"","overlay-color":"","overlay-opacity":"","overlay-gradient":""},"tablet":{"background-color":"","background-image":"","background-repeat":"repeat","background-position":"center center","background-size":"auto","background-attachment":"scroll","background-type":"","background-media":"","overlay-type":"","overlay-color":"","overlay-opacity":"","overlay-gradient":""},"mobile":{"background-color":"","background-image":"","background-repeat":"repeat","background-position":"center center","background-size":"auto","background-attachment":"scroll","background-type":"","background-media":"","overlay-type":"","overlay-color":"","overlay-opacity":"","overlay-gradient":""}},"ast-content-background-meta":{"desktop":{"background-color":"var(--ast-global-color-5)","background-image":"","background-repeat":"repeat","background-position":"center center","background-size":"auto","background-attachment":"scroll","background-type":"","background-media":"","overlay-type":"","overlay-color":"","overlay-opacity":"","overlay-gradient":""},"tablet":{"background-color":"var(--ast-global-color-5)","background-image":"","background-repeat":"repeat","background-position":"center center","background-size":"auto","background-attachment":"scroll","background-type":"","background-media":"","overlay-type":"","overlay-color":"","overlay-opacity":"","overlay-gradient":""},"mobile":{"background-color":"var(--ast-global-color-5)","background-image":"","background-repeat":"repeat","background-position":"center center","background-size":"auto","background-attachment":"scroll","background-type":"","background-media":"","overlay-type":"","overlay-color":"","overlay-opacity":"","overlay-gradient":""}}},"product_brand":[],"product_cat":[47,430,40],"product_tag":[187,513,185,284,544,545,251,189,217,198,186,466,362,546,456],"class_list":{"0":"post-4980","1":"product","2":"type-product","3":"status-publish","4":"has-post-thumbnail","6":"product_cat-classic","7":"product_cat-men","8":"product_cat-mens-shoes","9":"product_tag-brown-leather-loafers","10":"product_tag-business-casual-shoes","11":"product_tag-calf-leather-shoes","12":"product_tag-dress-shoes","13":"product_tag-elegant-loafers","14":"product_tag-eu-39-45","15":"product_tag-formal-shoes","16":"product_tag-goat-leather-lining","17":"product_tag-luxury-footwear","18":"product_tag-mens-fashion","19":"product_tag-mens-loafers","20":"product_tag-microlight-sole","21":"product_tag-premium-footwear","22":"product_tag-stylish-mens-shoes","23":"product_tag-wholesale-loafers","24":"desktop-align-center","25":"tablet-align-center","26":"mobile-align-center","28":"first","29":"instock","30":"shipping-taxable","31":"purchasable","32":"product-type-variable","33":"has-default-attributes"},"acf":[],"uagb_featured_image_src":{"full":["https:\/\/turkishtrade.co\/wp-content\/uploads\/2026\/01\/2400EJOMN00016-BROWN-A_12570.png",453,250,false],"thumbnail":["https:\/\/turkishtrade.co\/wp-content\/uploads\/2026\/01\/2400EJOMN00016-BROWN-A_12570-150x150.png",150,150,true],"medium":["https:\/\/turkishtrade.co\/wp-content\/uploads\/2026\/01\/2400EJOMN00016-BROWN-A_12570-300x166.png",300,166,true],"medium_large":["https:\/\/turkishtrade.co\/wp-content\/uploads\/2026\/01\/2400EJOMN00016-BROWN-A_12570.png",453,250,false],"large":["https:\/\/turkishtrade.co\/wp-content\/uploads\/2026\/01\/2400EJOMN00016-BROWN-A_12570.png",453,250,false],"1536x1536":["https:\/\/turkishtrade.co\/wp-content\/uploads\/2026\/01\/2400EJOMN00016-BROWN-A_12570.png",453,250,false],"2048x2048":["https:\/\/turkishtrade.co\/wp-content\/uploads\/2026\/01\/2400EJOMN00016-BROWN-A_12570.png",453,250,false],"trp-custom-language-flag":["https:\/\/turkishtrade.co\/wp-content\/uploads\/2026\/01\/2400EJOMN00016-BROWN-A_12570-18x10.png",18,10,true],"woocommerce_thumbnail":["https:\/\/turkishtrade.co\/wp-content\/uploads\/2026\/01\/2400EJOMN00016-BROWN-A_12570-400x250.png",400,250,true],"woocommerce_single":["https:\/\/turkishtrade.co\/wp-content\/uploads\/2026\/01\/2400EJOMN00016-BROWN-A_12570.png",453,250,false],"woocommerce_gallery_thumbnail":["https:\/\/turkishtrade.co\/wp-content\/uploads\/2026\/01\/2400EJOMN00016-BROWN-A_12570-100x100.png",100,100,true]},"uagb_author_info":{"display_name":"yaser olabi","author_link":"https:\/\/turkishtrade.co\/tr\/author\/"},"uagb_comment_info":0,"uagb_excerpt":"Premium Materials: Crafted from luxurious calf leather exterior and soft goat leather interior. Lightweight Comfort: Features a durable, lightweight Microlight sole for all-day wear. Classic Style: Elegant loafer design with a subtle 1-3cm heel. Available Sizes: EU 39, 40, 41, 42, 43, 44, 45. Wholesale Availability: Minimum order of 8 pairs. Delivery: 12 days +&hellip;","_links":{"self":[{"href":"https:\/\/turkishtrade.co\/tr\/wp-json\/wp\/v2\/product\/4980","targetHints":{"allow":["GET"]}}],"collection":[{"href":"https:\/\/turkishtrade.co\/tr\/wp-json\/wp\/v2\/product"}],"about":[{"href":"https:\/\/turkishtrade.co\/tr\/wp-json\/wp\/v2\/types\/product"}],"wp:featuredmedia":[{"embeddable":true,"href":"https:\/\/turkishtrade.co\/tr\/wp-json\/wp\/v2\/media\/3376"}],"wp:attachment":[{"href":"https:\/\/turkishtrade.co\/tr\/wp-json\/wp\/v2\/media?parent=4980"}],"wp:term":[{"taxonomy":"product_brand","embeddable":true,"href":"https:\/\/turkishtrade.co\/tr\/wp-json\/wp\/v2\/product_brand?post=4980"},{"taxonomy":"product_cat","embeddable":true,"href":"https:\/\/turkishtrade.co\/tr\/wp-json\/wp\/v2\/product_cat?post=4980"},{"taxonomy":"product_tag","embeddable":true,"href":"https:\/\/turkishtrade.co\/tr\/wp-json\/wp\/v2\/product_tag?post=4980"}],"curies":[{"name":"wp","href":"https:\/\/api.w.org\/{rel}","templated":true}]}}