{"id":4977,"date":"2026-01-14T10:55:13","date_gmt":"2026-01-14T10:55:13","guid":{"rendered":"https:\/\/turkishtrade.co\/product\/mens-calf-leather-oxford-shoes\/"},"modified":"2026-04-09T19:48:22","modified_gmt":"2026-04-09T19:48:22","slug":"mens-calf-leather-oxford-shoes","status":"publish","type":"product","link":"https:\/\/turkishtrade.co\/tr\/shop\/mens-calf-leather-oxford-shoes\/","title":{"rendered":"Erkekler i\u00e7in El Yap\u0131m\u0131 Dana Derisi Oxford Elbise Ayakkab\u0131s\u0131"},"content":{"rendered":"<p><strong>Erkek Dana Derisi Oxford Ayakkab\u0131<\/strong><\/p>\n<p>Enfes \u00fcr\u00fcn yelpazemizle zamans\u0131z \u015f\u0131kl\u0131\u011fa ad\u0131m at\u0131n <b>Erkek Dana Derisi Oxford Ayakkab\u0131<\/b>. Se\u00e7kin beyefendiler i\u00e7in tasarlanan bu ayakkab\u0131lar, geleneksel i\u015f\u00e7ili\u011fi modern konforla birle\u015ftiren sofistike ayakkab\u0131lar\u0131n \u00f6z\u00fcd\u00fcr. Her bir \u00e7ift, yaln\u0131zca \u00fcst\u00fcn bir estetik de\u011fil, ayn\u0131 zamanda benzersiz bir dayan\u0131kl\u0131l\u0131k ve m\u00fckemmel bir uyum sa\u011flamak i\u00e7in titizlikle el i\u015f\u00e7ili\u011fiyle \u00fcretilmi\u015ftir.<\/p>\n<p>\u0130ster \u00f6nemli bir i\u015f toplant\u0131s\u0131na, ister resmi bir etkinli\u011fe kat\u0131l\u0131yor olun, ister sadece g\u00fcnl\u00fck profesyonel k\u0131yafetlerinizi y\u00fckseltmek isteyin, bu Oxford ayakkab\u0131lar en iyi yol arkada\u015f\u0131n\u0131zd\u0131r.<\/p>\n<p><h3>E\u015fsiz Kalite ve \u0130\u015f\u00e7ilik<\/h3>\n<\/p>\n<p>Kaliteye olan ba\u011fl\u0131l\u0131\u011f\u0131m\u0131z birinci s\u0131n\u0131f malzeme se\u00e7imiyle ba\u015flar. Bu ola\u011fan\u00fcst\u00fc modellerin d\u0131\u015f <b>Erkek Dana Derisi Oxford Ayakkab\u0131<\/b> p\u00fcr\u00fczs\u00fcz dokusu, do\u011fal parlakl\u0131\u011f\u0131 ve zaman i\u00e7inde aya\u011f\u0131n\u0131za g\u00fczel bir \u015fekilde uyum sa\u011flamas\u0131yla tan\u0131nan esnek, y\u00fcksek kaliteli dana derisinden \u00fcretilmi\u015ftir.<\/p>\n<p>Bu dana derisi se\u00e7imi, l\u00fcks bir g\u00f6r\u00fcn\u00fcm ve his sa\u011flayarak her bir \u00e7ifti bir ifade par\u00e7as\u0131 haline getirir. Detaylara g\u00f6sterilen \u00f6zen, hassas diki\u015flerde ve zanaatk\u00e2r uzmanl\u0131\u011f\u0131n\u0131 sergileyen klasik burun tasar\u0131m\u0131nda kendini g\u00f6sterir.<\/p>\n<p><h3>L\u00fcks \u0130\u00e7 Mekanlar ile \u00dcst\u00fcn Konfor<\/h3>\n<\/p>\n<p>Tasar\u0131m felsefemizde konfor her \u015feyden \u00f6nemlidir. Bunlar\u0131n i\u00e7 mekan\u0131 <b>Erkek Dana Derisi Oxford Ayakkab\u0131<\/b> tamamen yumu\u015fak, nefes alabilen ke\u00e7i derisi ile astarlanm\u0131\u015ft\u0131r. Bu birinci s\u0131n\u0131f astar sadece cildinize kar\u015f\u0131 inan\u0131lmaz derecede p\u00fcr\u00fczs\u00fcz bir his vermekle kalmaz, ayn\u0131 zamanda nemi uzakla\u015ft\u0131rmaya yard\u0131mc\u0131 olarak ayaklar\u0131n\u0131z\u0131 en uzun g\u00fcnler boyunca rahat ve ferah tutar.<\/p>\n<p>Esneklik, m\u00fckemmel \u015fok emilimi ve g\u00fcvenilir kavrama i\u00e7in tasarlanm\u0131\u015f hafif microlight taban, pel\u00fc\u015f i\u00e7 k\u0131sm\u0131 tamamlar. \u0130nce topuk y\u00fcksekli\u011fi 1-3 cm olan bu ayakkab\u0131lar, konfordan \u00f6d\u00fcn vermeden klasik bir profil sunar.<\/p>\n<p><h3>Her Durum i\u00e7in \u00c7ok Y\u00f6nl\u00fc Stil<\/h3>\n<\/p>\n<p>Bunlar\u0131n klasik tasar\u0131m\u0131 <b>Erkek Dana Derisi Oxford Ayakkab\u0131<\/b> inan\u0131lmaz derecede \u00e7ok y\u00f6nl\u00fc olmas\u0131n\u0131 sa\u011flar. Resmi i\u015f ortamlar\u0131 i\u00e7in m\u00fckemmel bir se\u00e7imdir, tak\u0131m elbiselerinize ve \u00f6zel dikim pantolonlar\u0131n\u0131za otorite ve cila katar. Toplant\u0131 odas\u0131n\u0131n \u00f6tesinde, siyah kravatl\u0131 etkinliklere, d\u00fc\u011f\u00fcnlere ve sofistike sosyal toplant\u0131lara sorunsuz bir \u015fekilde ge\u00e7i\u015f yaparlar.<\/p>\n<p>39'dan 45'e (AB) kadar \u00e7e\u015fitli bedenlerde mevcut olup, geni\u015f bir m\u00fc\u015fteri yelpazesi i\u00e7in m\u00fckemmel bir uyum sa\u011fl\u0131yoruz. Sadece birinci s\u0131n\u0131f Oxford ayakkab\u0131lar\u0131m\u0131z\u0131n sunabilece\u011fi gelenek ve \u00e7a\u011fda\u015f tarz\u0131n kar\u0131\u015f\u0131m\u0131n\u0131 deneyimleyin.<\/p>\n<p><h3>Toptan Sat\u0131\u015f F\u0131rsatlar\u0131 ve G\u00fcvenilir Teslimat<\/h3>\n<\/p>\n<p>Y\u00fcksek kaliteli erkek ayakkab\u0131s\u0131 stoklamak isteyen perakendeciler ve i\u015fletmeler i\u00e7in <b>Erkek Dana Derisi Oxford Ayakkab\u0131<\/b> toptan sat\u0131n al\u0131nabilir. Minimum sipari\u015f miktar\u0131 sadece 8 \u00e7ift oldu\u011fundan, bu birinci s\u0131n\u0131f \u00fcr\u00fcn\u00fc m\u00fc\u015fterilerinize tan\u0131tmak \u00e7ok kolayd\u0131r. Yakla\u015f\u0131k 12 g\u00fcnl\u00fck teslimat s\u00fcresi ve nakliye ile sipari\u015finizin h\u0131zl\u0131 bir \u015fekilde ula\u015fmas\u0131n\u0131 sa\u011flayan verimli hizmetimizle gurur duyuyoruz.<\/p>\n<p>Kalite ve stil hakk\u0131nda \u00e7ok \u015fey anlatan ayakkab\u0131lara yat\u0131r\u0131m yap\u0131n.<\/p>","protected":false},"excerpt":{"rendered":"<ul>\n<li><b>D\u0131\u015far\u0131dan:<\/b> \u015e\u0131k ve zarif bir g\u00f6r\u00fcn\u00fcm i\u00e7in Premium Dana Derisi.<\/li>\n<li><b>\u0130\u00e7 mekan:<\/b> L\u00fcks Ke\u00e7i Derisi astar nefes alabilirlik ve konfor sa\u011flar.<\/li>\n<li><b>Taban:<\/b> M\u00fckemmel kavrama ve g\u00fcn boyu kullan\u0131m i\u00e7in hafif Microlight taban.<\/li>\n<li><b>Topuk Y\u00fcksekli\u011fi:<\/b> Klasik bir profil i\u00e7in ince 1-3 cm.<\/li>\n<li><b>Mevcut Boyutlar:<\/b> 39, 40, 41, 42, 43, 44, 45 (AB).<\/li>\n<li><b>Minimum Sipari\u015f:<\/b> 8 \u00e7ift - perakendeciler ve toplu al\u0131c\u0131lar i\u00e7in ideal.<\/li>\n<li><b>Teslimat S\u00fcresi:<\/b> Yakla\u015f\u0131k 12 g\u00fcn + nakliye.<\/li>\n<li><b>Toptan Sat\u0131\u015f Fiyat\u0131:<\/b> \u00c7ift ba\u015f\u0131na USD (bu ayakkab\u0131 modeli i\u00e7in).<\/li>\n<\/ul>","protected":false},"featured_media":3375,"template":"","meta":{"_acf_changed":false,"_uag_custom_page_level_css":"","site-sidebar-layout":"default","site-content-layout":"","ast-site-content-layout":"default","site-content-style":"default","site-sidebar-style":"default","ast-global-header-display":"","ast-banner-title-visibility":"","ast-main-header-display":"","ast-hfb-above-header-display":"","ast-hfb-below-header-display":"","ast-hfb-mobile-header-display":"","site-post-title":"","ast-breadcrumbs-content":"","ast-featured-img":"","footer-sml-layout":"","ast-disable-related-posts":"","theme-transparent-header-meta":"default","adv-header-id-meta":"","stick-header-meta":"","header-above-stick-meta":"","header-main-stick-meta":"","header-below-stick-meta":"","astra-migrate-meta-layouts":"set","ast-page-background-enabled":"default","ast-page-background-meta":{"desktop":{"background-color":"var(--ast-global-color-4)","background-image":"","background-repeat":"repeat","background-position":"center center","background-size":"auto","background-attachment":"scroll","background-type":"","background-media":"","overlay-type":"","overlay-color":"","overlay-opacity":"","overlay-gradient":""},"tablet":{"background-color":"","background-image":"","background-repeat":"repeat","background-position":"center center","background-size":"auto","background-attachment":"scroll","background-type":"","background-media":"","overlay-type":"","overlay-color":"","overlay-opacity":"","overlay-gradient":""},"mobile":{"background-color":"","background-image":"","background-repeat":"repeat","background-position":"center center","background-size":"auto","background-attachment":"scroll","background-type":"","background-media":"","overlay-type":"","overlay-color":"","overlay-opacity":"","overlay-gradient":""}},"ast-content-background-meta":{"desktop":{"background-color":"var(--ast-global-color-5)","background-image":"","background-repeat":"repeat","background-position":"center center","background-size":"auto","background-attachment":"scroll","background-type":"","background-media":"","overlay-type":"","overlay-color":"","overlay-opacity":"","overlay-gradient":""},"tablet":{"background-color":"var(--ast-global-color-5)","background-image":"","background-repeat":"repeat","background-position":"center center","background-size":"auto","background-attachment":"scroll","background-type":"","background-media":"","overlay-type":"","overlay-color":"","overlay-opacity":"","overlay-gradient":""},"mobile":{"background-color":"var(--ast-global-color-5)","background-image":"","background-repeat":"repeat","background-position":"center center","background-size":"auto","background-attachment":"scroll","background-type":"","background-media":"","overlay-type":"","overlay-color":"","overlay-opacity":"","overlay-gradient":""}}},"product_brand":[],"product_cat":[47,430,40],"product_tag":[540,405,185,541,284,454,251,189,297,416,198,359,466],"class_list":{"0":"post-4977","1":"product","2":"type-product","3":"status-publish","4":"has-post-thumbnail","6":"product_cat-classic","7":"product_cat-men","8":"product_cat-mens-shoes","9":"product_tag-black-oxford-shoes","10":"product_tag-business-shoes","11":"product_tag-calf-leather-shoes","12":"product_tag-cap-toe-oxfords","13":"product_tag-dress-shoes","14":"product_tag-elegant-footwear","15":"product_tag-formal-shoes","16":"product_tag-goat-leather-lining","17":"product_tag-handmade-leather-shoes","18":"product_tag-luxury-shoes","19":"product_tag-mens-fashion","20":"product_tag-mens-oxford-shoes","21":"product_tag-microlight-sole","22":"desktop-align-center","23":"tablet-align-center","24":"mobile-align-center","26":"first","27":"instock","28":"shipping-taxable","29":"purchasable","30":"product-type-variable","31":"has-default-attributes"},"acf":[],"uagb_featured_image_src":{"full":["https:\/\/turkishtrade.co\/wp-content\/uploads\/2026\/01\/2400EJOMN00015-DARK-BLUE-A_642.png",453,250,false],"thumbnail":["https:\/\/turkishtrade.co\/wp-content\/uploads\/2026\/01\/2400EJOMN00015-DARK-BLUE-A_642-150x150.png",150,150,true],"medium":["https:\/\/turkishtrade.co\/wp-content\/uploads\/2026\/01\/2400EJOMN00015-DARK-BLUE-A_642-300x166.png",300,166,true],"medium_large":["https:\/\/turkishtrade.co\/wp-content\/uploads\/2026\/01\/2400EJOMN00015-DARK-BLUE-A_642.png",453,250,false],"large":["https:\/\/turkishtrade.co\/wp-content\/uploads\/2026\/01\/2400EJOMN00015-DARK-BLUE-A_642.png",453,250,false],"1536x1536":["https:\/\/turkishtrade.co\/wp-content\/uploads\/2026\/01\/2400EJOMN00015-DARK-BLUE-A_642.png",453,250,false],"2048x2048":["https:\/\/turkishtrade.co\/wp-content\/uploads\/2026\/01\/2400EJOMN00015-DARK-BLUE-A_642.png",453,250,false],"trp-custom-language-flag":["https:\/\/turkishtrade.co\/wp-content\/uploads\/2026\/01\/2400EJOMN00015-DARK-BLUE-A_642-18x10.png",18,10,true],"woocommerce_thumbnail":["https:\/\/turkishtrade.co\/wp-content\/uploads\/2026\/01\/2400EJOMN00015-DARK-BLUE-A_642-400x250.png",400,250,true],"woocommerce_single":["https:\/\/turkishtrade.co\/wp-content\/uploads\/2026\/01\/2400EJOMN00015-DARK-BLUE-A_642.png",453,250,false],"woocommerce_gallery_thumbnail":["https:\/\/turkishtrade.co\/wp-content\/uploads\/2026\/01\/2400EJOMN00015-DARK-BLUE-A_642-100x100.png",100,100,true]},"uagb_author_info":{"display_name":"yaser olabi","author_link":"https:\/\/turkishtrade.co\/tr\/author\/"},"uagb_comment_info":0,"uagb_excerpt":"Exterior: Premium Calf Leather for a sleek, refined finish. Interior: Luxurious Goat Leather lining ensures breathability and comfort. Sole: Lightweight Microlight sole for excellent grip and all-day wear. Heel Height: Subtle 1-3 cm for a classic profile. Available Sizes: 39, 40, 41, 42, 43, 44, 45 (EU). Minimum Order: 8 pairs \u2013 ideal for retailers&hellip;","_links":{"self":[{"href":"https:\/\/turkishtrade.co\/tr\/wp-json\/wp\/v2\/product\/4977","targetHints":{"allow":["GET"]}}],"collection":[{"href":"https:\/\/turkishtrade.co\/tr\/wp-json\/wp\/v2\/product"}],"about":[{"href":"https:\/\/turkishtrade.co\/tr\/wp-json\/wp\/v2\/types\/product"}],"wp:featuredmedia":[{"embeddable":true,"href":"https:\/\/turkishtrade.co\/tr\/wp-json\/wp\/v2\/media\/3375"}],"wp:attachment":[{"href":"https:\/\/turkishtrade.co\/tr\/wp-json\/wp\/v2\/media?parent=4977"}],"wp:term":[{"taxonomy":"product_brand","embeddable":true,"href":"https:\/\/turkishtrade.co\/tr\/wp-json\/wp\/v2\/product_brand?post=4977"},{"taxonomy":"product_cat","embeddable":true,"href":"https:\/\/turkishtrade.co\/tr\/wp-json\/wp\/v2\/product_cat?post=4977"},{"taxonomy":"product_tag","embeddable":true,"href":"https:\/\/turkishtrade.co\/tr\/wp-json\/wp\/v2\/product_tag?post=4977"}],"curies":[{"name":"wp","href":"https:\/\/api.w.org\/{rel}","templated":true}]}}