{"id":4974,"date":"2026-01-14T10:54:49","date_gmt":"2026-01-14T10:54:49","guid":{"rendered":"https:\/\/turkishtrade.co\/product\/men-crocodile-embossed-loafers\/"},"modified":"2026-04-09T19:48:29","modified_gmt":"2026-04-09T19:48:29","slug":"mens-crocodile-embossed-loafers-2","status":"publish","type":"product","link":"https:\/\/turkishtrade.co\/tr\/shop\/mens-crocodile-embossed-loafers-2\/","title":{"rendered":"L\u00fcks Erkek Timsah Kabartmal\u0131 Deri Loaferlar"},"content":{"rendered":"<p data-rm-block-id=\"block-1\">Enfes koleksiyonumuzla benzersiz bir zarafet d\u00fcnyas\u0131na ad\u0131m at\u0131n <strong>Erkek Timsah Kabartmal\u0131 Loafer<\/strong>. Se\u00e7kin beyefendiler i\u00e7in tasarlanan bu l\u00fcks slip-on ayakkab\u0131lar, sofistike stilin ve \u00fcst\u00fcn i\u015f\u00e7ili\u011fin bir kan\u0131t\u0131d\u0131r. Her bir \u00e7ift, p\u00fcr\u00fczs\u00fcz, birinci s\u0131n\u0131f dana derisi ile vampir ve parmak ucundaki farkl\u0131, zengin dokulu timsah kabartmal\u0131 derinin \u00e7arp\u0131c\u0131 bir kombinasyonuna sahiptir ve dikkat \u00e7eken g\u00f6rsel bir \u015faheser yarat\u0131r. Farkl\u0131 detaylara \u00f6nem verenler i\u00e7in bu <strong>Erkek Timsah Kabartmal\u0131 Loafer<\/strong> her zarif gard\u0131rop i\u00e7in vazge\u00e7ilmez bir eklentidir. \u0130ster bir i\u015f toplant\u0131s\u0131na, ister resmi bir etkinli\u011fe, ister \u015f\u0131k ve g\u00fcndelik bir bulu\u015fmaya gidiyor olun, bu birinci s\u0131n\u0131f <strong>Erkek Timsah Kabartmal\u0131 Loafer<\/strong> kal\u0131c\u0131 bir izlenim b\u0131rakman\u0131z\u0131 sa\u011flayacakt\u0131r.<\/p>\n<h3 data-rm-block-id=\"block-2\">Erkek Timsah Kabartmal\u0131 Loafer'lar\u0131m\u0131zda Rakipsiz \u0130\u015f\u00e7ilik ve Birinci S\u0131n\u0131f Malzemeler<\/h3>\n<p data-rm-block-id=\"block-3\">Kaliteye olan ba\u011fl\u0131l\u0131\u011f\u0131m\u0131z, bu ola\u011fan\u00fcst\u00fc ayakkab\u0131n\u0131n her ilme\u011finde kendini g\u00f6stermektedir. Ayakkab\u0131n\u0131n d\u0131\u015f y\u00fczeyi, esnek dokusu, dayan\u0131kl\u0131l\u0131\u011f\u0131 ve g\u00fczel bir \u015fekilde eskime kabiliyetiyle tan\u0131nan y\u00fcksek kaliteli dana derisinden titizlikle \u00fcretilmi\u015ftir. Yumu\u015fak ke\u00e7i derisinden l\u00fcks bir astara sahip olan i\u00e7 k\u0131s\u0131m, g\u00fcn boyunca ayaklar\u0131n\u0131z i\u00e7in inan\u0131lmaz rahat ve nefes alabilen bir ortam sa\u011flar. Bu \u00f6zenli do\u011fal malzeme se\u00e7imi, bu zarif ayakkab\u0131n\u0131n estetik \u00e7ekicili\u011fini artt\u0131rmakla kalm\u0131yor <strong>Erkek Timsah Kabartmal\u0131 Loafer<\/strong> ayn\u0131 zamanda uzun s\u00fcreli kullan\u0131m ve rahat bir deneyimi garanti ederek onlar\u0131 di\u011ferlerinden ay\u0131r\u0131r.<\/p>\n<h3 data-rm-block-id=\"block-4\">Konfor ve \u00c7ok Y\u00f6nl\u00fcl\u00fck i\u00e7in Tasarland\u0131<\/h3>\n<p data-rm-block-id=\"block-5\">\u00c7arp\u0131c\u0131 g\u00f6r\u00fcn\u00fcmlerinin \u00f6tesinde, bu <strong>Erkek Timsah Kabartmal\u0131 Loafer<\/strong> \u00fcst\u00fcn konfor i\u00e7in tasarlanm\u0131\u015ft\u0131r. Hafif Microlight taban m\u00fckemmel esneklik ve destek sunarken, 1-3 cm'lik ince topuk dengeden \u00f6d\u00fcn vermeden zarif bir y\u00fckselme sa\u011flar. 39'dan 45'e kadar kapsaml\u0131 bir beden yelpazesinde mevcut oldu\u011fundan, m\u00fckemmel uyumunuzu bulmak zahmetsizdir. Slip-on tasar\u0131m\u0131 rahatl\u0131k sa\u011flar, bu da onlar\u0131 stil veya konfordan \u00f6d\u00fcn vermeyi reddeden hareket halindeki modern erkek i\u00e7in ideal bir se\u00e7im haline getirir. Bu ger\u00e7ekten se\u00e7kin ayakkab\u0131larla ayakkab\u0131 koleksiyonunuzu y\u00fckseltin <strong>Erkek Timsah Kabartmal\u0131 Loafer<\/strong>, Zamans\u0131z tasar\u0131m ve \u00e7a\u011fda\u015f yetene\u011fin bir kar\u0131\u015f\u0131m\u0131.<\/p>\n<h3 data-rm-block-id=\"block-6\">Erkek Timsah Kabartmal\u0131 Loaferlar i\u00e7in Toptan Bulunabilirlik ve G\u00fcvenilir Teslimat<\/h3>\n<p data-rm-block-id=\"block-7\">Birinci s\u0131n\u0131f ayakkab\u0131lar sunmak isteyen perakendeciler ve i\u015fletmeler i\u00e7in koleksiyonumuz <strong>Erkek Timsah Kabartmal\u0131 Loafer<\/strong> toptan sat\u0131n al\u0131nabilir. Minimum sipari\u015f miktar\u0131 sadece 8 \u00e7ift oldu\u011fundan, bu aranan tasar\u0131m\u0131 kolayca stoklayabilir ve se\u00e7ici m\u00fc\u015fterilere hitap edebilirsiniz. Tahmini teslimat s\u00fcresi 12 g\u00fcn, art\u0131 nakliye ile sorunsuz bir sipari\u015f s\u00fcreci sa\u011fl\u0131yoruz. Bu zarif ve dayan\u0131kl\u0131 ayakkab\u0131larla m\u00fc\u015fterilerinizi b\u00fcy\u00fcleyecek kalite ve stile yat\u0131r\u0131m yap\u0131n. <strong>Erkek Timsah Kabartmal\u0131 Loafer<\/strong>.<\/p>","protected":false},"excerpt":{"rendered":"<ul>\n<li>Kendine \u00f6zg\u00fc timsah kabartmal\u0131 detaylara sahip birinci s\u0131n\u0131f dana derisi d\u0131\u015f y\u00fczey<\/li>\n<li>Ola\u011fan\u00fcst\u00fc konfor i\u00e7in l\u00fcks ke\u00e7i derisi i\u00e7 k\u0131s\u0131m<\/li>\n<li>Zarif 1-3 cm topu\u011fa sahip hafif Microlight taban<\/li>\n<li>M\u00fckemmel uyum i\u00e7in 39-45 bedenleri mevcuttur<\/li>\n<li>Minimum sipari\u015f miktar\u0131: 8 \u00e7ift<\/li>\n<li>Tahmini teslimat: 12 g\u00fcn art\u0131 nakliye<\/li>\n<\/ul>","protected":false},"featured_media":3373,"template":"","meta":{"_acf_changed":false,"_uag_custom_page_level_css":"","site-sidebar-layout":"default","site-content-layout":"","ast-site-content-layout":"default","site-content-style":"default","site-sidebar-style":"default","ast-global-header-display":"","ast-banner-title-visibility":"","ast-main-header-display":"","ast-hfb-above-header-display":"","ast-hfb-below-header-display":"","ast-hfb-mobile-header-display":"","site-post-title":"","ast-breadcrumbs-content":"","ast-featured-img":"","footer-sml-layout":"","ast-disable-related-posts":"","theme-transparent-header-meta":"default","adv-header-id-meta":"","stick-header-meta":"","header-above-stick-meta":"","header-main-stick-meta":"","header-below-stick-meta":"","astra-migrate-meta-layouts":"set","ast-page-background-enabled":"default","ast-page-background-meta":{"desktop":{"background-color":"var(--ast-global-color-4)","background-image":"","background-repeat":"repeat","background-position":"center center","background-size":"auto","background-attachment":"scroll","background-type":"","background-media":"","overlay-type":"","overlay-color":"","overlay-opacity":"","overlay-gradient":""},"tablet":{"background-color":"","background-image":"","background-repeat":"repeat","background-position":"center center","background-size":"auto","background-attachment":"scroll","background-type":"","background-media":"","overlay-type":"","overlay-color":"","overlay-opacity":"","overlay-gradient":""},"mobile":{"background-color":"","background-image":"","background-repeat":"repeat","background-position":"center center","background-size":"auto","background-attachment":"scroll","background-type":"","background-media":"","overlay-type":"","overlay-color":"","overlay-opacity":"","overlay-gradient":""}},"ast-content-background-meta":{"desktop":{"background-color":"var(--ast-global-color-5)","background-image":"","background-repeat":"repeat","background-position":"center center","background-size":"auto","background-attachment":"scroll","background-type":"","background-media":"","overlay-type":"","overlay-color":"","overlay-opacity":"","overlay-gradient":""},"tablet":{"background-color":"var(--ast-global-color-5)","background-image":"","background-repeat":"repeat","background-position":"center center","background-size":"auto","background-attachment":"scroll","background-type":"","background-media":"","overlay-type":"","overlay-color":"","overlay-opacity":"","overlay-gradient":""},"mobile":{"background-color":"var(--ast-global-color-5)","background-image":"","background-repeat":"repeat","background-position":"center center","background-size":"auto","background-attachment":"scroll","background-type":"","background-media":"","overlay-type":"","overlay-color":"","overlay-opacity":"","overlay-gradient":""}}},"product_brand":[],"product_cat":[47,430,40],"product_tag":[202,534,251,189,219,535,217,198,186,466,536,184,280,281],"class_list":{"0":"post-4974","1":"product","2":"type-product","3":"status-publish","4":"has-post-thumbnail","6":"product_cat-classic","7":"product_cat-men","8":"product_cat-mens-shoes","9":"product_tag-calf-leather","10":"product_tag-crocodile-embossed-shoes","11":"product_tag-formal-shoes","12":"product_tag-goat-leather-lining","13":"product_tag-handmade-shoes","14":"product_tag-leather-dress-shoes","15":"product_tag-luxury-footwear","16":"product_tag-mens-fashion","17":"product_tag-mens-loafers","18":"product_tag-microlight-sole","19":"product_tag-premium-leather-loafers","20":"product_tag-slip-on-shoes","21":"product_tag-smart-casual-shoes","22":"product_tag-wholesale-shoes","23":"desktop-align-center","24":"tablet-align-center","25":"mobile-align-center","27":"first","28":"instock","29":"shipping-taxable","30":"purchasable","31":"product-type-variable","32":"has-default-attributes"},"acf":[],"uagb_featured_image_src":{"full":["https:\/\/turkishtrade.co\/wp-content\/uploads\/2026\/01\/2400EJOMN00014-DARK-BROWN-M_132.png",453,250,false],"thumbnail":["https:\/\/turkishtrade.co\/wp-content\/uploads\/2026\/01\/2400EJOMN00014-DARK-BROWN-M_132-150x150.png",150,150,true],"medium":["https:\/\/turkishtrade.co\/wp-content\/uploads\/2026\/01\/2400EJOMN00014-DARK-BROWN-M_132-300x166.png",300,166,true],"medium_large":["https:\/\/turkishtrade.co\/wp-content\/uploads\/2026\/01\/2400EJOMN00014-DARK-BROWN-M_132.png",453,250,false],"large":["https:\/\/turkishtrade.co\/wp-content\/uploads\/2026\/01\/2400EJOMN00014-DARK-BROWN-M_132.png",453,250,false],"1536x1536":["https:\/\/turkishtrade.co\/wp-content\/uploads\/2026\/01\/2400EJOMN00014-DARK-BROWN-M_132.png",453,250,false],"2048x2048":["https:\/\/turkishtrade.co\/wp-content\/uploads\/2026\/01\/2400EJOMN00014-DARK-BROWN-M_132.png",453,250,false],"trp-custom-language-flag":["https:\/\/turkishtrade.co\/wp-content\/uploads\/2026\/01\/2400EJOMN00014-DARK-BROWN-M_132-18x10.png",18,10,true],"woocommerce_thumbnail":["https:\/\/turkishtrade.co\/wp-content\/uploads\/2026\/01\/2400EJOMN00014-DARK-BROWN-M_132-400x250.png",400,250,true],"woocommerce_single":["https:\/\/turkishtrade.co\/wp-content\/uploads\/2026\/01\/2400EJOMN00014-DARK-BROWN-M_132.png",453,250,false],"woocommerce_gallery_thumbnail":["https:\/\/turkishtrade.co\/wp-content\/uploads\/2026\/01\/2400EJOMN00014-DARK-BROWN-M_132-100x100.png",100,100,true]},"uagb_author_info":{"display_name":"yaser olabi","author_link":"https:\/\/turkishtrade.co\/tr\/author\/"},"uagb_comment_info":0,"uagb_excerpt":"Premium calf leather exterior with distinctive crocodile embossed detailing Luxurious goat leather interior for exceptional comfort Lightweight Microlight sole with a refined 1-3cm heel Available in sizes 39-45 for a perfect fit Minimum order quantity: 8 pairs Estimated delivery: 12 days plus shipping","_links":{"self":[{"href":"https:\/\/turkishtrade.co\/tr\/wp-json\/wp\/v2\/product\/4974","targetHints":{"allow":["GET"]}}],"collection":[{"href":"https:\/\/turkishtrade.co\/tr\/wp-json\/wp\/v2\/product"}],"about":[{"href":"https:\/\/turkishtrade.co\/tr\/wp-json\/wp\/v2\/types\/product"}],"wp:featuredmedia":[{"embeddable":true,"href":"https:\/\/turkishtrade.co\/tr\/wp-json\/wp\/v2\/media\/3373"}],"wp:attachment":[{"href":"https:\/\/turkishtrade.co\/tr\/wp-json\/wp\/v2\/media?parent=4974"}],"wp:term":[{"taxonomy":"product_brand","embeddable":true,"href":"https:\/\/turkishtrade.co\/tr\/wp-json\/wp\/v2\/product_brand?post=4974"},{"taxonomy":"product_cat","embeddable":true,"href":"https:\/\/turkishtrade.co\/tr\/wp-json\/wp\/v2\/product_cat?post=4974"},{"taxonomy":"product_tag","embeddable":true,"href":"https:\/\/turkishtrade.co\/tr\/wp-json\/wp\/v2\/product_tag?post=4974"}],"curies":[{"name":"wp","href":"https:\/\/api.w.org\/{rel}","templated":true}]}}