{"id":4971,"date":"2026-01-14T10:54:27","date_gmt":"2026-01-14T10:54:27","guid":{"rendered":"https:\/\/turkishtrade.co\/product\/mens-embossed-leather-loafers\/"},"modified":"2026-04-09T19:48:37","modified_gmt":"2026-04-09T19:48:37","slug":"mens-embossed-leather-loafers","status":"publish","type":"product","link":"https:\/\/turkishtrade.co\/tr\/shop\/mens-embossed-leather-loafers\/","title":{"rendered":"Erkek L\u00fcks Kabartmal\u0131 Dana Derisi Loafer"},"content":{"rendered":"<p><strong>Erkek Kabartmal\u0131 Deri Loafer<\/strong><\/p>\n<p>Ayakkab\u0131 koleksiyonunuzu se\u00e7kin \u00fcr\u00fcnlerimizle geli\u015ftirin <strong>Erkek Kabartmal\u0131 Deri Loafer<\/strong>, sofistike stilin ve benzersiz i\u015f\u00e7ili\u011fin ger\u00e7ek bir kan\u0131t\u0131d\u0131r. Se\u00e7kin beyefendiler i\u00e7in tasarlanan bu l\u00fcks mokasen ayakkab\u0131lar, klasik tasar\u0131m\u0131 modern \u00e7ekicilikle kusursuz bir \u015fekilde harmanl\u0131yor. Her bir \u00e7iftimiz <strong>erkek kabartmal\u0131 deri mokasen ayakkab\u0131<\/strong> hem ola\u011fan\u00fcst\u00fc estetik hem de kal\u0131c\u0131 konfor sunmak i\u00e7in titizlikle \u00fcretilmi\u015ftir ve her gard\u0131rop i\u00e7in vazge\u00e7ilmez bir eklentidir.<\/p>\n<p>Bu dikkat \u00e7ekici d\u0131\u015f y\u00fczeyi <strong>erkek kabartmal\u0131 deri mokasen ayakkab\u0131<\/strong> birinci s\u0131n\u0131f dana derisinden \u00fcretilmi\u015ftir ve dikkatleri \u00fczerine \u00e7eken b\u00fcy\u00fcleyici kabartmal\u0131 bir desen sergiler. Bu benzersiz doku, derinlik ve karakter katman\u0131 ekleyerek s\u0131radan ayakkab\u0131lardan ayr\u0131lmas\u0131n\u0131 sa\u011flar. \u0130ster zamans\u0131z siyah\u0131 ister zengin, s\u0131cak kahverengiyi se\u00e7in, resmi i\u015f toplant\u0131lar\u0131ndan zarif sosyal bulu\u015fmalara kadar \u00e7e\u015fitli durumlar i\u00e7in m\u00fckemmel olan bu mokasen ayakkab\u0131lar\u0131n bir a\u00e7\u0131klama yapmas\u0131 garantidir.<\/p>\n<h3>Rakipsiz Konfor ve Kalite<\/h3>\n<p>\u00c7arp\u0131c\u0131 g\u00f6r\u00fcn\u00fcmlerinin \u00f6tesinde, konfor bizim i\u00e7in her \u015feyden \u00f6nemlidir <strong>erkek kabartmal\u0131 deri mokasen ayakkab\u0131<\/strong>. \u0130\u00e7 k\u0131sm\u0131 son derece yumu\u015fak ke\u00e7i derisiyle astarlanm\u0131\u015ft\u0131r ve zaman i\u00e7inde aya\u011f\u0131n\u0131za uyum sa\u011flayan p\u00fcr\u00fczs\u00fcz, nefes alabilen ve inan\u0131lmaz rahat bir uyum sa\u011flar. \u0130\u00e7 detaylara g\u00f6sterilen bu titizlik, bu mokasenleri konfordan \u00f6d\u00fcn vermeden uzun s\u00fcre giyebilmenizi sa\u011flar. 1-3 cm aras\u0131nda de\u011fi\u015fen topuk y\u00fcksekli\u011fi, dengeden \u00f6d\u00fcn vermeden duru\u015fu iyile\u015ftiren ince bir y\u00fckselti sunar.<\/p>\n<h3>Modern \u0130nsan i\u00e7in Dayan\u0131kl\u0131 Tasar\u0131m<\/h3>\n<p>Dayan\u0131kl\u0131l\u0131k, Microlight taban\u0131n eklenmesiyle yenilikle bulu\u015fuyor. Bu geli\u015fmi\u015f taban malzemesi yaln\u0131zca son derece hafif olmakla kalmaz, ayn\u0131 zamanda \u00fcst\u00fcn esneklik ve m\u00fckemmel kavrama sunarak her ad\u0131mda g\u00fcven sa\u011flar. Microlight taban, bu ayakkab\u0131lar\u0131n genel olarak uzun \u00f6m\u00fcrl\u00fc olmas\u0131na katk\u0131da bulunur <strong>erkek kabartmal\u0131 deri mokasen ayakkab\u0131<\/strong>, Bu da onlar\u0131 gelecek y\u0131llar i\u00e7in ak\u0131ll\u0131ca bir yat\u0131r\u0131m haline getirir. 39'dan 45'e kadar geni\u015f bir beden yelpazesinde mevcut oldu\u011fundan, m\u00fckemmel uyumunuzu bulmak zahmetsizdir.<\/p>\n<p>Kaliteye olan ba\u011fl\u0131l\u0131\u011f\u0131m\u0131z esnek sat\u0131n alma se\u00e7eneklerimize kadar uzanmaktad\u0131r. Minimum 8 \u00e7ift sipari\u015f ile bu <strong>erkek kabartmal\u0131 deri mokasen ayakkab\u0131<\/strong> envanterlerini \u00fcst d\u00fczey, ay\u0131rt edici erkek ayakkab\u0131lar\u0131yla zenginle\u015ftirmek isteyen moda perakendecileri i\u00e7in ideal bir se\u00e7imdir. Nereye giderseniz gidin g\u00fcven ve incelik yaymak i\u00e7in tasarlanm\u0131\u015f, titizlikle haz\u0131rlanm\u0131\u015f kabartmal\u0131 deri mokasen ayakkab\u0131lar\u0131m\u0131zla l\u00fcks, konfor ve kal\u0131c\u0131 stilin birle\u015fimini deneyimleyin. Bug\u00fcn bir \u00e7ifte yat\u0131r\u0131m yap\u0131n ve zevkiniz hakk\u0131nda \u00e7ok \u015fey anlatan bir aksesuarla toplulu\u011funuzu d\u00f6n\u00fc\u015ft\u00fcr\u00fcn.<\/p>","protected":false},"excerpt":{"rendered":"<ul>\n<li>Erkek Kabartmal\u0131 Deri Loafer'lar\u0131m\u0131z** ile e\u015fsiz \u015f\u0131kl\u0131\u011f\u0131 deneyimleyin.<\/li>\n<li>Kendine \u00f6zg\u00fc, sofistike kabartma desenli birinci s\u0131n\u0131f dana derisinden \u00fcretilmi\u015ftir.<\/li>\n<li>L\u00fcks ke\u00e7i derisi i\u00e7 k\u0131s\u0131m ola\u011fan\u00fcst\u00fc konfor ve nefes alabilirlik sa\u011flar.<\/li>\n<li>\u00dcst\u00fcn \u00e7eki\u015f g\u00fcc\u00fc ve g\u00fcn boyu giyilebilirlik sa\u011flayan hafif ve dayan\u0131kl\u0131 Microlight tabana sahiptir.<\/li>\n<li>\u015e\u0131k al\u00e7ak blok topuk (1-3 cm) tasar\u0131m\u0131 m\u00fckemmel bir \u015fekilde tamamlar.<\/li>\n<li>39'dan 45'e kadar kapsaml\u0131 bir beden aral\u0131\u011f\u0131nda mevcuttur.<\/li>\n<li>Tarz\u0131n\u0131za uygun klasik Siyah ve zengin Kahverengi y\u00fczeyler aras\u0131ndan se\u00e7im yap\u0131n.<\/li>\n<li>Minimum sipari\u015f miktar\u0131: 8 \u00e7ift, perakendeciler ve toplu al\u0131mlar i\u00e7in idealdir.<\/li>\n<\/ul>","protected":false},"featured_media":3371,"template":"","meta":{"_acf_changed":false,"_uag_custom_page_level_css":"","site-sidebar-layout":"default","site-content-layout":"","ast-site-content-layout":"default","site-content-style":"default","site-sidebar-style":"default","ast-global-header-display":"","ast-banner-title-visibility":"","ast-main-header-display":"","ast-hfb-above-header-display":"","ast-hfb-below-header-display":"","ast-hfb-mobile-header-display":"","site-post-title":"","ast-breadcrumbs-content":"","ast-featured-img":"","footer-sml-layout":"","ast-disable-related-posts":"","theme-transparent-header-meta":"default","adv-header-id-meta":"","stick-header-meta":"","header-above-stick-meta":"","header-main-stick-meta":"","header-below-stick-meta":"","astra-migrate-meta-layouts":"set","ast-page-background-enabled":"default","ast-page-background-meta":{"desktop":{"background-color":"var(--ast-global-color-4)","background-image":"","background-repeat":"repeat","background-position":"center center","background-size":"auto","background-attachment":"scroll","background-type":"","background-media":"","overlay-type":"","overlay-color":"","overlay-opacity":"","overlay-gradient":""},"tablet":{"background-color":"","background-image":"","background-repeat":"repeat","background-position":"center center","background-size":"auto","background-attachment":"scroll","background-type":"","background-media":"","overlay-type":"","overlay-color":"","overlay-opacity":"","overlay-gradient":""},"mobile":{"background-color":"","background-image":"","background-repeat":"repeat","background-position":"center center","background-size":"auto","background-attachment":"scroll","background-type":"","background-media":"","overlay-type":"","overlay-color":"","overlay-opacity":"","overlay-gradient":""}},"ast-content-background-meta":{"desktop":{"background-color":"var(--ast-global-color-5)","background-image":"","background-repeat":"repeat","background-position":"center center","background-size":"auto","background-attachment":"scroll","background-type":"","background-media":"","overlay-type":"","overlay-color":"","overlay-opacity":"","overlay-gradient":""},"tablet":{"background-color":"var(--ast-global-color-5)","background-image":"","background-repeat":"repeat","background-position":"center center","background-size":"auto","background-attachment":"scroll","background-type":"","background-media":"","overlay-type":"","overlay-color":"","overlay-opacity":"","overlay-gradient":""},"mobile":{"background-color":"var(--ast-global-color-5)","background-image":"","background-repeat":"repeat","background-position":"center center","background-size":"auto","background-attachment":"scroll","background-type":"","background-media":"","overlay-type":"","overlay-color":"","overlay-opacity":"","overlay-gradient":""}}},"product_brand":[],"product_cat":[47,430,40],"product_tag":[370,147,185,530,284,418,189,217,198,186,466,374,280],"class_list":{"0":"post-4971","1":"product","2":"type-product","3":"status-publish","4":"has-post-thumbnail","6":"product_cat-classic","7":"product_cat-men","8":"product_cat-mens-shoes","9":"product_tag-black-loafers","10":"product_tag-brown-loafers","11":"product_tag-calf-leather-shoes","12":"product_tag-designer-loafers","13":"product_tag-dress-shoes","14":"product_tag-embossed-leather","15":"product_tag-goat-leather-lining","16":"product_tag-luxury-footwear","17":"product_tag-mens-fashion","18":"product_tag-mens-loafers","19":"product_tag-microlight-sole","20":"product_tag-premium-loafers","21":"product_tag-smart-casual-shoes","22":"desktop-align-center","23":"tablet-align-center","24":"mobile-align-center","26":"first","27":"instock","28":"shipping-taxable","29":"purchasable","30":"product-type-variable","31":"has-default-attributes"},"acf":[],"uagb_featured_image_src":{"full":["https:\/\/turkishtrade.co\/wp-content\/uploads\/2026\/01\/2400EJOMN00012-DARK-BROWN-SL_238.png",453,250,false],"thumbnail":["https:\/\/turkishtrade.co\/wp-content\/uploads\/2026\/01\/2400EJOMN00012-DARK-BROWN-SL_238-150x150.png",150,150,true],"medium":["https:\/\/turkishtrade.co\/wp-content\/uploads\/2026\/01\/2400EJOMN00012-DARK-BROWN-SL_238-300x166.png",300,166,true],"medium_large":["https:\/\/turkishtrade.co\/wp-content\/uploads\/2026\/01\/2400EJOMN00012-DARK-BROWN-SL_238.png",453,250,false],"large":["https:\/\/turkishtrade.co\/wp-content\/uploads\/2026\/01\/2400EJOMN00012-DARK-BROWN-SL_238.png",453,250,false],"1536x1536":["https:\/\/turkishtrade.co\/wp-content\/uploads\/2026\/01\/2400EJOMN00012-DARK-BROWN-SL_238.png",453,250,false],"2048x2048":["https:\/\/turkishtrade.co\/wp-content\/uploads\/2026\/01\/2400EJOMN00012-DARK-BROWN-SL_238.png",453,250,false],"trp-custom-language-flag":["https:\/\/turkishtrade.co\/wp-content\/uploads\/2026\/01\/2400EJOMN00012-DARK-BROWN-SL_238-18x10.png",18,10,true],"woocommerce_thumbnail":["https:\/\/turkishtrade.co\/wp-content\/uploads\/2026\/01\/2400EJOMN00012-DARK-BROWN-SL_238-400x250.png",400,250,true],"woocommerce_single":["https:\/\/turkishtrade.co\/wp-content\/uploads\/2026\/01\/2400EJOMN00012-DARK-BROWN-SL_238.png",453,250,false],"woocommerce_gallery_thumbnail":["https:\/\/turkishtrade.co\/wp-content\/uploads\/2026\/01\/2400EJOMN00012-DARK-BROWN-SL_238-100x100.png",100,100,true]},"uagb_author_info":{"display_name":"yaser olabi","author_link":"https:\/\/turkishtrade.co\/tr\/author\/"},"uagb_comment_info":0,"uagb_excerpt":"Experience unmatched elegance with our **Men's Embossed Leather Loafers**. Crafted from premium calf leather exterior with a distinctive, sophisticated embossed pattern. Luxurious goat leather interior provides exceptional comfort and breathability. Features a lightweight and durable Microlight sole, ensuring superior traction and all-day wearability. Stylish low block heel (1-3cm) perfectly complements the design. Available in a&hellip;","_links":{"self":[{"href":"https:\/\/turkishtrade.co\/tr\/wp-json\/wp\/v2\/product\/4971","targetHints":{"allow":["GET"]}}],"collection":[{"href":"https:\/\/turkishtrade.co\/tr\/wp-json\/wp\/v2\/product"}],"about":[{"href":"https:\/\/turkishtrade.co\/tr\/wp-json\/wp\/v2\/types\/product"}],"wp:featuredmedia":[{"embeddable":true,"href":"https:\/\/turkishtrade.co\/tr\/wp-json\/wp\/v2\/media\/3371"}],"wp:attachment":[{"href":"https:\/\/turkishtrade.co\/tr\/wp-json\/wp\/v2\/media?parent=4971"}],"wp:term":[{"taxonomy":"product_brand","embeddable":true,"href":"https:\/\/turkishtrade.co\/tr\/wp-json\/wp\/v2\/product_brand?post=4971"},{"taxonomy":"product_cat","embeddable":true,"href":"https:\/\/turkishtrade.co\/tr\/wp-json\/wp\/v2\/product_cat?post=4971"},{"taxonomy":"product_tag","embeddable":true,"href":"https:\/\/turkishtrade.co\/tr\/wp-json\/wp\/v2\/product_tag?post=4971"}],"curies":[{"name":"wp","href":"https:\/\/api.w.org\/{rel}","templated":true}]}}