{"id":4967,"date":"2026-01-14T10:54:03","date_gmt":"2026-01-14T10:54:03","guid":{"rendered":"https:\/\/turkishtrade.co\/product\/mens-calf-leather-dress-shoes\/"},"modified":"2026-04-09T19:48:47","modified_gmt":"2026-04-09T19:48:47","slug":"mens-calf-leather-dress-shoes","status":"publish","type":"product","link":"https:\/\/turkishtrade.co\/tr\/shop\/mens-calf-leather-dress-shoes\/","title":{"rendered":"Premium Erkek Dana Derisi Oxford Elbise Ayakkab\u0131s\u0131"},"content":{"rendered":"<p><strong>Erkek Dana Derisi Elbise Ayakkab\u0131s\u0131<\/strong><\/p>\n<p>Se\u00e7kin beyefendiler i\u00e7in tasarlanan Premium Erkek Dana Derisi Oxford Elbise Ayakkab\u0131lar\u0131m\u0131z ile sofistike bir ad\u0131m at\u0131n. Geleneksel i\u015f\u00e7ili\u011fi modern konforla birle\u015ftiren bu zarif ayakkab\u0131lar, her profesyonel veya resmi gard\u0131rop i\u00e7in vazge\u00e7ilmez bir eklentidir. Bu Erkek Dana Derisi Elbise Ayakkab\u0131lar\u0131n\u0131n her bir \u00e7ifti, hem dayan\u0131kl\u0131l\u0131k hem de zamans\u0131z bir stil sunmak i\u00e7in titizlikle in\u015fa edilmi\u015f bir kalite kan\u0131t\u0131d\u0131r. \u0130ster bir i\u015f toplant\u0131s\u0131na, ister \u00f6zel bir etkinli\u011fe kat\u0131l\u0131yor olun, ister sadece g\u00fcnl\u00fck k\u0131yafetlerinizi y\u00fckseltiyor olun, bu oxfordlar benzersiz bir \u015f\u0131kl\u0131k sunar.<\/p>\n<h3>E\u015fsiz \u0130\u015f\u00e7ilik ve \u00dcst\u00fcn Malzemeler<\/h3>\n<p>Erkek Dana Derisi Elbise Ayakkab\u0131lar\u0131m\u0131z en iyi kalite hakiki dana derisinden \u00fcretilmi\u015ftir ve yaln\u0131zca ya\u015fland\u0131k\u00e7a geli\u015fen p\u00fcr\u00fczs\u00fcz, esnek ve zengin bir d\u0131\u015f y\u00fczey sunar. Dana derisinin do\u011fal dokusu ve l\u00fcks hissi, bu ayakkab\u0131lar\u0131n \u00fcst\u00fcn niteli\u011fi hakk\u0131nda \u00e7ok \u015fey anlat\u0131r. D\u0131\u015f y\u00fczeyi tamamlayan i\u00e7 k\u0131s\u0131m tamamen yumu\u015fak ke\u00e7i derisiyle astarlanm\u0131\u015ft\u0131r ve ayaklar\u0131n\u0131z i\u00e7in inan\u0131lmaz derecede rahat ve nefes alabilen bir ortam sa\u011flar. Y\u00fcksek kaliteli derilerin bu kombinasyonu \u00fcst\u00fcn bir his ve uzun \u00f6m\u00fcrl\u00fc kullan\u0131m sa\u011flar.<\/p>\n<h3>Yenilik\u00e7i Tasar\u0131mla Konfor Tarzla Bulu\u015fuyor<\/h3>\n<p>\u00c7arp\u0131c\u0131 esteti\u011finin \u00f6tesinde, bu Erkek Dana Derisi Elbise Ayakkab\u0131s\u0131 konfor i\u00e7in tasarlanm\u0131\u015ft\u0131r. Geli\u015fmi\u015f Microlight tabana sahip olan bu ayakkab\u0131lar, ola\u011fan\u00fcst\u00fc hafiflik ve esneklik sunarak uzun saatler sonra bile ayak yorgunlu\u011funu \u00f6nemli \u00f6l\u00e7\u00fcde azalt\u0131r. 1-3 cm aras\u0131nda de\u011fi\u015fen ince topuk y\u00fcksekli\u011fi, dengeden \u00f6d\u00fcn vermeden kendinden emin bir ad\u0131m i\u00e7in do\u011fru y\u00fcksekli\u011fi sa\u011flar. \u00c7e\u015fitli renk se\u00e7eneklerinde (siyah, kahverengi, taba) g\u00f6r\u00fclebilen benzersiz dokulu detaylarla zenginle\u015ftirilmi\u015f klasik Oxford tasar\u0131m\u0131, bu ayakkab\u0131lar\u0131 geleneksel resmi ayakkab\u0131lardan ay\u0131ran farkl\u0131 bir dokunu\u015f katar. Her bir \u00e7ift, m\u00fckemmellik i\u00e7in el yap\u0131m\u0131 bir ba\u015fyap\u0131tt\u0131r.<\/p>\n<p>\u0130\u015f profesyonelleri, resmi davetler veya y\u00fcksek kaliteli ayakkab\u0131lara yat\u0131r\u0131m yapmak isteyen herkes i\u00e7in m\u00fckemmel olan Erkek Dana Derisi Elbise Ayakkab\u0131lar\u0131m\u0131z 39 ila 45 numara aras\u0131nda \u00e7ok y\u00f6nl\u00fc bir yelpazede mevcuttur. Bu zarif ayakkab\u0131lar\u0131 toptan sat\u0131\u015f i\u00e7in minimum 8 \u00e7ift sipari\u015fle sunmaktan gurur duyuyoruz, bu da onlar\u0131 birinci s\u0131n\u0131f erkek ayakkab\u0131s\u0131 stoklamak isteyen perakendeciler i\u00e7in m\u00fckemmel bir se\u00e7im haline getiriyor. Bu muhte\u015fem deri oxfordlarla att\u0131\u011f\u0131n\u0131z her ad\u0131mda geleneksel zarafetin, \u00fcst\u00fcn konforun ve ola\u011fan\u00fcst\u00fc dayan\u0131kl\u0131l\u0131\u011f\u0131n birle\u015fimini ya\u015fay\u0131n.<\/p>","protected":false},"excerpt":{"rendered":"<ul>\n<li>Zarif bir g\u00f6r\u00fcn\u00fcm i\u00e7in birinci s\u0131n\u0131f dana derisinden zarif bir \u015fekilde \u00fcretilmi\u015ftir.<\/li>\n<li>L\u00fcks Ke\u00e7i Derisi i\u00e7 astar, \u00fcst\u00fcn konfor ve nefes alabilirlik sa\u011flar.<\/li>\n<li>Yenilik\u00e7i Microlight taban ola\u011fan\u00fcst\u00fc hafiflik ve esneklik sa\u011flar.<\/li>\n<li>Kapsaml\u0131 bir beden aral\u0131\u011f\u0131nda mevcuttur: AB 39, 40, 41, 42, 43, 44, 45.<\/li>\n<li>Minimum 8 \u00e7ift sipari\u015f miktar\u0131 ile toptan sat\u0131\u015f i\u00e7in idealdir.<\/li>\n<li>Tahmini teslim s\u00fcresi: 12 g\u00fcn art\u0131 nakliye.<\/li>\n<\/ul>","protected":false},"featured_media":3369,"template":"","meta":{"_acf_changed":false,"_uag_custom_page_level_css":"","site-sidebar-layout":"default","site-content-layout":"","ast-site-content-layout":"default","site-content-style":"default","site-sidebar-style":"default","ast-global-header-display":"","ast-banner-title-visibility":"","ast-main-header-display":"","ast-hfb-above-header-display":"","ast-hfb-below-header-display":"","ast-hfb-mobile-header-display":"","site-post-title":"","ast-breadcrumbs-content":"","ast-featured-img":"","footer-sml-layout":"","ast-disable-related-posts":"","theme-transparent-header-meta":"default","adv-header-id-meta":"","stick-header-meta":"","header-above-stick-meta":"","header-main-stick-meta":"","header-below-stick-meta":"","astra-migrate-meta-layouts":"set","ast-page-background-enabled":"default","ast-page-background-meta":{"desktop":{"background-color":"var(--ast-global-color-4)","background-image":"","background-repeat":"repeat","background-position":"center center","background-size":"auto","background-attachment":"scroll","background-type":"","background-media":"","overlay-type":"","overlay-color":"","overlay-opacity":"","overlay-gradient":""},"tablet":{"background-color":"","background-image":"","background-repeat":"repeat","background-position":"center center","background-size":"auto","background-attachment":"scroll","background-type":"","background-media":"","overlay-type":"","overlay-color":"","overlay-opacity":"","overlay-gradient":""},"mobile":{"background-color":"","background-image":"","background-repeat":"repeat","background-position":"center center","background-size":"auto","background-attachment":"scroll","background-type":"","background-media":"","overlay-type":"","overlay-color":"","overlay-opacity":"","overlay-gradient":""}},"ast-content-background-meta":{"desktop":{"background-color":"var(--ast-global-color-5)","background-image":"","background-repeat":"repeat","background-position":"center center","background-size":"auto","background-attachment":"scroll","background-type":"","background-media":"","overlay-type":"","overlay-color":"","overlay-opacity":"","overlay-gradient":""},"tablet":{"background-color":"var(--ast-global-color-5)","background-image":"","background-repeat":"repeat","background-position":"center center","background-size":"auto","background-attachment":"scroll","background-type":"","background-media":"","overlay-type":"","overlay-color":"","overlay-opacity":"","overlay-gradient":""},"mobile":{"background-color":"var(--ast-global-color-5)","background-image":"","background-repeat":"repeat","background-position":"center center","background-size":"auto","background-attachment":"scroll","background-type":"","background-media":"","overlay-type":"","overlay-color":"","overlay-opacity":"","overlay-gradient":""}}},"product_brand":[],"product_cat":[47,430,40],"product_tag":[196,292,405,185,480,251,189,450,360,324,466,204,525,280,526,281],"class_list":{"0":"post-4967","1":"product","2":"type-product","3":"status-publish","4":"has-post-thumbnail","6":"product_cat-classic","7":"product_cat-men","8":"product_cat-mens-shoes","9":"product_tag-black-leather-shoes","10":"product_tag-brown-leather-shoes","11":"product_tag-business-shoes","12":"product_tag-calf-leather-shoes","13":"product_tag-elegant-shoes","14":"product_tag-formal-shoes","15":"product_tag-goat-leather-lining","16":"product_tag-handcrafted-shoes","17":"product_tag-leather-oxfords","18":"product_tag-mens-dress-shoes","19":"product_tag-microlight-sole","20":"product_tag-oxford-shoes","21":"product_tag-premium-leather-footwear","22":"product_tag-smart-casual-shoes","23":"product_tag-tan-leather-shoes","24":"product_tag-wholesale-shoes","25":"desktop-align-center","26":"tablet-align-center","27":"mobile-align-center","29":"first","30":"instock","31":"shipping-taxable","32":"purchasable","33":"product-type-variable","34":"has-default-attributes"},"acf":[],"uagb_featured_image_src":{"full":["https:\/\/turkishtrade.co\/wp-content\/uploads\/2026\/01\/2400EJOMN00011-DARK-BROWN-Y_106.png",453,250,false],"thumbnail":["https:\/\/turkishtrade.co\/wp-content\/uploads\/2026\/01\/2400EJOMN00011-DARK-BROWN-Y_106-150x150.png",150,150,true],"medium":["https:\/\/turkishtrade.co\/wp-content\/uploads\/2026\/01\/2400EJOMN00011-DARK-BROWN-Y_106-300x166.png",300,166,true],"medium_large":["https:\/\/turkishtrade.co\/wp-content\/uploads\/2026\/01\/2400EJOMN00011-DARK-BROWN-Y_106.png",453,250,false],"large":["https:\/\/turkishtrade.co\/wp-content\/uploads\/2026\/01\/2400EJOMN00011-DARK-BROWN-Y_106.png",453,250,false],"1536x1536":["https:\/\/turkishtrade.co\/wp-content\/uploads\/2026\/01\/2400EJOMN00011-DARK-BROWN-Y_106.png",453,250,false],"2048x2048":["https:\/\/turkishtrade.co\/wp-content\/uploads\/2026\/01\/2400EJOMN00011-DARK-BROWN-Y_106.png",453,250,false],"trp-custom-language-flag":["https:\/\/turkishtrade.co\/wp-content\/uploads\/2026\/01\/2400EJOMN00011-DARK-BROWN-Y_106-18x10.png",18,10,true],"woocommerce_thumbnail":["https:\/\/turkishtrade.co\/wp-content\/uploads\/2026\/01\/2400EJOMN00011-DARK-BROWN-Y_106-400x250.png",400,250,true],"woocommerce_single":["https:\/\/turkishtrade.co\/wp-content\/uploads\/2026\/01\/2400EJOMN00011-DARK-BROWN-Y_106.png",453,250,false],"woocommerce_gallery_thumbnail":["https:\/\/turkishtrade.co\/wp-content\/uploads\/2026\/01\/2400EJOMN00011-DARK-BROWN-Y_106-100x100.png",100,100,true]},"uagb_author_info":{"display_name":"yaser olabi","author_link":"https:\/\/turkishtrade.co\/tr\/author\/"},"uagb_comment_info":0,"uagb_excerpt":"Exquisitely crafted from premium Calf Leather for a refined finish. Luxurious Goat Leather interior lining ensures ultimate comfort and breathability. Innovative Microlight sole provides exceptional lightness and flexibility. Available in a comprehensive size range: EU 39, 40, 41, 42, 43, 44, 45. Ideal for wholesale with a minimum order quantity of 8 pairs. Estimated delivery&hellip;","_links":{"self":[{"href":"https:\/\/turkishtrade.co\/tr\/wp-json\/wp\/v2\/product\/4967","targetHints":{"allow":["GET"]}}],"collection":[{"href":"https:\/\/turkishtrade.co\/tr\/wp-json\/wp\/v2\/product"}],"about":[{"href":"https:\/\/turkishtrade.co\/tr\/wp-json\/wp\/v2\/types\/product"}],"wp:featuredmedia":[{"embeddable":true,"href":"https:\/\/turkishtrade.co\/tr\/wp-json\/wp\/v2\/media\/3369"}],"wp:attachment":[{"href":"https:\/\/turkishtrade.co\/tr\/wp-json\/wp\/v2\/media?parent=4967"}],"wp:term":[{"taxonomy":"product_brand","embeddable":true,"href":"https:\/\/turkishtrade.co\/tr\/wp-json\/wp\/v2\/product_brand?post=4967"},{"taxonomy":"product_cat","embeddable":true,"href":"https:\/\/turkishtrade.co\/tr\/wp-json\/wp\/v2\/product_cat?post=4967"},{"taxonomy":"product_tag","embeddable":true,"href":"https:\/\/turkishtrade.co\/tr\/wp-json\/wp\/v2\/product_tag?post=4967"}],"curies":[{"name":"wp","href":"https:\/\/api.w.org\/{rel}","templated":true}]}}