{"id":4964,"date":"2026-01-14T10:53:40","date_gmt":"2026-01-14T10:53:40","guid":{"rendered":"https:\/\/turkishtrade.co\/product\/mens-brown-leather-loafers\/"},"modified":"2026-04-09T19:48:51","modified_gmt":"2026-04-09T19:48:51","slug":"mens-brown-leather-loafers","status":"publish","type":"product","link":"https:\/\/turkishtrade.co\/tr\/shop\/mens-brown-leather-loafers\/","title":{"rendered":"Premium Erkek Kahverengi Dana Derisi Penny Loafer"},"content":{"rendered":"<p><strong>Erkek Kahverengi Deri Loafer<\/strong><\/p>\n<p>Premium Erkek Kahverengi Dana Derisi Penny Loafer'lar\u0131m\u0131zla zamans\u0131z \u015f\u0131kl\u0131\u011f\u0131n ve benzersiz konforun \u00f6z\u00fcn\u00fc ke\u015ffedin. Modern beyefendiler i\u00e7in titizlikle el yap\u0131m\u0131 olarak \u00fcretilen bu <b>erkek kahverengi\u0307 deri\u0307 mokasen<\/b> ayakkab\u0131dan daha fazlas\u0131d\u0131r; sofistike stilin ve kaliteli i\u015f\u00e7ili\u011fin bir ifadesidir. Y\u00f6netim kurulu toplant\u0131lar\u0131ndan hafta sonu brunch'lar\u0131na, bu \u00e7ok y\u00f6nl\u00fc loafer'lar g\u00f6r\u00fcn\u00fcm\u00fcn\u00fcz\u00fc zahmetsiz bir zarafetle y\u00fckseltmeyi vaat ediyor.<\/p>\n<p>Bu zarif \u00e7iftlerin her biri <b>erkek kahverengi\u0307 deri\u0307 mokasen<\/b> p\u00fcr\u00fczs\u00fcz dokusu, dayan\u0131kl\u0131l\u0131\u011f\u0131 ve zaman i\u00e7inde g\u00fczel bir patine geli\u015ftirme yetene\u011fi ile bilinen birinci s\u0131n\u0131f dana derisi d\u0131\u015f y\u00fczeye sahiptir. Zengin kahverengi tonu, klasik bir zarafet dokunu\u015fu katarak keskin \u00f6zel tak\u0131mlardan \u015f\u0131k g\u00fcndelik tak\u0131mlara kadar \u00e7ok \u00e7e\u015fitli k\u0131yafetler i\u00e7in m\u00fckemmel bir tamamlay\u0131c\u0131 olmas\u0131n\u0131 sa\u011flar. Tamamen yumu\u015fak ke\u00e7i derisiyle astarlanm\u0131\u015f i\u00e7 k\u0131sm\u0131yla nefes alabilirlik, \u00fcst\u00fcn konfor ve her giyi\u015fte aya\u011f\u0131n\u0131za tam oturan bir uyum sa\u011flayarak l\u00fckse ad\u0131m at\u0131n. Bu \u00f6zenli malzeme kombinasyonu hem l\u00fcks hissi hem de uzun \u00f6m\u00fcrl\u00fc kaliteyi garanti eder.<\/p>\n<h3>Her Ad\u0131mda Rakipsiz Konfor ve Dayan\u0131kl\u0131l\u0131k<\/h3>\n<p>G\u00fcn boyu s\u00fcren konfor i\u00e7in tasarlanan <b>erkek kahverengi\u0307 deri\u0307 mokasen<\/b> hafif ama sa\u011flam Microlight taban \u00fczerine in\u015fa edilmi\u015ftir. Bu geli\u015fmi\u015f taban teknolojisi m\u00fckemmel yast\u0131klama, esneklik ve \u00fcst\u00fcn kavrama sa\u011flayarak uzun s\u00fcreli kullan\u0131mlarda denge sa\u011flar ve yorgunlu\u011fu azalt\u0131r. \u0130nce 1-3 cm topuk y\u00fcksekli\u011fi, konfordan \u00f6d\u00fcn vermeden do\u011fru miktarda y\u00fckselme sa\u011flayarak bu mokasen ayakkab\u0131lar\u0131 g\u00fcnl\u00fck kullan\u0131m i\u00e7in ideal hale getirir. EU 39'dan 45'e kadar kapsaml\u0131 bir beden yelpazesinde mevcut oldu\u011fundan, m\u00fckemmel uyumunuzu bulmak hi\u00e7 bu kadar kolay olmam\u0131\u015ft\u0131. Her ayr\u0131nt\u0131da kalitenin \u00f6nemini anl\u0131yoruz ve bu penny loafer'lar bu taahh\u00fcd\u00fc \u00f6rnekliyor.<\/p>\n<p>Perakendeciler ve i\u015fletmeler i\u00e7in bu ola\u011fan\u00fcst\u00fc <b>erkek kahverengi\u0307 deri\u0307 mokasen<\/b> minimum 8 \u00e7ift sipari\u015f miktar\u0131 ile mevcuttur. Rekabet\u00e7i toptan sat\u0131\u015f fiyatlar\u0131ndan yararlan\u0131n ve m\u00fc\u015fterilerinize l\u00fcks, konfor ve kal\u0131c\u0131 stili bir araya getiren bir \u00fcr\u00fcn sunun. Tahmini teslimat s\u00fcresi 12 g\u00fcn art\u0131 kargo ile bu aranan ayakkab\u0131y\u0131 h\u0131zl\u0131 bir \u015fekilde stoklayabilirsiniz. Bu zarif ayakkab\u0131lardan bir \u00e7ifte yat\u0131r\u0131m yap\u0131n <b>erkek kahverengi\u0307 deri\u0307 mokasen<\/b> ve geleneksel sanat ile \u00e7a\u011fda\u015f tasar\u0131m\u0131n m\u00fckemmel kar\u0131\u015f\u0131m\u0131n\u0131 deneyimleyin. Kaliteli deri ve kusursuz stili takdir edenler i\u00e7in kesin bir se\u00e7imdir.<\/p>","protected":false},"excerpt":{"rendered":"<ul>\n<li><b>D\u0131\u015f Malzeme:<\/b> Zarif Dana Derisi<\/li>\n<li><b>\u0130\u00e7 Malzeme:<\/b> L\u00fcks Ke\u00e7i Derisi Astar<\/li>\n<li><b>Taban:<\/b> Hafif ve Dayan\u0131kl\u0131 Microlight Taban<\/li>\n<li><b>Topuk Y\u00fcksekli\u011fi:<\/b> Rahat 1-3 cm Topuk<\/li>\n<li><b>Mevcut Boyutlar:<\/b> AB 39, 40, 41, 42, 43, 44, 45<\/li>\n<li><b>Minimum Sipari\u015f:<\/b> Toptan fiyatland\u0131rma i\u00e7in 8 \u00c7ift<\/li>\n<li><b>Tahmini Teslimat:<\/b> 12 G\u00fcn + Kargo<\/li>\n<\/ul>","protected":false},"featured_media":3366,"template":"","meta":{"_acf_changed":false,"_uag_custom_page_level_css":"","site-sidebar-layout":"default","site-content-layout":"","ast-site-content-layout":"default","site-content-style":"default","site-sidebar-style":"default","ast-global-header-display":"","ast-banner-title-visibility":"","ast-main-header-display":"","ast-hfb-above-header-display":"","ast-hfb-below-header-display":"","ast-hfb-mobile-header-display":"","site-post-title":"","ast-breadcrumbs-content":"","ast-featured-img":"","footer-sml-layout":"","ast-disable-related-posts":"","theme-transparent-header-meta":"default","adv-header-id-meta":"","stick-header-meta":"","header-above-stick-meta":"","header-main-stick-meta":"","header-below-stick-meta":"","astra-migrate-meta-layouts":"set","ast-page-background-enabled":"default","ast-page-background-meta":{"desktop":{"background-color":"var(--ast-global-color-4)","background-image":"","background-repeat":"repeat","background-position":"center center","background-size":"auto","background-attachment":"scroll","background-type":"","background-media":"","overlay-type":"","overlay-color":"","overlay-opacity":"","overlay-gradient":""},"tablet":{"background-color":"","background-image":"","background-repeat":"repeat","background-position":"center center","background-size":"auto","background-attachment":"scroll","background-type":"","background-media":"","overlay-type":"","overlay-color":"","overlay-opacity":"","overlay-gradient":""},"mobile":{"background-color":"","background-image":"","background-repeat":"repeat","background-position":"center center","background-size":"auto","background-attachment":"scroll","background-type":"","background-media":"","overlay-type":"","overlay-color":"","overlay-opacity":"","overlay-gradient":""}},"ast-content-background-meta":{"desktop":{"background-color":"var(--ast-global-color-5)","background-image":"","background-repeat":"repeat","background-position":"center center","background-size":"auto","background-attachment":"scroll","background-type":"","background-media":"","overlay-type":"","overlay-color":"","overlay-opacity":"","overlay-gradient":""},"tablet":{"background-color":"var(--ast-global-color-5)","background-image":"","background-repeat":"repeat","background-position":"center center","background-size":"auto","background-attachment":"scroll","background-type":"","background-media":"","overlay-type":"","overlay-color":"","overlay-opacity":"","overlay-gradient":""},"mobile":{"background-color":"var(--ast-global-color-5)","background-image":"","background-repeat":"repeat","background-position":"center center","background-size":"auto","background-attachment":"scroll","background-type":"","background-media":"","overlay-type":"","overlay-color":"","overlay-opacity":"","overlay-gradient":""}}},"product_brand":[],"product_cat":[47,430,40],"product_tag":[292,202,284,251,189,219,217,198,186,466,279,210,456],"class_list":{"0":"post-4964","1":"product","2":"type-product","3":"status-publish","4":"has-post-thumbnail","6":"product_cat-classic","7":"product_cat-men","8":"product_cat-mens-shoes","9":"product_tag-brown-leather-shoes","10":"product_tag-calf-leather","11":"product_tag-dress-shoes","12":"product_tag-formal-shoes","13":"product_tag-goat-leather-lining","14":"product_tag-handmade-shoes","15":"product_tag-luxury-footwear","16":"product_tag-mens-fashion","17":"product_tag-mens-loafers","18":"product_tag-microlight-sole","19":"product_tag-penny-loafers","20":"product_tag-smart-casual","21":"product_tag-wholesale-loafers","22":"desktop-align-center","23":"tablet-align-center","24":"mobile-align-center","26":"first","27":"instock","28":"shipping-taxable","29":"purchasable","30":"product-type-variable","31":"has-default-attributes"},"acf":[],"uagb_featured_image_src":{"full":["https:\/\/turkishtrade.co\/wp-content\/uploads\/2026\/01\/2400EJOMN00010-BROWN-C_449.png",453,250,false],"thumbnail":["https:\/\/turkishtrade.co\/wp-content\/uploads\/2026\/01\/2400EJOMN00010-BROWN-C_449-150x150.png",150,150,true],"medium":["https:\/\/turkishtrade.co\/wp-content\/uploads\/2026\/01\/2400EJOMN00010-BROWN-C_449-300x166.png",300,166,true],"medium_large":["https:\/\/turkishtrade.co\/wp-content\/uploads\/2026\/01\/2400EJOMN00010-BROWN-C_449.png",453,250,false],"large":["https:\/\/turkishtrade.co\/wp-content\/uploads\/2026\/01\/2400EJOMN00010-BROWN-C_449.png",453,250,false],"1536x1536":["https:\/\/turkishtrade.co\/wp-content\/uploads\/2026\/01\/2400EJOMN00010-BROWN-C_449.png",453,250,false],"2048x2048":["https:\/\/turkishtrade.co\/wp-content\/uploads\/2026\/01\/2400EJOMN00010-BROWN-C_449.png",453,250,false],"trp-custom-language-flag":["https:\/\/turkishtrade.co\/wp-content\/uploads\/2026\/01\/2400EJOMN00010-BROWN-C_449-18x10.png",18,10,true],"woocommerce_thumbnail":["https:\/\/turkishtrade.co\/wp-content\/uploads\/2026\/01\/2400EJOMN00010-BROWN-C_449-400x250.png",400,250,true],"woocommerce_single":["https:\/\/turkishtrade.co\/wp-content\/uploads\/2026\/01\/2400EJOMN00010-BROWN-C_449.png",453,250,false],"woocommerce_gallery_thumbnail":["https:\/\/turkishtrade.co\/wp-content\/uploads\/2026\/01\/2400EJOMN00010-BROWN-C_449-100x100.png",100,100,true]},"uagb_author_info":{"display_name":"yaser olabi","author_link":"https:\/\/turkishtrade.co\/tr\/author\/"},"uagb_comment_info":0,"uagb_excerpt":"Outer Material: Exquisite Calf Leather Inner Material: Luxurious Goat Leather Lining Sole: Lightweight and Durable Microlight Sole Heel Height: Comfortable 1-3 cm Heel Available Sizes: EU 39, 40, 41, 42, 43, 44, 45 Minimum Order: 8 Pairs for wholesale pricing Estimated Delivery: 12 Days + Shipping","_links":{"self":[{"href":"https:\/\/turkishtrade.co\/tr\/wp-json\/wp\/v2\/product\/4964","targetHints":{"allow":["GET"]}}],"collection":[{"href":"https:\/\/turkishtrade.co\/tr\/wp-json\/wp\/v2\/product"}],"about":[{"href":"https:\/\/turkishtrade.co\/tr\/wp-json\/wp\/v2\/types\/product"}],"wp:featuredmedia":[{"embeddable":true,"href":"https:\/\/turkishtrade.co\/tr\/wp-json\/wp\/v2\/media\/3366"}],"wp:attachment":[{"href":"https:\/\/turkishtrade.co\/tr\/wp-json\/wp\/v2\/media?parent=4964"}],"wp:term":[{"taxonomy":"product_brand","embeddable":true,"href":"https:\/\/turkishtrade.co\/tr\/wp-json\/wp\/v2\/product_brand?post=4964"},{"taxonomy":"product_cat","embeddable":true,"href":"https:\/\/turkishtrade.co\/tr\/wp-json\/wp\/v2\/product_cat?post=4964"},{"taxonomy":"product_tag","embeddable":true,"href":"https:\/\/turkishtrade.co\/tr\/wp-json\/wp\/v2\/product_tag?post=4964"}],"curies":[{"name":"wp","href":"https:\/\/api.w.org\/{rel}","templated":true}]}}