{"id":4961,"date":"2026-01-14T10:53:19","date_gmt":"2026-01-14T10:53:19","guid":{"rendered":"https:\/\/turkishtrade.co\/product\/men-s-calf-leather-loafers\/"},"modified":"2026-04-09T19:48:57","modified_gmt":"2026-04-09T19:48:57","slug":"premium-mens-calf-leather-loafers","status":"publish","type":"product","link":"https:\/\/turkishtrade.co\/tr\/shop\/premium-mens-calf-leather-loafers\/","title":{"rendered":"Microlight Tabanl\u0131 Premium Erkek Dana Derisi Penny Loafer"},"content":{"rendered":"<p><strong>Erkek Dana Derisi Loafer<\/strong><\/p>\n<p>Premium Erkek Dana Derisi Penny Loafer'lar\u0131m\u0131zla benzersiz bir sofistikeli\u011fe ad\u0131m at\u0131n. Se\u00e7kin bireyler i\u00e7in tasarlanan bu zarif mokasen ayakkab\u0131lar, klasik stili modern konforla harmanlayarak her gard\u0131robun vazge\u00e7ilmez bir par\u00e7as\u0131 haline geliyor. Bunlar\u0131n her bir \u00e7ifti <strong>Erkek Dana Derisi Loafer<\/strong> \u00fcst\u00fcn i\u015f\u00e7ili\u011fin bir kan\u0131t\u0131d\u0131r ve giydi\u011finiz andan itibaren l\u00fcks bir deneyim sunar. \u0130ster bir i\u015f toplant\u0131s\u0131na, ister resmi bir etkinli\u011fe gidiyor olun, ister sadece zarif ve g\u00fcndelik bir gezintinin tad\u0131n\u0131 \u00e7\u0131kar\u0131n, bu mokasen ayakkab\u0131lar \u015f\u0131kl\u0131k ve rahatl\u0131\u011f\u0131n m\u00fckemmel dengesini sa\u011flar.<\/p>\n<p>Bu ola\u011fan\u00fcst\u00fc binan\u0131n d\u0131\u015f cephesi <strong>Erkek Dana Derisi Loafer<\/strong> 100% hakiki dana derisinden titizlikle \u00fcretilmi\u015ftir. Bu birinci s\u0131n\u0131f malzeme sadece \u00e7arp\u0131c\u0131 bir estetik sa\u011flamakla kalmaz, ayn\u0131 zamanda dayan\u0131kl\u0131l\u0131k ve zamanla geli\u015fen g\u00fczel bir patina vaat ederek ayakkab\u0131n\u0131n karakterini geli\u015ftirir. Hem klasik siyah hem de zengin kahverengi se\u00e7eneklerinde g\u00f6r\u00fclebilen ince doku, her bir \u00e7ifte derinlik ve benzersiz bir dokunu\u015f katar. Sa\u011flam d\u0131\u015f y\u00fczeyi tamamlayan i\u00e7 k\u0131s\u0131m, yumu\u015fak ke\u00e7i derisiyle astarlanm\u0131\u015ft\u0131r ve aya\u011f\u0131n\u0131z\u0131 saran yumu\u015fak, nefes alabilen ve son derece rahat bir uyum sa\u011flar.<\/p>\n<h3>Rakipsiz Konfor ve Tasar\u0131m<\/h3>\n<p>Konfor her \u015feyden \u00f6nemlidir ve <strong>Erkek Dana Derisi Loafer<\/strong> teslim edin. Yenilik\u00e7i Microlight taban teknolojisi ola\u011fan\u00fcst\u00fc hafiflik ve esneklik sunarak uzun saatler kullan\u0131mdan sonra bile ayak yorgunlu\u011funu azalt\u0131r. Bu geli\u015fmi\u015f taban, \u00fcst\u00fcn \u015fok emilimi ve \u00e7eki\u015f g\u00fcc\u00fc sa\u011flayarak dengeli ve rahat bir y\u00fcr\u00fcy\u00fc\u015f sa\u011flar. Topuk y\u00fcksekli\u011fi 1-3 cm olan bu mokasen ayakkab\u0131lar, konfordan \u00f6d\u00fcn vermeden d\u00fczg\u00fcn duru\u015fu destekleyen ince bir y\u00fckselti sunar. Zamans\u0131z penny loafer tasar\u0131m\u0131 bu ayakkab\u0131lar\u0131 <strong>Erkek Dana Derisi Loafer<\/strong> \u0130nan\u0131lmaz derecede \u00e7ok y\u00f6nl\u00fcd\u00fcr, \u00f6zel tak\u0131m elbiselerden \u015f\u0131k g\u00fcnl\u00fck pantolonlara kadar her \u015feyle e\u015fle\u015ftirmeye uygundur.<\/p>\n<h3>Premium Ayakkab\u0131lar i\u00e7in Toptan Sat\u0131\u015f F\u0131rsat\u0131<\/h3>\n<p>Y\u00fcksek kaliteli, \u015f\u0131k ayakkab\u0131lar sunmak isteyen i\u015fletmeler i\u00e7in Premium <strong>Erkek Dana Derisi Loafer<\/strong> toptan sat\u0131\u015f i\u00e7in mevcuttur. Perakendeciler ve distrib\u00fct\u00f6rlerin bu pop\u00fcler ve l\u00fcks \u00fcr\u00fcn\u00fc stoklamalar\u0131n\u0131 kolayla\u015ft\u0131rmak i\u00e7in minimum 8 \u00e7ift sipari\u015fe ihtiyac\u0131m\u0131z var. Sipari\u015fler, m\u00fc\u015fterileriniz i\u00e7in tutarl\u0131 bir tedarik sa\u011flamak \u00fczere, nakliye dahil yakla\u015f\u0131k 12 g\u00fcnl\u00fck bir teslimat s\u00fcresiyle i\u015fleme al\u0131n\u0131r. Bu zarif <strong>Erkek Dana Derisi Loafer<\/strong> Belirli bot stilleri hari\u00e7, \u00e7ift ba\u015f\u0131na USD fiyat\u0131yla m\u00fckemmel de\u011feri temsil eder. Koleksiyonunuzu bu \u00fcst d\u00fczey botlarla geni\u015fletin <strong>Erkek Dana Derisi Loafer<\/strong> ve m\u00fc\u015fterilerinize l\u00fcks, konfor ve kal\u0131c\u0131 stilin bir kar\u0131\u015f\u0131m\u0131n\u0131 sunun.<\/p>\n<p>Kalite ve zevk hakk\u0131nda \u00e7ok \u015fey anlatan ayakkab\u0131lara yat\u0131r\u0131m yap\u0131n. Bizim Premium <strong>Erkek Dana Derisi Loafer<\/strong> sadece ayakkab\u0131 de\u011fildir; att\u0131\u011f\u0131n\u0131z her ad\u0131m\u0131 y\u00fckseltmek i\u00e7in tasarlanm\u0131\u015f rafine bir ya\u015fam deneyimidir. Ger\u00e7ek i\u015f\u00e7ili\u011fin yaratt\u0131\u011f\u0131 fark\u0131 ke\u015ffedin.<\/p>","protected":false},"excerpt":{"rendered":"<ul>\n<li>Sofistike bir d\u0131\u015f g\u00f6r\u00fcn\u00fcm i\u00e7in 100% hakiki dana derisinden \u00fcretilmi\u015ftir<\/li>\n<li>L\u00fcks ke\u00e7i derisi i\u00e7 astar ola\u011fan\u00fcst\u00fc konfor sa\u011flar<\/li>\n<li>\u00dcst\u00fcn yast\u0131klama ve esneklik i\u00e7in hafif Microlight tabana sahiptir<\/li>\n<li>39'dan 45'e kadar kapsaml\u0131 bir beden aral\u0131\u011f\u0131nda mevcuttur<\/li>\n<li>Minimum sipari\u015f miktar\u0131: 8 \u00e7ift, toplu ve toptan al\u0131mlar i\u00e7in ideal<\/li>\n<li>Topuk y\u00fcksekli\u011fi: Hafif bir kald\u0131rma ve ergonomik tasar\u0131m i\u00e7in 1-3 cm<\/li>\n<\/ul>","protected":false},"featured_media":3365,"template":"","meta":{"_acf_changed":false,"_uag_custom_page_level_css":"","site-sidebar-layout":"default","site-content-layout":"","ast-site-content-layout":"default","site-content-style":"default","site-sidebar-style":"default","ast-global-header-display":"","ast-banner-title-visibility":"","ast-main-header-display":"","ast-hfb-above-header-display":"","ast-hfb-below-header-display":"","ast-hfb-mobile-header-display":"","site-post-title":"","ast-breadcrumbs-content":"","ast-featured-img":"","footer-sml-layout":"","ast-disable-related-posts":"","theme-transparent-header-meta":"default","adv-header-id-meta":"","stick-header-meta":"","header-above-stick-meta":"","header-main-stick-meta":"","header-below-stick-meta":"","astra-migrate-meta-layouts":"set","ast-page-background-enabled":"default","ast-page-background-meta":{"desktop":{"background-color":"var(--ast-global-color-4)","background-image":"","background-repeat":"repeat","background-position":"center center","background-size":"auto","background-attachment":"scroll","background-type":"","background-media":"","overlay-type":"","overlay-color":"","overlay-opacity":"","overlay-gradient":""},"tablet":{"background-color":"","background-image":"","background-repeat":"repeat","background-position":"center center","background-size":"auto","background-attachment":"scroll","background-type":"","background-media":"","overlay-type":"","overlay-color":"","overlay-opacity":"","overlay-gradient":""},"mobile":{"background-color":"","background-image":"","background-repeat":"repeat","background-position":"center center","background-size":"auto","background-attachment":"scroll","background-type":"","background-media":"","overlay-type":"","overlay-color":"","overlay-opacity":"","overlay-gradient":""}},"ast-content-background-meta":{"desktop":{"background-color":"var(--ast-global-color-5)","background-image":"","background-repeat":"repeat","background-position":"center center","background-size":"auto","background-attachment":"scroll","background-type":"","background-media":"","overlay-type":"","overlay-color":"","overlay-opacity":"","overlay-gradient":""},"tablet":{"background-color":"var(--ast-global-color-5)","background-image":"","background-repeat":"repeat","background-position":"center center","background-size":"auto","background-attachment":"scroll","background-type":"","background-media":"","overlay-type":"","overlay-color":"","overlay-opacity":"","overlay-gradient":""},"mobile":{"background-color":"var(--ast-global-color-5)","background-image":"","background-repeat":"repeat","background-position":"center center","background-size":"auto","background-attachment":"scroll","background-type":"","background-media":"","overlay-type":"","overlay-color":"","overlay-opacity":"","overlay-gradient":""}}},"product_brand":[],"product_cat":[47,430,40],"product_tag":[185,512,352,189,351,517,518,186,466,279,281],"class_list":{"0":"post-4961","1":"product","2":"type-product","3":"status-publish","4":"has-post-thumbnail","6":"product_cat-classic","7":"product_cat-men","8":"product_cat-mens-shoes","9":"product_tag-calf-leather-shoes","10":"product_tag-casual-loafers","11":"product_tag-formal-loafers","12":"product_tag-goat-leather-lining","13":"product_tag-leather-footwear","14":"product_tag-mens-black-loafers","15":"product_tag-mens-brown-loafers","16":"product_tag-mens-loafers","17":"product_tag-microlight-sole","18":"product_tag-penny-loafers","19":"product_tag-wholesale-shoes","20":"desktop-align-center","21":"tablet-align-center","22":"mobile-align-center","24":"first","25":"instock","26":"shipping-taxable","27":"purchasable","28":"product-type-variable","29":"has-default-attributes"},"acf":[],"uagb_featured_image_src":{"full":["https:\/\/turkishtrade.co\/wp-content\/uploads\/2026\/01\/2400EJOMN00009-BROWN-Y_543.png",453,250,false],"thumbnail":["https:\/\/turkishtrade.co\/wp-content\/uploads\/2026\/01\/2400EJOMN00009-BROWN-Y_543-150x150.png",150,150,true],"medium":["https:\/\/turkishtrade.co\/wp-content\/uploads\/2026\/01\/2400EJOMN00009-BROWN-Y_543-300x166.png",300,166,true],"medium_large":["https:\/\/turkishtrade.co\/wp-content\/uploads\/2026\/01\/2400EJOMN00009-BROWN-Y_543.png",453,250,false],"large":["https:\/\/turkishtrade.co\/wp-content\/uploads\/2026\/01\/2400EJOMN00009-BROWN-Y_543.png",453,250,false],"1536x1536":["https:\/\/turkishtrade.co\/wp-content\/uploads\/2026\/01\/2400EJOMN00009-BROWN-Y_543.png",453,250,false],"2048x2048":["https:\/\/turkishtrade.co\/wp-content\/uploads\/2026\/01\/2400EJOMN00009-BROWN-Y_543.png",453,250,false],"trp-custom-language-flag":["https:\/\/turkishtrade.co\/wp-content\/uploads\/2026\/01\/2400EJOMN00009-BROWN-Y_543-18x10.png",18,10,true],"woocommerce_thumbnail":["https:\/\/turkishtrade.co\/wp-content\/uploads\/2026\/01\/2400EJOMN00009-BROWN-Y_543-400x250.png",400,250,true],"woocommerce_single":["https:\/\/turkishtrade.co\/wp-content\/uploads\/2026\/01\/2400EJOMN00009-BROWN-Y_543.png",453,250,false],"woocommerce_gallery_thumbnail":["https:\/\/turkishtrade.co\/wp-content\/uploads\/2026\/01\/2400EJOMN00009-BROWN-Y_543-100x100.png",100,100,true]},"uagb_author_info":{"display_name":"yaser olabi","author_link":"https:\/\/turkishtrade.co\/tr\/author\/"},"uagb_comment_info":0,"uagb_excerpt":"Crafted from 100% genuine calf leather for a sophisticated exterior Luxurious goat leather interior lining ensures exceptional comfort Features a lightweight Microlight sole for superior cushioning and flexibility Available in a comprehensive size range from 39 to 45 Minimum order quantity: 8 pairs, ideal for bulk and wholesale purchases Heel height: 1-3 cm for a&hellip;","_links":{"self":[{"href":"https:\/\/turkishtrade.co\/tr\/wp-json\/wp\/v2\/product\/4961","targetHints":{"allow":["GET"]}}],"collection":[{"href":"https:\/\/turkishtrade.co\/tr\/wp-json\/wp\/v2\/product"}],"about":[{"href":"https:\/\/turkishtrade.co\/tr\/wp-json\/wp\/v2\/types\/product"}],"wp:featuredmedia":[{"embeddable":true,"href":"https:\/\/turkishtrade.co\/tr\/wp-json\/wp\/v2\/media\/3365"}],"wp:attachment":[{"href":"https:\/\/turkishtrade.co\/tr\/wp-json\/wp\/v2\/media?parent=4961"}],"wp:term":[{"taxonomy":"product_brand","embeddable":true,"href":"https:\/\/turkishtrade.co\/tr\/wp-json\/wp\/v2\/product_brand?post=4961"},{"taxonomy":"product_cat","embeddable":true,"href":"https:\/\/turkishtrade.co\/tr\/wp-json\/wp\/v2\/product_cat?post=4961"},{"taxonomy":"product_tag","embeddable":true,"href":"https:\/\/turkishtrade.co\/tr\/wp-json\/wp\/v2\/product_tag?post=4961"}],"curies":[{"name":"wp","href":"https:\/\/api.w.org\/{rel}","templated":true}]}}