{"id":4958,"date":"2026-01-14T10:52:55","date_gmt":"2026-01-14T10:52:55","guid":{"rendered":"https:\/\/turkishtrade.co\/product\/mens-leather-loafer-shoes\/"},"modified":"2026-04-09T19:49:04","modified_gmt":"2026-04-09T19:49:04","slug":"mens-leather-loafer-shoes","status":"publish","type":"product","link":"https:\/\/turkishtrade.co\/tr\/shop\/mens-leather-loafer-shoes\/","title":{"rendered":"Premium El Yap\u0131m\u0131 Erkek Deri Loafer Ayakkab\u0131"},"content":{"rendered":"<p><strong>Erkek Deri Loafer Ayakkab\u0131<\/strong><\/p>\n<p>Enfes koleksiyonumuzla benzersiz bir sofistike ve rahatl\u0131\u011fa ad\u0131m at\u0131n <strong>Erkek Deri Loafer Ayakkab\u0131<\/strong>. Klasik tarz\u0131 ve \u00fcst\u00fcn i\u015f\u00e7ili\u011fi takdir eden modern beyefendiler i\u00e7in tasarlanan bu mokasen ayakkab\u0131lar, titiz sanat\u00e7\u0131l\u0131\u011f\u0131n ve birinci s\u0131n\u0131f malzemelerin bir kan\u0131t\u0131d\u0131r. \u0130ster bir i\u015f toplant\u0131s\u0131, ister g\u00fcndelik bir gezi ya da \u00f6zel bir etkinlik i\u00e7in giyiniyor olun <strong>Erkek Deri Loafer Ayakkab\u0131<\/strong> \u015f\u0131kl\u0131k ve pratikli\u011fin m\u00fckemmel bir kar\u0131\u015f\u0131m\u0131n\u0131 sunarak her zaman se\u00e7kin bir izlenim b\u0131rakman\u0131z\u0131 sa\u011flar.<\/p>\n<p>&nbsp;<\/p>\n<h3>Zamans\u0131z Stil ve \u00c7ok Y\u00f6nl\u00fc \u015e\u0131kl\u0131k<\/h3>\n<p>Bizim <strong>Erkek Deri Loafer Ayakkab\u0131<\/strong> resmi ve g\u00fcndelik giyim aras\u0131ndaki bo\u015flu\u011fu zahmetsizce dolduran zamans\u0131z bir tasar\u0131ma sahiptir. Zarif slip-on silueti, genellikle se\u00e7kin bir kep burun ve ince detaylara sahip olmas\u0131, onlar\u0131 her gard\u0131rop i\u00e7in \u00e7ok y\u00f6nl\u00fc bir eklenti haline getirir. Klasik siyah ve zengin kahverengi tonlar\u0131nda mevcut olan bu mokasen ayakkab\u0131lar, keskin bir profesyonel g\u00f6r\u00fcn\u00fcm i\u00e7in \u00f6zel dikim tak\u0131m elbiselerle, g\u00fcndelik i\u015f ortamlar\u0131 i\u00e7in chino pantolonlar veya \u015f\u0131k pantolonlarla, hatta hafta sonu \u015f\u0131kl\u0131\u011f\u0131 i\u00e7in birinci s\u0131n\u0131f denimlerle sorunsuz bir \u015fekilde e\u015fle\u015ftirilebilir. Sade sofistike tasar\u0131mlar\u0131, modas\u0131 asla ge\u00e7meyen kaliteli ayakkab\u0131lara y\u00f6nelik se\u00e7ici bir zevki yans\u0131tan temel bir par\u00e7a olarak kalmalar\u0131n\u0131 sa\u011flar. Ya\u015fam tarz\u0131n\u0131za uyum sa\u011flayan, ger\u00e7ekten iyi \u00fcretilmi\u015f ayakkab\u0131lar\u0131n kal\u0131c\u0131 cazibesini deneyimleyin.<\/p>\n<h3>Optimum Konfor ve M\u00fckemmel Uyum<\/h3>\n<p>Tasar\u0131m\u0131m\u0131zda konfor her \u015feyden \u00f6nemlidir <strong>Erkek Deri Loafer Ayakkab\u0131<\/strong>. Tam ke\u00e7i derisi astar sadece l\u00fcks bir his vermekle kalmaz, ayn\u0131 zamanda nemi uzakla\u015ft\u0131rarak ayaklar\u0131n\u0131z\u0131n g\u00fcn boyunca kuru ve ferah kalmas\u0131n\u0131 sa\u011flar. AB 39 ila 45 aras\u0131nda de\u011fi\u015fen bedenlerle, \u00e7ok \u00e7e\u015fitli se\u00e7ici m\u00fc\u015fteriler i\u00e7in m\u00fckemmel bir uyum sa\u011fl\u0131yoruz. \u00d6zenli yap\u0131 ve malzeme se\u00e7imi, bu loafer'lar\u0131n minimum al\u0131\u015ft\u0131rma s\u00fcresi gerektirdi\u011fi ve ilk giyimden itibaren an\u0131nda konfor sa\u011flad\u0131\u011f\u0131 anlam\u0131na gelir. Tarz\u0131n\u0131zdan \u00f6d\u00fcn vermeden rahatl\u0131\u011f\u0131n\u0131za \u00f6ncelik veren ayakkab\u0131lara yat\u0131r\u0131m yap\u0131n.<\/p>\n<h3>Perakendeciler i\u00e7in Toptan Sat\u0131\u015f F\u0131rsatlar\u0131<\/h3>\n<p>M\u00fc\u015fterilerine birinci s\u0131n\u0131f ayakkab\u0131lar sunmak isteyen perakendeciler i\u00e7in <strong>Erkek Deri Loafer Ayakkab\u0131<\/strong> m\u00fckemmel bir f\u0131rsat sunuyor. Minimum sipari\u015f miktar\u0131 sadece 8 \u00e7ift olmak \u00fczere \u00e7ift ba\u015f\u0131na USD'den ba\u015flayan cazip toptan sat\u0131\u015f fiyatlar\u0131 sunuyoruz. Verimli \u00fcretim ve teslimat s\u00fcrecimiz, sipari\u015finizin 12 g\u00fcn i\u00e7inde sevkiyata haz\u0131r olmas\u0131n\u0131 ve ard\u0131ndan standart kargo teslimat\u0131 yap\u0131lmas\u0131n\u0131 sa\u011flar. M\u00fc\u015fterilerinize hem stil hem de i\u00e7erik vaat eden y\u00fcksek kaliteli, el yap\u0131m\u0131 deri mokasen ayakkab\u0131lar sunarak envanterinizi kendi kendini satan ayakkab\u0131larla g\u00fc\u00e7lendirin. Koleksiyonunuzu bu temel \u00fcr\u00fcnlerle zenginle\u015ftirin <strong>Erkek Deri Loafer Ayakkab\u0131<\/strong> Bug\u00fcn!<\/p>","protected":false},"excerpt":{"rendered":"<ul>\n<li>Kal\u0131c\u0131 \u015f\u0131kl\u0131k i\u00e7in birinci s\u0131n\u0131f dana derisi d\u0131\u015f y\u00fczeyle ustal\u0131kla el yap\u0131m\u0131 olarak \u00fcretilmi\u015ftir.<\/li>\n<li>L\u00fcks ke\u00e7i derisi i\u00e7 astar \u00fcst\u00fcn konfor ve nefes alabilirlik sa\u011flar.<\/li>\n<li>Dayan\u0131kl\u0131 Microlight tabana ve optimum destek i\u00e7in 1-3 cm'lik ince bir topu\u011fa sahiptir.<\/li>\n<li>AB 39'dan 45'e kadar kapsaml\u0131 bir beden yelpazesinde mevcuttur.<\/li>\n<li><strong>Toplu Bulunabilirlik:<\/strong> Cazip toptan fiyatland\u0131rma ile minimum 8 \u00e7ift sipari\u015f miktar\u0131 (\u00e7ift ba\u015f\u0131na USD'den ba\u015flayan fiyatlarla).<\/li>\n<\/ul>","protected":false},"featured_media":3363,"template":"","meta":{"_acf_changed":false,"_uag_custom_page_level_css":"","site-sidebar-layout":"default","site-content-layout":"","ast-site-content-layout":"default","site-content-style":"default","site-sidebar-style":"default","ast-global-header-display":"","ast-banner-title-visibility":"","ast-main-header-display":"","ast-hfb-above-header-display":"","ast-hfb-below-header-display":"","ast-hfb-mobile-header-display":"","site-post-title":"","ast-breadcrumbs-content":"","ast-featured-img":"","footer-sml-layout":"","ast-disable-related-posts":"","theme-transparent-header-meta":"default","adv-header-id-meta":"","stick-header-meta":"","header-above-stick-meta":"","header-main-stick-meta":"","header-below-stick-meta":"","astra-migrate-meta-layouts":"set","ast-page-background-enabled":"default","ast-page-background-meta":{"desktop":{"background-color":"var(--ast-global-color-4)","background-image":"","background-repeat":"repeat","background-position":"center center","background-size":"auto","background-attachment":"scroll","background-type":"","background-media":"","overlay-type":"","overlay-color":"","overlay-opacity":"","overlay-gradient":""},"tablet":{"background-color":"","background-image":"","background-repeat":"repeat","background-position":"center center","background-size":"auto","background-attachment":"scroll","background-type":"","background-media":"","overlay-type":"","overlay-color":"","overlay-opacity":"","overlay-gradient":""},"mobile":{"background-color":"","background-image":"","background-repeat":"repeat","background-position":"center center","background-size":"auto","background-attachment":"scroll","background-type":"","background-media":"","overlay-type":"","overlay-color":"","overlay-opacity":"","overlay-gradient":""}},"ast-content-background-meta":{"desktop":{"background-color":"var(--ast-global-color-5)","background-image":"","background-repeat":"repeat","background-position":"center center","background-size":"auto","background-attachment":"scroll","background-type":"","background-media":"","overlay-type":"","overlay-color":"","overlay-opacity":"","overlay-gradient":""},"tablet":{"background-color":"var(--ast-global-color-5)","background-image":"","background-repeat":"repeat","background-position":"center center","background-size":"auto","background-attachment":"scroll","background-type":"","background-media":"","overlay-type":"","overlay-color":"","overlay-opacity":"","overlay-gradient":""},"mobile":{"background-color":"var(--ast-global-color-5)","background-image":"","background-repeat":"repeat","background-position":"center center","background-size":"auto","background-attachment":"scroll","background-type":"","background-media":"","overlay-type":"","overlay-color":"","overlay-opacity":"","overlay-gradient":""}}},"product_brand":[],"product_cat":[47,430,40],"product_tag":[370,147,513,202,512,480,352,437,450,227,186,374,184,254],"class_list":{"0":"post-4958","1":"product","2":"type-product","3":"status-publish","4":"has-post-thumbnail","6":"product_cat-classic","7":"product_cat-men","8":"product_cat-mens-shoes","9":"product_tag-black-loafers","10":"product_tag-brown-loafers","11":"product_tag-business-casual-shoes","12":"product_tag-calf-leather","13":"product_tag-casual-loafers","14":"product_tag-elegant-shoes","15":"product_tag-formal-loafers","16":"product_tag-goat-leather","17":"product_tag-handcrafted-shoes","18":"product_tag-leather-shoes","19":"product_tag-mens-loafers","20":"product_tag-premium-loafers","21":"product_tag-slip-on-shoes","22":"product_tag-wholesale-footwear","23":"desktop-align-center","24":"tablet-align-center","25":"mobile-align-center","27":"first","28":"instock","29":"shipping-taxable","30":"purchasable","31":"product-type-variable","32":"has-default-attributes"},"acf":[],"uagb_featured_image_src":{"full":["https:\/\/turkishtrade.co\/wp-content\/uploads\/2026\/01\/2400EJOMN00008-BROWN-H_70.png",453,250,false],"thumbnail":["https:\/\/turkishtrade.co\/wp-content\/uploads\/2026\/01\/2400EJOMN00008-BROWN-H_70-150x150.png",150,150,true],"medium":["https:\/\/turkishtrade.co\/wp-content\/uploads\/2026\/01\/2400EJOMN00008-BROWN-H_70-300x166.png",300,166,true],"medium_large":["https:\/\/turkishtrade.co\/wp-content\/uploads\/2026\/01\/2400EJOMN00008-BROWN-H_70.png",453,250,false],"large":["https:\/\/turkishtrade.co\/wp-content\/uploads\/2026\/01\/2400EJOMN00008-BROWN-H_70.png",453,250,false],"1536x1536":["https:\/\/turkishtrade.co\/wp-content\/uploads\/2026\/01\/2400EJOMN00008-BROWN-H_70.png",453,250,false],"2048x2048":["https:\/\/turkishtrade.co\/wp-content\/uploads\/2026\/01\/2400EJOMN00008-BROWN-H_70.png",453,250,false],"trp-custom-language-flag":["https:\/\/turkishtrade.co\/wp-content\/uploads\/2026\/01\/2400EJOMN00008-BROWN-H_70-18x10.png",18,10,true],"woocommerce_thumbnail":["https:\/\/turkishtrade.co\/wp-content\/uploads\/2026\/01\/2400EJOMN00008-BROWN-H_70-400x250.png",400,250,true],"woocommerce_single":["https:\/\/turkishtrade.co\/wp-content\/uploads\/2026\/01\/2400EJOMN00008-BROWN-H_70.png",453,250,false],"woocommerce_gallery_thumbnail":["https:\/\/turkishtrade.co\/wp-content\/uploads\/2026\/01\/2400EJOMN00008-BROWN-H_70-100x100.png",100,100,true]},"uagb_author_info":{"display_name":"yaser olabi","author_link":"https:\/\/turkishtrade.co\/tr\/author\/"},"uagb_comment_info":0,"uagb_excerpt":"Expertly handcrafted with a premium calf leather exterior for lasting elegance. Luxurious goat leather interior lining ensures superior comfort and breathability. Features a durable Microlight sole and a subtle 1-3 cm heel for optimal support. Available in a comprehensive range of sizes from EU 39 to 45. Bulk Availability: Minimum order quantity of 8 pairs&hellip;","_links":{"self":[{"href":"https:\/\/turkishtrade.co\/tr\/wp-json\/wp\/v2\/product\/4958","targetHints":{"allow":["GET"]}}],"collection":[{"href":"https:\/\/turkishtrade.co\/tr\/wp-json\/wp\/v2\/product"}],"about":[{"href":"https:\/\/turkishtrade.co\/tr\/wp-json\/wp\/v2\/types\/product"}],"wp:featuredmedia":[{"embeddable":true,"href":"https:\/\/turkishtrade.co\/tr\/wp-json\/wp\/v2\/media\/3363"}],"wp:attachment":[{"href":"https:\/\/turkishtrade.co\/tr\/wp-json\/wp\/v2\/media?parent=4958"}],"wp:term":[{"taxonomy":"product_brand","embeddable":true,"href":"https:\/\/turkishtrade.co\/tr\/wp-json\/wp\/v2\/product_brand?post=4958"},{"taxonomy":"product_cat","embeddable":true,"href":"https:\/\/turkishtrade.co\/tr\/wp-json\/wp\/v2\/product_cat?post=4958"},{"taxonomy":"product_tag","embeddable":true,"href":"https:\/\/turkishtrade.co\/tr\/wp-json\/wp\/v2\/product_tag?post=4958"}],"curies":[{"name":"wp","href":"https:\/\/api.w.org\/{rel}","templated":true}]}}