{"id":4955,"date":"2026-01-14T10:52:34","date_gmt":"2026-01-14T10:52:34","guid":{"rendered":"https:\/\/turkishtrade.co\/product\/black-monk-strap-shoes\/"},"modified":"2026-04-09T19:49:07","modified_gmt":"2026-04-09T19:49:07","slug":"black-monk-strap-shoes","status":"publish","type":"product","link":"https:\/\/turkishtrade.co\/tr\/shop\/black-monk-strap-shoes\/","title":{"rendered":"Erkek Siyah Dana Derisi Monk Strap Ayakkab\u0131"},"content":{"rendered":"<p><strong>Siyah Ke\u015fi\u015f Kay\u0131\u015fl\u0131 Ayakkab\u0131<\/strong><\/p>\n<p>Zarif Erkek Siyah Dana Derisi Monk Strap Ayakkab\u0131lar\u0131m\u0131z ile resmi ve \u015f\u0131k g\u00fcnl\u00fck gard\u0131robunuzu y\u00fckseltin. Bu sofistike <b>Siyah Ke\u015fi\u015f Kay\u0131\u015fl\u0131 Ayakkab\u0131<\/b> benzersiz bir stil, konfor ve dayan\u0131kl\u0131l\u0131k sunmak i\u00e7in titizlikle \u00fcretilmi\u015ftir. Se\u00e7kin beyefendiler i\u00e7in tasarlanan bu ayakkab\u0131lar, zamans\u0131z bir zarafete sahiptir ve iyi giyinen her birey i\u00e7in bir k\u00f6\u015fe ta\u015f\u0131d\u0131r. Her \u00e7iftte kalitenin klasik tasar\u0131mla bulu\u015ftu\u011fu bir d\u00fcnyaya ad\u0131m at\u0131n.<\/p>\n<h3>E\u015fsiz \u0130\u015f\u00e7ilik ve Birinci S\u0131n\u0131f Malzemeler<\/h3>\n<p>Her ad\u0131mda orijinal malzemelerin l\u00fcks\u00fcn\u00fc ya\u015fay\u0131n. Bunlar\u0131n d\u0131\u015f y\u00fczeyi <b>Siyah Ke\u015fi\u015f Kay\u0131\u015fl\u0131 Ayakkab\u0131<\/b> p\u00fcr\u00fczs\u00fcz y\u00fczeyi, esnek hissi ve ola\u011fan\u00fcst\u00fc uzun \u00f6m\u00fcrl\u00fcl\u00fc\u011f\u00fc ile bilinen 100% birinci s\u0131n\u0131f dana derisinden \u00fcretilmi\u015ftir. Bu \u00fcst d\u00fczey deri sadece zarif bir estetik sa\u011flamakla kalmaz, ayn\u0131 zamanda ayakkab\u0131n\u0131n zaman i\u00e7inde aya\u011f\u0131n\u0131za g\u00fczelce oturmas\u0131n\u0131 sa\u011flayarak ki\u015fiselle\u015ftirilmi\u015f bir uyum sunar. Aya\u011f\u0131n\u0131z\u0131 saran yumu\u015fak ve nefes alabilen ke\u00e7i derisi astar, \u00fcst\u00fcn konfor ve nem emme \u00f6zellikleri sunarak g\u00fcn boyunca rahat etmenizi sa\u011flar.<\/p>\n<h3>Her Durum \u0130\u00e7in Zarif Tasar\u0131m<\/h3>\n<p>Tekli monk kay\u0131\u015f tasar\u0131m\u0131, sofistike bir dokunu\u015f katarak bu \u00fcr\u00fcnlere farkl\u0131 bir hava katar. <b>Siyah Ke\u015fi\u015f Kay\u0131\u015fl\u0131 Ayakkab\u0131<\/b> geleneksel ba\u011fc\u0131kl\u0131 ayakkab\u0131lardan farkl\u0131d\u0131r. Bu klasik ama \u00e7a\u011fda\u015f stil, g\u00fcvenli ve \u015f\u0131k bir uyum sa\u011flayan, g\u00fcven ve rafine bir zevk yans\u0131tan \u015f\u0131k bir toka kapamas\u0131na sahiptir. \u0130ster \u00f6nemli bir i\u015f toplant\u0131s\u0131na, ister resmi bir d\u00fc\u011f\u00fcne ya da sofistike bir ak\u015fam etkinli\u011fine kat\u0131l\u0131yor olun, bu \u00e7ok y\u00f6nl\u00fc <b>Siyah Ke\u015fi\u015f Kay\u0131\u015fl\u0131 Ayakkab\u0131<\/b> k\u0131yafetinizi m\u00fckemmel bir \u015fekilde tamamlayacak ve her tak\u0131ma g\u00f6steri\u015fli bir g\u00f6r\u00fcn\u00fcm kazand\u0131racakt\u0131r. E\u015fle\u015ftirin <b>Siyah Ke\u015fi\u015f Kay\u0131\u015fl\u0131 Ayakkab\u0131<\/b> Zahmetsizce \u015f\u0131k bir g\u00f6r\u00fcn\u00fcm i\u00e7in \u00f6zel dikim tak\u0131mlar veya keskin chino pantolonlarla.<\/p>\n<h3>Microlight Taban ile \u00dcst\u00fcn Konfor<\/h3>\n<p>Stilden \u00f6d\u00fcn vermeden konfor her \u015feyden \u00f6nemlidir. Bizim <b>Siyah Ke\u015fi\u015f Kay\u0131\u015fl\u0131 Ayakkab\u0131<\/b> m\u00fckemmel yast\u0131klama ve hafif esneklik sa\u011flayan yenilik\u00e7i bir microlight taban \u00fczerine in\u015fa edilmi\u015ftir. Bu geli\u015fmi\u015f taban teknolojisi, uzun saatler ayakta kald\u0131ktan sonra bile ayak yorgunlu\u011funu azaltarak rahat bir y\u00fcr\u00fcy\u00fc\u015f sa\u011flar. 1-3 cm'lik ince topuk y\u00fcksekli\u011fi ile bu ayakkab\u0131lar se\u00e7kin bir duru\u015f i\u00e7in do\u011fru y\u00fcksekli\u011fi sunarken, pratikli\u011fi rafine estetikle birle\u015ftiriyor. Her bir \u00e7ift ayakkab\u0131da benzersiz kalite ve konforu deneyimleyin <b>Siyah Ke\u015fi\u015f Kay\u0131\u015fl\u0131 Ayakkab\u0131<\/b>.<\/p>\n<h3>Perakendeciler i\u00e7in Toptan Sat\u0131\u015f F\u0131rsat\u0131<\/h3>\n<p>M\u00fc\u015fterilerine birinci s\u0131n\u0131f ayakkab\u0131lar sunmak isteyen i\u015fletmeler ve perakendeciler i\u00e7in bu ola\u011fan\u00fcst\u00fc <b>Siyah Ke\u015fi\u015f Kay\u0131\u015fl\u0131 Ayakkab\u0131<\/b> toptan sat\u0131n al\u0131nabilir. Sadece 8 \u00e7iftlik minimum sipari\u015f miktar\u0131yla, butikler ve \u00e7evrimi\u00e7i ma\u011fazalar i\u00e7in m\u00fckemmel olan bu talep g\u00f6ren stili kolayca stoklayabilirsiniz. Zaman\u0131nda teslimat konusunda kendimizle gurur duyuyoruz, sipari\u015finizin 12 g\u00fcn art\u0131 nakliye s\u00fcresi i\u00e7inde m\u00fc\u015fterilerinizi etkilemeye haz\u0131r bir \u015fekilde ula\u015fmas\u0131n\u0131 sa\u011fl\u0131yoruz. Bunlar <b>Siyah Ke\u015fi\u015f Kay\u0131\u015fl\u0131 Ayakkab\u0131<\/b> her l\u00fcks ayakkab\u0131 koleksiyonuna de\u011ferli bir katk\u0131 sa\u011flar.<\/p>\n<p>Bir \u00e7ift ayakkab\u0131ya yat\u0131r\u0131m yap\u0131n <b>Siyah Ke\u015fi\u015f Kay\u0131\u015fl\u0131 Ayakkab\u0131<\/b> Sadece stil de\u011fil, kal\u0131c\u0131 bir kalite ve konfor miras\u0131 da vaat ediyor. Geleneksel i\u015f\u00e7ilik ve modern tasar\u0131m\u0131n kar\u0131\u015f\u0131m\u0131n\u0131 kucaklay\u0131n ve ger\u00e7ekten fark yaratan ayakkab\u0131lar giydi\u011finizi bilerek d\u0131\u015far\u0131ya g\u00fcvenle ad\u0131m at\u0131n.<\/p>","protected":false},"excerpt":{"rendered":"<ul>\n<li>Zarif Siyah Dana Derisi D\u0131\u015f Y\u00fczey<\/li>\n<li>Rahat Ke\u00e7i Derisi \u0130\u00e7 Astar<\/li>\n<li>Dayan\u0131kl\u0131 ve Hafif Microlight Taban<\/li>\n<li>\u015e\u0131k Tekli Monk Kay\u0131\u015f Tasar\u0131m\u0131<\/li>\n<li>39-45 Bedenlerde Mevcuttur<\/li>\n<li>Minimum Sipari\u015f: 8 \u00c7ift (Toptan Fiyatland\u0131rma Mevcuttur)<\/li>\n<\/ul>","protected":false},"featured_media":3361,"template":"","meta":{"_acf_changed":false,"_uag_custom_page_level_css":"","site-sidebar-layout":"default","site-content-layout":"","ast-site-content-layout":"default","site-content-style":"default","site-sidebar-style":"default","ast-global-header-display":"","ast-banner-title-visibility":"","ast-main-header-display":"","ast-hfb-above-header-display":"","ast-hfb-below-header-display":"","ast-hfb-mobile-header-display":"","site-post-title":"","ast-breadcrumbs-content":"","ast-featured-img":"","footer-sml-layout":"","ast-disable-related-posts":"","theme-transparent-header-meta":"default","adv-header-id-meta":"","stick-header-meta":"","header-above-stick-meta":"","header-main-stick-meta":"","header-below-stick-meta":"","astra-migrate-meta-layouts":"set","ast-page-background-enabled":"default","ast-page-background-meta":{"desktop":{"background-color":"var(--ast-global-color-4)","background-image":"","background-repeat":"repeat","background-position":"center center","background-size":"auto","background-attachment":"scroll","background-type":"","background-media":"","overlay-type":"","overlay-color":"","overlay-opacity":"","overlay-gradient":""},"tablet":{"background-color":"","background-image":"","background-repeat":"repeat","background-position":"center center","background-size":"auto","background-attachment":"scroll","background-type":"","background-media":"","overlay-type":"","overlay-color":"","overlay-opacity":"","overlay-gradient":""},"mobile":{"background-color":"","background-image":"","background-repeat":"repeat","background-position":"center center","background-size":"auto","background-attachment":"scroll","background-type":"","background-media":"","overlay-type":"","overlay-color":"","overlay-opacity":"","overlay-gradient":""}},"ast-content-background-meta":{"desktop":{"background-color":"var(--ast-global-color-5)","background-image":"","background-repeat":"repeat","background-position":"center center","background-size":"auto","background-attachment":"scroll","background-type":"","background-media":"","overlay-type":"","overlay-color":"","overlay-opacity":"","overlay-gradient":""},"tablet":{"background-color":"var(--ast-global-color-5)","background-image":"","background-repeat":"repeat","background-position":"center center","background-size":"auto","background-attachment":"scroll","background-type":"","background-media":"","overlay-type":"","overlay-color":"","overlay-opacity":"","overlay-gradient":""},"mobile":{"background-color":"var(--ast-global-color-5)","background-image":"","background-repeat":"repeat","background-position":"center center","background-size":"auto","background-attachment":"scroll","background-type":"","background-media":"","overlay-type":"","overlay-color":"","overlay-opacity":"","overlay-gradient":""}}},"product_brand":[],"product_cat":[47,430,40],"product_tag":[507,405,185,251,189,450,324,508,281],"class_list":{"0":"post-4955","1":"product","2":"type-product","3":"status-publish","4":"has-post-thumbnail","6":"product_cat-classic","7":"product_cat-men","8":"product_cat-mens-shoes","9":"product_tag-black-monk-strap-shoes","10":"product_tag-business-shoes","11":"product_tag-calf-leather-shoes","12":"product_tag-formal-shoes","13":"product_tag-goat-leather-lining","14":"product_tag-handcrafted-shoes","15":"product_tag-mens-dress-shoes","16":"product_tag-single-monk-strap","17":"product_tag-wholesale-shoes","18":"desktop-align-center","19":"tablet-align-center","20":"mobile-align-center","22":"first","23":"instock","24":"shipping-taxable","25":"purchasable","26":"product-type-variable","27":"has-default-attributes"},"acf":[],"uagb_featured_image_src":{"full":["https:\/\/turkishtrade.co\/wp-content\/uploads\/2026\/01\/2400EJOMN00007-BLACK-K_130.png",453,250,false],"thumbnail":["https:\/\/turkishtrade.co\/wp-content\/uploads\/2026\/01\/2400EJOMN00007-BLACK-K_130-150x150.png",150,150,true],"medium":["https:\/\/turkishtrade.co\/wp-content\/uploads\/2026\/01\/2400EJOMN00007-BLACK-K_130-300x166.png",300,166,true],"medium_large":["https:\/\/turkishtrade.co\/wp-content\/uploads\/2026\/01\/2400EJOMN00007-BLACK-K_130.png",453,250,false],"large":["https:\/\/turkishtrade.co\/wp-content\/uploads\/2026\/01\/2400EJOMN00007-BLACK-K_130.png",453,250,false],"1536x1536":["https:\/\/turkishtrade.co\/wp-content\/uploads\/2026\/01\/2400EJOMN00007-BLACK-K_130.png",453,250,false],"2048x2048":["https:\/\/turkishtrade.co\/wp-content\/uploads\/2026\/01\/2400EJOMN00007-BLACK-K_130.png",453,250,false],"trp-custom-language-flag":["https:\/\/turkishtrade.co\/wp-content\/uploads\/2026\/01\/2400EJOMN00007-BLACK-K_130-18x10.png",18,10,true],"woocommerce_thumbnail":["https:\/\/turkishtrade.co\/wp-content\/uploads\/2026\/01\/2400EJOMN00007-BLACK-K_130-400x250.png",400,250,true],"woocommerce_single":["https:\/\/turkishtrade.co\/wp-content\/uploads\/2026\/01\/2400EJOMN00007-BLACK-K_130.png",453,250,false],"woocommerce_gallery_thumbnail":["https:\/\/turkishtrade.co\/wp-content\/uploads\/2026\/01\/2400EJOMN00007-BLACK-K_130-100x100.png",100,100,true]},"uagb_author_info":{"display_name":"yaser olabi","author_link":"https:\/\/turkishtrade.co\/tr\/author\/"},"uagb_comment_info":0,"uagb_excerpt":"Exquisite Black Calf Leather Exterior Comfortable Goat Leather Interior Lining Durable and Lightweight Microlight Sole Stylish Single Monk Strap Design Available in Sizes 39-45 Minimum Order: 8 Pairs (Wholesale Pricing Available)","_links":{"self":[{"href":"https:\/\/turkishtrade.co\/tr\/wp-json\/wp\/v2\/product\/4955","targetHints":{"allow":["GET"]}}],"collection":[{"href":"https:\/\/turkishtrade.co\/tr\/wp-json\/wp\/v2\/product"}],"about":[{"href":"https:\/\/turkishtrade.co\/tr\/wp-json\/wp\/v2\/types\/product"}],"wp:featuredmedia":[{"embeddable":true,"href":"https:\/\/turkishtrade.co\/tr\/wp-json\/wp\/v2\/media\/3361"}],"wp:attachment":[{"href":"https:\/\/turkishtrade.co\/tr\/wp-json\/wp\/v2\/media?parent=4955"}],"wp:term":[{"taxonomy":"product_brand","embeddable":true,"href":"https:\/\/turkishtrade.co\/tr\/wp-json\/wp\/v2\/product_brand?post=4955"},{"taxonomy":"product_cat","embeddable":true,"href":"https:\/\/turkishtrade.co\/tr\/wp-json\/wp\/v2\/product_cat?post=4955"},{"taxonomy":"product_tag","embeddable":true,"href":"https:\/\/turkishtrade.co\/tr\/wp-json\/wp\/v2\/product_tag?post=4955"}],"curies":[{"name":"wp","href":"https:\/\/api.w.org\/{rel}","templated":true}]}}