{"id":4953,"date":"2026-01-14T10:52:15","date_gmt":"2026-01-14T10:52:15","guid":{"rendered":"https:\/\/turkishtrade.co\/product\/mens-navy-leather-dress-shoes\/"},"modified":"2026-04-09T19:49:10","modified_gmt":"2026-04-09T19:49:10","slug":"mens-navy-leather-dress-shoes","status":"publish","type":"product","link":"https:\/\/turkishtrade.co\/tr\/shop\/mens-navy-leather-dress-shoes\/","title":{"rendered":"Premium Erkek Lacivert Dana Derisi Derby Ayakkab\u0131"},"content":{"rendered":"<p><strong>erkek lacivert deri elbise ayakkab\u0131s\u0131<\/strong><\/p>\n<p>E\u015fsiz sofistike ve konforlu bir ortama ad\u0131m at\u0131n. <b>Premium Erkek Lacivert Dana Derisi Derby Ayakkab\u0131<\/b>. Bu zarif erkek lacivert deri elbise ayakkab\u0131s\u0131, hem zamans\u0131z bir stil hem de \u00fcst\u00fcn giyilebilirlik sunmak i\u00e7in titizlikle \u00fcretilmi\u015ftir. Zengin, koyu lacivert tonu, klasik bir tasar\u0131ma \u00e7a\u011fda\u015f bir dokunu\u015f sa\u011flayarak bu ayakkab\u0131lar\u0131 her se\u00e7kin beyefendinin gard\u0131robuna vazge\u00e7ilmez bir eklenti haline getirir. \u0130ster \u00f6nemli bir i\u015f toplant\u0131s\u0131na, ister resmi bir etkinli\u011fe kat\u0131l\u0131yor olun, ister sadece g\u00fcnl\u00fck k\u0131yafetinizi y\u00fckseltiyor olun, bu erkek lacivert deri elbise ayakkab\u0131lar\u0131 etkilemek i\u00e7in tasarlanm\u0131\u015ft\u0131r.<\/p>\n<p>Bu erkek lacivert deri elbise ayakkab\u0131s\u0131, p\u00fcr\u00fczs\u00fcz dokusu ve dayan\u0131kl\u0131l\u0131\u011f\u0131yla bilinen birinci s\u0131n\u0131f dana derisinden yap\u0131lm\u0131\u015f d\u0131\u015f y\u00fczeyiyle ola\u011fan\u00fcst\u00fc kalite ve i\u015f\u00e7ilik sergiler. \u0130\u00e7 k\u0131sm\u0131 nefes alabilirlik ve rahatl\u0131k i\u00e7in yumu\u015fak ke\u00e7i derisiyle astarlan\u0131rken, malzemelerin kombinasyonu uzun \u00f6m\u00fcrl\u00fcl\u00fck ve ideal bir uyum sa\u011flar. Yenilik\u00e7i Microlight taban hafiflik ve esneklik katarak uzun s\u00fcreli kullan\u0131mlarda bile rahatl\u0131k sa\u011flarken, zarif ama sa\u011flam bir profil i\u00e7in 1-3 cm'lik ince bir topukla tamamlan\u0131r.<\/p>\n<p>&nbsp;<\/p>\n<h3>Perakendeciler i\u00e7in Rakipsiz Kalite ve \u00c7ok Y\u00f6nl\u00fcl\u00fck<\/h3>\n<p>M\u00fckemmellik taahh\u00fcd\u00fcm\u00fcz, minimum 8 \u00e7ift sipari\u015fle AB 39 ila 45 numaralar\u0131nda erkek lacivert deri elbise ayakkab\u0131lar\u0131 sunan toptan sat\u0131\u015f ortaklar\u0131n\u0131 da i\u00e7erir. Bu birinci s\u0131n\u0131f ayakkab\u0131lar stil, konfor ve kaliteyi bir araya getirerek perakendeciler i\u00e7in idealdir. G\u00fcvenilir teslimat s\u00fcresi 12 g\u00fcn art\u0131 kargo ile envanterinizi g\u00fcvenle y\u00f6netebilir ve koleksiyonunuzu klasik zarafet ve modern konforu bir araya getiren ayakkab\u0131larla y\u00fckseltebilirsiniz.<\/p>\n<p>&nbsp;<\/p>","protected":false},"excerpt":{"rendered":"<ul>\n<li><b>Sofistike Stil:<\/b> Klasik Derby tasar\u0131m\u0131, resmi ve \u015f\u0131k g\u00fcndelik giyim i\u00e7in m\u00fckemmeldir.<\/li>\n<li><b>Premium Malzemeler:<\/b> L\u00fcks dana derisi d\u0131\u015f y\u00fczey ve yumu\u015fak ke\u00e7i derisi i\u00e7 y\u00fczey ile \u00fcst\u00fcn konfor.<\/li>\n<li><b>Hafif Konfor:<\/b> Ola\u011fan\u00fcst\u00fc kullan\u0131m kolayl\u0131\u011f\u0131 i\u00e7in yenilik\u00e7i Microlight taban ile donat\u0131lm\u0131\u015ft\u0131r.<\/li>\n<li><b>Optimal Topuk:<\/b> Zarif bir duru\u015f i\u00e7in 1-3 cm topuk y\u00fcksekli\u011fi.<\/li>\n<li><b>Mevcut Boyutlar:<\/b> \u00c7e\u015fitli ihtiya\u00e7lara uyacak \u015fekilde EU 39'dan 45'e kadar tam \u00fcr\u00fcn yelpazesi.<\/li>\n<li><b>Toptan Sat\u0131\u015f:<\/b> Minimum 8 \u00e7ift sipari\u015f, perakendeciler i\u00e7in ideal.<\/li>\n<li><b>Etkili Teslimat:<\/b> Teslimat\u0131n 12 g\u00fcn art\u0131 nakliye s\u00fcresi i\u00e7inde ger\u00e7ekle\u015fmesini bekleyin.<\/li>\n<\/ul>","protected":false},"featured_media":3360,"template":"","meta":{"_acf_changed":false,"_uag_custom_page_level_css":"","site-sidebar-layout":"default","site-content-layout":"","ast-site-content-layout":"default","site-content-style":"default","site-sidebar-style":"default","ast-global-header-display":"","ast-banner-title-visibility":"","ast-main-header-display":"","ast-hfb-above-header-display":"","ast-hfb-below-header-display":"","ast-hfb-mobile-header-display":"","site-post-title":"","ast-breadcrumbs-content":"","ast-featured-img":"","footer-sml-layout":"","ast-disable-related-posts":"","theme-transparent-header-meta":"default","adv-header-id-meta":"","stick-header-meta":"","header-above-stick-meta":"","header-main-stick-meta":"","header-below-stick-meta":"","astra-migrate-meta-layouts":"set","ast-page-background-enabled":"default","ast-page-background-meta":{"desktop":{"background-color":"var(--ast-global-color-4)","background-image":"","background-repeat":"repeat","background-position":"center center","background-size":"auto","background-attachment":"scroll","background-type":"","background-media":"","overlay-type":"","overlay-color":"","overlay-opacity":"","overlay-gradient":""},"tablet":{"background-color":"","background-image":"","background-repeat":"repeat","background-position":"center center","background-size":"auto","background-attachment":"scroll","background-type":"","background-media":"","overlay-type":"","overlay-color":"","overlay-opacity":"","overlay-gradient":""},"mobile":{"background-color":"","background-image":"","background-repeat":"repeat","background-position":"center center","background-size":"auto","background-attachment":"scroll","background-type":"","background-media":"","overlay-type":"","overlay-color":"","overlay-opacity":"","overlay-gradient":""}},"ast-content-background-meta":{"desktop":{"background-color":"var(--ast-global-color-5)","background-image":"","background-repeat":"repeat","background-position":"center center","background-size":"auto","background-attachment":"scroll","background-type":"","background-media":"","overlay-type":"","overlay-color":"","overlay-opacity":"","overlay-gradient":""},"tablet":{"background-color":"var(--ast-global-color-5)","background-image":"","background-repeat":"repeat","background-position":"center center","background-size":"auto","background-attachment":"scroll","background-type":"","background-media":"","overlay-type":"","overlay-color":"","overlay-opacity":"","overlay-gradient":""},"mobile":{"background-color":"var(--ast-global-color-5)","background-image":"","background-repeat":"repeat","background-position":"center center","background-size":"auto","background-attachment":"scroll","background-type":"","background-media":"","overlay-type":"","overlay-color":"","overlay-opacity":"","overlay-gradient":""}}},"product_brand":[],"product_cat":[47,430,40],"product_tag":[202,222,212,284,480,251,437,227,466,479,406,281],"class_list":{"0":"post-4953","1":"product","2":"type-product","3":"status-publish","4":"has-post-thumbnail","6":"product_cat-classic","7":"product_cat-men","8":"product_cat-mens-shoes","9":"product_tag-calf-leather","10":"product_tag-comfortable-shoes","11":"product_tag-derby-shoes","12":"product_tag-dress-shoes","13":"product_tag-elegant-shoes","14":"product_tag-formal-shoes","15":"product_tag-goat-leather","16":"product_tag-leather-shoes","17":"product_tag-microlight-sole","18":"product_tag-navy-shoes","19":"product_tag-premium-shoes","20":"product_tag-wholesale-shoes","21":"desktop-align-center","22":"tablet-align-center","23":"mobile-align-center","25":"first","26":"instock","27":"shipping-taxable","28":"purchasable","29":"product-type-variable","30":"has-default-attributes"},"acf":[],"uagb_featured_image_src":{"full":["https:\/\/turkishtrade.co\/wp-content\/uploads\/2026\/01\/2400EJOMN00005-DARK-BLUE-DKS_430.png",453,250,false],"thumbnail":["https:\/\/turkishtrade.co\/wp-content\/uploads\/2026\/01\/2400EJOMN00005-DARK-BLUE-DKS_430-150x150.png",150,150,true],"medium":["https:\/\/turkishtrade.co\/wp-content\/uploads\/2026\/01\/2400EJOMN00005-DARK-BLUE-DKS_430-300x166.png",300,166,true],"medium_large":["https:\/\/turkishtrade.co\/wp-content\/uploads\/2026\/01\/2400EJOMN00005-DARK-BLUE-DKS_430.png",453,250,false],"large":["https:\/\/turkishtrade.co\/wp-content\/uploads\/2026\/01\/2400EJOMN00005-DARK-BLUE-DKS_430.png",453,250,false],"1536x1536":["https:\/\/turkishtrade.co\/wp-content\/uploads\/2026\/01\/2400EJOMN00005-DARK-BLUE-DKS_430.png",453,250,false],"2048x2048":["https:\/\/turkishtrade.co\/wp-content\/uploads\/2026\/01\/2400EJOMN00005-DARK-BLUE-DKS_430.png",453,250,false],"trp-custom-language-flag":["https:\/\/turkishtrade.co\/wp-content\/uploads\/2026\/01\/2400EJOMN00005-DARK-BLUE-DKS_430-18x10.png",18,10,true],"woocommerce_thumbnail":["https:\/\/turkishtrade.co\/wp-content\/uploads\/2026\/01\/2400EJOMN00005-DARK-BLUE-DKS_430-400x250.png",400,250,true],"woocommerce_single":["https:\/\/turkishtrade.co\/wp-content\/uploads\/2026\/01\/2400EJOMN00005-DARK-BLUE-DKS_430.png",453,250,false],"woocommerce_gallery_thumbnail":["https:\/\/turkishtrade.co\/wp-content\/uploads\/2026\/01\/2400EJOMN00005-DARK-BLUE-DKS_430-100x100.png",100,100,true]},"uagb_author_info":{"display_name":"yaser olabi","author_link":"https:\/\/turkishtrade.co\/tr\/author\/"},"uagb_comment_info":0,"uagb_excerpt":"Sophisticated Style: Classic Derby design perfect for formal and smart-casual wear. Premium Materials: Luxurious calf leather exterior with a soft goat leather interior for ultimate comfort. Lightweight Comfort: Equipped with an innovative Microlight sole for exceptional ease of wear. Optimal Heel: Subtle 1-3 cm heel height for a refined lift. Available Sizes: Full range from&hellip;","_links":{"self":[{"href":"https:\/\/turkishtrade.co\/tr\/wp-json\/wp\/v2\/product\/4953","targetHints":{"allow":["GET"]}}],"collection":[{"href":"https:\/\/turkishtrade.co\/tr\/wp-json\/wp\/v2\/product"}],"about":[{"href":"https:\/\/turkishtrade.co\/tr\/wp-json\/wp\/v2\/types\/product"}],"wp:featuredmedia":[{"embeddable":true,"href":"https:\/\/turkishtrade.co\/tr\/wp-json\/wp\/v2\/media\/3360"}],"wp:attachment":[{"href":"https:\/\/turkishtrade.co\/tr\/wp-json\/wp\/v2\/media?parent=4953"}],"wp:term":[{"taxonomy":"product_brand","embeddable":true,"href":"https:\/\/turkishtrade.co\/tr\/wp-json\/wp\/v2\/product_brand?post=4953"},{"taxonomy":"product_cat","embeddable":true,"href":"https:\/\/turkishtrade.co\/tr\/wp-json\/wp\/v2\/product_cat?post=4953"},{"taxonomy":"product_tag","embeddable":true,"href":"https:\/\/turkishtrade.co\/tr\/wp-json\/wp\/v2\/product_tag?post=4953"}],"curies":[{"name":"wp","href":"https:\/\/api.w.org\/{rel}","templated":true}]}}