{"id":4951,"date":"2026-01-14T10:51:55","date_gmt":"2026-01-14T10:51:55","guid":{"rendered":"https:\/\/turkishtrade.co\/product\/mens-blue-leather-ankle-boots\/"},"modified":"2026-04-09T19:49:13","modified_gmt":"2026-04-09T19:49:13","slug":"mens-blue-leather-ankle-boots","status":"publish","type":"product","link":"https:\/\/turkishtrade.co\/tr\/shop\/mens-blue-leather-ankle-boots\/","title":{"rendered":"L\u00fcks Erkek Mavi Buza\u011f\u0131 Derisi Tokal\u0131 Ayak Bile\u011fi Botu"},"content":{"rendered":"<p><strong>Erkek Mavi Deri Ayak Bile\u011fi Botu<\/strong><\/p>\n<p>Enfes tasar\u0131m\u0131m\u0131zla sofistikeli\u011fin \u00f6z\u00fcn\u00fc ke\u015ffedin <strong>Erkek Mavi Deri Ayak Bile\u011fi Botu<\/strong>. Se\u00e7kin beyefendiler i\u00e7in tasarlanan bu botlar, klasik \u015f\u0131kl\u0131\u011f\u0131 \u00e7a\u011fda\u015f tarzla kusursuz bir \u015fekilde harmanl\u0131yor. Bu botlar\u0131n her bir \u00e7ifti <strong>Erkek Mavi Deri Ayak Bile\u011fi Botu<\/strong> \u00fcst\u00fcn i\u015f\u00e7ilik ve kaliteli malzemelerin bir kan\u0131t\u0131d\u0131r ve her durum i\u00e7in zarif bir g\u00f6r\u00fcn\u00fcm ve his sa\u011flar.<\/p>\n<h3>Rakipsiz \u0130\u015f\u00e7ilik ve Birinci S\u0131n\u0131f Malzemeler<\/h3>\n<p>Bu titiz yap\u0131 ile benzersiz konfor ve l\u00fcks\u00fc ya\u015fay\u0131n <strong>Erkek Mavi Deri Ayak Bile\u011fi Botu<\/strong>. D\u0131\u015f y\u00fczeyi, p\u00fcr\u00fczs\u00fcz dokusu, ola\u011fan\u00fcst\u00fc dayan\u0131kl\u0131l\u0131\u011f\u0131 ve zaman i\u00e7inde zengin bir patine geli\u015ftirerek g\u00fczel bir \u015fekilde ya\u015flanma kabiliyetiyle bilinen birinci s\u0131n\u0131f dana derisinden \u00fcretilmi\u015ftir. Bunu tamamlayan i\u00e7 k\u0131s\u0131m, yumu\u015fak ke\u00e7i derisiyle g\u00f6rkemli bir \u015fekilde astarlanm\u0131\u015ft\u0131r ve aya\u011f\u0131n\u0131za m\u00fckemmel bir \u015fekilde kal\u0131planan nefes alabilir, rahat ve eldiven benzeri bir uyum sa\u011flar. Bu \u00e7ift deri yap\u0131, ayakkab\u0131m\u0131z\u0131 <strong>Erkek Mavi Deri Ayak Bile\u011fi Botu<\/strong> hem estetik \u00e7ekicilik hem de uzun s\u00fcreli kullan\u0131m sunar. 1-3 cm'lik ince topuk y\u00fcksekli\u011fi, dengeden \u00f6d\u00fcn vermeden rahat bir y\u00fckselme sa\u011flar ve uzun s\u00fcreli kullan\u0131m i\u00e7in m\u00fckemmeldir.<\/p>\n<p>Bunlar\u0131n \u00e7arp\u0131c\u0131 koyu mavi tonu <strong>Erkek Mavi Deri Ayak Bile\u011fi Botu<\/strong> her tak\u0131ma sofistike bir dokunu\u015f katarak ayakkab\u0131 koleksiyonunuza \u00e7ok y\u00f6nl\u00fc ve \u00f6nemli bir katk\u0131 sa\u011flar. S\u0131rt k\u0131sm\u0131ndaki zarif toka detay\u0131, klasik bir dokunu\u015fla g\u00f6rsel \u00e7ekicili\u011fi artt\u0131rmakla kalmaz, ayn\u0131 zamanda g\u00fcvenli ve ayarlanabilir bir uyum sa\u011flar. Ayaklar\u0131n\u0131z\u0131n alt\u0131ndaki yenilik\u00e7i Microlight taban, ola\u011fan\u00fcst\u00fc hafiflik ve esneklik sunarak ister \u015fehir sokaklar\u0131nda geziniyor ister \u00f6zel bir etkinli\u011fe kat\u0131l\u0131yor olun, g\u00fcn boyu konfor sa\u011flar. Her diki\u015f ve detay, bu l\u00fcks ayakkab\u0131n\u0131n her ad\u0131m\u0131nda hissedebilece\u011finiz kaliteye olan ba\u011fl\u0131l\u0131\u011f\u0131 yans\u0131t\u0131r. <strong>Erkek Mavi Deri Ayak Bile\u011fi Botu<\/strong>.<\/p>\n<h3>Her Durum i\u00e7in \u00c7ok Y\u00f6nl\u00fcl\u00fck ve Toptan Sat\u0131\u015f Avantaj\u0131<\/h3>\n<p>39-45 numara aral\u0131\u011f\u0131nda sunulan Erkek Mavi Deri Ayak Bile\u011fi Botu, bir\u00e7ok ki\u015fiye m\u00fckemmel uyum sa\u011flar ve i\u015f k\u0131yafetlerini, smart-casual g\u00f6r\u00fcn\u00fcmleri veya gece k\u0131yafetlerini \u015f\u0131k bir dokunu\u015fla zenginle\u015ftirmek i\u00e7in idealdir. Zamans\u0131z tasar\u0131mlar\u0131 her gard\u0131ropta kal\u0131c\u0131 bir \u00e7ekicilik sa\u011flar. Perakendeciler bu \u015f\u0131k botlar\u0131 minimum 8 \u00e7ift sipari\u015fle toptan sat\u0131n alabilir ve 12 g\u00fcn i\u00e7inde h\u0131zl\u0131 teslimat\u0131n keyfini \u00e7\u0131kararak envantere de\u011ferli bir katk\u0131 sa\u011flayabilir. \u015e\u0131kl\u0131k, konfor ve dayan\u0131kl\u0131l\u0131\u011f\u0131n bir kar\u0131\u015f\u0131m\u0131 i\u00e7in bu botlara yat\u0131r\u0131m yap\u0131n.<\/p>\n<p>&nbsp;<\/p>","protected":false},"excerpt":{"rendered":"<ul>\n<li><strong>Premium Malzemeler:<\/strong> En \u00fcst d\u00fczeyde konfor i\u00e7in l\u00fcks dana derisi d\u0131\u015f y\u00fczey ve yumu\u015fak ke\u00e7i derisi i\u00e7 k\u0131s\u0131m ile \u00fcretilmi\u015ftir.<\/li>\n<li><strong>Dayan\u0131kl\u0131 Microlight Taban:<\/strong> T\u00fcm g\u00fcn kullan\u0131m i\u00e7in ola\u011fan\u00fcst\u00fc hafiflik ve kavrama sa\u011flar.<\/li>\n<li><strong>\u015e\u0131k Tasar\u0131m:<\/strong> Sofistike mavi renk tonu ve zarif toka detay\u0131na sahiptir.<\/li>\n<li><strong>Rahat Uyum:<\/strong> 39-45 beden aras\u0131 mevcuttur.<\/li>\n<li><strong>Toptan Sat\u0131\u015f F\u0131rsat\u0131:<\/strong> Minimum 8 \u00e7ift sipari\u015f, 12 g\u00fcn + kargo teslim s\u00fcresi ile mevcuttur.<\/li>\n<\/ul>","protected":false},"featured_media":3355,"template":"","meta":{"_acf_changed":false,"_uag_custom_page_level_css":"","site-sidebar-layout":"default","site-content-layout":"","ast-site-content-layout":"default","site-content-style":"default","site-sidebar-style":"default","ast-global-header-display":"","ast-banner-title-visibility":"","ast-main-header-display":"","ast-hfb-above-header-display":"","ast-hfb-below-header-display":"","ast-hfb-mobile-header-display":"","site-post-title":"","ast-breadcrumbs-content":"","ast-featured-img":"","footer-sml-layout":"","ast-disable-related-posts":"","theme-transparent-header-meta":"default","adv-header-id-meta":"","stick-header-meta":"","header-above-stick-meta":"","header-main-stick-meta":"","header-below-stick-meta":"","astra-migrate-meta-layouts":"set","ast-page-background-enabled":"default","ast-page-background-meta":{"desktop":{"background-color":"var(--ast-global-color-4)","background-image":"","background-repeat":"repeat","background-position":"center center","background-size":"auto","background-attachment":"scroll","background-type":"","background-media":"","overlay-type":"","overlay-color":"","overlay-opacity":"","overlay-gradient":""},"tablet":{"background-color":"","background-image":"","background-repeat":"repeat","background-position":"center center","background-size":"auto","background-attachment":"scroll","background-type":"","background-media":"","overlay-type":"","overlay-color":"","overlay-opacity":"","overlay-gradient":""},"mobile":{"background-color":"","background-image":"","background-repeat":"repeat","background-position":"center center","background-size":"auto","background-attachment":"scroll","background-type":"","background-media":"","overlay-type":"","overlay-color":"","overlay-opacity":"","overlay-gradient":""}},"ast-content-background-meta":{"desktop":{"background-color":"var(--ast-global-color-5)","background-image":"","background-repeat":"repeat","background-position":"center center","background-size":"auto","background-attachment":"scroll","background-type":"","background-media":"","overlay-type":"","overlay-color":"","overlay-opacity":"","overlay-gradient":""},"tablet":{"background-color":"var(--ast-global-color-5)","background-image":"","background-repeat":"repeat","background-position":"center center","background-size":"auto","background-attachment":"scroll","background-type":"","background-media":"","overlay-type":"","overlay-color":"","overlay-opacity":"","overlay-gradient":""},"mobile":{"background-color":"var(--ast-global-color-5)","background-image":"","background-repeat":"repeat","background-position":"center center","background-size":"auto","background-attachment":"scroll","background-type":"","background-media":"","overlay-type":"","overlay-color":"","overlay-opacity":"","overlay-gradient":""}}},"product_brand":[],"product_cat":[52,47,430,40],"product_tag":[463,475,477,202,464,478,437,476,461,198,466,362,471,473],"class_list":{"0":"post-4951","1":"product","2":"type-product","3":"status-publish","4":"has-post-thumbnail","6":"product_cat-boots","7":"product_cat-classic","8":"product_cat-men","9":"product_cat-mens-shoes","10":"product_tag-ankle-boots","11":"product_tag-blue-boots","12":"product_tag-buckle-boots","13":"product_tag-calf-leather","14":"product_tag-dress-boots","15":"product_tag-formal-boots","16":"product_tag-goat-leather","17":"product_tag-leather-boots","18":"product_tag-mens-boots","19":"product_tag-mens-fashion","20":"product_tag-microlight-sole","21":"product_tag-premium-footwear","22":"product_tag-smart-casual-boots","23":"product_tag-wholesale-boots","24":"desktop-align-center","25":"tablet-align-center","26":"mobile-align-center","28":"first","29":"instock","30":"shipping-taxable","31":"purchasable","32":"product-type-variable","33":"has-default-attributes"},"acf":[],"uagb_featured_image_src":{"full":["https:\/\/turkishtrade.co\/wp-content\/uploads\/2026\/01\/2400EJOMN00110-DARK-BLUE-C_552.png",453,250,false],"thumbnail":["https:\/\/turkishtrade.co\/wp-content\/uploads\/2026\/01\/2400EJOMN00110-DARK-BLUE-C_552-150x150.png",150,150,true],"medium":["https:\/\/turkishtrade.co\/wp-content\/uploads\/2026\/01\/2400EJOMN00110-DARK-BLUE-C_552-300x166.png",300,166,true],"medium_large":["https:\/\/turkishtrade.co\/wp-content\/uploads\/2026\/01\/2400EJOMN00110-DARK-BLUE-C_552.png",453,250,false],"large":["https:\/\/turkishtrade.co\/wp-content\/uploads\/2026\/01\/2400EJOMN00110-DARK-BLUE-C_552.png",453,250,false],"1536x1536":["https:\/\/turkishtrade.co\/wp-content\/uploads\/2026\/01\/2400EJOMN00110-DARK-BLUE-C_552.png",453,250,false],"2048x2048":["https:\/\/turkishtrade.co\/wp-content\/uploads\/2026\/01\/2400EJOMN00110-DARK-BLUE-C_552.png",453,250,false],"trp-custom-language-flag":["https:\/\/turkishtrade.co\/wp-content\/uploads\/2026\/01\/2400EJOMN00110-DARK-BLUE-C_552-18x10.png",18,10,true],"woocommerce_thumbnail":["https:\/\/turkishtrade.co\/wp-content\/uploads\/2026\/01\/2400EJOMN00110-DARK-BLUE-C_552-400x250.png",400,250,true],"woocommerce_single":["https:\/\/turkishtrade.co\/wp-content\/uploads\/2026\/01\/2400EJOMN00110-DARK-BLUE-C_552.png",453,250,false],"woocommerce_gallery_thumbnail":["https:\/\/turkishtrade.co\/wp-content\/uploads\/2026\/01\/2400EJOMN00110-DARK-BLUE-C_552-100x100.png",100,100,true]},"uagb_author_info":{"display_name":"yaser olabi","author_link":"https:\/\/turkishtrade.co\/tr\/author\/"},"uagb_comment_info":0,"uagb_excerpt":"Premium Materials: Crafted with luxurious calf leather exterior and soft goat leather interior for ultimate comfort. Durable Microlight Sole: Provides exceptional lightness and grip for all-day wear. Stylish Design: Features a sophisticated blue hue and elegant buckle detail. Comfortable Fit: Available in sizes 39-45. Wholesale Opportunity: Minimum order of 8 pairs available with a delivery&hellip;","_links":{"self":[{"href":"https:\/\/turkishtrade.co\/tr\/wp-json\/wp\/v2\/product\/4951","targetHints":{"allow":["GET"]}}],"collection":[{"href":"https:\/\/turkishtrade.co\/tr\/wp-json\/wp\/v2\/product"}],"about":[{"href":"https:\/\/turkishtrade.co\/tr\/wp-json\/wp\/v2\/types\/product"}],"wp:featuredmedia":[{"embeddable":true,"href":"https:\/\/turkishtrade.co\/tr\/wp-json\/wp\/v2\/media\/3355"}],"wp:attachment":[{"href":"https:\/\/turkishtrade.co\/tr\/wp-json\/wp\/v2\/media?parent=4951"}],"wp:term":[{"taxonomy":"product_brand","embeddable":true,"href":"https:\/\/turkishtrade.co\/tr\/wp-json\/wp\/v2\/product_brand?post=4951"},{"taxonomy":"product_cat","embeddable":true,"href":"https:\/\/turkishtrade.co\/tr\/wp-json\/wp\/v2\/product_cat?post=4951"},{"taxonomy":"product_tag","embeddable":true,"href":"https:\/\/turkishtrade.co\/tr\/wp-json\/wp\/v2\/product_tag?post=4951"}],"curies":[{"name":"wp","href":"https:\/\/api.w.org\/{rel}","templated":true}]}}