{"id":4947,"date":"2026-01-14T10:50:58","date_gmt":"2026-01-14T10:50:58","guid":{"rendered":"https:\/\/turkishtrade.co\/product\/mens-calf-leather-ankle-boots\/"},"modified":"2026-04-10T08:05:43","modified_gmt":"2026-04-10T08:05:43","slug":"mens-calf-leather-ankle-boots","status":"publish","type":"product","link":"https:\/\/turkishtrade.co\/tr\/shop\/mens-calf-leather-ankle-boots\/","title":{"rendered":"Toka Kay\u0131\u015fl\u0131 Zarif Erkek Dana Derisi Ayak Bile\u011fi Botu"},"content":{"rendered":"<p><strong>Erkek Buza\u011f\u0131 Derisi Ayak Bile\u011fi Botu<\/strong><\/p>\n<p>Exquisite ile benzersiz stil ve konfora ad\u0131m at\u0131n <b>Erkek Buza\u011f\u0131 Derisi Ayak Bile\u011fi Botu<\/b>. Se\u00e7kin beyefendiler i\u00e7in tasarlanan bu botlar, klasik zarafeti modern incelikle m\u00fckemmel bir \u015fekilde harmanl\u0131yor. Her bir \u00e7ift en iyi malzemelerden titizlikle \u00fcretilmi\u015ftir ve yaln\u0131zca \u00e7arp\u0131c\u0131 bir estetik de\u011fil, ayn\u0131 zamanda ola\u011fan\u00fcst\u00fc dayan\u0131kl\u0131l\u0131k ve giyilebilirlik de vaat eder. \u0130ster resmi bir etkinlik, ister bir i\u015f toplant\u0131s\u0131 ya da sofistike bir g\u00fcndelik gezi i\u00e7in giyiniyor olun, bu <b>erkek dana derisi yar\u0131m bot<\/b> g\u00f6r\u00fcn\u00fcm\u00fcn\u00fcz\u00fc y\u00fckseltmek i\u00e7in tasarlanm\u0131\u015ft\u0131r.<\/p>\n<h3>\u00dcst\u00fcn \u0130\u015f\u00e7ilik ve Malzemeler<\/h3>\n<p>Kaliteye olan ba\u011fl\u0131l\u0131\u011f\u0131m\u0131z birinci s\u0131n\u0131f malzeme se\u00e7imiyle ba\u015flar. Bu l\u00fcks yar\u0131m botlar\u0131n d\u0131\u015f y\u00fczeyi, esnek dokusu, do\u011fal parlakl\u0131\u011f\u0131 ve ola\u011fan\u00fcst\u00fc esnekli\u011fi ile bilinen 100% hakiki Dana Derisinden \u00fcretilmi\u015ftir. Bu y\u00fcksek kaliteli deri, ayakkab\u0131lar\u0131n\u0131z\u0131n <b>erkek dana derisi yar\u0131m bot<\/b> sadece muhte\u015fem g\u00f6r\u00fcnmekle kalmayacak, ayn\u0131 zamanda y\u0131llarca giyildi\u011finde benzersiz bir patina geli\u015ftirerek zaman\u0131n testine de dayanacakt\u0131r. \u0130\u00e7 k\u0131s\u0131mda, ayaklar\u0131n\u0131z hakiki Ke\u00e7i Derisi astar\u0131n p\u00fcr\u00fczs\u00fcz, nefes alabilen konforuyla sar\u0131lacak. \u0130nan\u0131lmaz yumu\u015fak bir dokunu\u015f sa\u011flayan bu i\u00e7 katman, nemi emerek ayaklar\u0131n\u0131z\u0131n g\u00fcn boyunca ferah ve rahat kalmas\u0131n\u0131 sa\u011flar ve bu ayakkab\u0131lar\u0131 ideal hale getirir. <b>erkek dana derisi yar\u0131m bot<\/b> uzun s\u00fcreli kullan\u0131m i\u00e7in.<\/p>\n<h3>Zarif Tasar\u0131m ve \u00c7ok Y\u00f6nl\u00fcl\u00fck<\/h3>\n<p>Bunlar\u0131n tasar\u0131m\u0131 <b>erkek dana derisi yar\u0131m bot<\/b> abart\u0131s\u0131z \u015f\u0131kl\u0131kta bir ustal\u0131k s\u0131n\u0131f\u0131d\u0131r. S\u0131rt k\u0131sm\u0131nda ay\u0131rt edici bir toka kay\u0131\u015f detay\u0131na sahip olan bu botlar, her kombine zarif bir karakter dokunu\u015fu katar. \u015e\u0131k silueti ve \u00f6zenle in\u015fa edilmi\u015f topu\u011fu (1-3 cm), \u00f6zel dikim tak\u0131mlar, \u015f\u0131k pantolonlar ve hatta birinci s\u0131n\u0131f denimlerle zahmetsizce e\u015fle\u015fen sofistike bir profil sunar. Klasik siyah, zengin kahverengi ve \u00e7arp\u0131c\u0131 mavi renkleri bulunan bu botlar, \u00e7e\u015fitli gard\u0131roplar\u0131 ve ki\u015fisel stilleri tamamlamak i\u00e7in \u00e7ok y\u00f6nl\u00fcl\u00fck sa\u011flar. Sa\u011flam ancak hafif Microlight taban, \u015f\u0131k tasar\u0131mdan \u00f6d\u00fcn vermeden m\u00fckemmel tutu\u015f ve esneklik sunarak kendinden emin bir ad\u0131m atman\u0131z\u0131 sa\u011flar. Bunlar ger\u00e7ekten ola\u011fan\u00fcst\u00fc <b>erkek dana derisi yar\u0131m bot<\/b> her durum i\u00e7in.<\/p>\n<h3>Modern \u0130nsan i\u00e7in Konfor ve Rahatl\u0131k<\/h3>\n<p>Konfor her \u015feyden \u00f6nemlidir ve bu <b>erkek dana derisi yar\u0131m bot<\/b> teslim edin. Ergonomik tasar\u0131m, yumu\u015fak ke\u00e7i derisi i\u00e7 k\u0131s\u0131m ile birle\u015fti\u011finde rahat ve konforlu bir uyum sa\u011flar. EU 39'dan 45'e kadar kapsaml\u0131 bir beden yelpazesinde mevcut olup, \u00e7ok \u00e7e\u015fitli beyefendiler i\u00e7in m\u00fckemmel bir uyum sa\u011fl\u0131yoruz. Toptan sat\u0131\u015f ortaklar\u0131m\u0131z i\u00e7in bu ola\u011fan\u00fcst\u00fc \u00fcr\u00fcnleri sunuyoruz <b>erkek dana derisi yar\u0131m bot<\/b> Minimum sipari\u015f miktar\u0131 8 \u00e7ifttir. \u00dcretim s\u00fcresi 12 g\u00fcn art\u0131 nakliye ile y\u00fcksek talep ve m\u00fc\u015fteri memnuniyeti vaat eden bir \u00fcr\u00fcn\u00fc h\u0131zl\u0131 bir \u015fekilde stoklayabilirsiniz. Bu enfes \u00fcr\u00fcnlerden bir \u00e7ift al\u0131n <b>erkek dana derisi yar\u0131m bot<\/b> ve l\u00fcks, konfor ve zamans\u0131z stilin m\u00fckemmel birle\u015fimini deneyimleyin.<\/p>","protected":false},"excerpt":{"rendered":"<ul>\n<li><b>Premium D\u0131\u015f Malzeme:<\/b> Dayan\u0131kl\u0131l\u0131k ve sofistike bir g\u00f6r\u00fcn\u00fcm i\u00e7in 100% hakiki Dana Derisinden \u00fcretilmi\u015ftir.<\/li>\n<li><b>L\u00fcks \u0130\u00e7 Astar:<\/b> Yumu\u015fak ve nefes alabilen Ke\u00e7i Derisi her ad\u0131mda \u00fcst\u00fcn konfor sa\u011flar.<\/li>\n<li><b>Dayan\u0131kl\u0131 Microlight Taban:<\/b> T\u00fcm g\u00fcn kullan\u0131m i\u00e7in m\u00fckemmel kavrama ve hafif esneklik sa\u011flar.<\/li>\n<li><b>Zarif Tasar\u0131m:<\/b> Klasik siyah, zengin kahverengi ve \u015f\u0131k mavi renklerde mevcut olan ay\u0131rt edici bir toka kay\u0131\u015f detay\u0131na sahiptir.<\/li>\n<li><b>\u00c7ok Y\u00f6nl\u00fc Boyutland\u0131rma:<\/b> \u00c7ok \u00e7e\u015fitli beyefendilere uymas\u0131 i\u00e7in 39-45 AB bedenlerinde mevcuttur.<\/li>\n<li><b>Toptan Sat\u0131\u015f:<\/b> Minimum 8 \u00e7ift sipari\u015f ve 12 g\u00fcn teslim s\u00fcresi + nakliye. Perakendeciler i\u00e7in idealdir.<\/li>\n<\/ul>","protected":false},"featured_media":3357,"template":"","meta":{"_acf_changed":false,"_uag_custom_page_level_css":"","site-sidebar-layout":"default","site-content-layout":"","ast-site-content-layout":"default","site-content-style":"default","site-sidebar-style":"default","ast-global-header-display":"","ast-banner-title-visibility":"","ast-main-header-display":"","ast-hfb-above-header-display":"","ast-hfb-below-header-display":"","ast-hfb-mobile-header-display":"","site-post-title":"","ast-breadcrumbs-content":"","ast-featured-img":"","footer-sml-layout":"","ast-disable-related-posts":"","theme-transparent-header-meta":"default","adv-header-id-meta":"","stick-header-meta":"","header-above-stick-meta":"","header-main-stick-meta":"","header-below-stick-meta":"","astra-migrate-meta-layouts":"set","ast-page-background-enabled":"default","ast-page-background-meta":{"desktop":{"background-color":"var(--ast-global-color-4)","background-image":"","background-repeat":"repeat","background-position":"center center","background-size":"auto","background-attachment":"scroll","background-type":"","background-media":"","overlay-type":"","overlay-color":"","overlay-opacity":"","overlay-gradient":""},"tablet":{"background-color":"","background-image":"","background-repeat":"repeat","background-position":"center center","background-size":"auto","background-attachment":"scroll","background-type":"","background-media":"","overlay-type":"","overlay-color":"","overlay-opacity":"","overlay-gradient":""},"mobile":{"background-color":"","background-image":"","background-repeat":"repeat","background-position":"center center","background-size":"auto","background-attachment":"scroll","background-type":"","background-media":"","overlay-type":"","overlay-color":"","overlay-opacity":"","overlay-gradient":""}},"ast-content-background-meta":{"desktop":{"background-color":"var(--ast-global-color-5)","background-image":"","background-repeat":"repeat","background-position":"center center","background-size":"auto","background-attachment":"scroll","background-type":"","background-media":"","overlay-type":"","overlay-color":"","overlay-opacity":"","overlay-gradient":""},"tablet":{"background-color":"var(--ast-global-color-5)","background-image":"","background-repeat":"repeat","background-position":"center center","background-size":"auto","background-attachment":"scroll","background-type":"","background-media":"","overlay-type":"","overlay-color":"","overlay-opacity":"","overlay-gradient":""},"mobile":{"background-color":"var(--ast-global-color-5)","background-image":"","background-repeat":"repeat","background-position":"center center","background-size":"auto","background-attachment":"scroll","background-type":"","background-media":"","overlay-type":"","overlay-color":"","overlay-opacity":"","overlay-gradient":""}}},"product_brand":[],"product_cat":[52,47,430,40],"product_tag":[463,468,470,469,467,462,474,464,201,189,351,465,461,198,466,472,471,473],"class_list":{"0":"post-4947","1":"product","2":"type-product","3":"status-publish","4":"has-post-thumbnail","6":"product_cat-boots","7":"product_cat-classic","8":"product_cat-men","9":"product_cat-mens-shoes","10":"product_tag-ankle-boots","11":"product_tag-black-calf-leather-boots","12":"product_tag-blue-calf-leather-boots","13":"product_tag-brown-calf-leather-boots","14":"product_tag-buckle-strap-boots","15":"product_tag-calf-leather-boots","16":"product_tag-comfortable-boots","17":"product_tag-dress-boots","18":"product_tag-formal-footwear","19":"product_tag-goat-leather-lining","20":"product_tag-leather-footwear","21":"product_tag-luxury-boots","22":"product_tag-mens-boots","23":"product_tag-mens-fashion","24":"product_tag-microlight-sole","25":"product_tag-premium-boots","26":"product_tag-smart-casual-boots","27":"product_tag-wholesale-boots","28":"desktop-align-center","29":"tablet-align-center","30":"mobile-align-center","32":"first","33":"instock","34":"shipping-taxable","35":"purchasable","36":"product-type-variable","37":"has-default-attributes"},"acf":[],"uagb_featured_image_src":{"full":["https:\/\/turkishtrade.co\/wp-content\/uploads\/2026\/01\/2400EJOMN00006-BROWN-C_552.png",453,250,false],"thumbnail":["https:\/\/turkishtrade.co\/wp-content\/uploads\/2026\/01\/2400EJOMN00006-BROWN-C_552-150x150.png",150,150,true],"medium":["https:\/\/turkishtrade.co\/wp-content\/uploads\/2026\/01\/2400EJOMN00006-BROWN-C_552-300x166.png",300,166,true],"medium_large":["https:\/\/turkishtrade.co\/wp-content\/uploads\/2026\/01\/2400EJOMN00006-BROWN-C_552.png",453,250,false],"large":["https:\/\/turkishtrade.co\/wp-content\/uploads\/2026\/01\/2400EJOMN00006-BROWN-C_552.png",453,250,false],"1536x1536":["https:\/\/turkishtrade.co\/wp-content\/uploads\/2026\/01\/2400EJOMN00006-BROWN-C_552.png",453,250,false],"2048x2048":["https:\/\/turkishtrade.co\/wp-content\/uploads\/2026\/01\/2400EJOMN00006-BROWN-C_552.png",453,250,false],"trp-custom-language-flag":["https:\/\/turkishtrade.co\/wp-content\/uploads\/2026\/01\/2400EJOMN00006-BROWN-C_552-18x10.png",18,10,true],"woocommerce_thumbnail":["https:\/\/turkishtrade.co\/wp-content\/uploads\/2026\/01\/2400EJOMN00006-BROWN-C_552-400x250.png",400,250,true],"woocommerce_single":["https:\/\/turkishtrade.co\/wp-content\/uploads\/2026\/01\/2400EJOMN00006-BROWN-C_552.png",453,250,false],"woocommerce_gallery_thumbnail":["https:\/\/turkishtrade.co\/wp-content\/uploads\/2026\/01\/2400EJOMN00006-BROWN-C_552-100x100.png",100,100,true]},"uagb_author_info":{"display_name":"yaser olabi","author_link":"https:\/\/turkishtrade.co\/tr\/author\/"},"uagb_comment_info":0,"uagb_excerpt":"Premium Outer Material: Crafted from 100% genuine Calf Leather for durability and a sophisticated finish. Luxurious Inner Lining: Soft and breathable Goat Leather ensures superior comfort with every step. Durable Microlight Sole: Provides excellent grip and lightweight flexibility for all-day wear. Elegant Design: Features a distinctive buckle strap detail, available in classic black, rich brown,&hellip;","_links":{"self":[{"href":"https:\/\/turkishtrade.co\/tr\/wp-json\/wp\/v2\/product\/4947","targetHints":{"allow":["GET"]}}],"collection":[{"href":"https:\/\/turkishtrade.co\/tr\/wp-json\/wp\/v2\/product"}],"about":[{"href":"https:\/\/turkishtrade.co\/tr\/wp-json\/wp\/v2\/types\/product"}],"wp:featuredmedia":[{"embeddable":true,"href":"https:\/\/turkishtrade.co\/tr\/wp-json\/wp\/v2\/media\/3357"}],"wp:attachment":[{"href":"https:\/\/turkishtrade.co\/tr\/wp-json\/wp\/v2\/media?parent=4947"}],"wp:term":[{"taxonomy":"product_brand","embeddable":true,"href":"https:\/\/turkishtrade.co\/tr\/wp-json\/wp\/v2\/product_brand?post=4947"},{"taxonomy":"product_cat","embeddable":true,"href":"https:\/\/turkishtrade.co\/tr\/wp-json\/wp\/v2\/product_cat?post=4947"},{"taxonomy":"product_tag","embeddable":true,"href":"https:\/\/turkishtrade.co\/tr\/wp-json\/wp\/v2\/product_tag?post=4947"}],"curies":[{"name":"wp","href":"https:\/\/api.w.org\/{rel}","templated":true}]}}