{"id":4946,"date":"2026-01-14T10:50:43","date_gmt":"2026-01-14T10:50:43","guid":{"rendered":"https:\/\/turkishtrade.co\/product\/mens-leather-cap-toe-loafers\/"},"modified":"2026-04-09T19:49:28","modified_gmt":"2026-04-09T19:49:28","slug":"mens-leather-cap-toe-loafers","status":"publish","type":"product","link":"https:\/\/turkishtrade.co\/tr\/shop\/mens-leather-cap-toe-loafers\/","title":{"rendered":"Premium Erkek Deri Cap Toe Loafer'lar"},"content":{"rendered":"<p><strong>Erkek Deri Cap Toe Loafer'lar<\/strong><\/p>\n<p>E\u015fsiz sofistike ve konforlu bir ortama ad\u0131m at\u0131n. <b>Premium Erkek Deri Cap Toe Loafer'lar<\/b>. Modern beyefendiler i\u00e7in ustal\u0131kla tasarlanan bu slip-on ayakkab\u0131lar, zamans\u0131z \u015f\u0131kl\u0131\u011f\u0131 \u00e7a\u011fda\u015f tarzla zahmetsizce harmanl\u0131yor. \u0130ster resmi bir etkinlik, ister bir i\u015f toplant\u0131s\u0131 ya da g\u00fcndelik bir gezi i\u00e7in giyiniyor olun, bu mokasen ayakkab\u0131lar her zaman zarif bir ifade vermenizi sa\u011flayacak m\u00fckemmel yol arkada\u015f\u0131n\u0131zd\u0131r.<\/p>\n<h3>Rakipsiz \u0130\u015f\u00e7ilik ve \u00dcst\u00fcn Malzemeler<\/h3>\n<p>Her bir \u00e7iftimiz <b>Erkek Deri Cap Toe Loafer'lar<\/b> titiz i\u015f\u00e7ili\u011fin bir kan\u0131t\u0131d\u0131r. Ayakkab\u0131n\u0131n d\u0131\u015f y\u00fczeyi, p\u00fcr\u00fczs\u00fcz dokusu, dayan\u0131kl\u0131l\u0131\u011f\u0131 ve l\u00fcks g\u00f6r\u00fcn\u00fcm\u00fc i\u00e7in se\u00e7ilen y\u00fcksek kaliteli, hakiki dana derisinden \u00fcretilmi\u015ftir. Bu birinci s\u0131n\u0131f dana derisi sadece ayakkab\u0131n\u0131n estetik \u00e7ekicili\u011fini artt\u0131rmakla kalmaz, ayn\u0131 zamanda zaman i\u00e7inde g\u00fczel bir \u015fekilde eskiyen uzun \u00f6m\u00fcrl\u00fc bir y\u00fczey sa\u011flar. Genellikle g\u00f6z ard\u0131 edilen i\u00e7 k\u0131s\u0131m, ayaklar\u0131n\u0131z i\u00e7in inan\u0131lmaz derecede yumu\u015fak ve nefes alabilen bir ortam sa\u011flayan esnek ke\u00e7i derisiyle astarlanm\u0131\u015ft\u0131r. \u00dcst\u00fcn derilerin bu kombinasyonu maksimum konforu garanti eder ve uzun s\u00fcreli kullan\u0131mlarda bile yorgunlu\u011fu en aza indirir.<\/p>\n<h3>Her Durum i\u00e7in \u00c7ok Y\u00f6nl\u00fc Stil<\/h3>\n<p>Bu enfes <b>Erkek Deri Cap Toe Loafer'lar<\/b> ger\u00e7ek bir gard\u0131rop vazge\u00e7ilmezidir ve ola\u011fan\u00fcst\u00fc \u00e7ok y\u00f6nl\u00fcl\u00fck sunar. Zarif \u015fapkal\u0131 burun tasar\u0131m\u0131 klasik resmiyete bir dokunu\u015f katarken, kullan\u0131\u015fl\u0131 slip-on stili ve vampirdeki ince metal vurgu \u00e7a\u011fda\u015f, g\u00fcndelik bir kenar sa\u011flar. Bu benzersiz kar\u0131\u015f\u0131m, bu ayakkab\u0131lar\u0131 hem \u2018Klasik\u2019 (klasik) hem de \u2018G\u00fcnl\u00fck\u2019 ortamlar i\u00e7in ideal k\u0131lar. Parlak bir profesyonel g\u00f6r\u00fcn\u00fcm i\u00e7in \u00f6zel dikim bir tak\u0131m elbise ile e\u015fle\u015ftirin veya sofistike bir hafta sonu toplulu\u011fu i\u00e7in chino veya koyu y\u0131kama kot pantolonlarla giydirin. Zengin Siyah, \u015f\u0131k Lacivert, klasik Kahverengi ve koyu Koyu Bordo renk se\u00e7enekleriyle ki\u015fisel tarz\u0131n\u0131z\u0131 tamamlayacak m\u00fckemmel tonu se\u00e7ebilirsiniz.<\/p>\n<h3>Sizin \u0130\u00e7in Tasarlanm\u0131\u015f Konfor ve Dayan\u0131kl\u0131l\u0131k<\/h3>\n<p>Tasar\u0131m felsefemizde konfor her \u015feyden \u00f6nemlidir. Nefes alabilen ke\u00e7i derisi astar, m\u00fckemmel nem emilimi sa\u011flayarak ayaklar\u0131n\u0131z\u0131 g\u00fcn boyunca kuru ve rahat tutar. Sa\u011flam TPU taban, \u00fcst\u00fcn \u015fok emilimi sunarken ad\u0131mlar\u0131n\u0131za uyum sa\u011flayarak ola\u011fan\u00fcst\u00fc \u00e7eki\u015f g\u00fcc\u00fc ve esneklik sa\u011flar. Hafif 1-3 cm topuk y\u00fcksekli\u011fi, rahat ve kendinden emin bir duru\u015f i\u00e7in do\u011fru y\u00fcksekli\u011fi sa\u011flar. Bizim <b>Erkek Deri Cap Toe Loafer'lar<\/b> g\u00fcnl\u00fck a\u015f\u0131nmaya kar\u015f\u0131 dayan\u0131kl\u0131l\u0131k sunarak ayakkab\u0131 koleksiyonunuz i\u00e7in ak\u0131ll\u0131ca bir yat\u0131r\u0131m yapar.<\/p>\n<h3>Bulunabilirlik ve Sipari\u015f Bilgileri<\/h3>\n<p>Bu l\u00fcks mokasen ayakkab\u0131lar, AB 39'dan 45'e kadar kapsaml\u0131 bir beden yelpazesinde mevcuttur ve bir\u00e7ok ki\u015fi i\u00e7in m\u00fckemmel bir uyum sa\u011flar. Toptan ve perakende sat\u0131\u015f ortaklar\u0131m\u0131z i\u00e7in yaln\u0131zca 8 \u00e7iftlik minimum sipari\u015f miktar\u0131 sunarak bu birinci s\u0131n\u0131f ayakkab\u0131lar\u0131 stoklamay\u0131 kolayla\u015ft\u0131r\u0131yoruz. Yakla\u015f\u0131k 12 g\u00fcnl\u00fck \u00fcretim s\u00fcresi ve nakliye ile bu \u00e7ok satan ayakkab\u0131lar\u0131 h\u0131zl\u0131 bir \u015fekilde entegre edebilirsiniz. <b>Erkek Deri Cap Toe Loafer'lar<\/b> envanterinize ekleyin. Bu ola\u011fan\u00fcst\u00fc deri ayakkab\u0131larla stil, konfor ve dayan\u0131kl\u0131l\u0131\u011f\u0131n m\u00fckemmel kar\u0131\u015f\u0131m\u0131n\u0131 deneyimleyin.<\/p>","protected":false},"excerpt":{"rendered":"<ul>\n<li>Birinci s\u0131n\u0131f Dana Derisi d\u0131\u015f y\u00fczey ve yumu\u015fak Ke\u00e7i Derisi i\u00e7 k\u0131s\u0131mdan \u00fcretilmi\u015ftir.<\/li>\n<li>\u00c7ok y\u00f6nl\u00fc Klasik ve G\u00fcnl\u00fck tasar\u0131ma ve zarif kep burun detay\u0131na sahiptir.<\/li>\n<li>Konfor ve kavrama i\u00e7in dayan\u0131kl\u0131 TPU Taban ve 1-3 cm'lik ince bir topuk ile donat\u0131lm\u0131\u015ft\u0131r.<\/li>\n<li>Geni\u015f bir beden yelpazesinde mevcuttur: AB 39, 40, 41, 42, 43, 44, 45.<\/li>\n<li>Minimum Sipari\u015f Miktar\u0131: 8 \u00c7ift - Toptan ve perakende sat\u0131\u015f ortaklar\u0131 i\u00e7in idealdir.<\/li>\n<li>H\u0131zl\u0131 Teslimat: 12 g\u00fcn \u00fcretim s\u00fcresi + nakliye.<\/li>\n<\/ul>","protected":false},"featured_media":3354,"template":"","meta":{"_acf_changed":false,"_uag_custom_page_level_css":"","site-sidebar-layout":"default","site-content-layout":"","ast-site-content-layout":"default","site-content-style":"default","site-sidebar-style":"default","ast-global-header-display":"","ast-banner-title-visibility":"","ast-main-header-display":"","ast-hfb-above-header-display":"","ast-hfb-below-header-display":"","ast-hfb-mobile-header-display":"","site-post-title":"","ast-breadcrumbs-content":"","ast-featured-img":"","footer-sml-layout":"","ast-disable-related-posts":"","theme-transparent-header-meta":"default","adv-header-id-meta":"","stick-header-meta":"","header-above-stick-meta":"","header-main-stick-meta":"","header-below-stick-meta":"","astra-migrate-meta-layouts":"set","ast-page-background-enabled":"default","ast-page-background-meta":{"desktop":{"background-color":"var(--ast-global-color-4)","background-image":"","background-repeat":"repeat","background-position":"center center","background-size":"auto","background-attachment":"scroll","background-type":"","background-media":"","overlay-type":"","overlay-color":"","overlay-opacity":"","overlay-gradient":""},"tablet":{"background-color":"","background-image":"","background-repeat":"repeat","background-position":"center center","background-size":"auto","background-attachment":"scroll","background-type":"","background-media":"","overlay-type":"","overlay-color":"","overlay-opacity":"","overlay-gradient":""},"mobile":{"background-color":"","background-image":"","background-repeat":"repeat","background-position":"center center","background-size":"auto","background-attachment":"scroll","background-type":"","background-media":"","overlay-type":"","overlay-color":"","overlay-opacity":"","overlay-gradient":""}},"ast-content-background-meta":{"desktop":{"background-color":"var(--ast-global-color-5)","background-image":"","background-repeat":"repeat","background-position":"center center","background-size":"auto","background-attachment":"scroll","background-type":"","background-media":"","overlay-type":"","overlay-color":"","overlay-opacity":"","overlay-gradient":""},"tablet":{"background-color":"var(--ast-global-color-5)","background-image":"","background-repeat":"repeat","background-position":"center center","background-size":"auto","background-attachment":"scroll","background-type":"","background-media":"","overlay-type":"","overlay-color":"","overlay-opacity":"","overlay-gradient":""},"mobile":{"background-color":"var(--ast-global-color-5)","background-image":"","background-repeat":"repeat","background-position":"center center","background-size":"auto","background-attachment":"scroll","background-type":"","background-media":"","overlay-type":"","overlay-color":"","overlay-opacity":"","overlay-gradient":""}}},"product_brand":[],"product_cat":[48,47,430,40],"product_tag":[370,202,458,449,145,220,460,459,352,437,227,324,186,374,184,452],"class_list":{"0":"post-4946","1":"product","2":"type-product","3":"status-publish","4":"has-post-thumbnail","6":"product_cat-casual","7":"product_cat-classic","8":"product_cat-men","9":"product_cat-mens-shoes","10":"product_tag-black-loafers","11":"product_tag-calf-leather","12":"product_tag-cap-toe-shoes","13":"product_tag-casual-shoes","14":"product_tag-classic-shoes","15":"product_tag-comfortable-loafers","16":"product_tag-dark-blue-loafers","17":"product_tag-everyday-shoes","18":"product_tag-formal-loafers","19":"product_tag-goat-leather","20":"product_tag-leather-shoes","21":"product_tag-mens-dress-shoes","22":"product_tag-mens-loafers","23":"product_tag-premium-loafers","24":"product_tag-slip-on-shoes","25":"product_tag-tpu-sole","26":"desktop-align-center","27":"tablet-align-center","28":"mobile-align-center","30":"first","31":"instock","32":"shipping-taxable","33":"purchasable","34":"product-type-variable","35":"has-default-attributes"},"acf":[],"uagb_featured_image_src":{"full":["https:\/\/turkishtrade.co\/wp-content\/uploads\/2026\/01\/2400EJOMN00417-BLACK-ZL_101.png",453,250,false],"thumbnail":["https:\/\/turkishtrade.co\/wp-content\/uploads\/2026\/01\/2400EJOMN00417-BLACK-ZL_101-150x150.png",150,150,true],"medium":["https:\/\/turkishtrade.co\/wp-content\/uploads\/2026\/01\/2400EJOMN00417-BLACK-ZL_101-300x166.png",300,166,true],"medium_large":["https:\/\/turkishtrade.co\/wp-content\/uploads\/2026\/01\/2400EJOMN00417-BLACK-ZL_101.png",453,250,false],"large":["https:\/\/turkishtrade.co\/wp-content\/uploads\/2026\/01\/2400EJOMN00417-BLACK-ZL_101.png",453,250,false],"1536x1536":["https:\/\/turkishtrade.co\/wp-content\/uploads\/2026\/01\/2400EJOMN00417-BLACK-ZL_101.png",453,250,false],"2048x2048":["https:\/\/turkishtrade.co\/wp-content\/uploads\/2026\/01\/2400EJOMN00417-BLACK-ZL_101.png",453,250,false],"trp-custom-language-flag":["https:\/\/turkishtrade.co\/wp-content\/uploads\/2026\/01\/2400EJOMN00417-BLACK-ZL_101-18x10.png",18,10,true],"woocommerce_thumbnail":["https:\/\/turkishtrade.co\/wp-content\/uploads\/2026\/01\/2400EJOMN00417-BLACK-ZL_101-400x250.png",400,250,true],"woocommerce_single":["https:\/\/turkishtrade.co\/wp-content\/uploads\/2026\/01\/2400EJOMN00417-BLACK-ZL_101.png",453,250,false],"woocommerce_gallery_thumbnail":["https:\/\/turkishtrade.co\/wp-content\/uploads\/2026\/01\/2400EJOMN00417-BLACK-ZL_101-100x100.png",100,100,true]},"uagb_author_info":{"display_name":"yaser olabi","author_link":"https:\/\/turkishtrade.co\/tr\/author\/"},"uagb_comment_info":0,"uagb_excerpt":"Crafted from premium Calf Leather exterior and soft Goat Leather interior. Features a versatile Classic &amp; Casual design with elegant cap toe detail. Equipped with a durable TPU Sole for comfort and grip, with a subtle 1-3cm heel. Available in a wide range of sizes: EU 39, 40, 41, 42, 43, 44, 45. Minimum Order&hellip;","_links":{"self":[{"href":"https:\/\/turkishtrade.co\/tr\/wp-json\/wp\/v2\/product\/4946","targetHints":{"allow":["GET"]}}],"collection":[{"href":"https:\/\/turkishtrade.co\/tr\/wp-json\/wp\/v2\/product"}],"about":[{"href":"https:\/\/turkishtrade.co\/tr\/wp-json\/wp\/v2\/types\/product"}],"wp:featuredmedia":[{"embeddable":true,"href":"https:\/\/turkishtrade.co\/tr\/wp-json\/wp\/v2\/media\/3354"}],"wp:attachment":[{"href":"https:\/\/turkishtrade.co\/tr\/wp-json\/wp\/v2\/media?parent=4946"}],"wp:term":[{"taxonomy":"product_brand","embeddable":true,"href":"https:\/\/turkishtrade.co\/tr\/wp-json\/wp\/v2\/product_brand?post=4946"},{"taxonomy":"product_cat","embeddable":true,"href":"https:\/\/turkishtrade.co\/tr\/wp-json\/wp\/v2\/product_cat?post=4946"},{"taxonomy":"product_tag","embeddable":true,"href":"https:\/\/turkishtrade.co\/tr\/wp-json\/wp\/v2\/product_tag?post=4946"}],"curies":[{"name":"wp","href":"https:\/\/api.w.org\/{rel}","templated":true}]}}