{"id":4944,"date":"2026-01-14T10:50:28","date_gmt":"2026-01-14T10:50:28","guid":{"rendered":"https:\/\/turkishtrade.co\/product\/classic-calf-leather-loafers\/"},"modified":"2026-04-09T19:49:31","modified_gmt":"2026-04-09T19:49:31","slug":"classic-calf-leather-loafers","status":"publish","type":"product","link":"https:\/\/turkishtrade.co\/tr\/shop\/classic-calf-leather-loafers\/","title":{"rendered":"Erkekler i\u00e7in Klasik Dana Derisi Penny Loafer"},"content":{"rendered":"<p><strong>Klasik Buza\u011f\u0131 Derisi Loafer<\/strong><\/p>\n<p>Enfes koleksiyonumuzla klasik \u015f\u0131kl\u0131\u011f\u0131n modern konforla bulu\u015ftu\u011fu bir d\u00fcnyaya ad\u0131m at\u0131n <strong>Klasik Buza\u011f\u0131 Derisi Loafer<\/strong>. Se\u00e7kin beyefendiler i\u00e7in tasarlanan bu mokasen ayakkab\u0131lar bir ayakkab\u0131dan \u00e7ok daha fazlas\u0131d\u0131r; sofistike bir stilin ve benzersiz i\u015f\u00e7ili\u011fin ifadesidir. Her bir \u00e7iftimiz <strong>Klasik Buza\u011f\u0131 Derisi Loafer<\/strong> D\u0131\u015f y\u00fczeyi birinci s\u0131n\u0131f hakiki dana derisinden titizlikle \u00fcretilmi\u015ftir ve toplant\u0131 odas\u0131ndan hafta sonu ka\u00e7ama\u011f\u0131na zahmetsizce ge\u00e7i\u015f yapan \u015f\u0131k ve g\u00f6steri\u015fli bir g\u00f6r\u00fcn\u00fcm sunar.<\/p>\n<h3>E\u015fsiz Konfor ve Kalite<\/h3>\n<p>Ayaklar\u0131n\u0131z\u0131 ok\u015fayan esnek ke\u00e7i derisi astar sayesinde her ad\u0131mda l\u00fcks konforu ya\u015fay\u0131n. Bu birinci s\u0131n\u0131f i\u00e7 y\u00fczey malzemesi nefes alabilirlik ve yumu\u015fak bir dokunu\u015f sa\u011flayarak <strong>Klasik Buza\u011f\u0131 Derisi Loafer<\/strong> uzun s\u00fcreli kullan\u0131m i\u00e7in m\u00fckemmeldir. Sa\u011flam TPU taban ola\u011fan\u00fcst\u00fc kavrama ve dayan\u0131kl\u0131l\u0131k sa\u011flarken, 1-3 cm'lik ince topuk, konfordan \u00f6d\u00fcn vermeden kendinden emin bir ad\u0131m i\u00e7in do\u011fru miktarda y\u00fckseklik sunar. Kaliteye olan ba\u011fl\u0131l\u0131\u011f\u0131m\u0131z, hem stil hem de yap\u0131 olarak zaman\u0131n testine dayanan ayakkab\u0131lara yat\u0131r\u0131m yapt\u0131\u011f\u0131n\u0131z anlam\u0131na gelir.<\/p>\n<h3>Her Durum i\u00e7in \u00c7ok Y\u00f6nl\u00fcl\u00fck<\/h3>\n<p>\u0130ster resmi bir etkinlik i\u00e7in giyiniyor olun, ister g\u00fcndelik k\u0131yafetleriniz i\u00e7in zarif bir dokunu\u015f ar\u0131yor olun, bu penny tarz\u0131 <strong>Klasik Buza\u011f\u0131 Derisi Loafer<\/strong> ideal se\u00e7iminizdir. Zamans\u0131z tasar\u0131mlar\u0131, \u00f6zel tak\u0131m elbise ve \u015f\u0131k pantolonlardan chino pantolonlara ve birinci s\u0131n\u0131f denimlere kadar \u00e7ok \u00e7e\u015fitli k\u0131yafetleri tamamlamalar\u0131n\u0131 sa\u011flar. Zengin Kahverengi, koyu Koyu Bordo ve zarif Siyah (hem parlak hem de mat y\u00fczeylerde) gibi bir dizi sofistike renkte mevcut olup, ki\u015fisel esteti\u011finize uygun m\u00fckemmel \u00e7ifti se\u00e7ebilirsiniz. Her m\u00fc\u015fteriye m\u00fckemmel uyum sa\u011flamak i\u00e7in EU 39'dan 45'e kadar geni\u015f bir beden aral\u0131\u011f\u0131 sunuyoruz.<\/p>\n<h3>Toptan ve Zaman\u0131nda Teslimat<\/h3>\n<p>\u00dcst\u00fcn kaliteli ayakkab\u0131lar sunmak isteyen perakendeciler ve i\u015fletmeler i\u00e7in <strong>Klasik Buza\u011f\u0131 Derisi Loafer<\/strong> toptan sat\u0131n al\u0131nabilir. Minimum sipari\u015f miktar\u0131n\u0131n sadece 8 \u00e7ift olmas\u0131n\u0131 istiyoruz, bu da bu pop\u00fcler ve y\u00fcksek kaliteli ayakkab\u0131lar\u0131 stoklamay\u0131 kolayla\u015ft\u0131r\u0131yor. Yakla\u015f\u0131k 12 g\u00fcnl\u00fck verimli \u00fcretim ve teslimat s\u00fcresi art\u0131 nakliye ile envanterinizi h\u0131zla yenileyebilir ve m\u00fc\u015fteri talebini kar\u015f\u0131layabilirsiniz. Rekabet\u00e7i fiyatland\u0131rmam\u0131z, belirli renkler ve di\u011ferleri ile, bu \u00fcst\u00fcn i\u015f\u00e7ilik i\u00e7in m\u00fckemmel de\u011fer sa\u011flar. Ayakkab\u0131 koleksiyonunuzu y\u00fckseltin veya \u00fcr\u00fcn tekliflerinizi \u00e7arp\u0131c\u0131 \u00fcr\u00fcnlerimizle geni\u015fletin <strong>Klasik Buza\u011f\u0131 Derisi Loafer<\/strong> bug\u00fcn, kal\u0131c\u0131 \u00e7ekicilikleri ve konforlar\u0131yla \u00fcnl\u00fcd\u00fcr.<\/p>","protected":false},"excerpt":{"rendered":"<ul>\n<li><strong>Premium Malzemeler:<\/strong> \u00dcst\u00fcn konfor ve dayan\u0131kl\u0131l\u0131k i\u00e7in hakiki dana derisi saya ve yumu\u015fak ke\u00e7i derisi astar ile \u00fcretilmi\u015ftir.<\/li>\n<li><strong>\u00c7ok Y\u00f6nl\u00fc Stil:<\/strong> Klasik penny loafer tasar\u0131m\u0131, hem resmi hem de g\u00fcndelik durumlar i\u00e7in uygundur.<\/li>\n<li><strong>Dayan\u0131kl\u0131 Taban:<\/strong> Denge ve konfor i\u00e7in 1-3 cm'lik ince bir topu\u011fa sahip esnek TPU tabana sahiptir.<\/li>\n<li><strong>Mevcut Boyutlar:<\/strong> AB 39, 40, 41, 42, 43, 44, 45.<\/li>\n<li><strong>Toptan Sat\u0131\u015f:<\/strong> Minimum sipari\u015f miktar\u0131 8 \u00e7ifttir.<\/li>\n<li><strong>Etkili Teslimat:<\/strong> \u00dcretim ve teslimat 12 g\u00fcn i\u00e7inde art\u0131 nakliye s\u00fcresi.<\/li>\n<\/ul>","protected":false},"featured_media":3353,"template":"","meta":{"_acf_changed":false,"_uag_custom_page_level_css":"","site-sidebar-layout":"default","site-content-layout":"","ast-site-content-layout":"default","site-content-style":"default","site-sidebar-style":"default","ast-global-header-display":"","ast-banner-title-visibility":"","ast-main-header-display":"","ast-hfb-above-header-display":"","ast-hfb-below-header-display":"","ast-hfb-mobile-header-display":"","site-post-title":"","ast-breadcrumbs-content":"","ast-featured-img":"","footer-sml-layout":"","ast-disable-related-posts":"","theme-transparent-header-meta":"default","adv-header-id-meta":"","stick-header-meta":"","header-above-stick-meta":"","header-main-stick-meta":"","header-below-stick-meta":"","astra-migrate-meta-layouts":"set","ast-page-background-enabled":"default","ast-page-background-meta":{"desktop":{"background-color":"var(--ast-global-color-4)","background-image":"","background-repeat":"repeat","background-position":"center center","background-size":"auto","background-attachment":"scroll","background-type":"","background-media":"","overlay-type":"","overlay-color":"","overlay-opacity":"","overlay-gradient":""},"tablet":{"background-color":"","background-image":"","background-repeat":"repeat","background-position":"center center","background-size":"auto","background-attachment":"scroll","background-type":"","background-media":"","overlay-type":"","overlay-color":"","overlay-opacity":"","overlay-gradient":""},"mobile":{"background-color":"","background-image":"","background-repeat":"repeat","background-position":"center center","background-size":"auto","background-attachment":"scroll","background-type":"","background-media":"","overlay-type":"","overlay-color":"","overlay-opacity":"","overlay-gradient":""}},"ast-content-background-meta":{"desktop":{"background-color":"var(--ast-global-color-5)","background-image":"","background-repeat":"repeat","background-position":"center center","background-size":"auto","background-attachment":"scroll","background-type":"","background-media":"","overlay-type":"","overlay-color":"","overlay-opacity":"","overlay-gradient":""},"tablet":{"background-color":"var(--ast-global-color-5)","background-image":"","background-repeat":"repeat","background-position":"center center","background-size":"auto","background-attachment":"scroll","background-type":"","background-media":"","overlay-type":"","overlay-color":"","overlay-opacity":"","overlay-gradient":""},"mobile":{"background-color":"var(--ast-global-color-5)","background-image":"","background-repeat":"repeat","background-position":"center center","background-size":"auto","background-attachment":"scroll","background-type":"","background-media":"","overlay-type":"","overlay-color":"","overlay-opacity":"","overlay-gradient":""}}},"product_brand":[],"product_cat":[48,47,430,40],"product_tag":[405,202,449,457,284,251,437,227,148,384,225,279,452,456],"class_list":{"0":"post-4944","1":"product","2":"type-product","3":"status-publish","4":"has-post-thumbnail","6":"product_cat-casual","7":"product_cat-classic","8":"product_cat-men","9":"product_cat-mens-shoes","10":"product_tag-business-shoes","11":"product_tag-calf-leather","12":"product_tag-casual-shoes","13":"product_tag-classic-loafers","14":"product_tag-dress-shoes","15":"product_tag-formal-shoes","16":"product_tag-goat-leather","17":"product_tag-leather-shoes","18":"product_tag-loafers","19":"product_tag-luxury-loafers","20":"product_tag-mens-footwear","21":"product_tag-penny-loafers","22":"product_tag-tpu-sole","23":"product_tag-wholesale-loafers","24":"desktop-align-center","25":"tablet-align-center","26":"mobile-align-center","28":"first","29":"instock","30":"shipping-taxable","31":"purchasable","32":"product-type-variable","33":"has-default-attributes"},"acf":[],"uagb_featured_image_src":{"full":["https:\/\/turkishtrade.co\/wp-content\/uploads\/2026\/01\/2400EJOMN00002-DARK-BURGUNDY-ZL_103-150-USD.png",453,250,false],"thumbnail":["https:\/\/turkishtrade.co\/wp-content\/uploads\/2026\/01\/2400EJOMN00002-DARK-BURGUNDY-ZL_103-150-USD.png",150,83,false],"medium":["https:\/\/turkishtrade.co\/wp-content\/uploads\/2026\/01\/2400EJOMN00002-DARK-BURGUNDY-ZL_103-150-USD.png",300,166,false],"medium_large":["https:\/\/turkishtrade.co\/wp-content\/uploads\/2026\/01\/2400EJOMN00002-DARK-BURGUNDY-ZL_103-150-USD.png",453,250,false],"large":["https:\/\/turkishtrade.co\/wp-content\/uploads\/2026\/01\/2400EJOMN00002-DARK-BURGUNDY-ZL_103-150-USD.png",453,250,false],"1536x1536":["https:\/\/turkishtrade.co\/wp-content\/uploads\/2026\/01\/2400EJOMN00002-DARK-BURGUNDY-ZL_103-150-USD.png",453,250,false],"2048x2048":["https:\/\/turkishtrade.co\/wp-content\/uploads\/2026\/01\/2400EJOMN00002-DARK-BURGUNDY-ZL_103-150-USD.png",453,250,false],"trp-custom-language-flag":["https:\/\/turkishtrade.co\/wp-content\/uploads\/2026\/01\/2400EJOMN00002-DARK-BURGUNDY-ZL_103-150-USD.png",18,10,false],"woocommerce_thumbnail":["https:\/\/turkishtrade.co\/wp-content\/uploads\/2026\/01\/2400EJOMN00002-DARK-BURGUNDY-ZL_103-150-USD-400x250.png",400,250,true],"woocommerce_single":["https:\/\/turkishtrade.co\/wp-content\/uploads\/2026\/01\/2400EJOMN00002-DARK-BURGUNDY-ZL_103-150-USD.png",453,250,false],"woocommerce_gallery_thumbnail":["https:\/\/turkishtrade.co\/wp-content\/uploads\/2026\/01\/2400EJOMN00002-DARK-BURGUNDY-ZL_103-150-USD-100x100.png",100,100,true]},"uagb_author_info":{"display_name":"yaser olabi","author_link":"https:\/\/turkishtrade.co\/tr\/author\/"},"uagb_comment_info":0,"uagb_excerpt":"Premium Materials: Crafted with genuine calf leather upper and soft goat leather lining for ultimate comfort and durability. Versatile Style: Classic penny loafer design, suitable for both formal and casual occasions. Durable Sole: Features a resilient TPU sole with a subtle 1-3 cm heel for stability and comfort. Available Sizes: EU 39, 40, 41, 42,&hellip;","_links":{"self":[{"href":"https:\/\/turkishtrade.co\/tr\/wp-json\/wp\/v2\/product\/4944","targetHints":{"allow":["GET"]}}],"collection":[{"href":"https:\/\/turkishtrade.co\/tr\/wp-json\/wp\/v2\/product"}],"about":[{"href":"https:\/\/turkishtrade.co\/tr\/wp-json\/wp\/v2\/types\/product"}],"wp:featuredmedia":[{"embeddable":true,"href":"https:\/\/turkishtrade.co\/tr\/wp-json\/wp\/v2\/media\/3353"}],"wp:attachment":[{"href":"https:\/\/turkishtrade.co\/tr\/wp-json\/wp\/v2\/media?parent=4944"}],"wp:term":[{"taxonomy":"product_brand","embeddable":true,"href":"https:\/\/turkishtrade.co\/tr\/wp-json\/wp\/v2\/product_brand?post=4944"},{"taxonomy":"product_cat","embeddable":true,"href":"https:\/\/turkishtrade.co\/tr\/wp-json\/wp\/v2\/product_cat?post=4944"},{"taxonomy":"product_tag","embeddable":true,"href":"https:\/\/turkishtrade.co\/tr\/wp-json\/wp\/v2\/product_tag?post=4944"}],"curies":[{"name":"wp","href":"https:\/\/api.w.org\/{rel}","templated":true}]}}