{"id":4943,"date":"2026-01-14T10:50:14","date_gmt":"2026-01-14T10:50:14","guid":{"rendered":"https:\/\/turkishtrade.co\/product\/mens-classic-leather-loafers\/"},"modified":"2026-04-09T19:49:38","modified_gmt":"2026-04-09T19:49:38","slug":"mens-classic-leather-loafers","status":"publish","type":"product","link":"https:\/\/turkishtrade.co\/tr\/shop\/mens-classic-leather-loafers\/","title":{"rendered":"Erkek El Yap\u0131m\u0131 Klasik Deri Loafer"},"content":{"rendered":"<p><strong>Erkek Klasik Deri Loafer'lar<\/strong><\/p>\n<p>Koleksiyonumuzla zamans\u0131z \u015f\u0131kl\u0131\u011fa ve benzersiz konfora ad\u0131m at\u0131n <b>Erkek El Yap\u0131m\u0131 Klasik Deri Loafer<\/b>. Se\u00e7kin beyefendiler i\u00e7in tasarlanan bu zarif mokasen ayakkab\u0131lar, geleneksel i\u015f\u00e7ili\u011fi \u00e7a\u011fda\u015f tarzla kusursuz bir \u015fekilde harmanl\u0131yor. Her bir \u00e7ift titizlikle \u00fcretilmi\u015ftir ve ilk bak\u0131\u015fta kendini belli eden kalite ve detaylara olan ba\u011fl\u0131l\u0131\u011f\u0131 yans\u0131t\u0131r.<\/p>\n<p>Bizim <b>Erkek Klasik Deri Loafer'lar<\/b> esnek dokusu, do\u011fal parlakl\u0131\u011f\u0131 ve ola\u011fan\u00fcst\u00fc dayan\u0131kl\u0131l\u0131\u011f\u0131 i\u00e7in se\u00e7ilen birinci s\u0131n\u0131f dana derisi d\u0131\u015f y\u00fczeye sahiptir. Bu y\u00fcksek kaliteli d\u0131\u015f malzeme sadece sofistike g\u00f6r\u00fcnmekle kalmaz, ayn\u0131 zamanda zaman i\u00e7inde aya\u011f\u0131n\u0131za uyum sa\u011flayarak ki\u015fiselle\u015ftirilmi\u015f bir uyum sa\u011flar. \u0130\u00e7 k\u0131sm\u0131 son derece yumu\u015fak ke\u00e7i derisi ile astarlanm\u0131\u015ft\u0131r ve ister yo\u011fun bir i\u015f g\u00fcn\u00fcnde ister rahat bir hafta sonunun tad\u0131n\u0131 \u00e7\u0131kar\u0131yor olun, ayaklar\u0131n\u0131z\u0131 g\u00fcn boyunca rahat tutan nefes alabilen bir konfor sa\u011flar.<\/p>\n<h3>Rakipsiz Konfor ve Dayan\u0131kl\u0131l\u0131k<\/h3>\n<p>\u00c7arp\u0131c\u0131 esteti\u011finin \u00f6tesinde, bu <b>Erkek Klasik Deri Loafer'lar<\/b> performans i\u00e7in tasarlanm\u0131\u015ft\u0131r. Sa\u011flam TPU taban\u0131 ola\u011fan\u00fcst\u00fc \u00e7eki\u015f g\u00fcc\u00fc ve esneklik sunarak her ad\u0131m\u0131n g\u00fcvenli ve rahat olmas\u0131n\u0131 sa\u011flar. Geleneksel deri tabanlar\u0131n aksine, TPU malzeme geli\u015fmi\u015f \u015fok emilimi ve a\u015f\u0131nma ve y\u0131pranmaya kar\u015f\u0131 diren\u00e7 sa\u011flayarak loafer'lar\u0131n\u0131z\u0131n y\u0131llarca gard\u0131robunuzda temel bir par\u00e7a olarak kalmas\u0131n\u0131 sa\u011flar. \u0130nce 1-3 cm topuk, dengeden \u00f6d\u00fcn vermeden zarif bir dokunu\u015f katar ve g\u00f6steri\u015fli bir g\u00f6r\u00fcn\u00fcm sa\u011flamak i\u00e7in m\u00fckemmeldir.<\/p>\n<h3>Her Durum i\u00e7in \u00c7ok Y\u00f6nl\u00fc Stil<\/h3>\n<p>\u0130ster kurumsal bir toplant\u0131, ister \u00f6zel bir etkinlik i\u00e7in giyiniyor olun, ister sadece g\u00fcnl\u00fck k\u0131yafetlerinizi y\u00fckseltiyor olun, bu <b>Erkek Klasik Deri Loafer'lar<\/b> inan\u0131lmaz derecede \u00e7ok y\u00f6nl\u00fcd\u00fcr. Zarif burnu a\u00e7\u0131k tasar\u0131m\u0131 ve zevkli dekoratif metal aksan\u0131yla (kahverengi modelimizde g\u00f6r\u00fcld\u00fc\u011f\u00fc gibi) rafine bir sofistike g\u00f6r\u00fcn\u00fcm sergiler. Klasik bir i\u015f g\u00f6r\u00fcn\u00fcm\u00fc i\u00e7in \u00f6zel dikim tak\u0131m elbiselerle ya da \u015f\u0131k ve rahat bir kombin i\u00e7in chino pantolon ve spor ceketle e\u015fle\u015ftirin. Kahverengi ve Koyu Bordo gibi zengin tonlarda ve di\u011fer renklerde de mevcut oldu\u011fundan, ki\u015fisel tarz\u0131n\u0131z\u0131 tamamlayacak m\u00fckemmel tonu se\u00e7ebilirsiniz.<\/p>\n<h3>Toptan Sat\u0131\u015f F\u0131rsatlar\u0131 ve Zanaatk\u00e2rl\u0131k<\/h3>\n<p>Bu el yap\u0131m\u0131 \u00fcr\u00fcnleri sunmaktan gurur duyuyoruz <b>Erkek Klasik Deri Loafer'lar<\/b> i\u015fletmeler ve perakendeciler i\u00e7in. Minimum 8 \u00e7ift sipari\u015f miktar\u0131yla, m\u00fc\u015fterilerine birinci s\u0131n\u0131f, y\u00fcksek kaliteli ayakkab\u0131lar sunmak isteyenlere hitap ediyoruz. Verimli \u00fcretim s\u00fcrecimiz, 12 g\u00fcn i\u00e7inde teslimat ve nakliye sa\u011flayarak envanterinizi bu aranan stillerle h\u0131zl\u0131 bir \u015fekilde stoklaman\u0131za olanak tan\u0131r. Zaman\u0131n ve modan\u0131n testinden ge\u00e7en ayakkab\u0131lara yat\u0131r\u0131m yap\u0131n ve m\u00fc\u015fterilerinize l\u00fcks erkek mokasen ayakkab\u0131lar\u0131nda en \u00fcst seviyeyi sunun.<\/p>","protected":false},"excerpt":{"rendered":"<ul>\n<li><b>Premium Malzemeler:<\/b> L\u00fcks dana derisi d\u0131\u015f y\u00fczey ve yumu\u015fak ke\u00e7i derisi i\u00e7 k\u0131s\u0131m ile \u00fcretilmi\u015ftir.<\/li>\n<li><b>Dayan\u0131kl\u0131 Taban:<\/b> \u00dcst\u00fcn kavrama ve uzun \u00f6m\u00fcrl\u00fcl\u00fck i\u00e7in esnek TPU taban ile donat\u0131lm\u0131\u015ft\u0131r.<\/li>\n<li><b>Zarif topuk:<\/b> Sofistike bir duru\u015f i\u00e7in 1-3 cm'lik ince topuk y\u00fcksekli\u011fi.<\/li>\n<li><b>\u00c7ok Y\u00f6nl\u00fc Stil:<\/b> Hem klasik resmi hem de \u015f\u0131k g\u00fcndelik tak\u0131mlar i\u00e7in idealdir.<\/li>\n<li><b>Mevcut Boyutlar:<\/b> AB 39 ila 45 aras\u0131nda de\u011fi\u015fmektedir.<\/li>\n<li><b>Toplu Bulunabilirlik:<\/b> Minimum 8 \u00e7ift sipari\u015f; toptan ve perakende sat\u0131\u015f ortaklar\u0131 i\u00e7in m\u00fckemmeldir.<\/li>\n<li><b>\u00dcretim ve Nakliye:<\/b> 12 g\u00fcn i\u00e7inde teslimat art\u0131 nakliye s\u00fcresi.<\/li>\n<\/ul>","protected":false},"featured_media":3348,"template":"","meta":{"_acf_changed":false,"_uag_custom_page_level_css":"","site-sidebar-layout":"default","site-content-layout":"","ast-site-content-layout":"default","site-content-style":"default","site-sidebar-style":"default","ast-global-header-display":"","ast-banner-title-visibility":"","ast-main-header-display":"","ast-hfb-above-header-display":"","ast-hfb-below-header-display":"","ast-hfb-mobile-header-display":"","site-post-title":"","ast-breadcrumbs-content":"","ast-featured-img":"","footer-sml-layout":"","ast-disable-related-posts":"","theme-transparent-header-meta":"default","adv-header-id-meta":"","stick-header-meta":"","header-above-stick-meta":"","header-main-stick-meta":"","header-below-stick-meta":"","astra-migrate-meta-layouts":"set","ast-page-background-enabled":"default","ast-page-background-meta":{"desktop":{"background-color":"var(--ast-global-color-4)","background-image":"","background-repeat":"repeat","background-position":"center center","background-size":"auto","background-attachment":"scroll","background-type":"","background-media":"","overlay-type":"","overlay-color":"","overlay-opacity":"","overlay-gradient":""},"tablet":{"background-color":"","background-image":"","background-repeat":"repeat","background-position":"center center","background-size":"auto","background-attachment":"scroll","background-type":"","background-media":"","overlay-type":"","overlay-color":"","overlay-opacity":"","overlay-gradient":""},"mobile":{"background-color":"","background-image":"","background-repeat":"repeat","background-position":"center center","background-size":"auto","background-attachment":"scroll","background-type":"","background-media":"","overlay-type":"","overlay-color":"","overlay-opacity":"","overlay-gradient":""}},"ast-content-background-meta":{"desktop":{"background-color":"var(--ast-global-color-5)","background-image":"","background-repeat":"repeat","background-position":"center center","background-size":"auto","background-attachment":"scroll","background-type":"","background-media":"","overlay-type":"","overlay-color":"","overlay-opacity":"","overlay-gradient":""},"tablet":{"background-color":"var(--ast-global-color-5)","background-image":"","background-repeat":"repeat","background-position":"center center","background-size":"auto","background-attachment":"scroll","background-type":"","background-media":"","overlay-type":"","overlay-color":"","overlay-opacity":"","overlay-gradient":""},"mobile":{"background-color":"var(--ast-global-color-5)","background-image":"","background-repeat":"repeat","background-position":"center center","background-size":"auto","background-attachment":"scroll","background-type":"","background-media":"","overlay-type":"","overlay-color":"","overlay-opacity":"","overlay-gradient":""}}},"product_brand":[],"product_cat":[48,47,430,40],"product_tag":[147,453,451,449,145,222,455,284,454,437,450,215,198,186,184,452,281],"class_list":{"0":"post-4943","1":"product","2":"type-product","3":"status-publish","4":"has-post-thumbnail","6":"product_cat-casual","7":"product_cat-classic","8":"product_cat-men","9":"product_cat-mens-shoes","10":"product_tag-brown-loafers","11":"product_tag-bulk-footwear","12":"product_tag-calfskin-leather","13":"product_tag-casual-shoes","14":"product_tag-classic-shoes","15":"product_tag-comfortable-shoes","16":"product_tag-dark-burgundy-loafers","17":"product_tag-dress-shoes","18":"product_tag-elegant-footwear","19":"product_tag-goat-leather","20":"product_tag-handcrafted-shoes","21":"product_tag-leather-loafers","22":"product_tag-mens-fashion","23":"product_tag-mens-loafers","24":"product_tag-slip-on-shoes","25":"product_tag-tpu-sole","26":"product_tag-wholesale-shoes","27":"desktop-align-center","28":"tablet-align-center","29":"mobile-align-center","31":"first","32":"instock","33":"sale","34":"shipping-taxable","35":"purchasable","36":"product-type-variable","37":"has-default-attributes"},"acf":[],"uagb_featured_image_src":{"full":["https:\/\/turkishtrade.co\/wp-content\/uploads\/2026\/01\/2400EJOMN00001-BROWN-ZL_101.png",453,250,false],"thumbnail":["https:\/\/turkishtrade.co\/wp-content\/uploads\/2026\/01\/2400EJOMN00001-BROWN-ZL_101-150x150.png",150,150,true],"medium":["https:\/\/turkishtrade.co\/wp-content\/uploads\/2026\/01\/2400EJOMN00001-BROWN-ZL_101-300x166.png",300,166,true],"medium_large":["https:\/\/turkishtrade.co\/wp-content\/uploads\/2026\/01\/2400EJOMN00001-BROWN-ZL_101.png",453,250,false],"large":["https:\/\/turkishtrade.co\/wp-content\/uploads\/2026\/01\/2400EJOMN00001-BROWN-ZL_101.png",453,250,false],"1536x1536":["https:\/\/turkishtrade.co\/wp-content\/uploads\/2026\/01\/2400EJOMN00001-BROWN-ZL_101.png",453,250,false],"2048x2048":["https:\/\/turkishtrade.co\/wp-content\/uploads\/2026\/01\/2400EJOMN00001-BROWN-ZL_101.png",453,250,false],"trp-custom-language-flag":["https:\/\/turkishtrade.co\/wp-content\/uploads\/2026\/01\/2400EJOMN00001-BROWN-ZL_101-18x10.png",18,10,true],"woocommerce_thumbnail":["https:\/\/turkishtrade.co\/wp-content\/uploads\/2026\/01\/2400EJOMN00001-BROWN-ZL_101-400x250.png",400,250,true],"woocommerce_single":["https:\/\/turkishtrade.co\/wp-content\/uploads\/2026\/01\/2400EJOMN00001-BROWN-ZL_101.png",453,250,false],"woocommerce_gallery_thumbnail":["https:\/\/turkishtrade.co\/wp-content\/uploads\/2026\/01\/2400EJOMN00001-BROWN-ZL_101-100x100.png",100,100,true]},"uagb_author_info":{"display_name":"yaser olabi","author_link":"https:\/\/turkishtrade.co\/tr\/author\/"},"uagb_comment_info":0,"uagb_excerpt":"Premium Materials: Crafted with luxurious calfskin leather exterior and soft goat leather interior. Durable Sole: Equipped with a resilient TPU sole for superior grip and longevity. Elegant Heel: Subtle 1-3 cm heel height for a sophisticated lift. Versatile Style: Ideal for both classic formal and stylish casual ensembles. Available Sizes: Ranging from EU 39 to&hellip;","_links":{"self":[{"href":"https:\/\/turkishtrade.co\/tr\/wp-json\/wp\/v2\/product\/4943","targetHints":{"allow":["GET"]}}],"collection":[{"href":"https:\/\/turkishtrade.co\/tr\/wp-json\/wp\/v2\/product"}],"about":[{"href":"https:\/\/turkishtrade.co\/tr\/wp-json\/wp\/v2\/types\/product"}],"wp:featuredmedia":[{"embeddable":true,"href":"https:\/\/turkishtrade.co\/tr\/wp-json\/wp\/v2\/media\/3348"}],"wp:attachment":[{"href":"https:\/\/turkishtrade.co\/tr\/wp-json\/wp\/v2\/media?parent=4943"}],"wp:term":[{"taxonomy":"product_brand","embeddable":true,"href":"https:\/\/turkishtrade.co\/tr\/wp-json\/wp\/v2\/product_brand?post=4943"},{"taxonomy":"product_cat","embeddable":true,"href":"https:\/\/turkishtrade.co\/tr\/wp-json\/wp\/v2\/product_cat?post=4943"},{"taxonomy":"product_tag","embeddable":true,"href":"https:\/\/turkishtrade.co\/tr\/wp-json\/wp\/v2\/product_tag?post=4943"}],"curies":[{"name":"wp","href":"https:\/\/api.w.org\/{rel}","templated":true}]}}