{"id":967,"date":"2025-11-15T15:07:59","date_gmt":"2025-11-15T15:07:59","guid":{"rendered":"https:\/\/turkishtrade.co\/?page_id=967"},"modified":"2025-11-29T20:12:49","modified_gmt":"2025-11-29T20:12:49","slug":"co2-emissions","status":"publish","type":"page","link":"https:\/\/turkishtrade.co\/tr\/sustainability\/co2-emissions\/","title":{"rendered":"CO2 Emisyonlar\u0131"},"content":{"rendered":"<div class=\"wp-block-uagb-container uagb-block-d84fc8d7 alignfull uagb-is-root-container\"><div class=\"uagb-container-inner-blocks-wrap\">\n<h1 class=\"wp-block-heading has-text-align-center has-ast-global-color-5-color has-text-color has-link-color wp-elements-d2636d3e8a73bb3e6ad26bb88cae33e4\">CO2 Emisyonlar\u0131<\/h1>\n<\/div><\/div>\n\n\n\n<div class=\"wp-block-uagb-container uagb-block-e60423d6 alignfull uagb-is-root-container\"><div class=\"uagb-container-inner-blocks-wrap\">\n<h2 class=\"wp-block-heading\">CO2 Emisyonlar\u0131n\u0131n Azalt\u0131lmas\u0131: Taahh\u00fcd\u00fcm\u00fcz<\/h2>\n\n\n\n<p>CO2 emisyonlar\u0131n\u0131n iklim de\u011fi\u015fikli\u011finin \u00f6nde gelen nedenlerinden biri oldu\u011funun fark\u0131nday\u0131z. Bu nedenle \u015firketimiz, t\u00fcm faaliyetlerinde karbon \u00e7\u0131kt\u0131s\u0131n\u0131 \u00f6l\u00e7\u00fclebilir ve s\u00fcrekli olarak azaltmay\u0131 taahh\u00fct etmi\u015ftir.<\/p>\n\n\n\n<h3 class=\"wp-block-heading\">Karbon Ayak \u0130zimizi \u00d6l\u00e7\u00fcyoruz<\/h3>\n\n\n\n<p>CO2 emisyonlar\u0131m\u0131z\u0131 do\u011fru bir \u015fekilde hesaplamak i\u00e7in uluslararas\u0131 standartlar\u0131 ve bilimsel y\u00f6ntemleri kullan\u0131yoruz. Bu, ilerlemeyi izlememize ve ger\u00e7ek\u00e7i iyile\u015ftirme hedefleri belirlememize yard\u0131mc\u0131 oluyor.<\/p>\n\n\n\n<div class=\"wp-block-uagb-image alignleft uagb-block-edb8ae28 wp-block-uagb-image--layout-default wp-block-uagb-image--effect-static wp-block-uagb-image--align-left\"><figure class=\"wp-block-uagb-image__figure\"><img decoding=\"async\" srcset=\"https:\/\/turkishtrade.co\/wp-content\/uploads\/2025\/11\/CO2-Emissions-img.webp ,https:\/\/turkishtrade.co\/wp-content\/uploads\/2025\/11\/CO2-Emissions-img.webp 780w, https:\/\/turkishtrade.co\/wp-content\/uploads\/2025\/11\/CO2-Emissions-img.webp 360w\" sizes=\"auto, (max-width: 480px) 150px\" src=\"https:\/\/turkishtrade.co\/wp-content\/uploads\/2025\/11\/CO2-Emissions-img.webp\" alt=\"co2 emissions img\" class=\"uag-image-1024\" width=\"1000\" height=\"560\" title=\"CO2 emisyonlar\u0131 img\" loading=\"lazy\" role=\"img\"\/><\/figure><\/div>\n\n\n\n<h4 class=\"wp-block-heading\">CO2 \u00c7\u0131kt\u0131m\u0131z\u0131 Nas\u0131l Azalt\u0131yoruz<\/h4>\n\n\n\n<h5 class=\"wp-block-heading has-medium-font-size\">1. Enerji Optimizasyonu<\/h5>\n\n\n\n<p>Verimli makinelerin ve yenilenebilir enerji kaynaklar\u0131n\u0131n kullan\u0131lmas\u0131.<\/p>\n\n\n\n<h5 class=\"wp-block-heading has-medium-font-size\">2. Temiz Ula\u015f\u0131m<\/h5>\n\n\n\n<p>Elektrikli ara\u00e7lar\u0131n te\u015fvik edilmesi, teslimat rotalar\u0131n\u0131n optimize edilmesi ve gereksiz seyahatlerin azalt\u0131lmas\u0131.<\/p>\n\n\n\n<h5 class=\"wp-block-heading has-medium-font-size\">3. Ak\u0131ll\u0131 \u00dcretim<\/h5>\n\n\n\n<p>At\u0131klar\u0131 en aza indirmek, \u00fcretim verimlili\u011fini art\u0131rmak ve \u00e7evre dostu hammaddeler kullanmak.<\/p>\n\n\n\n<h5 class=\"wp-block-heading has-medium-font-size\">4. Geri D\u00f6n\u00fc\u015f\u00fcm Programlar\u0131<\/h5>\n\n\n\n<p>Malzemelerin geri d\u00f6n\u00fc\u015ft\u00fcr\u00fclmesi, yeni kaynaklar\u0131n \u00fcretilmesiyle ili\u015fkili emisyonlar\u0131 \u00f6nemli \u00f6l\u00e7\u00fcde azalt\u0131r.<\/p>\n\n\n\n<h4 class=\"wp-block-heading\">Uzun Vadeli Karbon Hedefleri<\/h4>\n\n\n\n<p>Hedefimiz, daha temiz teknolojiler, s\u00fcrd\u00fcr\u00fclebilir enerji se\u00e7enekleri ve daha ak\u0131ll\u0131 \u00fcretim sistemleri benimseyerek CO2 emisyonlar\u0131nda \u00f6nemli bir azalma sa\u011flamakt\u0131r.<\/p>\n\n\n\n<h4 class=\"wp-block-heading\">S\u00fcrd\u00fcr\u00fclebilirlik Vizyonumuzun Bir Par\u00e7as\u0131<\/h4>\n\n\n\n<p>CO2 emisyonlar\u0131n\u0131n azalt\u0131lmas\u0131 do\u011frudan bizim <a href=\"https:\/\/turkishtrade.co\/sustainability\/green-mission\/\" data-type=\"page\" data-id=\"955\">Ye\u015fil G\u00f6rev<\/a> ve k\u00fcresel \u00f6l\u00e7ekte <a href=\"https:\/\/turkishtrade.co\/sustainability\/\" data-type=\"page\" data-id=\"927\">S\u00fcrd\u00fcr\u00fclebilirlik<\/a> giri\u015fimler.<\/p>\n<\/div><\/div>","protected":false},"excerpt":{"rendered":"<p>CO2 Emissions Reducing CO2 Emissions: Our Commitment We recognize that CO2 emissions are one of the leading causes of climate [&hellip;]<\/p>\n","protected":false},"author":1,"featured_media":0,"parent":927,"menu_order":0,"comment_status":"closed","ping_status":"closed","template":"","meta":{"_acf_changed":false,"_uag_custom_page_level_css":"","site-sidebar-layout":"default","site-content-layout":"","ast-site-content-layout":"default","site-content-style":"default","site-sidebar-style":"default","ast-global-header-display":"","ast-banner-title-visibility":"","ast-main-header-display":"","ast-hfb-above-header-display":"","ast-hfb-below-header-display":"","ast-hfb-mobile-header-display":"","site-post-title":"disabled","ast-breadcrumbs-content":"","ast-featured-img":"","footer-sml-layout":"","ast-disable-related-posts":"","theme-transparent-header-meta":"","adv-header-id-meta":"","stick-header-meta":"","header-above-stick-meta":"","header-main-stick-meta":"","header-below-stick-meta":"","astra-migrate-meta-layouts":"default","ast-page-background-enabled":"default","ast-page-background-meta":{"desktop":{"background-color":"var(--ast-global-color-4)","background-image":"","background-repeat":"repeat","background-position":"center center","background-size":"auto","background-attachment":"scroll","background-type":"","background-media":"","overlay-type":"","overlay-color":"","overlay-opacity":"","overlay-gradient":""},"tablet":{"background-color":"","background-image":"","background-repeat":"repeat","background-position":"center center","background-size":"auto","background-attachment":"scroll","background-type":"","background-media":"","overlay-type":"","overlay-color":"","overlay-opacity":"","overlay-gradient":""},"mobile":{"background-color":"","background-image":"","background-repeat":"repeat","background-position":"center center","background-size":"auto","background-attachment":"scroll","background-type":"","background-media":"","overlay-type":"","overlay-color":"","overlay-opacity":"","overlay-gradient":""}},"ast-content-background-meta":{"desktop":{"background-color":"var(--ast-global-color-5)","background-image":"","background-repeat":"repeat","background-position":"center center","background-size":"auto","background-attachment":"scroll","background-type":"","background-media":"","overlay-type":"","overlay-color":"","overlay-opacity":"","overlay-gradient":""},"tablet":{"background-color":"var(--ast-global-color-5)","background-image":"","background-repeat":"repeat","background-position":"center center","background-size":"auto","background-attachment":"scroll","background-type":"","background-media":"","overlay-type":"","overlay-color":"","overlay-opacity":"","overlay-gradient":""},"mobile":{"background-color":"var(--ast-global-color-5)","background-image":"","background-repeat":"repeat","background-position":"center center","background-size":"auto","background-attachment":"scroll","background-type":"","background-media":"","overlay-type":"","overlay-color":"","overlay-opacity":"","overlay-gradient":""}},"footnotes":""},"class_list":["post-967","page","type-page","status-publish","hentry"],"acf":[],"_hostinger_reach_plugin_has_subscription_block":false,"_hostinger_reach_plugin_is_elementor":false,"uagb_featured_image_src":{"full":false,"thumbnail":false,"medium":false,"medium_large":false,"large":false,"1536x1536":false,"2048x2048":false,"trp-custom-language-flag":false,"woocommerce_thumbnail":false,"woocommerce_single":false,"woocommerce_gallery_thumbnail":false},"uagb_author_info":{"display_name":"\u0628\u0631\u0643\u0627\u062a \u0627\u0644\u064a\u0648\u0633\u0641","author_link":"https:\/\/turkishtrade.co\/tr\/author\/salih-2-1-2003-993gmail-com\/"},"uagb_comment_info":0,"uagb_excerpt":"CO2 Emissions Reducing CO2 Emissions: Our Commitment We recognize that CO2 emissions are one of the leading causes of climate [&hellip;]","_links":{"self":[{"href":"https:\/\/turkishtrade.co\/tr\/wp-json\/wp\/v2\/pages\/967","targetHints":{"allow":["GET"]}}],"collection":[{"href":"https:\/\/turkishtrade.co\/tr\/wp-json\/wp\/v2\/pages"}],"about":[{"href":"https:\/\/turkishtrade.co\/tr\/wp-json\/wp\/v2\/types\/page"}],"author":[{"embeddable":true,"href":"https:\/\/turkishtrade.co\/tr\/wp-json\/wp\/v2\/users\/1"}],"replies":[{"embeddable":true,"href":"https:\/\/turkishtrade.co\/tr\/wp-json\/wp\/v2\/comments?post=967"}],"version-history":[{"count":13,"href":"https:\/\/turkishtrade.co\/tr\/wp-json\/wp\/v2\/pages\/967\/revisions"}],"predecessor-version":[{"id":1140,"href":"https:\/\/turkishtrade.co\/tr\/wp-json\/wp\/v2\/pages\/967\/revisions\/1140"}],"up":[{"embeddable":true,"href":"https:\/\/turkishtrade.co\/tr\/wp-json\/wp\/v2\/pages\/927"}],"wp:attachment":[{"href":"https:\/\/turkishtrade.co\/tr\/wp-json\/wp\/v2\/media?parent=967"}],"curies":[{"name":"wp","href":"https:\/\/api.w.org\/{rel}","templated":true}]}}