{"id":955,"date":"2025-11-15T14:07:00","date_gmt":"2025-11-15T14:07:00","guid":{"rendered":"https:\/\/turkishtrade.co\/?page_id=955"},"modified":"2025-11-29T20:11:37","modified_gmt":"2025-11-29T20:11:37","slug":"green-mission","status":"publish","type":"page","link":"https:\/\/turkishtrade.co\/tr\/sustainability\/green-mission\/","title":{"rendered":"Ye\u015fil G\u00f6rev"},"content":{"rendered":"<div class=\"wp-block-uagb-container uagb-block-dbb76509 alignfull uagb-is-root-container\"><div class=\"uagb-container-inner-blocks-wrap\">\n<h1 class=\"wp-block-heading has-text-align-center has-ast-global-color-5-color has-text-color has-link-color wp-elements-daf10be26753644a79bce8e750d2b53a\">Ye\u015fil G\u00f6rev<\/h1>\n<\/div><\/div>\n\n\n\n<div class=\"wp-block-uagb-container uagb-block-26b6462b alignfull uagb-is-root-container\"><div class=\"uagb-container-inner-blocks-wrap\">\n<h2 class=\"wp-block-heading\"><strong>Ye\u015fil Misyonumuz<\/strong><\/h2>\n\n\n\n<p>Ye\u015fil Misyonumuz, s\u00fcrd\u00fcr\u00fclebilir malzemeler, enerji tasarruflu uygulamalar ve \u00e7evre dostu \u00fcretim y\u00f6ntemleri kullanarak \u00e7evreyi koruma taahh\u00fcd\u00fcm\u00fcz\u00fc yans\u0131tmaktad\u0131r. S\u00fcrekli iyile\u015ftirme ve bilin\u00e7li karar alma yoluyla, toplumumuz ve gezegenimiz i\u00e7in daha ye\u015fil bir gelecek yaratmay\u0131 hedefliyoruz.<\/p>\n\n\n\n<h3 class=\"wp-block-heading\"><strong>\u00c7evre Dostu Malzemeler<\/strong><\/h3>\n\n\n\n<p>\u00dcr\u00fcn kalitesini y\u00fcksek tutarken \u00e7evresel etkiyi azaltmak i\u00e7in geri d\u00f6n\u00fc\u015ft\u00fcr\u00fclebilir, yenilenebilir ve sorumlu bir \u015fekilde tedarik edilen malzemeler kullan\u0131yoruz. Bu yakla\u015f\u0131m uzun vadeli s\u00fcrd\u00fcr\u00fclebilirli\u011fi destekler ve at\u0131klar\u0131 en aza indirir.<\/p>\n\n\n\n<h4 class=\"wp-block-heading\"><strong>Enerji Verimli Operasyonlar<\/strong><\/h4>\n\n\n\n<p>\u00dcretim s\u00fcre\u00e7lerimiz, elektrik t\u00fcketimini ve zararl\u0131 emisyonlar\u0131 azaltmak i\u00e7in tasarlanm\u0131\u015f enerji tasarrufu teknolojilerine dayanmaktad\u0131r. \u0130\u015f ak\u0131\u015f\u0131m\u0131z\u0131 optimize ederek daha temiz ve daha sorumlu bir \u00fcretim sistemine katk\u0131da bulunuyoruz.<\/p>\n\n\n\n<div class=\"wp-block-uagb-image alignleft uagb-block-894d023d wp-block-uagb-image--layout-default wp-block-uagb-image--effect-static wp-block-uagb-image--align-left\"><figure class=\"wp-block-uagb-image__figure\"><img decoding=\"async\" srcset=\"https:\/\/turkishtrade.co\/wp-content\/uploads\/2025\/11\/green-mission-img.webp ,https:\/\/turkishtrade.co\/wp-content\/uploads\/2025\/11\/green-mission-img.webp 780w, https:\/\/turkishtrade.co\/wp-content\/uploads\/2025\/11\/green-mission-img.webp 360w\" sizes=\"auto, (max-width: 480px) 150px\" src=\"https:\/\/turkishtrade.co\/wp-content\/uploads\/2025\/11\/green-mission-img.webp\" alt=\"Green Mission sustainable green mission practices\" class=\"uag-image-1009\" width=\"1000\" height=\"667\" title=\"ye\u015fil g\u00f6rev img\" loading=\"lazy\" role=\"img\"\/><\/figure><\/div>\n\n\n\n<h4 class=\"wp-block-heading\"><strong>S\u0131f\u0131r At\u0131k Taahh\u00fcd\u00fc<\/strong><\/h4>\n\n\n\n<p>\u201cDaha Az At\u0131k, Daha \u00c7ok Yeniden Kullan\u0131m\u201d ilkesini takip ediyoruz. M\u00fcmk\u00fcn olan her durumda malzemeler yeniden kullan\u0131l\u0131r, yeniden kullan\u0131l\u0131r veya geri d\u00f6n\u00fc\u015ft\u00fcr\u00fcl\u00fcr. Bu, \u00e7\u00f6p sahalar\u0131na g\u00f6nderilen at\u0131k miktar\u0131n\u0131 azaltmam\u0131za yard\u0131mc\u0131 olur ve d\u00f6ng\u00fcsel bir ekonomiyi destekler.<\/p>\n\n\n\n<h4 class=\"wp-block-heading\"><strong>Ye\u015fil Fark\u0131ndal\u0131k ve E\u011fitim<\/strong><\/h4>\n\n\n\n<p>\u00c7evresel de\u011fi\u015fimin fark\u0131ndal\u0131kla ba\u015flad\u0131\u011f\u0131na inan\u0131yoruz. Bu nedenle ekibimizi, m\u00fc\u015fterilerimizi ve ortaklar\u0131m\u0131z\u0131 s\u00fcrd\u00fcr\u00fclebilir uygulamalar ve \u00e7evre dostu al\u0131\u015fkanl\u0131klar edinmenin \u00f6nemi konusunda aktif olarak e\u011fitiyoruz.<\/p>\n\n\n\n<h4 class=\"wp-block-heading\"><strong>S\u00fcrd\u00fcr\u00fclebilirlik Program\u0131m\u0131z\u0131n Bir Par\u00e7as\u0131<\/strong><\/h4>\n\n\n\n<p>Ye\u015fil Misyonumuz, daha geni\u015f kapsaml\u0131 S\u00fcrd\u00fcr\u00fclebilirlik Stratejimiz kapsam\u0131nda faaliyet g\u00f6stermekte ve CO\u2082 emisyonlar\u0131n\u0131n azalt\u0131lmas\u0131na, kaynak verimlili\u011finin art\u0131r\u0131lmas\u0131na ve uzun vadeli \u00e7evre sa\u011fl\u0131\u011f\u0131n\u0131n desteklenmesine do\u011frudan katk\u0131da bulunmaktad\u0131r.<\/p>\n<\/div><\/div>\n\n\n\n<p><strong>Hakk\u0131m\u0131zda daha fazla bilgi edinin <a href=\"https:\/\/turkishtrade.co\/sustainability\/\" data-type=\"page\" data-id=\"927\">S\u00fcrd\u00fcr\u00fclebilirlik<\/a> Strateji<\/strong> <\/p>\n\n\n\n<p>K\u00fcresel s\u00fcrd\u00fcr\u00fclebilirlik standartlar\u0131 hakk\u0131nda daha fazla bilgi i\u00e7in \u015fu adresi ziyaret edin: <a href=\"https:\/\/www.un.org\/sustainabledevelopment\/\" target=\"_blank\" rel=\"noreferrer noopener nofollow\">https:\/\/www.un.org\/sustainabledevelopment\/<\/a><\/p>\n\n\n\n<p><\/p>","protected":false},"excerpt":{"rendered":"<p>Green Mission Our Green Mission Our Green Mission reflects our commitment to protecting the environment by using sustainable materials, energy-efficient [&hellip;]<\/p>\n","protected":false},"author":1,"featured_media":0,"parent":927,"menu_order":0,"comment_status":"closed","ping_status":"closed","template":"","meta":{"_acf_changed":false,"_uag_custom_page_level_css":"","site-sidebar-layout":"default","site-content-layout":"","ast-site-content-layout":"default","site-content-style":"default","site-sidebar-style":"default","ast-global-header-display":"","ast-banner-title-visibility":"","ast-main-header-display":"","ast-hfb-above-header-display":"","ast-hfb-below-header-display":"","ast-hfb-mobile-header-display":"","site-post-title":"disabled","ast-breadcrumbs-content":"","ast-featured-img":"","footer-sml-layout":"","ast-disable-related-posts":"","theme-transparent-header-meta":"","adv-header-id-meta":"","stick-header-meta":"","header-above-stick-meta":"","header-main-stick-meta":"","header-below-stick-meta":"","astra-migrate-meta-layouts":"default","ast-page-background-enabled":"default","ast-page-background-meta":{"desktop":{"background-color":"var(--ast-global-color-4)","background-image":"","background-repeat":"repeat","background-position":"center center","background-size":"auto","background-attachment":"scroll","background-type":"","background-media":"","overlay-type":"","overlay-color":"","overlay-opacity":"","overlay-gradient":""},"tablet":{"background-color":"","background-image":"","background-repeat":"repeat","background-position":"center center","background-size":"auto","background-attachment":"scroll","background-type":"","background-media":"","overlay-type":"","overlay-color":"","overlay-opacity":"","overlay-gradient":""},"mobile":{"background-color":"","background-image":"","background-repeat":"repeat","background-position":"center center","background-size":"auto","background-attachment":"scroll","background-type":"","background-media":"","overlay-type":"","overlay-color":"","overlay-opacity":"","overlay-gradient":""}},"ast-content-background-meta":{"desktop":{"background-color":"var(--ast-global-color-5)","background-image":"","background-repeat":"repeat","background-position":"center center","background-size":"auto","background-attachment":"scroll","background-type":"","background-media":"","overlay-type":"","overlay-color":"","overlay-opacity":"","overlay-gradient":""},"tablet":{"background-color":"var(--ast-global-color-5)","background-image":"","background-repeat":"repeat","background-position":"center center","background-size":"auto","background-attachment":"scroll","background-type":"","background-media":"","overlay-type":"","overlay-color":"","overlay-opacity":"","overlay-gradient":""},"mobile":{"background-color":"var(--ast-global-color-5)","background-image":"","background-repeat":"repeat","background-position":"center center","background-size":"auto","background-attachment":"scroll","background-type":"","background-media":"","overlay-type":"","overlay-color":"","overlay-opacity":"","overlay-gradient":""}},"footnotes":""},"class_list":["post-955","page","type-page","status-publish","hentry"],"acf":[],"_hostinger_reach_plugin_has_subscription_block":false,"_hostinger_reach_plugin_is_elementor":false,"uagb_featured_image_src":{"full":false,"thumbnail":false,"medium":false,"medium_large":false,"large":false,"1536x1536":false,"2048x2048":false,"trp-custom-language-flag":false,"woocommerce_thumbnail":false,"woocommerce_single":false,"woocommerce_gallery_thumbnail":false},"uagb_author_info":{"display_name":"\u0628\u0631\u0643\u0627\u062a \u0627\u0644\u064a\u0648\u0633\u0641","author_link":"https:\/\/turkishtrade.co\/tr\/author\/salih-2-1-2003-993gmail-com\/"},"uagb_comment_info":0,"uagb_excerpt":"Green Mission Our Green Mission Our Green Mission reflects our commitment to protecting the environment by using sustainable materials, energy-efficient [&hellip;]","_links":{"self":[{"href":"https:\/\/turkishtrade.co\/tr\/wp-json\/wp\/v2\/pages\/955","targetHints":{"allow":["GET"]}}],"collection":[{"href":"https:\/\/turkishtrade.co\/tr\/wp-json\/wp\/v2\/pages"}],"about":[{"href":"https:\/\/turkishtrade.co\/tr\/wp-json\/wp\/v2\/types\/page"}],"author":[{"embeddable":true,"href":"https:\/\/turkishtrade.co\/tr\/wp-json\/wp\/v2\/users\/1"}],"replies":[{"embeddable":true,"href":"https:\/\/turkishtrade.co\/tr\/wp-json\/wp\/v2\/comments?post=955"}],"version-history":[{"count":10,"href":"https:\/\/turkishtrade.co\/tr\/wp-json\/wp\/v2\/pages\/955\/revisions"}],"predecessor-version":[{"id":1139,"href":"https:\/\/turkishtrade.co\/tr\/wp-json\/wp\/v2\/pages\/955\/revisions\/1139"}],"up":[{"embeddable":true,"href":"https:\/\/turkishtrade.co\/tr\/wp-json\/wp\/v2\/pages\/927"}],"wp:attachment":[{"href":"https:\/\/turkishtrade.co\/tr\/wp-json\/wp\/v2\/media?parent=955"}],"curies":[{"name":"wp","href":"https:\/\/api.w.org\/{rel}","templated":true}]}}