{"id":927,"date":"2025-11-15T12:48:35","date_gmt":"2025-11-15T12:48:35","guid":{"rendered":"https:\/\/turkishtrade.co\/?page_id=927"},"modified":"2025-11-15T19:32:41","modified_gmt":"2025-11-15T19:32:41","slug":"sustainability","status":"publish","type":"page","link":"https:\/\/turkishtrade.co\/tr\/sustainability\/","title":{"rendered":"S\u00fcrd\u00fcr\u00fclebilirlik"},"content":{"rendered":"<div class=\"wp-block-uagb-container uagb-block-2bc4dc5c alignfull uagb-is-root-container\"><div class=\"uagb-container-inner-blocks-wrap\">\n<div class=\"wp-block-uagb-advanced-heading uagb-block-ea348862\"><h1 class=\"uagb-heading-text\">S\u00fcrd\u00fcr\u00fclebilirlik<\/h1><\/div>\n<\/div><\/div>\n\n\n\n<div class=\"wp-block-uagb-container uagb-block-d99d9cd1 alignfull uagb-is-root-container\"><div class=\"uagb-container-inner-blocks-wrap\">\n<h2 class=\"wp-block-heading\" style=\"font-size:40px\">S\u00fcrd\u00fcr\u00fclebilirlik Bizim \u0130\u00e7in Ne \u0130fade Ediyor?<\/h2>\n\n\n\n<p>\u015eirketimizde s\u00fcrd\u00fcr\u00fclebilirlik bir politikadan daha fazlas\u0131d\u0131r - gezegenimizi koruyan, topluluklar\u0131 destekleyen ve gelecek nesiller i\u00e7in daha iyi bir gelecek sa\u011flayan sorumlu se\u00e7imler yapmaya y\u00f6nelik uzun vadeli bir taahh\u00fctt\u00fcr. Ger\u00e7ek ilerlemenin inovasyon ile \u00e7evresel sorumlulu\u011fu dengelemekten ge\u00e7ti\u011fine inan\u0131yoruz.<\/p>\n\n\n\n<h2 class=\"wp-block-heading\" style=\"font-size:40px\">S\u00fcrd\u00fcr\u00fclebilir Gelecek Vizyonumuz<\/h2>\n\n\n\n<p>At\u0131klar\u0131 azaltacak, do\u011fal kaynaklar\u0131 koruyacak ve \u00e7evresel etkileri en aza indirecek \u015fekilde faaliyet g\u00f6stermeyi hedefliyoruz. \u00c7evre dostu malzemeleri entegre ederek, \u00fcretim s\u00fcre\u00e7lerini iyile\u015ftirerek ve bilin\u00e7li t\u00fcketimi te\u015fvik ederek daha temiz ve daha verimli bir d\u00fcnya i\u00e7in \u00e7al\u0131\u015f\u0131yoruz.<\/p>\n<\/div><\/div>\n\n\n\n<div class=\"wp-block-uagb-container uagb-block-5959d039 alignfull uagb-is-root-container\"><div class=\"uagb-container-inner-blocks-wrap\">\n<div class=\"wp-block-uagb-container uagb-block-19152043\">\n<div class=\"wp-block-uagb-image uagb-block-4aa350b0 wp-block-uagb-image--layout-default wp-block-uagb-image--effect-static wp-block-uagb-image--align-none\"><figure class=\"wp-block-uagb-image__figure\"><img decoding=\"async\" srcset=\"https:\/\/turkishtrade.co\/wp-content\/uploads\/2025\/11\/sustainability-img-1-1024x683.webp ,https:\/\/turkishtrade.co\/wp-content\/uploads\/2025\/11\/sustainability-img-1.webp 780w, https:\/\/turkishtrade.co\/wp-content\/uploads\/2025\/11\/sustainability-img-1.webp 360w\" sizes=\"auto, (max-width: 480px) 150px\" src=\"https:\/\/turkishtrade.co\/wp-content\/uploads\/2025\/11\/sustainability-img-1-1024x683.webp\" alt=\"sustainability img\" class=\"uag-image-938\" width=\"1536\" height=\"1024\" title=\"s\u00fcrd\u00fcr\u00fclebilirlik img\" loading=\"lazy\" role=\"img\"\/><\/figure><\/div>\n<\/div>\n\n\n\n<div class=\"wp-block-uagb-container uagb-block-cba31f59\">\n<h2 class=\"wp-block-heading\" style=\"font-size:35px\">S\u00fcrd\u00fcr\u00fclebilirlik Stratejimizin Temel Direkleri<\/h2>\n\n\n\n<h3 class=\"wp-block-heading\" style=\"font-size:25px\">1. \u00c7evresel Sorumluluk<\/h3>\n\n\n\n<p>Kirlili\u011fi azaltan, enerji tasarrufu sa\u011flayan ve biyo\u00e7e\u015fitlili\u011fi destekleyen \u00e7\u00f6z\u00fcmleri aktif olarak geli\u015ftiriyoruz.<\/p>\n\n\n\n<h3 class=\"wp-block-heading\" style=\"font-size:25px\">2. Etik \u00dcretim<\/h3>\n\n\n\n<p>T\u00fcm operasyonlar\u0131m\u0131z\u0131n adil \u00e7al\u0131\u015fma standartlar\u0131na, g\u00fcvenli \u00fcretim uygulamalar\u0131na ve \u015feffaf tedarik zincirlerine uygun olmas\u0131n\u0131 sa\u011fl\u0131yoruz.<\/p>\n\n\n\n<h3 class=\"wp-block-heading\" style=\"font-size:25px\">3. \u0130klim Eylemi<\/h3>\n\n\n\n<p>Karbon ayak izinin azalt\u0131lmas\u0131, devam eden \u00f6l\u00e7\u00fcm ve iyile\u015ftirme programlar\u0131yla desteklenen en \u00f6nemli \u00f6nceliklerimizden biridir.<\/p>\n\n\n\n<h3 class=\"wp-block-heading\" style=\"font-size:25px\">4. Topluluk Kat\u0131l\u0131m\u0131<\/h3>\n\n\n\n<p>Fark\u0131ndal\u0131k programlar\u0131na, s\u00fcrd\u00fcr\u00fclebilirlik e\u011fitimine ve topluluk ortakl\u0131klar\u0131na yat\u0131r\u0131m yap\u0131yoruz.<\/p>\n<\/div>\n<\/div><\/div>\n\n\n\n<div class=\"wp-block-uagb-container uagb-block-daf2f44b alignfull uagb-is-root-container\"><div class=\"uagb-container-inner-blocks-wrap\">\n<h2 class=\"wp-block-heading has-ast-global-color-5-color has-text-color has-link-color wp-elements-09dc09e8ece30959b28348550e2456fc\" style=\"font-size:35px\">Etkimizi Nas\u0131l \u00d6l\u00e7\u00fcyoruz<\/h2>\n\n\n\n<p class=\"has-ast-global-color-5-color has-text-color has-link-color wp-elements-dfb7ca756fdfd7271dc5b4bd730bf99a\">At\u0131k azaltma, enerji verimlili\u011fi ve emisyon kontrol\u00fc alanlar\u0131ndaki ba\u015far\u0131lar\u0131m\u0131z\u0131 s\u00fcrekli olarak takip ediyoruz. Bu raporlar, geli\u015ftirebilece\u011fimiz ve yenilik yapabilece\u011fimiz alanlar\u0131 belirlememize yard\u0131mc\u0131 oluyor.<\/p>\n\n\n\n<h2 class=\"wp-block-heading has-ast-global-color-5-color has-text-color has-link-color wp-elements-2fe79ea680e8170e8f96b0403420f34e\" style=\"font-size:30px\">Daha Fazla Bilgi<\/h2>\n\n\n\n<p class=\"has-ast-global-color-5-color has-text-color has-link-color wp-elements-7f4b8139b4d37e7b59113dd1266ac84c\">\u00c7evresel giri\u015fimlerimiz hakk\u0131nda daha fazlas\u0131n\u0131 ke\u015ffetmek i\u00e7in:<\/p>\n\n\n\n<ul class=\"wp-block-list\">\n<li class=\"has-ast-global-color-5-color has-text-color has-link-color wp-elements-48a31318921a6cfbe145bd0150d3c709\">Bizi ziyaret edin <strong><a href=\"https:\/\/turkishtrade.co\/sustainability\/green-mission\/\" data-type=\"page\" data-id=\"955\">Ye\u015fil G\u00f6rev<\/a><\/strong> Sayfa<\/li>\n\n\n\n<li class=\"has-ast-global-color-5-color has-text-color has-link-color wp-elements-4eed89d05f6e17762fbb3fcfb30ee179\">Nas\u0131l azaltt\u0131\u011f\u0131m\u0131z\u0131 \u00f6\u011frenin <strong><a href=\"https:\/\/turkishtrade.co\/sustainability\/co2-emissions\/\" data-type=\"page\" data-id=\"967\">CO2 Emisyonlar\u0131<\/a><\/strong><\/li>\n<\/ul>\n<\/div><\/div>","protected":false},"excerpt":{"rendered":"<p>Sustainability What Sustainability Means to Us At our company, sustainability is more than a policy \u2014 it is a long-term [&hellip;]<\/p>\n","protected":false},"author":1,"featured_media":0,"parent":0,"menu_order":0,"comment_status":"closed","ping_status":"closed","template":"","meta":{"_acf_changed":false,"_uag_custom_page_level_css":"","site-sidebar-layout":"default","site-content-layout":"","ast-site-content-layout":"default","site-content-style":"default","site-sidebar-style":"default","ast-global-header-display":"","ast-banner-title-visibility":"","ast-main-header-display":"","ast-hfb-above-header-display":"","ast-hfb-below-header-display":"","ast-hfb-mobile-header-display":"","site-post-title":"disabled","ast-breadcrumbs-content":"","ast-featured-img":"","footer-sml-layout":"","ast-disable-related-posts":"","theme-transparent-header-meta":"","adv-header-id-meta":"","stick-header-meta":"","header-above-stick-meta":"","header-main-stick-meta":"","header-below-stick-meta":"","astra-migrate-meta-layouts":"default","ast-page-background-enabled":"default","ast-page-background-meta":{"desktop":{"background-color":"var(--ast-global-color-4)","background-image":"","background-repeat":"repeat","background-position":"center center","background-size":"auto","background-attachment":"scroll","background-type":"","background-media":"","overlay-type":"","overlay-color":"","overlay-opacity":"","overlay-gradient":""},"tablet":{"background-color":"","background-image":"","background-repeat":"repeat","background-position":"center center","background-size":"auto","background-attachment":"scroll","background-type":"","background-media":"","overlay-type":"","overlay-color":"","overlay-opacity":"","overlay-gradient":""},"mobile":{"background-color":"","background-image":"","background-repeat":"repeat","background-position":"center center","background-size":"auto","background-attachment":"scroll","background-type":"","background-media":"","overlay-type":"","overlay-color":"","overlay-opacity":"","overlay-gradient":""}},"ast-content-background-meta":{"desktop":{"background-color":"var(--ast-global-color-5)","background-image":"","background-repeat":"repeat","background-position":"center center","background-size":"auto","background-attachment":"scroll","background-type":"","background-media":"","overlay-type":"","overlay-color":"","overlay-opacity":"","overlay-gradient":""},"tablet":{"background-color":"var(--ast-global-color-5)","background-image":"","background-repeat":"repeat","background-position":"center center","background-size":"auto","background-attachment":"scroll","background-type":"","background-media":"","overlay-type":"","overlay-color":"","overlay-opacity":"","overlay-gradient":""},"mobile":{"background-color":"var(--ast-global-color-5)","background-image":"","background-repeat":"repeat","background-position":"center center","background-size":"auto","background-attachment":"scroll","background-type":"","background-media":"","overlay-type":"","overlay-color":"","overlay-opacity":"","overlay-gradient":""}},"footnotes":""},"class_list":["post-927","page","type-page","status-publish","hentry"],"acf":[],"_hostinger_reach_plugin_has_subscription_block":false,"_hostinger_reach_plugin_is_elementor":false,"uagb_featured_image_src":{"full":false,"thumbnail":false,"medium":false,"medium_large":false,"large":false,"1536x1536":false,"2048x2048":false,"trp-custom-language-flag":false,"woocommerce_thumbnail":false,"woocommerce_single":false,"woocommerce_gallery_thumbnail":false},"uagb_author_info":{"display_name":"\u0628\u0631\u0643\u0627\u062a \u0627\u0644\u064a\u0648\u0633\u0641","author_link":"https:\/\/turkishtrade.co\/tr\/author\/salih-2-1-2003-993gmail-com\/"},"uagb_comment_info":0,"uagb_excerpt":"Sustainability What Sustainability Means to Us At our company, sustainability is more than a policy \u2014 it is a long-term [&hellip;]","_links":{"self":[{"href":"https:\/\/turkishtrade.co\/tr\/wp-json\/wp\/v2\/pages\/927","targetHints":{"allow":["GET"]}}],"collection":[{"href":"https:\/\/turkishtrade.co\/tr\/wp-json\/wp\/v2\/pages"}],"about":[{"href":"https:\/\/turkishtrade.co\/tr\/wp-json\/wp\/v2\/types\/page"}],"author":[{"embeddable":true,"href":"https:\/\/turkishtrade.co\/tr\/wp-json\/wp\/v2\/users\/1"}],"replies":[{"embeddable":true,"href":"https:\/\/turkishtrade.co\/tr\/wp-json\/wp\/v2\/comments?post=927"}],"version-history":[{"count":16,"href":"https:\/\/turkishtrade.co\/tr\/wp-json\/wp\/v2\/pages\/927\/revisions"}],"predecessor-version":[{"id":1022,"href":"https:\/\/turkishtrade.co\/tr\/wp-json\/wp\/v2\/pages\/927\/revisions\/1022"}],"wp:attachment":[{"href":"https:\/\/turkishtrade.co\/tr\/wp-json\/wp\/v2\/media?parent=927"}],"curies":[{"name":"wp","href":"https:\/\/api.w.org\/{rel}","templated":true}]}}