{"id":485,"date":"2025-11-01T14:41:19","date_gmt":"2025-11-01T14:41:19","guid":{"rendered":"https:\/\/turkishtrade.co\/about-us\/"},"modified":"2026-03-28T16:01:50","modified_gmt":"2026-03-28T16:01:50","slug":"about-us","status":"publish","type":"page","link":"https:\/\/turkishtrade.co\/tr\/about-us\/","title":{"rendered":"Hakk\u0131m\u0131zda"},"content":{"rendered":"<div class=\"wp-block-uagb-container uagb-block-bea5283e alignfull uagb-is-root-container\"><div class=\"uagb-container-inner-blocks-wrap\">\n<div class=\"wp-block-uagb-advanced-heading uagb-block-fc6aaff1\"><h1 class=\"uagb-heading-text\">Hakk\u0131m\u0131zda<\/h1><\/div>\n<\/div><\/div>\n\n\n\n<div class=\"wp-block-uagb-container uagb-block-29842745 alignfull uagb-is-root-container\"><div class=\"uagb-container-inner-blocks-wrap\">\n<div class=\"wp-block-uagb-info-box uagb-block-2554c78b uagb-infobox__content-wrap  uagb-infobox-icon-above-title uagb-infobox-image-valign-top\"><div class=\"uagb-ifb-content\"><div class=\"uagb-ifb-title-wrap\"><h2 class=\"uagb-ifb-title\">Turkish Trade Hakk\u0131nda<\/h2><\/div><\/div><\/div>\n\n\n\n<div class=\"wp-block-uagb-separator uagb-block-c1f8b284\"><div class=\"uagb-separator-spacing-wrapper\"><div class=\"wp-block-uagb-separator__inner\" style=\"--my-background-image:\"><\/div><\/div><\/div>\n\n\n\n<div class=\"wp-block-uagb-container uagb-block-2bc90d6f\">\n<div class=\"wp-block-uagb-advanced-heading uagb-block-9f1ae72a\"><h5 class=\"uagb-heading-text\">At <strong>Turkish Trade<\/strong>, sadece ayakkab\u0131 \u00fcretmiyoruz - bir stil, kalite ve kimlik ifadesi yarat\u0131yoruz.<br>Yolculu\u011fumuz bir tutkuyla ba\u015flad\u0131 <strong>otantik T\u00fcrk i\u015f\u00e7ili\u011fi<\/strong>,<br>Her diki\u015fin bir adanm\u0131\u015fl\u0131k ve zarafet hikayesi anlatt\u0131\u011f\u0131.<\/h5><\/div>\n\n\n\n<div class=\"wp-block-uagb-info-box uagb-block-71da6051 uagb-infobox__content-wrap  uagb-infobox-icon-above-title uagb-infobox-image-valign-top\"><div class=\"uagb-ifb-content\"><div class=\"uagb-ifb-title-wrap\"><\/div><p class=\"uagb-ifb-desc\">\u00dcretmekten gurur duyuyoruz <strong>l\u00fcks T\u00fcrk ayakkab\u0131s\u0131<\/strong> geleneksel teknikleri birle\u015ftiren<br>aras\u0131nda m\u00fckemmel bir denge sa\u011flamak i\u00e7in modern tasar\u0131mla <strong>konfor ve sofi\u0307sti\u0307kli\u0307k<\/strong>.<br>Her bir \u00e7ift \u00f6zenle el i\u015f\u00e7ili\u011fi ile \u00fcretilmi\u015ftir. <strong>birinci s\u0131n\u0131f do\u011fal deri<\/strong>,<br>T\u00fcrkiye'nin zengin miras\u0131n\u0131 ve sanat\u0131n\u0131 yans\u0131t\u0131yor.<br>Misyonumuz \u00e7ok basit - T\u00fcrkiye'ye <strong>T\u00fcrk m\u00fckemmelli\u011fi<\/strong> d\u00fcnyaya.<br>Yerel at\u00f6lyelerden k\u00fcresel kap\u0131 e\u015fiklerine,<br>Her m\u00fc\u015fterimizin, d\u00fcnyan\u0131n en g\u00fczel <strong>el yap\u0131m\u0131 m\u00fckemmellik<\/strong>,<br>sevgi, hassasiyet ve zamans\u0131z bir tarzla haz\u0131rlanm\u0131\u015ft\u0131r.<\/p><\/div><\/div>\n<\/div>\n<\/div><\/div>\n\n\n\n<div class=\"wp-block-uagb-container uagb-block-03daffa8 alignfull uagb-is-root-container\"><div class=\"uagb-container-inner-blocks-wrap\">\n<div class=\"wp-block-uagb-info-box uagb-block-3625f0bd uagb-infobox__content-wrap  uagb-infobox-icon-above-title uagb-infobox-image-valign-top\"><div class=\"uagb-ifb-content\"><div class=\"uagb-ifb-title-wrap\"><h3 class=\"uagb-ifb-title\">Vizyonumuz<\/h3><\/div><p class=\"uagb-ifb-desc\"><strong>Turkish Trade<\/strong> biri olmay\u0131 hedeflemektedir. <strong>T\u00fcrk moda end\u00fcstrisinin \u00f6nde gelen isimleri<\/strong> ve bir <strong>d\u00fcnya \u00e7ap\u0131nda sayg\u0131n marka<\/strong> m\u00fckemmelli\u011fini temsil eden <strong>T\u00fcrk mal\u0131 modas\u0131<\/strong>.<br>De\u011ferleri taraf\u0131ndan y\u00f6nlendirilen <strong>s\u00fcrd\u00fcr\u00fclebi\u0307li\u0307rli\u0307k, yeni\u0307li\u0307k\u00e7i\u0307li\u0307k ve yaraticilik<\/strong>, hedefimiz <strong>k\u00fcresel moda trendlerini \u015fekillendiriyor<\/strong> ve gelece\u011fin stillerini tan\u0131mlar.<br>Sadece birinci s\u0131n\u0131f T\u00fcrk \u00fcr\u00fcnleri tedarik\u00e7isi de\u011fil, ayn\u0131 zamanda bir <strong>g\u00fcvenilir i\u015f orta\u011f\u0131<\/strong> pazar de\u011fi\u015fikliklerine h\u0131zl\u0131 bir \u015fekilde adapte olan <strong>\u00e7\u00f6z\u00fcm odakli yakla\u015fim<\/strong>.<br>Bizim nihai hedefimiz <strong>Turkish Trade<\/strong> a <strong>d\u00fcnya \u00e7ap\u0131nda tan\u0131nan marka<\/strong> bilinen <strong>y\u00fcksek kalite, modern tasar\u0131m ve m\u00fc\u015fteri odakl\u0131 bir felsefe<\/strong>.<\/p><\/div><\/div>\n<\/div><\/div>\n\n\n\n<div class=\"wp-block-uagb-container uagb-block-4ad07b0b alignfull uagb-is-root-container\"><div class=\"uagb-container-inner-blocks-wrap\">\n<div class=\"wp-block-uagb-container uagb-block-dde14a08\">\n<div class=\"wp-block-uagb-advanced-heading uagb-block-819b66ad\"><h4 class=\"uagb-heading-text\">Misyonumuz<br><\/h4><\/div>\n<\/div>\n\n\n\n<div class=\"wp-block-uagb-container uagb-block-9276b384\">\n<div class=\"wp-block-uagb-info-box uagb-block-d2c339f6 uagb-infobox__content-wrap  uagb-infobox-icon-above-title uagb-infobox-image-valign-top\"><div class=\"uagb-ifb-content\"><div class=\"uagb-ifb-title-wrap\"><p class=\"uagb-ifb-title\">Daha fazlas\u0131 ile <strong>16 y\u0131ll\u0131k deneyim<\/strong>, <strong>Turkish Trade<\/strong> lider bir \u015firkettir. <strong>T\u00fcrk modas\u0131n\u0131n g\u00fcc\u00fc, yarat\u0131c\u0131l\u0131\u011f\u0131 ve zanaatk\u00e2rl\u0131\u011f\u0131<\/strong> K\u00fcresel pazara.<br>M\u00fc\u015fterilerimize \u015funlar\u0131 sa\u011flamay\u0131 hedefliyoruz <strong>y\u00fcksek kaliteli T\u00fcrk ayakkab\u0131 ve giysileri<\/strong> rekabet\u00e7i fiyatlarla ve g\u00fcvenilir hizmetle.<br>Marka olarak her zaman \u00f6nceliklerimiz <strong>m\u00fc\u015fteri\u0307 memnuni\u0307yeti\u0307<\/strong>, uymak <strong>eti\u0307k i\u0307\u015f uygulamalari<\/strong>, ve kucakla <strong>s\u00fcrekli\u0307 i\u0307novasyon<\/strong>.<br>G\u00fc\u00e7l\u00fc uluslararas\u0131 ortakl\u0131klar kurarak <strong>T\u00fcrk Modas\u0131<\/strong> d\u00fcnya \u00e7ap\u0131nda tan\u0131n\u0131r, g\u00fcvenilir ve tercih edilir.<\/p><\/div><\/div><\/div>\n<\/div>\n\n\n\n<div class=\"wp-block-uagb-separator uagb-block-5f83295c\"><div class=\"wp-block-uagb-separator__inner\" style=\"--my-background-image:\"><\/div><\/div>\n<\/div><\/div>\n\n\n\n<div class=\"wp-block-uagb-container uagb-block-ccc4e980 alignfull uagb-is-root-container\"><div class=\"uagb-container-inner-blocks-wrap\">\n<div class=\"wp-block-uagb-container uagb-block-9aa8d9e0\">\n<div class=\"wp-block-uagb-info-box uagb-block-d1091790 uagb-infobox__content-wrap  uagb-infobox-icon-above-title uagb-infobox-image-valign-top\"><div class=\"uagb-ifb-content\"><div class=\"uagb-ifb-title-wrap\"><h6 class=\"uagb-ifb-title-prefix\"><strong>\u015e\u0131kl\u0131\u011fa ad\u0131m at\u0131n - <\/strong><\/h6><h2 class=\"uagb-ifb-title\"><strong>T\u00fcrk i\u015f\u00e7ili\u011fini en iyi \u015fekilde ke\u015ffedin.<\/strong><\/h2><\/div><p class=\"uagb-ifb-desc\">Bizim ke\u015ffedin <strong>l\u00fcks el yap\u0131m\u0131 ayakkab\u0131lar<\/strong> i\u015flenmi\u015f <strong>birinci s\u0131n\u0131f hakiki deri<\/strong>,<br>nerede <strong>konfor zamansiz sti\u0307lle bulu\u015fuyor<\/strong>.<br>\u015eimdi al\u0131\u015fveri\u015f yap\u0131n ve ger\u00e7ek \u00f6z\u00fcn\u00fc deneyimleyin <strong>T\u00fcrk kalitesi<\/strong> ve <strong>k\u00fcresel sofistikasyon<\/strong>.<\/p><\/div><\/div>\n\n\n\n<div class=\"wp-block-uagb-buttons uagb-buttons__outer-wrap uagb-btn__default-btn uagb-btn-tablet__default-btn uagb-btn-mobile__default-btn uagb-block-181e40e0\"><div class=\"uagb-buttons__wrap uagb-buttons-layout-wrap\">\n<div class=\"wp-block-uagb-buttons-child uagb-buttons__outer-wrap uagb-block-4687be33 wp-block-button\"><div class=\"uagb-button__wrapper\"><a class=\"uagb-buttons-repeater wp-block-button__link\" aria-label=\"\" href=\"https:\/\/turkishtrade.co\/shop\/\" rel=\"follow noopener\" target=\"_self\" role=\"button\"><div class=\"uagb-button__link\">\u015eimdi Al\u0131\u015fveri\u015f Yap\u0131n<\/div><\/a><\/div><\/div>\n<\/div><\/div>\n<\/div>\n<\/div><\/div>","protected":false},"excerpt":{"rendered":"<p>About Us At Turkish Trade, we don\u2019t just make shoes \u2014 we create a statement of style, quality, and identity.Our [&hellip;]<\/p>\n","protected":false},"author":1,"featured_media":0,"parent":0,"menu_order":0,"comment_status":"closed","ping_status":"closed","template":"","meta":{"_acf_changed":false,"_uag_custom_page_level_css":"","site-sidebar-layout":"default","site-content-layout":"","ast-site-content-layout":"default","site-content-style":"default","site-sidebar-style":"default","ast-global-header-display":"","ast-banner-title-visibility":"","ast-main-header-display":"","ast-hfb-above-header-display":"","ast-hfb-below-header-display":"","ast-hfb-mobile-header-display":"","site-post-title":"disabled","ast-breadcrumbs-content":"","ast-featured-img":"","footer-sml-layout":"","ast-disable-related-posts":"","theme-transparent-header-meta":"enabled","adv-header-id-meta":"","stick-header-meta":"","header-above-stick-meta":"","header-main-stick-meta":"","header-below-stick-meta":"","astra-migrate-meta-layouts":"default","ast-page-background-enabled":"default","ast-page-background-meta":{"desktop":{"background-color":"var(--ast-global-color-4)","background-image":"","background-repeat":"repeat","background-position":"center center","background-size":"auto","background-attachment":"scroll","background-type":"","background-media":"","overlay-type":"","overlay-color":"","overlay-opacity":"","overlay-gradient":""},"tablet":{"background-color":"","background-image":"","background-repeat":"repeat","background-position":"center center","background-size":"auto","background-attachment":"scroll","background-type":"","background-media":"","overlay-type":"","overlay-color":"","overlay-opacity":"","overlay-gradient":""},"mobile":{"background-color":"","background-image":"","background-repeat":"repeat","background-position":"center center","background-size":"auto","background-attachment":"scroll","background-type":"","background-media":"","overlay-type":"","overlay-color":"","overlay-opacity":"","overlay-gradient":""}},"ast-content-background-meta":{"desktop":{"background-color":"var(--ast-global-color-5)","background-image":"","background-repeat":"repeat","background-position":"center center","background-size":"auto","background-attachment":"scroll","background-type":"","background-media":"","overlay-type":"","overlay-color":"","overlay-opacity":"","overlay-gradient":""},"tablet":{"background-color":"var(--ast-global-color-5)","background-image":"","background-repeat":"repeat","background-position":"center center","background-size":"auto","background-attachment":"scroll","background-type":"","background-media":"","overlay-type":"","overlay-color":"","overlay-opacity":"","overlay-gradient":""},"mobile":{"background-color":"var(--ast-global-color-5)","background-image":"","background-repeat":"repeat","background-position":"center center","background-size":"auto","background-attachment":"scroll","background-type":"","background-media":"","overlay-type":"","overlay-color":"","overlay-opacity":"","overlay-gradient":""}},"footnotes":""},"class_list":["post-485","page","type-page","status-publish","hentry"],"acf":[],"_hostinger_reach_plugin_has_subscription_block":false,"_hostinger_reach_plugin_is_elementor":false,"uagb_featured_image_src":{"full":false,"thumbnail":false,"medium":false,"medium_large":false,"large":false,"1536x1536":false,"2048x2048":false,"trp-custom-language-flag":false,"woocommerce_thumbnail":false,"woocommerce_single":false,"woocommerce_gallery_thumbnail":false},"uagb_author_info":{"display_name":"\u0628\u0631\u0643\u0627\u062a \u0627\u0644\u064a\u0648\u0633\u0641","author_link":"https:\/\/turkishtrade.co\/tr\/author\/salih-2-1-2003-993gmail-com\/"},"uagb_comment_info":0,"uagb_excerpt":"About Us At Turkish Trade, we don\u2019t just make shoes \u2014 we create a statement of style, quality, and identity.Our [&hellip;]","_links":{"self":[{"href":"https:\/\/turkishtrade.co\/tr\/wp-json\/wp\/v2\/pages\/485","targetHints":{"allow":["GET"]}}],"collection":[{"href":"https:\/\/turkishtrade.co\/tr\/wp-json\/wp\/v2\/pages"}],"about":[{"href":"https:\/\/turkishtrade.co\/tr\/wp-json\/wp\/v2\/types\/page"}],"author":[{"embeddable":true,"href":"https:\/\/turkishtrade.co\/tr\/wp-json\/wp\/v2\/users\/1"}],"replies":[{"embeddable":true,"href":"https:\/\/turkishtrade.co\/tr\/wp-json\/wp\/v2\/comments?post=485"}],"version-history":[{"count":26,"href":"https:\/\/turkishtrade.co\/tr\/wp-json\/wp\/v2\/pages\/485\/revisions"}],"predecessor-version":[{"id":8943,"href":"https:\/\/turkishtrade.co\/tr\/wp-json\/wp\/v2\/pages\/485\/revisions\/8943"}],"wp:attachment":[{"href":"https:\/\/turkishtrade.co\/tr\/wp-json\/wp\/v2\/media?parent=485"}],"curies":[{"name":"wp","href":"https:\/\/api.w.org\/{rel}","templated":true}]}}