{"id":3,"date":"2025-10-31T17:10:46","date_gmt":"2025-10-31T17:10:46","guid":{"rendered":"https:\/\/turkishtrade.co\/?page_id=3"},"modified":"2026-01-28T20:05:43","modified_gmt":"2026-01-28T20:05:43","slug":"privacy-policy","status":"publish","type":"page","link":"https:\/\/turkishtrade.co\/tr\/privacy-policy\/","title":{"rendered":"Gizlilik Politikas\u0131"},"content":{"rendered":"<div class=\"wp-block-uagb-container uagb-block-2bc4dc5c alignfull uagb-is-root-container\"><div class=\"uagb-container-inner-blocks-wrap\">\n<div class=\"wp-block-uagb-advanced-heading uagb-block-ea348862\"><h1 class=\"uagb-heading-text\">G\u0130ZL\u0130L\u0130K POL\u0130T\u0130KASI<\/h1><\/div>\n<\/div><\/div>\n\n\n\n<p><\/p>\n\n\n\n<div class=\"wp-block-uagb-container uagb-block-d99d9cd1 alignfull uagb-is-root-container\"><div class=\"uagb-container-inner-blocks-wrap\">\n<h2 class=\"wp-block-heading\">G\u0130ZL\u0130L\u0130K POL\u0130T\u0130KASI&nbsp;&nbsp;<\/h2>\n\n\n\n<ol start=\"1\" class=\"wp-block-list\">\n<li class=\"has-medium-font-size\" style=\"font-style:normal;font-weight:700\"><strong>VERI\u0307 SORUMLUSU KI\u0307MDI\u0307R\u00a0\u00a0<\/strong><\/li>\n<\/ol>\n\n\n\n<p>Ki\u015fisel verilerinizin veri sorumlusu, merkezi T\u00fcrkiye'de bulunan Bgl Group Tekstil Ltd. \u015firketidir (bundan b\u00f6yle \u201cDijital M\u00fclkler\u201d olarak an\u0131lacakt\u0131r).&nbsp;&nbsp;<\/p>\n\n\n\n<p>Veri Sorumlusu ile yukar\u0131daki adresten yaz\u0131l\u0131 olarak ileti\u015fime ge\u00e7ebilirsiniz.&nbsp;&nbsp;<\/p>\n\n\n\n<p>Bgl Group Textile Ltd, Veri Koruma G\u00f6revlisi ile do\u011frudan info@turkishtrade.co e-posta adresinden veya a\u015fa\u011f\u0131daki adrese yazarak da ileti\u015fime ge\u00e7ebilirsiniz: Veri Koruma Y\u00f6neticisi, Bgl Group Textile Ltd, \u0130ncilip\u0131nar Mahallesi Mehmet Sait El\u00e7i Caddesi Bina No:8 Kap\u0131 No:8 27090 \u015eehitkamil\/Gaziantep\/T\u00fcrkiye&nbsp;&nbsp;<\/p>\n\n\n\n<ol start=\"2\" class=\"wp-block-list\">\n<li class=\"has-medium-font-size\" style=\"font-style:normal;font-weight:700\"><strong>VER\u0130 T\u00dcR\u00dc\u00a0<\/strong>\u00a0<\/li>\n<\/ol>\n\n\n\n<p>Her seferinde kullanmak istedi\u011finiz \u00fcr\u00fcnlere, hizmetlere veya platformun i\u015flevlerine ba\u011fl\u0131 olarak, yukar\u0131da belirtildi\u011fi gibi, di\u011ferlerinden ziyade belirli veriler gerekli olabilir.&nbsp;&nbsp;<\/p>\n\n\n\n<p>Genel olarak, i\u015flenen veriler \u015funlar olabilir:&nbsp;&nbsp;<\/p>\n\n\n\n<ul class=\"wp-block-list\">\n<li>kullan\u0131c\u0131 tan\u0131mlama verileri (\u00f6rne\u011fin ad, soyad, do\u011fum tarihi, dil ve faaliyet g\u00f6sterdi\u011finiz \u00fclke vb;);&nbsp;&nbsp;<\/li>\n<\/ul>\n\n\n\n<ul class=\"wp-block-list\">\n<li>ileti\u015fim verileri (\u00f6rne\u011fin e-posta adresi, telefon numaras\u0131, ev adresi...)&nbsp;&nbsp;<\/li>\n<\/ul>\n\n\n\n<ul class=\"wp-block-list\">\n<li>i\u015flem verileri (\u00f6rne\u011fin, \u00f6deme veya kart bilgileriniz, sat\u0131n al\u0131mlar\u0131n\u0131z, sipari\u015fleriniz, iadeleriniz ile ilgili bilgiler,&nbsp;&nbsp;<\/li>\n<\/ul>\n\n\n\n<p>vb.);&nbsp;&nbsp;<\/p>\n\n\n\n<ul class=\"wp-block-list\">\n<li>ba\u011flant\u0131, co\u011frafi konum ve navigasyon verileri (\u00f6rne\u011fin IP adresi, mobil uygulama, \u00e7erez veya benzer teknolojiler);&nbsp;&nbsp;<\/li>\n<\/ul>\n\n\n\n<ul class=\"wp-block-list\">\n<li>ticari veriler (\u00f6rne\u011fin, sadakat program\u0131 aboneli\u011fi, haber b\u00fclteni aboneli\u011fi), \uf0b7 zevkler ve tercihler verileri.&nbsp;&nbsp;<\/li>\n<\/ul>\n\n\n\n<p>Talep edilen hizmetlere ve\/veya i\u015flevlere ba\u011fl\u0131 olarak, ihtiya\u00e7 duydu\u011funuz hizmet veya \u00fcr\u00fcn\u00fcn sa\u011flanmas\u0131 ya da s\u00f6z konusu i\u015fleve eri\u015febilmeniz i\u00e7in baz\u0131 veriler zorunlu olarak gerekebilir.&nbsp;&nbsp;<\/p>\n\n\n\n<p>Bu nedenle, bu veriler s\u00f6zle\u015fme kapsam\u0131ndaki y\u00fck\u00fcml\u00fcl\u00fcklerimizi do\u011fru bir \u015fekilde yerine getirmek veya y\u00fcr\u00fcrl\u00fckteki yasal veya d\u00fczenleyici h\u00fck\u00fcmlerden kaynaklanan y\u00fck\u00fcml\u00fcl\u00fcklere uymak i\u00e7in gereklidir.&nbsp;&nbsp;<\/p>\n\n\n\n<p>Bu verilerin girilmemesi, kullan\u0131c\u0131 olarak kayd\u0131n\u0131z\u0131 tamamlayamaman\u0131za veya bu t\u00fcr hizmetleri veya \u00fcr\u00fcnleri alamaman\u0131za veya gerekli i\u015flevlerden yararlanamaman\u0131za neden olabilir.&nbsp;&nbsp;<\/p>\n\n\n\n<ol start=\"3\" class=\"wp-block-list\">\n<li class=\"has-medium-font-size\" style=\"font-style:normal;font-weight:700\"><strong>I\u0307\u015eLEME AMACI, YASAL DAYANAK VE SAKLAMA S\u00dcRESI\u0307<\/strong>\u00a0\u00a0<\/li>\n<\/ol>\n\n\n\n<p>A\u015fa\u011f\u0131da, talep edilen hizmet ve\/veya i\u015flev t\u00fcrlerine ba\u011fl\u0131 olarak i\u015fleme ama\u00e7lar\u0131n\u0131, verilerin i\u015flendi\u011fi yasal dayana\u011f\u0131 ve ne kadar s\u00fcreyle sakland\u0131klar\u0131n\u0131 belirtiyoruz.&nbsp;&nbsp;<\/p>\n\n\n\n<figure class=\"wp-block-table\"><table class=\"has-fixed-layout\"><tbody><tr><td>&nbsp;<\/td><td>&nbsp;<\/td><td>&nbsp;<\/td><td>&nbsp;<\/td><\/tr><tr><td>AMA\u00c7LAR&nbsp;&nbsp;<\/td><td>AMA\u00c7LARIN TANIMI&nbsp;&nbsp;<\/td><td>YASAL DAYANAK&nbsp;&nbsp;<\/td><td>SAKLAMA S\u00dcRES\u0130&nbsp;&nbsp;<\/td><\/tr><\/tbody><\/table><\/figure>\n\n\n\n<figure class=\"wp-block-table\"><table class=\"has-fixed-layout\"><tbody><tr><td>Dijital Varl\u0131klar\u0131n kullan\u0131c\u0131s\u0131 olarak kay\u0131t y\u00f6netimi.&nbsp;&nbsp;<\/td><td>www.turkishtrade.co web sitesine kaydolmaya karar vermeniz halinde, baz\u0131 ki\u015fisel verileriniz sizi bir kullan\u0131c\u0131 olarak tan\u0131mlamak ve \u00e7e\u015fitli i\u015flev ve hizmetlere eri\u015fim yetkisi vermek amac\u0131yla i\u015flenecektir.&nbsp;&nbsp;<\/td><td>Web sitesinin kullan\u0131m\u0131na ili\u015fkin h\u00fck\u00fcm ve ko\u015fullar (GDPR Madde 6.1.b)&nbsp;&nbsp;<\/td><td>T\u00fcketici hesab\u0131n silinmesini talep edene kadar&nbsp;&nbsp;<\/td><\/tr><tr><td>Mal ve\/veya hizmet al\u0131m\u0131na ili\u015fkin s\u00f6zle\u015fmenin yerine getirilmesi ve y\u00fcr\u00fct\u00fclmesi&nbsp;&nbsp;<\/td><td>Ki\u015fisel veriler a\u015fa\u011f\u0131daki durumlarda i\u015fleme tabi tutulur:  \u00dcr\u00fcnlerin mevcudiyetine ili\u015fkin bilgi taleplerinin y\u00f6netimi, \u00fcr\u00fcn sipari\u015fi \u00d6rne\u011fin \u00fcr\u00fcn \u00f6zelle\u015ftirme gibi hizmetlerin sa\u011flanmas\u0131 Ger\u00e7ekle\u015ftirilen i\u015flemlerle ilgili sat\u0131\u015f belgelerinin ve\/veya faturalar\u0131n sa\u011flanmas\u0131 Sat\u0131n alma i\u015flemi s\u0131ras\u0131nda olas\u0131 doland\u0131r\u0131c\u0131l\u0131klar\u0131 kontrol etmek ve \u00f6nlemek i\u00e7in mekanizmalar\u0131n etkinle\u015ftirilmesi Sat\u0131n al\u0131nan \u00f6zellikler, \u00fcr\u00fcnler ve hizmetlerle ilgili g\u00fcncellemeler veya bilgi bildirimleri i\u00e7in t\u00fcketiciyle ileti\u015fime ge\u00e7ilmesi&nbsp;&nbsp;<\/td><td>(GDPR Madde 6.1.b)&nbsp;&nbsp;<\/td><td>S\u00f6zle\u015fmenin imzalanmas\u0131ndan sonra 24 ay\u0131 ge\u00e7memelidir&nbsp;&nbsp;<\/td><\/tr><\/tbody><\/table><\/figure>\n\n\n\n<figure class=\"wp-block-table\"><table class=\"has-fixed-layout\"><tbody><tr><td>M\u00fc\u015fteri hizmetleri kanallar\u0131 arac\u0131l\u0131\u011f\u0131yla al\u0131nan taleplerin i\u015flenmesi&nbsp;&nbsp;<\/td><td>Ki\u015fisel verileriniz, sorular\u0131 ele almak, \u015fikayetleri ve \u00fcr\u00fcn garantilerini i\u015flemek, e-posta, telefon g\u00f6r\u00fc\u015fmeleri ve sosyal medya arac\u0131l\u0131\u011f\u0131yla teknik destek sa\u011flamak i\u00e7in i\u015flenecektir.&nbsp;&nbsp;<\/td><td>Me\u015fru menfaat (GDPR Madde 6.1.f)&nbsp;&nbsp;<\/td><td>Taleplerin y\u00f6netilmesi i\u00e7in kesinlikle gerekli olan s\u00fcre boyunca (ve her durumda talebin al\u0131nd\u0131\u011f\u0131 tarihten itibaren iki y\u0131ldan fazla olmamak kayd\u0131yla).&nbsp;&nbsp;<\/td><\/tr><tr><td>Pazarlama ama\u00e7lar\u0131&nbsp;&nbsp;<\/td><td>Ki\u015fisel verilerinizi, b\u00fclten aboneli\u011finizi y\u00f6netmek ve size \u00fcr\u00fcnlerimiz veya hizmetlerimiz hakk\u0131nda ki\u015fiselle\u015ftirilmi\u015f bilgiler g\u00f6ndermek i\u00e7in \u00e7e\u015fitli elektronik ileti\u015fim ara\u00e7lar\u0131n\u0131 (\u00f6r. e-posta veya SMS) kullanarak i\u015fleyece\u011fiz. Ayr\u0131ca, mobil cihaz\u0131n\u0131zda bu hizmet etkinle\u015ftirildiyse, size bu t\u00fcr haber b\u00fcltenlerini ve ileti\u015fimleri anl\u0131k bildirimler yoluyla da g\u00f6nderebiliriz.  Haber B\u00fclteni aboneli\u011finizi istedi\u011finiz zaman iptal edebilirsiniz:  Her b\u00fcltenin alt\u0131ndaki \u00f6zel ba\u011flant\u0131; Alan\u0131m'da belirtilen \u00f6zel ba\u011flant\u0131.  \u0130leti\u015fim Merkezi'ne talepte bulunarak.  Anl\u0131k bildirimleri almay\u0131 durdurmak i\u00e7in, mobil cihaz\u0131n\u0131zda bu i\u015flevi devre d\u0131\u015f\u0131 b\u0131rakabilirsiniz.  Promosyon eylemlerini ger\u00e7ekle\u015ftirmek i\u00e7in (\u00f6rne\u011fin, yar\u0131\u015fmalar\u0131 uygulamak veya listenizi iletmek i\u00e7in)&nbsp;&nbsp;<\/td><td>R\u0131za (GDPR Madde 6.1.a)&nbsp;&nbsp;<\/td><td>Pazarlama izninin verildi\u011fi tarihten veya Kontrol\u00f6r ile son etkile\u015fim tarihinden itibaren 24 ay.&nbsp;&nbsp;<\/td><\/tr><\/tbody><\/table><\/figure>\n\n\n\n<figure class=\"wp-block-table\"><table class=\"has-fixed-layout\"><tbody><tr><td>&nbsp;<\/td><td>kaydetti\u011finiz \u00f6\u011feleri belirtti\u011finiz e-posta adresine g\u00f6ndermek).  A\u00e7\u0131k r\u0131zan\u0131zla, Platformda veya kanallar\u0131m\u0131z arac\u0131l\u0131\u011f\u0131yla sosyal a\u011flarda herkese a\u00e7\u0131k olarak payla\u015f\u0131lan foto\u011fraflar\u0131 veya g\u00f6r\u00fcnt\u00fcleri yaymak.&nbsp;&nbsp;<\/td><td>&nbsp;<\/td><td>&nbsp;<\/td><\/tr><tr><td>Profil olu\u015fturma ama\u00e7lar\u0131&nbsp;&nbsp;<\/td><td>Web tarama davran\u0131\u015f\u0131n\u0131zla ilgili verileri, sosyal yineleme ve i\u015flem verilerini, ileti\u015fimleri ve size \u00f6zel \u00fcr\u00fcn ve hizmetlerin sunumunu iyile\u015ftirmek amac\u0131yla t\u00fcketici k\u00fcmelerini tan\u0131mlamak i\u00e7in kullanaca\u011f\u0131z.&nbsp;&nbsp;<\/td><td>R\u0131za (GDPR Madde 6.1.a)&nbsp;&nbsp;<\/td><td>24 ay&nbsp;&nbsp;<\/td><\/tr><tr><td>Kullan\u0131c\u0131 deneyimini ve teklifi iyile\u015ftirmek i\u00e7in platformlar\u0131n ve hizmetlerin kullan\u0131m\u0131n\u0131n analizi&nbsp;&nbsp;<\/td><td>Dijital m\u00fclklerimize eri\u015fti\u011finizde, gezinme ve sosyal kanallarla etkile\u015fim verilerinizin analitik ve istatistiksel ama\u00e7larla, yani kullan\u0131c\u0131lar\u0131n Platformumuzla nas\u0131l etkile\u015fimde bulundu\u011funu anlamak ve Platformumuzu geli\u015ftirmemizi sa\u011flamak i\u00e7in i\u015flenece\u011fini size bildiririz.&nbsp;&nbsp;<\/td><td>R\u0131za (GDPR Madde 6.1.a)&nbsp;&nbsp;<\/td><td>Navigasyon verileri anonim hale getirilene kadar&nbsp;&nbsp;<\/td><\/tr><\/tbody><\/table><\/figure>\n\n\n\n<ol start=\"4\" class=\"wp-block-list\">\n<li class=\"has-medium-font-size\" style=\"font-style:normal;font-weight:700\">DI\u011eER TARAFLARLA BILGI PAYLA\u015eIMI&nbsp;&nbsp;<\/li>\n<\/ol>\n\n\n\n<p>Bu bilgilendirme bildiriminde belirtilen ama\u00e7lar do\u011frultusunda, ki\u015fisel verileriniz Veri Sorumlusu taraf\u0131ndan kontrol edilen di\u011fer \u015firketlere veya hizmetlerin sa\u011flanmas\u0131nda Veri Sorumlusu ile i\u015fbirli\u011fi i\u00e7inde \u00e7al\u0131\u015fan ve usul\u00fcne uygun olarak veri i\u015fleyicisi veya i\u015flemeden sorumlu ki\u015fi olarak atanan \u00fc\u00e7\u00fcnc\u00fc taraflara iletilebilir. Bunlar a\u015fa\u011f\u0131dakileri i\u00e7erir:&nbsp;&nbsp;<\/p>\n\n\n\n<ul class=\"wp-block-list\">\n<li>a) Franchise ortaklar\u0131 ve di\u011fer \u00fclkelerin \u015fubeleri&nbsp;&nbsp;<\/li>\n<\/ul>\n\n\n\n<ul class=\"wp-block-list\">\n<li>b) \u00c7evrimi\u00e7i \u00f6demeler ve doland\u0131r\u0131c\u0131l\u0131k ve sahtekarl\u0131klar\u0131n tespiti ve \u00f6nlenmesi konusunda uzmanla\u015fm\u0131\u015f finansal kurumlar ve \u015firketler.&nbsp;&nbsp;<\/li>\n<\/ul>\n\n\n\n<ul class=\"wp-block-list\">\n<li>c) Teknoloji hizmet sa\u011flay\u0131c\u0131lar\u0131.&nbsp;&nbsp;<\/li>\n<\/ul>\n\n\n\n<ul class=\"wp-block-list\">\n<li>d) Lojistik, nakliye ve teslimat hizmetlerinin tedarik\u00e7ileri ve i\u015fbirlik\u00e7ileri.&nbsp;&nbsp;<\/li>\n<\/ul>\n\n\n\n<ul class=\"wp-block-list\">\n<li>e) M\u00fc\u015fteri hizmetleri ile ilgili hizmet sa\u011flay\u0131c\u0131lar\u0131.&nbsp;&nbsp;<\/li>\n<\/ul>\n\n\n\n<ul class=\"wp-block-list\">\n<li>f) Pazarlama ve reklam hizmetleri sa\u011flay\u0131c\u0131lar\u0131, i\u015fbirlik\u00e7ileri ve ortaklar\u0131.&nbsp;&nbsp;<\/li>\n<\/ul>\n\n\n\n<p>Ayr\u0131ca, bilgi bildiriminde belirtilen t\u00fcm ama\u00e7lar i\u00e7in verileriniz, y\u00fcr\u00fcrl\u00fckteki mevzuat taraf\u0131ndan sa\u011flanan hak ve garantilere uygun olarak ve \u00dc\u00e7\u00fcnc\u00fc \u00dclke taraf\u0131ndan sa\u011flanan koruma d\u00fczeyinin yeterlili\u011finin do\u011frulanmas\u0131na tabi olarak, Avrupa Birli\u011fi i\u00e7inde veya d\u0131\u015f\u0131nda yurtd\u0131\u015f\u0131na da aktar\u0131labilir.&nbsp;&nbsp;<\/p>\n\n\n\n<p>Son olarak, verileriniz Veri Kontrol\u00f6r\u00fcn\u00fcn ofislerinde ki\u015fisel verilerin i\u015flenmesi i\u00e7in yetkili personel olarak \u00e7al\u0131\u015fan yeterli e\u011fitime sahip personel taraf\u0131ndan i\u015flenecektir.&nbsp;&nbsp;<\/p>\n\n\n\n<ol start=\"5\" class=\"wp-block-list\">\n<li class=\"has-medium-font-size\" style=\"font-style:normal;font-weight:700\">VERI\u0307 SAHI\u0307BI\u0307 HAKLARI&nbsp;&nbsp;<\/li>\n<\/ol>\n\n\n\n<p>Veri Denetleyicisinden ki\u015fisel verilerinize eri\u015fim talep etme ve yanl\u0131\u015fsa bunlar\u0131 d\u00fczeltme, ko\u015fullar yerine getirilirse i\u015flemeyi iptal etme veya s\u0131n\u0131rland\u0131rma veya \u015eirketimiz taraf\u0131ndan izlenen me\u015fru menfaatler i\u00e7in bunlar\u0131n i\u015flenmesine kar\u015f\u0131 \u00e7\u0131kma ve yaln\u0131zca onay\u0131n\u0131za veya s\u00f6zle\u015fmeye dayal\u0131 otomatik i\u015flemeye tabi olmas\u0131 durumunda sa\u011flanan verilerin ta\u015f\u0131nabilirli\u011fini elde etme hakk\u0131na sahip oldu\u011funuzu bildirmek isteriz.&nbsp;&nbsp;<\/p>\n\n\n\n<p>Ayr\u0131ca, iptal zaman\u0131na kadar ger\u00e7ekle\u015ftirilen i\u015flemenin yasall\u0131\u011f\u0131na halel getirmeksizin, bunu gerektiren i\u015fleme ama\u00e7lar\u0131 i\u00e7in verilen onay\u0131 iptal etme hakk\u0131na da sahipsiniz.&nbsp;&nbsp;<\/p>\n\n\n\n<p>Bu haklar\u0131, 1. maddede listelenen adreslerden Veri Denetleyicisi ile ileti\u015fime ge\u00e7erek, talebinizin nedenini ve kullanmay\u0131 d\u00fc\u015f\u00fcnd\u00fc\u011f\u00fcn\u00fcz hakk\u0131 belirterek kullanabilirsiniz. Kimlik tespiti amac\u0131yla gerekli g\u00f6r\u00fclmesi halinde, kimli\u011finizi belgeleyen bir belgenin kopyas\u0131n\u0131 bize vermenizi isteyebiliriz.&nbsp;&nbsp;<\/p>\n\n\n\n<p>Hizmetlere kullan\u0131c\u0131 olarak kaydolduysan\u0131z, herhangi bir de\u011fi\u015fiklik veya g\u00fcncelleme i\u00e7in hesab\u0131n\u0131zdaki ki\u015fisel verilerinizin ilgili b\u00f6l\u00fcm\u00fcne de eri\u015febilece\u011finizi l\u00fctfen unutmay\u0131n. Her durumda, ki\u015fisel verilerinizi bize herhangi bir yolla aktif olarak sa\u011flayarak, bunlar\u0131n do\u011frulu\u011funu ve ger\u00e7ekli\u011fini garanti etti\u011finizi ve herhangi bir de\u011fi\u015fikli\u011fi bize bildirmeyi taahh\u00fct etti\u011finizi l\u00fctfen unutmay\u0131n. Kay\u0131t formlar\u0131nda yer alan yanl\u0131\u015f, hatal\u0131 veya eksik bilgiler nedeniyle Kontrol\u00f6re veya \u00fc\u00e7\u00fcnc\u00fc bir tarafa verilen herhangi bir kay\u0131p veya zarar tamamen kullan\u0131c\u0131n\u0131n sorumlulu\u011funda olacakt\u0131r. Genel olarak, gizlilik ve \u00e7erez politikas\u0131 h\u00fck\u00fcmleri sakl\u0131 kalmak kayd\u0131yla, \u00fc\u00e7\u00fcnc\u00fc taraflar\u0131n verilerini de\u011fil, yaln\u0131zca ki\u015fisel verilerinizi bize sa\u011flaman\u0131z gerekmektedir. Ayr\u0131ca, ki\u015fisel verilerin korunmas\u0131 i\u00e7in Veri Koruma Denet\u00e7isine (https:\/\/www.verisytms.com.tr\/en) \u015fikayette bulunma hakk\u0131na sahip oldu\u011funuzu bildiririz.&nbsp;&nbsp;<\/p>\n\n\n\n<ol start=\"6\" class=\"wp-block-list\">\n<li class=\"has-medium-font-size\" style=\"font-style:normal;font-weight:700\">POLI\u0307TI\u0307KADA YAPILAN DE\u011eI\u0307\u015eI\u0307KLI\u0307KLER&nbsp;&nbsp;<\/li>\n<\/ol>\n\n\n\n<p>Uygun g\u00f6r\u00fcld\u00fc\u011f\u00fcnde, bu beyanda yer alan bilgileri de\u011fi\u015ftirebiliriz. Bu durumda, de\u011fi\u015fiklik verilerin toplanma ama\u00e7lar\u0131n\u0131 etkiliyorsa, de\u011fi\u015fiklikleri g\u00f6r\u00fcnt\u00fcleyebilmeniz, de\u011ferlendirmelerinizi yapabilmeniz ve uygun oldu\u011funda herhangi bir hizmet veya fonksiyona kar\u015f\u0131 \u00e7\u0131kabilmeniz veya sonland\u0131rabilmeniz i\u00e7in sizi \u00e7e\u015fitli \u015fekillerde (\u00f6rne\u011fin, web sitelerinde, haber b\u00fcltenlerinde yay\u0131nlayarak, bir banner, pop-up veya push bildirimi ile) veya belirli bir e-posta ileterek bilgilendirece\u011fiz.&nbsp;&nbsp;<\/p>\n<\/div><\/div>","protected":false},"excerpt":{"rendered":"<p>PRIVACY POLICY PRIVACY POLICY&nbsp;&nbsp; The data controller&nbsp;of&nbsp;your personal data is&nbsp;Bgl&nbsp;Group Textile Ltd, with registered office in T\u00fcrkiye. (hereinafter &#8220;Digital Properties&#8221;).&nbsp;&nbsp; [&hellip;]<\/p>\n","protected":false},"author":1,"featured_media":0,"parent":0,"menu_order":0,"comment_status":"closed","ping_status":"open","template":"","meta":{"_acf_changed":false,"_uag_custom_page_level_css":"","site-sidebar-layout":"default","site-content-layout":"","ast-site-content-layout":"default","site-content-style":"default","site-sidebar-style":"default","ast-global-header-display":"","ast-banner-title-visibility":"","ast-main-header-display":"","ast-hfb-above-header-display":"","ast-hfb-below-header-display":"","ast-hfb-mobile-header-display":"","site-post-title":"disabled","ast-breadcrumbs-content":"","ast-featured-img":"","footer-sml-layout":"","ast-disable-related-posts":"","theme-transparent-header-meta":"","adv-header-id-meta":"","stick-header-meta":"","header-above-stick-meta":"","header-main-stick-meta":"","header-below-stick-meta":"","astra-migrate-meta-layouts":"default","ast-page-background-enabled":"default","ast-page-background-meta":{"desktop":{"background-color":"var(--ast-global-color-4)","background-image":"","background-repeat":"repeat","background-position":"center center","background-size":"auto","background-attachment":"scroll","background-type":"","background-media":"","overlay-type":"","overlay-color":"","overlay-opacity":"","overlay-gradient":""},"tablet":{"background-color":"","background-image":"","background-repeat":"repeat","background-position":"center center","background-size":"auto","background-attachment":"scroll","background-type":"","background-media":"","overlay-type":"","overlay-color":"","overlay-opacity":"","overlay-gradient":""},"mobile":{"background-color":"","background-image":"","background-repeat":"repeat","background-position":"center center","background-size":"auto","background-attachment":"scroll","background-type":"","background-media":"","overlay-type":"","overlay-color":"","overlay-opacity":"","overlay-gradient":""}},"ast-content-background-meta":{"desktop":{"background-color":"var(--ast-global-color-5)","background-image":"","background-repeat":"repeat","background-position":"center center","background-size":"auto","background-attachment":"scroll","background-type":"","background-media":"","overlay-type":"","overlay-color":"","overlay-opacity":"","overlay-gradient":""},"tablet":{"background-color":"var(--ast-global-color-5)","background-image":"","background-repeat":"repeat","background-position":"center center","background-size":"auto","background-attachment":"scroll","background-type":"","background-media":"","overlay-type":"","overlay-color":"","overlay-opacity":"","overlay-gradient":""},"mobile":{"background-color":"var(--ast-global-color-5)","background-image":"","background-repeat":"repeat","background-position":"center center","background-size":"auto","background-attachment":"scroll","background-type":"","background-media":"","overlay-type":"","overlay-color":"","overlay-opacity":"","overlay-gradient":""}},"footnotes":""},"class_list":["post-3","page","type-page","status-publish","hentry"],"acf":[],"_hostinger_reach_plugin_has_subscription_block":false,"_hostinger_reach_plugin_is_elementor":false,"uagb_featured_image_src":{"full":false,"thumbnail":false,"medium":false,"medium_large":false,"large":false,"1536x1536":false,"2048x2048":false,"trp-custom-language-flag":false,"woocommerce_thumbnail":false,"woocommerce_single":false,"woocommerce_gallery_thumbnail":false},"uagb_author_info":{"display_name":"\u0628\u0631\u0643\u0627\u062a \u0627\u0644\u064a\u0648\u0633\u0641","author_link":"https:\/\/turkishtrade.co\/tr\/author\/salih-2-1-2003-993gmail-com\/"},"uagb_comment_info":0,"uagb_excerpt":"PRIVACY POLICY PRIVACY POLICY&nbsp;&nbsp; The data controller&nbsp;of&nbsp;your personal data is&nbsp;Bgl&nbsp;Group Textile Ltd, with registered office in T\u00fcrkiye. (hereinafter &#8220;Digital Properties&#8221;).&nbsp;&nbsp; [&hellip;]","_links":{"self":[{"href":"https:\/\/turkishtrade.co\/tr\/wp-json\/wp\/v2\/pages\/3","targetHints":{"allow":["GET"]}}],"collection":[{"href":"https:\/\/turkishtrade.co\/tr\/wp-json\/wp\/v2\/pages"}],"about":[{"href":"https:\/\/turkishtrade.co\/tr\/wp-json\/wp\/v2\/types\/page"}],"author":[{"embeddable":true,"href":"https:\/\/turkishtrade.co\/tr\/wp-json\/wp\/v2\/users\/1"}],"replies":[{"embeddable":true,"href":"https:\/\/turkishtrade.co\/tr\/wp-json\/wp\/v2\/comments?post=3"}],"version-history":[{"count":5,"href":"https:\/\/turkishtrade.co\/tr\/wp-json\/wp\/v2\/pages\/3\/revisions"}],"predecessor-version":[{"id":7603,"href":"https:\/\/turkishtrade.co\/tr\/wp-json\/wp\/v2\/pages\/3\/revisions\/7603"}],"wp:attachment":[{"href":"https:\/\/turkishtrade.co\/tr\/wp-json\/wp\/v2\/media?parent=3"}],"curies":[{"name":"wp","href":"https:\/\/api.w.org\/{rel}","templated":true}]}}