{"id":8611,"date":"2026-01-29T14:51:32","date_gmt":"2026-01-29T14:51:32","guid":{"rendered":"https:\/\/turkishtrade.co\/product\/men-2600qlomn00048\/"},"modified":"2026-04-09T20:20:10","modified_gmt":"2026-04-09T20:20:10","slug":"mens-navy-suede-loafers-2","status":"publish","type":"product","link":"https:\/\/turkishtrade.co\/fr\/shop\/mens-navy-suede-loafers-2\/","title":{"rendered":"Loafers Navy Suede Loafers Exclusive | Men's Navy Suede Leather Casual"},"content":{"rendered":"<p><strong>Mocassins en daim pour hommes, bleu marine<\/strong>. Qualit\u00e9 et design exclusifs.<\/p>\n<p>Profitez d'un confort in\u00e9gal\u00e9 et d'un style intemporel gr\u00e2ce \u00e0 nos produits exquis. <strong>Mocassins en daim pour hommes, bleu marine<\/strong>. Con\u00e7us pour l'homme moderne qui appr\u00e9cie \u00e0 la fois l'\u00e9l\u00e9gance et la facilit\u00e9, ces mocassins t\u00e9moignent d'un savoir-faire sup\u00e9rieur et de mat\u00e9riaux de premi\u00e8re qualit\u00e9. Que vous vous habilliez pour une sortie d\u00e9contract\u00e9e le week-end ou pour un environnement de bureau chic et d\u00e9contract\u00e9, ces chaussures polyvalentes rehausseront votre look sans effort.<\/p>\n<h3>Qualit\u00e9 et mat\u00e9riaux in\u00e9gal\u00e9s<\/h3>\n<p>Chaque paire de mocassins en daim marine est m\u00e9ticuleusement fabriqu\u00e9e en daim de veau v\u00e9ritable, offrant une texture riche et un toucher luxueux. La teinte marine profonde offre une alternative sophistiqu\u00e9e au noir ou au marron traditionnels, faisant de ces chaussures un compl\u00e9ment polyvalent \u00e0 toute garde-robe. Au-del\u00e0 de l'ext\u00e9rieur exquis, l'int\u00e9rieur est dot\u00e9 d'une doublure en cuir de ch\u00e8vre doux et souple. Cette doublure de qualit\u00e9 sup\u00e9rieure assure une respirabilit\u00e9 et un confort exceptionnels, se moulant \u00e0 votre pied pour un ajustement personnalis\u00e9 et r\u00e9duisant les frottements pour un port tout au long de la journ\u00e9e. L'association du daim de veau et du cuir de ch\u00e8vre fait de ces chaussures un produit de qualit\u00e9. <strong>Mocassins en daim pour hommes, bleu marine<\/strong> un choix vraiment haut de gamme.<\/p>\n<h3>Con\u00e7u pour le confort et la durabilit\u00e9<\/h3>\n<p>Le confort est primordial dans notre philosophie de conception. Ces <strong>Mocassins en daim pour hommes, bleu marine<\/strong> sont dot\u00e9es d'une semelle EVA l\u00e9g\u00e8re mais incroyablement durable. L'EVA (\u00e9thyl\u00e8ne-ac\u00e9tate de vinyle) est r\u00e9put\u00e9 pour ses propri\u00e9t\u00e9s d'absorption des chocs, offrant un excellent amorti \u00e0 chaque pas. Cette semelle innovante n'ajoute pas seulement au confort, mais assure \u00e9galement la long\u00e9vit\u00e9, vous permettant de profiter de vos mocassins pour les saisons \u00e0 venir. La construction robuste combin\u00e9e \u00e0 un design bien pens\u00e9 fait de ces mocassins des chaussures id\u00e9ales pour un usage prolong\u00e9, garantissant que vos pieds restent confortables et soutenus tout au long de la journ\u00e9e.<\/p>\n<h3>Un style polyvalent pour toutes les occasions<\/h3>\n<p>La silhouette d\u00e9contract\u00e9e du mocassin, rehauss\u00e9e d'un subtil d\u00e9tail tress\u00e9 sur l'empeigne, offre un m\u00e9lange de charme classique et de flair contemporain. Ces <strong>Mocassins en daim pour hommes, bleu marine<\/strong> sont incroyablement polyvalents et s'associent parfaitement \u00e0 tout, des chinos aux jeans en passant par les pantalons de tailleur et m\u00eame les costumes d\u00e9contract\u00e9s. C'est le choix id\u00e9al pour passer du jour \u00e0 la nuit, en veillant \u00e0 ce que vous ayez toujours une allure soign\u00e9e et \u00e9quilibr\u00e9e. Disponibles dans une large gamme de tailles allant de l'UE 40 \u00e0 44, elles sont parfaitement adapt\u00e9es \u00e0 chaque homme.<\/p>\n<h3>Opportunit\u00e9 de vente en gros<\/h3>\n<p>Pour les d\u00e9taillants et les entreprises qui souhaitent offrir \u00e0 leurs clients des chaussures \u00e9l\u00e9gantes et de haute qualit\u00e9, ces mocassins en daim marine pour hommes sont disponibles \u00e0 l'achat en gros. Avec une quantit\u00e9 minimale de commande de seulement 8 paires, vous pouvez facilement vous approvisionner en ces mocassins best-sellers et r\u00e9pondre \u00e0 la demande de votre client\u00e8le pour des chaussures d\u00e9contract\u00e9es de qualit\u00e9 sup\u00e9rieure. Investissez dans notre savoir-faire exceptionnel et offrez \u00e0 vos clients des chaussures qui promettent \u00e0 la fois style et confort durable.<\/p>","protected":false},"excerpt":{"rendered":"<ul>\n<li>Fabriqu\u00e9 de mani\u00e8re experte avec une tige luxueuse en cuir de veau velours pour un look sophistiqu\u00e9.<\/li>\n<li>Doublure en cuir de ch\u00e8vre souple et respirant, assurant un confort tout au long de la journ\u00e9e.<\/li>\n<li>Semelle EVA l\u00e9g\u00e8re et durable offrant un excellent amorti et un bon soutien.<\/li>\n<li>Mocassins \u00e9l\u00e9gants et d\u00e9contract\u00e9s, parfaits pour une garde-robe polyvalente.<\/li>\n<li>Disponible dans une large gamme de tailles : EU 40, 41, 42, 43, 44.<\/li>\n<li>Vente en gros possible avec une commande minimum de 8 paires.<\/li>\n<\/ul>","protected":false},"featured_media":6753,"template":"","meta":{"_acf_changed":false,"_uag_custom_page_level_css":"","site-sidebar-layout":"default","site-content-layout":"","ast-site-content-layout":"default","site-content-style":"default","site-sidebar-style":"default","ast-global-header-display":"","ast-banner-title-visibility":"","ast-main-header-display":"","ast-hfb-above-header-display":"","ast-hfb-below-header-display":"","ast-hfb-mobile-header-display":"","site-post-title":"","ast-breadcrumbs-content":"","ast-featured-img":"","footer-sml-layout":"","ast-disable-related-posts":"","theme-transparent-header-meta":"default","adv-header-id-meta":"","stick-header-meta":"","header-above-stick-meta":"","header-main-stick-meta":"","header-below-stick-meta":"","astra-migrate-meta-layouts":"set","ast-page-background-enabled":"default","ast-page-background-meta":{"desktop":{"background-color":"var(--ast-global-color-4)","background-image":"","background-repeat":"repeat","background-position":"center center","background-size":"auto","background-attachment":"scroll","background-type":"","background-media":"","overlay-type":"","overlay-color":"","overlay-opacity":"","overlay-gradient":""},"tablet":{"background-color":"","background-image":"","background-repeat":"repeat","background-position":"center center","background-size":"auto","background-attachment":"scroll","background-type":"","background-media":"","overlay-type":"","overlay-color":"","overlay-opacity":"","overlay-gradient":""},"mobile":{"background-color":"","background-image":"","background-repeat":"repeat","background-position":"center center","background-size":"auto","background-attachment":"scroll","background-type":"","background-media":"","overlay-type":"","overlay-color":"","overlay-opacity":"","overlay-gradient":""}},"ast-content-background-meta":{"desktop":{"background-color":"var(--ast-global-color-5)","background-image":"","background-repeat":"repeat","background-position":"center center","background-size":"auto","background-attachment":"scroll","background-type":"","background-media":"","overlay-type":"","overlay-color":"","overlay-opacity":"","overlay-gradient":""},"tablet":{"background-color":"var(--ast-global-color-5)","background-image":"","background-repeat":"repeat","background-position":"center center","background-size":"auto","background-attachment":"scroll","background-type":"","background-media":"","overlay-type":"","overlay-color":"","overlay-opacity":"","overlay-gradient":""},"mobile":{"background-color":"var(--ast-global-color-5)","background-image":"","background-repeat":"repeat","background-position":"center center","background-size":"auto","background-attachment":"scroll","background-type":"","background-media":"","overlay-type":"","overlay-color":"","overlay-opacity":"","overlay-gradient":""}}},"product_brand":[],"product_cat":[48,49,430,1200],"product_tag":[1439,202,241,220,438,189,186,479,184,149],"class_list":{"0":"post-8611","1":"product","2":"type-product","3":"status-publish","4":"has-post-thumbnail","6":"product_cat-casual","7":"product_cat-loafer","8":"product_cat-men","9":"product_cat-mens-shoes-2","10":"product_tag-braided-detail","11":"product_tag-calf-leather","12":"product_tag-casual-footwear","13":"product_tag-comfortable-loafers","14":"product_tag-eva-sole","15":"product_tag-goat-leather-lining","16":"product_tag-mens-loafers","17":"product_tag-navy-shoes","18":"product_tag-slip-on-shoes","19":"product_tag-suede-loafers","20":"desktop-align-center","21":"tablet-align-center","22":"mobile-align-center","24":"first","25":"instock","26":"shipping-taxable","27":"purchasable","28":"product-type-variable","29":"has-default-attributes"},"acf":[],"uagb_featured_image_src":{"full":["https:\/\/turkishtrade.co\/wp-content\/uploads\/2026\/01\/2600QLOMN00048-DARK-BLUE.png",453,250,false],"thumbnail":["https:\/\/turkishtrade.co\/wp-content\/uploads\/2026\/01\/2600QLOMN00048-DARK-BLUE-150x150.png",150,150,true],"medium":["https:\/\/turkishtrade.co\/wp-content\/uploads\/2026\/01\/2600QLOMN00048-DARK-BLUE-300x166.png",300,166,true],"medium_large":["https:\/\/turkishtrade.co\/wp-content\/uploads\/2026\/01\/2600QLOMN00048-DARK-BLUE.png",453,250,false],"large":["https:\/\/turkishtrade.co\/wp-content\/uploads\/2026\/01\/2600QLOMN00048-DARK-BLUE.png",453,250,false],"1536x1536":["https:\/\/turkishtrade.co\/wp-content\/uploads\/2026\/01\/2600QLOMN00048-DARK-BLUE.png",453,250,false],"2048x2048":["https:\/\/turkishtrade.co\/wp-content\/uploads\/2026\/01\/2600QLOMN00048-DARK-BLUE.png",453,250,false],"trp-custom-language-flag":["https:\/\/turkishtrade.co\/wp-content\/uploads\/2026\/01\/2600QLOMN00048-DARK-BLUE-18x10.png",18,10,true],"woocommerce_thumbnail":["https:\/\/turkishtrade.co\/wp-content\/uploads\/2026\/01\/2600QLOMN00048-DARK-BLUE-400x250.png",400,250,true],"woocommerce_single":["https:\/\/turkishtrade.co\/wp-content\/uploads\/2026\/01\/2600QLOMN00048-DARK-BLUE.png",453,250,false],"woocommerce_gallery_thumbnail":["https:\/\/turkishtrade.co\/wp-content\/uploads\/2026\/01\/2600QLOMN00048-DARK-BLUE-100x100.png",100,100,true]},"uagb_author_info":{"display_name":"python python","author_link":"https:\/\/turkishtrade.co\/fr\/author\/"},"uagb_comment_info":0,"uagb_excerpt":"Expertly crafted with luxurious calf suede leather upper for a sophisticated look. Features a soft and breathable goat leather lining, ensuring all-day comfort. Lightweight and durable EVA sole provides excellent cushioning and support. Stylish casual loafer design perfect for versatile wardrobe pairings. Available in a comprehensive size range: EU 40, 41, 42, 43, 44. Wholesale\u2026","_links":{"self":[{"href":"https:\/\/turkishtrade.co\/fr\/wp-json\/wp\/v2\/product\/8611","targetHints":{"allow":["GET"]}}],"collection":[{"href":"https:\/\/turkishtrade.co\/fr\/wp-json\/wp\/v2\/product"}],"about":[{"href":"https:\/\/turkishtrade.co\/fr\/wp-json\/wp\/v2\/types\/product"}],"wp:featuredmedia":[{"embeddable":true,"href":"https:\/\/turkishtrade.co\/fr\/wp-json\/wp\/v2\/media\/6753"}],"wp:attachment":[{"href":"https:\/\/turkishtrade.co\/fr\/wp-json\/wp\/v2\/media?parent=8611"}],"wp:term":[{"taxonomy":"product_brand","embeddable":true,"href":"https:\/\/turkishtrade.co\/fr\/wp-json\/wp\/v2\/product_brand?post=8611"},{"taxonomy":"product_cat","embeddable":true,"href":"https:\/\/turkishtrade.co\/fr\/wp-json\/wp\/v2\/product_cat?post=8611"},{"taxonomy":"product_tag","embeddable":true,"href":"https:\/\/turkishtrade.co\/fr\/wp-json\/wp\/v2\/product_tag?post=8611"}],"curies":[{"name":"wp","href":"https:\/\/api.w.org\/{rel}","templated":true}]}}