{"id":8595,"date":"2026-01-29T14:51:20","date_gmt":"2026-01-29T14:51:20","guid":{"rendered":"https:\/\/turkishtrade.co\/?post_type=product&#038;p=8595"},"modified":"2026-04-09T20:20:13","modified_gmt":"2026-04-09T20:20:13","slug":"mens-blue-calf-loafers","status":"publish","type":"product","link":"https:\/\/turkishtrade.co\/fr\/shop\/mens-blue-calf-loafers\/","title":{"rendered":"Mocassins en cuir de veau bleu Authentic | Mocassins en cuir de veau bleu Casual"},"content":{"rendered":"<h3>\u00c9levez votre style avec les mocassins Premium en veau bleu pour hommes<\/h3>\n<p>Entrez dans un style et un confort in\u00e9gal\u00e9s gr\u00e2ce \u00e0 nos magnifiques <strong>mocassins en veau bleu pour hommes<\/strong>. Con\u00e7us pour l'homme moderne qui appr\u00e9cie \u00e0 la fois l'\u00e9l\u00e9gance et la facilit\u00e9, ces mocassins t\u00e9moignent d'une fabrication de qualit\u00e9 sup\u00e9rieure. La riche teinte bleu fonc\u00e9, associ\u00e9e \u00e0 un design raffin\u00e9, en fait un compl\u00e9ment polyvalent \u00e0 toute garde-robe, qui passe sans effort d'une tenue de bureau \u00e9l\u00e9gante et d\u00e9contract\u00e9e \u00e0 des sorties d\u00e9contract\u00e9es le week-end. Nos <strong>mocassins en veau bleu pour hommes<\/strong> ne sont pas de simples chaussures, mais une exp\u00e9rience de luxe et de durabilit\u00e9.<\/p>\n<h3>Un confort in\u00e9gal\u00e9 et des mat\u00e9riaux de qualit\u00e9<\/h3>\n<p>D\u00e9couvrez la diff\u00e9rence que font les mat\u00e9riaux de qualit\u00e9 sup\u00e9rieure. La tige de ces mocassins sophistiqu\u00e9s est fabriqu\u00e9e en cuir v\u00e9ritable. <strong>cuir de veau<\/strong>, Le cuir de vachette est r\u00e9put\u00e9 pour sa texture lisse, sa durabilit\u00e9 exceptionnelle et sa capacit\u00e9 \u00e0 vieillir en beaut\u00e9. Ce cuir de haute qualit\u00e9 offre un toucher luxueux et garantit que vos chaussures r\u00e9sisteront \u00e0 l'\u00e9preuve du temps, en conservant leur aspect impeccable m\u00eame en cas d'usure r\u00e9guli\u00e8re. \u00c0 l'int\u00e9rieur, vos pieds seront berc\u00e9s par un cuir somptueusement doux. <strong>doublure en cuir de ch\u00e8vre<\/strong>. Cette mati\u00e8re naturelle est r\u00e9put\u00e9e pour sa respirabilit\u00e9 et ses propri\u00e9t\u00e9s d'\u00e9vacuation de l'humidit\u00e9, ce qui permet \u00e0 vos pieds de rester \u00e0 l'aise et au sec tout au long de la journ\u00e9e, \u00e9vitant ainsi tout inconfort et garantissant une sensation de fra\u00eecheur.<\/p>\n<p>Sous le pied, la l\u00e9g\u00e8ret\u00e9 et la robustesse de la <strong>Semelle EVA<\/strong> offre un amorti et un soutien exceptionnels. Con\u00e7ue pour une flexibilit\u00e9 optimale et l'absorption des chocs, la semelle EVA contribue \u00e0 une exp\u00e9rience de marche incroyablement confortable, r\u00e9duisant la fatigue et vous permettant de rester debout plus longtemps. L'adh\u00e9rence de la semelle assure \u00e9galement une traction fiable, ce qui fait de ces chaussures des chaussures de marche. <strong>mocassins en veau bleu pour hommes<\/strong> un choix pratique pour divers environnements urbains.<\/p>\n<h3>Design sophistiqu\u00e9 et polyvalence<\/h3>\n<p>Le design de ces mocassins d\u00e9contract\u00e9s est un chef-d'\u0153uvre d'\u00e9l\u00e9gance discr\u00e8te. Avec leur silhouette de mocassin classique rehauss\u00e9e de surpiq\u00fbres complexes autour de l'empeigne et d'une \u00e9l\u00e9gante m\u00e8che en m\u00e9tal, ces chaussures respirent la sophistication. Le savoir-faire m\u00e9ticuleux est \u00e9vident dans chaque d\u00e9tail, des coutures pr\u00e9cises \u00e0 la finition impeccable du cuir de veau. Disponibles dans une large gamme de tailles allant du 40 au 44 (EU), nous garantissons un ajustement parfait \u00e0 un large \u00e9ventail d'hommes exigeants.<\/p>\n<p>Que vous vous habilliez pour une r\u00e9union d'affaires d\u00e9contract\u00e9e, que vous preniez un brunch ou que vous assistiez \u00e0 un \u00e9v\u00e9nement semi-formel, ces <strong>mocassins en veau bleu pour hommes<\/strong> seront votre meilleur choix de chaussures. Associez-les \u00e0 un pantalon chino ajust\u00e9 et \u00e0 une chemise impeccable pour un look soign\u00e9, ou \u00e0 un jean en denim et \u00e0 un polo pour un ensemble plus d\u00e9contract\u00e9 mais raffin\u00e9. Leur attrait intemporel vous assure qu'elles resteront un \u00e9l\u00e9ment essentiel de votre collection pour les saisons \u00e0 venir. Investissez dans une paire de chaussures qui offre \u00e0 la fois un style impeccable et un confort durable.<\/p>\n<h3>Opportunit\u00e9s pour le commerce de gros<\/h3>\n<p>Pour les d\u00e9taillants et les entreprises d\u00e9sireux de proposer des chaussures de qualit\u00e9 sup\u00e9rieure, ces chaussures exceptionnelles ont \u00e9t\u00e9 con\u00e7ues pour r\u00e9pondre aux besoins des consommateurs. <strong>mocassins en veau bleu pour hommes<\/strong> sont disponibles \u00e0 l'achat en gros. Avec une quantit\u00e9 minimale de commande de seulement 8 paires, vous pouvez facilement approvisionner votre stock avec des produits de qualit\u00e9 tr\u00e8s demand\u00e9s que vos clients vont adorer. Contactez-nous d\u00e8s aujourd'hui pour en savoir plus sur nos prix de gros et nos possibilit\u00e9s de partenariat, et offrez \u00e0 votre client\u00e8le le luxe de mocassins en cuir de veau v\u00e9ritable.<\/p>","protected":false},"excerpt":{"rendered":"<ul>\n<li>Tige en cuir de veau de premi\u00e8re qualit\u00e9 pour la durabilit\u00e9 et le style<\/li>\n<li>Doublure en cuir de ch\u00e8vre luxueux pour un confort respirant<\/li>\n<li>Semelle EVA l\u00e9g\u00e8re et amortie pour un soutien tout au long de la journ\u00e9e<\/li>\n<li>Mocassins d\u00e9contract\u00e9s au design sophistiqu\u00e9, avec des mors m\u00e9talliques \u00e9l\u00e9gants<\/li>\n<li>Disponible en taille homme 40-44 (EU)<\/li>\n<li>Disponible en gros : Quantit\u00e9 minimale de commande : 8 paires<\/li>\n<\/ul>","protected":false},"featured_media":6752,"template":"","meta":{"_acf_changed":false,"_uag_custom_page_level_css":"","site-sidebar-layout":"default","site-content-layout":"","ast-site-content-layout":"default","site-content-style":"default","site-sidebar-style":"default","ast-global-header-display":"","ast-banner-title-visibility":"","ast-main-header-display":"","ast-hfb-above-header-display":"","ast-hfb-below-header-display":"","ast-hfb-mobile-header-display":"","site-post-title":"","ast-breadcrumbs-content":"","ast-featured-img":"","footer-sml-layout":"","ast-disable-related-posts":"","theme-transparent-header-meta":"","adv-header-id-meta":"","stick-header-meta":"","header-above-stick-meta":"","header-main-stick-meta":"","header-below-stick-meta":"","astra-migrate-meta-layouts":"default","ast-page-background-enabled":"default","ast-page-background-meta":{"desktop":{"background-color":"var(--ast-global-color-4)","background-image":"","background-repeat":"repeat","background-position":"center center","background-size":"auto","background-attachment":"scroll","background-type":"","background-media":"","overlay-type":"","overlay-color":"","overlay-opacity":"","overlay-gradient":""},"tablet":{"background-color":"","background-image":"","background-repeat":"repeat","background-position":"center center","background-size":"auto","background-attachment":"scroll","background-type":"","background-media":"","overlay-type":"","overlay-color":"","overlay-opacity":"","overlay-gradient":""},"mobile":{"background-color":"","background-image":"","background-repeat":"repeat","background-position":"center center","background-size":"auto","background-attachment":"scroll","background-type":"","background-media":"","overlay-type":"","overlay-color":"","overlay-opacity":"","overlay-gradient":""}},"ast-content-background-meta":{"desktop":{"background-color":"var(--ast-global-color-5)","background-image":"","background-repeat":"repeat","background-position":"center center","background-size":"auto","background-attachment":"scroll","background-type":"","background-media":"","overlay-type":"","overlay-color":"","overlay-opacity":"","overlay-gradient":""},"tablet":{"background-color":"var(--ast-global-color-5)","background-image":"","background-repeat":"repeat","background-position":"center center","background-size":"auto","background-attachment":"scroll","background-type":"","background-media":"","overlay-type":"","overlay-color":"","overlay-opacity":"","overlay-gradient":""},"mobile":{"background-color":"var(--ast-global-color-5)","background-image":"","background-repeat":"repeat","background-position":"center center","background-size":"auto","background-attachment":"scroll","background-type":"","background-media":"","overlay-type":"","overlay-color":"","overlay-opacity":"","overlay-gradient":""}}},"product_brand":[],"product_cat":[48,49,430,1200],"product_tag":[635,185,512,287,189,186,184,380,281],"class_list":{"0":"post-8595","1":"product","2":"type-product","3":"status-publish","4":"has-post-thumbnail","6":"product_cat-casual","7":"product_cat-loafer","8":"product_cat-men","9":"product_cat-mens-shoes-2","10":"product_tag-blue-loafers","11":"product_tag-calf-leather-shoes","12":"product_tag-casual-loafers","13":"product_tag-eva-sole-shoes","14":"product_tag-goat-leather-lining","15":"product_tag-mens-loafers","16":"product_tag-slip-on-shoes","17":"product_tag-smart-casual-footwear","18":"product_tag-wholesale-shoes","19":"desktop-align-center","20":"tablet-align-center","21":"mobile-align-center","23":"first","24":"instock","25":"shipping-taxable","26":"purchasable","27":"product-type-variable","28":"has-default-attributes"},"acf":[],"uagb_featured_image_src":{"full":["https:\/\/turkishtrade.co\/wp-content\/uploads\/2026\/01\/2600QLOMN00047-DARK-BLUE.png",453,250,false],"thumbnail":["https:\/\/turkishtrade.co\/wp-content\/uploads\/2026\/01\/2600QLOMN00047-DARK-BLUE-150x150.png",150,150,true],"medium":["https:\/\/turkishtrade.co\/wp-content\/uploads\/2026\/01\/2600QLOMN00047-DARK-BLUE-300x166.png",300,166,true],"medium_large":["https:\/\/turkishtrade.co\/wp-content\/uploads\/2026\/01\/2600QLOMN00047-DARK-BLUE.png",453,250,false],"large":["https:\/\/turkishtrade.co\/wp-content\/uploads\/2026\/01\/2600QLOMN00047-DARK-BLUE.png",453,250,false],"1536x1536":["https:\/\/turkishtrade.co\/wp-content\/uploads\/2026\/01\/2600QLOMN00047-DARK-BLUE.png",453,250,false],"2048x2048":["https:\/\/turkishtrade.co\/wp-content\/uploads\/2026\/01\/2600QLOMN00047-DARK-BLUE.png",453,250,false],"trp-custom-language-flag":["https:\/\/turkishtrade.co\/wp-content\/uploads\/2026\/01\/2600QLOMN00047-DARK-BLUE-18x10.png",18,10,true],"woocommerce_thumbnail":["https:\/\/turkishtrade.co\/wp-content\/uploads\/2026\/01\/2600QLOMN00047-DARK-BLUE-400x250.png",400,250,true],"woocommerce_single":["https:\/\/turkishtrade.co\/wp-content\/uploads\/2026\/01\/2600QLOMN00047-DARK-BLUE.png",453,250,false],"woocommerce_gallery_thumbnail":["https:\/\/turkishtrade.co\/wp-content\/uploads\/2026\/01\/2600QLOMN00047-DARK-BLUE-100x100.png",100,100,true]},"uagb_author_info":{"display_name":"python python","author_link":"https:\/\/turkishtrade.co\/fr\/author\/"},"uagb_comment_info":0,"uagb_excerpt":"Premium Calf Leather Upper for Durability &amp; Style Luxurious Goat Leather Lining for Breathable Comfort Lightweight &amp; Cushioned EVA Sole for All-Day Support Sophisticated Casual Loafer Design with Elegant Metal Bit Detail Available in Men's Sizes 40-44 (EU) Wholesale Available: Minimum Order Quantity 8 Pairs","_links":{"self":[{"href":"https:\/\/turkishtrade.co\/fr\/wp-json\/wp\/v2\/product\/8595","targetHints":{"allow":["GET"]}}],"collection":[{"href":"https:\/\/turkishtrade.co\/fr\/wp-json\/wp\/v2\/product"}],"about":[{"href":"https:\/\/turkishtrade.co\/fr\/wp-json\/wp\/v2\/types\/product"}],"wp:featuredmedia":[{"embeddable":true,"href":"https:\/\/turkishtrade.co\/fr\/wp-json\/wp\/v2\/media\/6752"}],"wp:attachment":[{"href":"https:\/\/turkishtrade.co\/fr\/wp-json\/wp\/v2\/media?parent=8595"}],"wp:term":[{"taxonomy":"product_brand","embeddable":true,"href":"https:\/\/turkishtrade.co\/fr\/wp-json\/wp\/v2\/product_brand?post=8595"},{"taxonomy":"product_cat","embeddable":true,"href":"https:\/\/turkishtrade.co\/fr\/wp-json\/wp\/v2\/product_cat?post=8595"},{"taxonomy":"product_tag","embeddable":true,"href":"https:\/\/turkishtrade.co\/fr\/wp-json\/wp\/v2\/product_tag?post=8595"}],"curies":[{"name":"wp","href":"https:\/\/api.w.org\/{rel}","templated":true}]}}