{"id":8591,"date":"2026-01-29T14:51:20","date_gmt":"2026-01-29T14:51:20","guid":{"rendered":"https:\/\/turkishtrade.co\/?post_type=product&#038;p=8591"},"modified":"2026-04-09T20:20:29","modified_gmt":"2026-04-09T20:20:29","slug":"mens-calf-leather-loafers-20","status":"publish","type":"product","link":"https:\/\/turkishtrade.co\/fr\/shop\/mens-calf-leather-loafers-20\/","title":{"rendered":"Mocassins en cuir de veau Authentic | Mocassins en cuir de veau Premium Navy"},"content":{"rendered":"<p><strong>Mocassins en cuir de veau pour hommes<\/strong>. Qualit\u00e9 et design authentiques.<\/p>\n<p>Profitez d'un confort sophistiqu\u00e9 et d'un style intemporel gr\u00e2ce \u00e0 nos produits de qualit\u00e9 sup\u00e9rieure. <strong>Mocassins en cuir de veau pour hommes<\/strong>. Con\u00e7us pour l'homme exigeant, ces mocassins d\u00e9contract\u00e9s allient parfaitement l'\u00e9l\u00e9gance classique \u00e0 la praticit\u00e9 moderne. Fabriqu\u00e9e \u00e0 partir du meilleur cuir de veau v\u00e9ritable, chaque paire promet non seulement une durabilit\u00e9 exceptionnelle, mais aussi un toucher luxueux qui ne fera que s'enrichir avec l'\u00e2ge. Faites l'exp\u00e9rience d'une qualit\u00e9 et d'un design in\u00e9gal\u00e9s avec ces mocassins exceptionnels. <strong>Mocassins en cuir de veau pour hommes<\/strong>.<\/p>\n<h3>Un savoir-faire in\u00e9gal\u00e9 et des mat\u00e9riaux de premi\u00e8re qualit\u00e9<\/h3>\n<p>Au c\u0153ur de ces mocassins se trouve un engagement envers des mat\u00e9riaux de qualit\u00e9 sup\u00e9rieure. L'ext\u00e9rieur est fabriqu\u00e9 en cuir de veau pleine fleur souple, r\u00e9put\u00e9 pour sa r\u00e9sistance, sa douceur et sa belle texture naturelle. Cela permet \u00e0 vos chaussures de r\u00e9sister \u00e0 l'usure quotidienne tout en conservant une apparence soign\u00e9e. \u00c0 l'int\u00e9rieur, vos pieds seront berc\u00e9s par une doublure en cuir de ch\u00e8vre luxueusement souple, connue pour sa respirabilit\u00e9 et ses propri\u00e9t\u00e9s d'\u00e9vacuation de l'humidit\u00e9, garantissant un confort et une fra\u00eecheur exceptionnels tout au long de la journ\u00e9e. La base est une semelle EVA l\u00e9g\u00e8re mais robuste, con\u00e7ue pour offrir un excellent amorti, une grande flexibilit\u00e9 et une adh\u00e9rence fiable sans ajouter d'encombrement inutile. Ces \u00e9l\u00e9ments se combinent pour cr\u00e9er <strong>Mocassins en cuir de veau pour hommes<\/strong> qui offrent \u00e0 la fois forme et fonction.<\/p>\n<h3>Un style sans effort pour toutes les occasions<\/h3>\n<p>La conception de ces <strong>Mocassins en cuir de veau pour hommes<\/strong> exsude une sophistication discr\u00e8te. Dot\u00e9s d'un gland classique et d'un mocassin m\u00e9ticuleusement cousu \u00e0 la main, ils capturent l'essence de l'esth\u00e9tique traditionnelle des mocassins. La riche teinte marine offre une alternative polyvalente et \u00e9l\u00e9gante au noir ou au marron classiques, ce qui permet de les associer \u00e0 un large \u00e9ventail de tenues. Qu'il s'agisse d'une tenue de bureau \u00e9l\u00e9gante ou d'une tenue d\u00e9contract\u00e9e pour le week-end, ces mocassins sont le choix id\u00e9al pour ajouter une touche d'\u00e9l\u00e9gance raffin\u00e9e \u00e0 n'importe quel ensemble. Il s'agit v\u00e9ritablement de la quintessence du mocassin d\u00e9contract\u00e9 de l'homme moderne.<\/p>\n<h3>Un confort qui dure toute la journ\u00e9e<\/h3>\n<p>Le confort est primordial dans notre philosophie de conception. La combinaison du cuir de veau souple, de la doublure en cuir de ch\u00e8vre doux et de la semelle flexible en EVA garantit une exp\u00e9rience de port incroyablement confortable du matin au soir. Ces <strong>Mocassins en cuir de veau pour hommes<\/strong> s'adaptent aux contours de vos pieds, offrant un bon amorti et r\u00e9duisant la fatigue. Disponibles dans une gamme compl\u00e8te de pointures europ\u00e9ennes allant du 40 au 44, nous vous garantissons un ajustement parfait, vous permettant de vous d\u00e9placer avec aisance et confiance, quel que soit l'endroit o\u00f9 vous passez la journ\u00e9e.<\/p>\n<h3>Possibilit\u00e9s exclusives de vente en gros<\/h3>\n<p>Pour les entreprises qui souhaitent enrichir leurs stocks avec des chaussures de haute qualit\u00e9 et tr\u00e8s demand\u00e9es, ces chaussures premium <strong>Mocassins en cuir de veau pour hommes<\/strong> sont disponibles \u00e0 l'achat en gros. Nous demandons une quantit\u00e9 minimale de 8 paires, ce qui permet aux d\u00e9taillants de stocker une collection importante. Offrez \u00e0 vos clients un produit qui illustre l'expertise de l'artisanat turc, des mat\u00e9riaux de qualit\u00e9 sup\u00e9rieure et un style durable - un favori garanti pour leur garde-robe.<\/p>\n<p>Investissez dans une paire de nos exceptionnels <strong>Mocassins en cuir de veau pour hommes<\/strong> et red\u00e9finissez vos crit\u00e8res en mati\u00e8re de luxe, de confort et de chaussures d\u00e9contract\u00e9es sophistiqu\u00e9es. Rehaussez votre style personnel ou am\u00e9liorez votre offre de vente au d\u00e9tail avec un produit con\u00e7u pour impressionner et durer.<\/p>","protected":false},"excerpt":{"rendered":"<ul>\n<li>Fabriqu\u00e9 en cuir de veau v\u00e9ritable et souple pour une qualit\u00e9 durable.<\/li>\n<li>La doublure en cuir de ch\u00e8vre luxueusement souple assure un confort et une respirabilit\u00e9 sup\u00e9rieurs.<\/li>\n<li>Semelle EVA l\u00e9g\u00e8re et flexible pour un amorti tout au long de la journ\u00e9e<\/li>\n<li>Il est orn\u00e9 d'un pompon classique et d'une couture mocassin m\u00e9ticuleuse.<\/li>\n<li>Teinte marine sophistiqu\u00e9e, parfaite pour un style polyvalent<\/li>\n<li>Disponible dans les tailles EU 40-44 pour un ajustement parfait<\/li>\n<li>Id\u00e9al pour les commandes en gros avec une quantit\u00e9 minimale de 8 paires<\/li>\n<\/ul>","protected":false},"featured_media":6747,"template":"","meta":{"_acf_changed":false,"_uag_custom_page_level_css":"","site-sidebar-layout":"default","site-content-layout":"","ast-site-content-layout":"default","site-content-style":"default","site-sidebar-style":"default","ast-global-header-display":"","ast-banner-title-visibility":"","ast-main-header-display":"","ast-hfb-above-header-display":"","ast-hfb-below-header-display":"","ast-hfb-mobile-header-display":"","site-post-title":"","ast-breadcrumbs-content":"","ast-featured-img":"","footer-sml-layout":"","ast-disable-related-posts":"","theme-transparent-header-meta":"","adv-header-id-meta":"","stick-header-meta":"","header-above-stick-meta":"","header-main-stick-meta":"","header-below-stick-meta":"","astra-migrate-meta-layouts":"default","ast-page-background-enabled":"default","ast-page-background-meta":{"desktop":{"background-color":"var(--ast-global-color-4)","background-image":"","background-repeat":"repeat","background-position":"center center","background-size":"auto","background-attachment":"scroll","background-type":"","background-media":"","overlay-type":"","overlay-color":"","overlay-opacity":"","overlay-gradient":""},"tablet":{"background-color":"","background-image":"","background-repeat":"repeat","background-position":"center center","background-size":"auto","background-attachment":"scroll","background-type":"","background-media":"","overlay-type":"","overlay-color":"","overlay-opacity":"","overlay-gradient":""},"mobile":{"background-color":"","background-image":"","background-repeat":"repeat","background-position":"center center","background-size":"auto","background-attachment":"scroll","background-type":"","background-media":"","overlay-type":"","overlay-color":"","overlay-opacity":"","overlay-gradient":""}},"ast-content-background-meta":{"desktop":{"background-color":"var(--ast-global-color-5)","background-image":"","background-repeat":"repeat","background-position":"center center","background-size":"auto","background-attachment":"scroll","background-type":"","background-media":"","overlay-type":"","overlay-color":"","overlay-opacity":"","overlay-gradient":""},"tablet":{"background-color":"var(--ast-global-color-5)","background-image":"","background-repeat":"repeat","background-position":"center center","background-size":"auto","background-attachment":"scroll","background-type":"","background-media":"","overlay-type":"","overlay-color":"","overlay-opacity":"","overlay-gradient":""},"mobile":{"background-color":"var(--ast-global-color-5)","background-image":"","background-repeat":"repeat","background-position":"center center","background-size":"auto","background-attachment":"scroll","background-type":"","background-media":"","overlay-type":"","overlay-color":"","overlay-opacity":"","overlay-gradient":""}}},"product_brand":[],"product_cat":[48,49,430,1200],"product_tag":[185,449,287,189,967,186,372,557,525,349],"class_list":{"0":"post-8591","1":"product","2":"type-product","3":"status-publish","4":"has-post-thumbnail","6":"product_cat-casual","7":"product_cat-loafer","8":"product_cat-men","9":"product_cat-mens-shoes-2","10":"product_tag-calf-leather-shoes","11":"product_tag-casual-shoes","12":"product_tag-eva-sole-shoes","13":"product_tag-goat-leather-lining","14":"product_tag-leather-casual-shoes","15":"product_tag-mens-loafers","16":"product_tag-mens-slip-on-shoes","17":"product_tag-navy-loafers","18":"product_tag-premium-leather-footwear","19":"product_tag-tassel-loafers","20":"desktop-align-center","21":"tablet-align-center","22":"mobile-align-center","24":"first","25":"instock","26":"shipping-taxable","27":"purchasable","28":"product-type-variable","29":"has-default-attributes"},"acf":[],"uagb_featured_image_src":{"full":["https:\/\/turkishtrade.co\/wp-content\/uploads\/2026\/01\/2600QLOMN00043-GREY.png",453,250,false],"thumbnail":["https:\/\/turkishtrade.co\/wp-content\/uploads\/2026\/01\/2600QLOMN00043-GREY-150x150.png",150,150,true],"medium":["https:\/\/turkishtrade.co\/wp-content\/uploads\/2026\/01\/2600QLOMN00043-GREY-300x166.png",300,166,true],"medium_large":["https:\/\/turkishtrade.co\/wp-content\/uploads\/2026\/01\/2600QLOMN00043-GREY.png",453,250,false],"large":["https:\/\/turkishtrade.co\/wp-content\/uploads\/2026\/01\/2600QLOMN00043-GREY.png",453,250,false],"1536x1536":["https:\/\/turkishtrade.co\/wp-content\/uploads\/2026\/01\/2600QLOMN00043-GREY.png",453,250,false],"2048x2048":["https:\/\/turkishtrade.co\/wp-content\/uploads\/2026\/01\/2600QLOMN00043-GREY.png",453,250,false],"trp-custom-language-flag":["https:\/\/turkishtrade.co\/wp-content\/uploads\/2026\/01\/2600QLOMN00043-GREY-18x10.png",18,10,true],"woocommerce_thumbnail":["https:\/\/turkishtrade.co\/wp-content\/uploads\/2026\/01\/2600QLOMN00043-GREY-400x250.png",400,250,true],"woocommerce_single":["https:\/\/turkishtrade.co\/wp-content\/uploads\/2026\/01\/2600QLOMN00043-GREY.png",453,250,false],"woocommerce_gallery_thumbnail":["https:\/\/turkishtrade.co\/wp-content\/uploads\/2026\/01\/2600QLOMN00043-GREY-100x100.png",100,100,true]},"uagb_author_info":{"display_name":"python python","author_link":"https:\/\/turkishtrade.co\/fr\/author\/"},"uagb_comment_info":0,"uagb_excerpt":"Crafted from genuine, supple calf leather for lasting quality Luxuriously soft goat leather lining ensures superior comfort and breathability Lightweight and flexible EVA sole provides all-day cushioning Features a classic tassel detail and meticulous moccasin stitching Sophisticated navy hue, perfect for versatile styling Available in EU sizes 40-44 for a perfect fit Ideal for wholesale\u2026","_links":{"self":[{"href":"https:\/\/turkishtrade.co\/fr\/wp-json\/wp\/v2\/product\/8591","targetHints":{"allow":["GET"]}}],"collection":[{"href":"https:\/\/turkishtrade.co\/fr\/wp-json\/wp\/v2\/product"}],"about":[{"href":"https:\/\/turkishtrade.co\/fr\/wp-json\/wp\/v2\/types\/product"}],"wp:featuredmedia":[{"embeddable":true,"href":"https:\/\/turkishtrade.co\/fr\/wp-json\/wp\/v2\/media\/6747"}],"wp:attachment":[{"href":"https:\/\/turkishtrade.co\/fr\/wp-json\/wp\/v2\/media?parent=8591"}],"wp:term":[{"taxonomy":"product_brand","embeddable":true,"href":"https:\/\/turkishtrade.co\/fr\/wp-json\/wp\/v2\/product_brand?post=8591"},{"taxonomy":"product_cat","embeddable":true,"href":"https:\/\/turkishtrade.co\/fr\/wp-json\/wp\/v2\/product_cat?post=8591"},{"taxonomy":"product_tag","embeddable":true,"href":"https:\/\/turkishtrade.co\/fr\/wp-json\/wp\/v2\/product_tag?post=8591"}],"curies":[{"name":"wp","href":"https:\/\/api.w.org\/{rel}","templated":true}]}}