{"id":8587,"date":"2026-01-29T14:51:20","date_gmt":"2026-01-29T14:51:20","guid":{"rendered":"https:\/\/turkishtrade.co\/?post_type=product&#038;p=8587"},"modified":"2026-04-09T20:20:41","modified_gmt":"2026-04-09T20:20:41","slug":"mens-calf-leather-loafers-19","status":"publish","type":"product","link":"https:\/\/turkishtrade.co\/fr\/shop\/mens-calf-leather-loafers-19\/","title":{"rendered":"Mocassins en cuir de veau pour hommes Ultimate | Mocassins en cuir de veau de qualit\u00e9 sup\u00e9rieure pour hommes"},"content":{"rendered":"<p><strong>Mocassins en cuir de veau pour hommes<\/strong>. Qualit\u00e9 et design ultimes.<\/p>\n<p>D\u00e9couvrez le m\u00e9lange ultime de style, de confort et de durabilit\u00e9 avec nos produits de qualit\u00e9 sup\u00e9rieure. <strong>Mocassins en cuir de veau pour hommes<\/strong>. Con\u00e7us pour l'homme moderne, ces mocassins d\u00e9contract\u00e9s exceptionnels sont destin\u00e9s \u00e0 rehausser votre tenue de tous les jours, offrant un look \u00e0 la fois sophistiqu\u00e9 et d\u00e9contract\u00e9. La tige luxueuse est m\u00e9ticuleusement fabriqu\u00e9e en cuir de veau Eva de haute qualit\u00e9, connu pour sa texture souple et sa r\u00e9sistance durable. Cela garantit que vos <strong>Mocassins en cuir de veau pour hommes<\/strong> Les chaussures en cuir de veau ne sont pas seulement superbes, elles r\u00e9sistent aussi \u00e0 l'\u00e9preuve du temps et s'adaptent parfaitement \u00e0 votre pied \u00e0 chaque utilisation. D\u00e9couvrez la qualit\u00e9 in\u00e9gal\u00e9e des chaussures en cuir de veau v\u00e9ritable.<\/p>\n<h3>Confort in\u00e9gal\u00e9 gr\u00e2ce \u00e0 la doublure en cuir de ch\u00e8vre<\/h3>\n<p>Ce qui distingue vraiment ces <strong>Mocassins en cuir de veau pour hommes<\/strong> Le plus important, c'est leur int\u00e9rieur exquis. Chaque paire est doubl\u00e9e de cuir de ch\u00e8vre incroyablement doux, pour une exp\u00e9rience respirante et extr\u00eamement confortable. Cette doublure naturelle \u00e9vacue l'humidit\u00e9, gardant vos pieds frais tout au long de la journ\u00e9e, ce qui en fait des mocassins d\u00e9contract\u00e9s id\u00e9aux pour un usage prolong\u00e9. Dites adieu \u00e0 l'inconfort et bonjour \u00e0 une chaussure aussi agr\u00e9able \u00e0 porter qu'\u00e0 regarder. L'attention port\u00e9e aux d\u00e9tails de la doublure en cuir de ch\u00e8vre refl\u00e8te notre engagement \u00e0 fournir un travail de qualit\u00e9 sup\u00e9rieure et \u00e0 satisfaire les utilisateurs, ce qui fait de ces mocassins pour hommes les plus confortables que vous poss\u00e9derez.<\/p>\n<h3>Un design \u00e9l\u00e9gant et une construction de qualit\u00e9 sup\u00e9rieure<\/h3>\n<p>Notre <strong>Mocassins en cuir de veau pour hommes<\/strong> Les chaussures \u00e0 talon sont dot\u00e9es d'un design intemporel et d'une \u00e9l\u00e9gante boucle en m\u00e9tal qui leur conf\u00e8re une touche de raffinement classique. La semelle en EVA, \u00e0 la fois robuste et l\u00e9g\u00e8re, offre un excellent amorti et une grande souplesse, garantissant une foul\u00e9e confortable sur toutes les surfaces. Son motif antid\u00e9rapant, visible sur la semelle ext\u00e9rieure, offre une traction fiable, faisant de ces mocassins en cuir de veau marron des chaussures parfaites pour les promenades en ville et les week-ends d\u00e9contract\u00e9s. Disponibles dans les tailles 40, 41, 42, 43 et 44, ces \u00e9l\u00e9gants mocassins pour hommes conviennent \u00e0 un large \u00e9ventail de pieds, assurant un ajustement parfait \u00e0 tous les hommes \u00e0 la recherche de chaussures d\u00e9contract\u00e9es en cuir de veau de qualit\u00e9 sup\u00e9rieure.<\/p>\n<h3>Une polyvalence pour toutes les occasions<\/h3>\n<p>Ces produits polyvalents <strong>Mocassins en cuir de veau pour hommes<\/strong> sont les chaussures qu'il vous faut pour une multitude d'occasions. Que vous vous rendiez \u00e0 une r\u00e9union d'affaires d\u00e9contract\u00e9e, que vous preniez un brunch le week-end ou que vous recherchiez simplement des chaussures de tous les jours \u00e0 la fois confortables et chics, ces mocassins d\u00e9contract\u00e9s en cuir de veau compl\u00e9teront votre tenue sans effort. Associez-les \u00e0 des pantalons chino, des shorts ajust\u00e9s ou m\u00eame des jeans \u00e9l\u00e9gants pour un look soign\u00e9 qui respire la confiance. La riche teinte marron apporte chaleur et sophistication, ce qui en fait un compl\u00e9ment essentiel \u00e0 la garde-robe de tout gentleman exigeant. Investissez dans ces mocassins en cuir de veau de haute qualit\u00e9 pour hommes pour une touche d'\u00e9l\u00e9gance d\u00e9contract\u00e9e et raffin\u00e9e.<\/p>\n<h3>Possibilit\u00e9s de vente en gros<\/h3>\n<p>Nous sommes fiers de proposer ces produits de qualit\u00e9 sup\u00e9rieure <strong>Mocassins en cuir de veau pour hommes<\/strong> pour la vente en gros. Avec une commande minimum de 8 paires, les entreprises peuvent s'approvisionner en chaussures pour hommes de haute qualit\u00e9 qui promettent \u00e0 la fois style et confort. Investissez dans ces mocassins en cuir de veau durables et \u00e0 la mode pour offrir \u00e0 vos clients un produit exceptionnel qui se d\u00e9marque sur le march\u00e9. D\u00e9couvrez le m\u00e9lange parfait de l'artisanat turc et du design contemporain avec notre collection exquise de mocassins d\u00e9contract\u00e9s pour hommes, id\u00e9ale pour les achats en gros et le succ\u00e8s de la vente au d\u00e9tail.<\/p>","protected":false},"excerpt":{"rendered":"<ul>\n<li>Fabriqu\u00e9 en cuir de veau Eva de premi\u00e8re qualit\u00e9 pour un look sophistiqu\u00e9.<\/li>\n<li>La doublure en cuir de ch\u00e8vre luxueux offre une respirabilit\u00e9 et un confort exceptionnels.<\/li>\n<li>Mocassins d\u00e9contract\u00e9s et intemporels avec une \u00e9l\u00e9gante boucle en m\u00e9tal<\/li>\n<li>Semelle EVA l\u00e9g\u00e8re et flexible pour une traction et un amorti sup\u00e9rieurs.<\/li>\n<li>Disponible dans une gamme de tailles polyvalentes : 40, 41, 42, 43, 44<\/li>\n<li>Possibilit\u00e9 de vente en gros pour des commandes minimales de 8 paires.<\/li>\n<\/ul>","protected":false},"featured_media":6743,"template":"","meta":{"_acf_changed":false,"_uag_custom_page_level_css":"","site-sidebar-layout":"default","site-content-layout":"","ast-site-content-layout":"default","site-content-style":"default","site-sidebar-style":"default","ast-global-header-display":"","ast-banner-title-visibility":"","ast-main-header-display":"","ast-hfb-above-header-display":"","ast-hfb-below-header-display":"","ast-hfb-mobile-header-display":"","site-post-title":"","ast-breadcrumbs-content":"","ast-featured-img":"","footer-sml-layout":"","ast-disable-related-posts":"","theme-transparent-header-meta":"","adv-header-id-meta":"","stick-header-meta":"","header-above-stick-meta":"","header-main-stick-meta":"","header-below-stick-meta":"","astra-migrate-meta-layouts":"default","ast-page-background-enabled":"default","ast-page-background-meta":{"desktop":{"background-color":"var(--ast-global-color-4)","background-image":"","background-repeat":"repeat","background-position":"center center","background-size":"auto","background-attachment":"scroll","background-type":"","background-media":"","overlay-type":"","overlay-color":"","overlay-opacity":"","overlay-gradient":""},"tablet":{"background-color":"","background-image":"","background-repeat":"repeat","background-position":"center center","background-size":"auto","background-attachment":"scroll","background-type":"","background-media":"","overlay-type":"","overlay-color":"","overlay-opacity":"","overlay-gradient":""},"mobile":{"background-color":"","background-image":"","background-repeat":"repeat","background-position":"center center","background-size":"auto","background-attachment":"scroll","background-type":"","background-media":"","overlay-type":"","overlay-color":"","overlay-opacity":"","overlay-gradient":""}},"ast-content-background-meta":{"desktop":{"background-color":"var(--ast-global-color-5)","background-image":"","background-repeat":"repeat","background-position":"center center","background-size":"auto","background-attachment":"scroll","background-type":"","background-media":"","overlay-type":"","overlay-color":"","overlay-opacity":"","overlay-gradient":""},"tablet":{"background-color":"var(--ast-global-color-5)","background-image":"","background-repeat":"repeat","background-position":"center center","background-size":"auto","background-attachment":"scroll","background-type":"","background-media":"","overlay-type":"","overlay-color":"","overlay-opacity":"","overlay-gradient":""},"mobile":{"background-color":"var(--ast-global-color-5)","background-image":"","background-repeat":"repeat","background-position":"center center","background-size":"auto","background-attachment":"scroll","background-type":"","background-media":"","overlay-type":"","overlay-color":"","overlay-opacity":"","overlay-gradient":""}}},"product_brand":[],"product_cat":[48,49,430,1200],"product_tag":[147,185,512,438,189,351,198,186,546,456],"class_list":{"0":"post-8587","1":"product","2":"type-product","3":"status-publish","4":"has-post-thumbnail","6":"product_cat-casual","7":"product_cat-loafer","8":"product_cat-men","9":"product_cat-mens-shoes-2","10":"product_tag-brown-loafers","11":"product_tag-calf-leather-shoes","12":"product_tag-casual-loafers","13":"product_tag-eva-sole","14":"product_tag-goat-leather-lining","15":"product_tag-leather-footwear","16":"product_tag-mens-fashion","17":"product_tag-mens-loafers","18":"product_tag-stylish-mens-shoes","19":"product_tag-wholesale-loafers","20":"desktop-align-center","21":"tablet-align-center","22":"mobile-align-center","24":"first","25":"instock","26":"shipping-taxable","27":"purchasable","28":"product-type-variable","29":"has-default-attributes"},"acf":[],"uagb_featured_image_src":{"full":["https:\/\/turkishtrade.co\/wp-content\/uploads\/2026\/01\/2600QLOMN00039-BROWN.png",453,250,false],"thumbnail":["https:\/\/turkishtrade.co\/wp-content\/uploads\/2026\/01\/2600QLOMN00039-BROWN-150x150.png",150,150,true],"medium":["https:\/\/turkishtrade.co\/wp-content\/uploads\/2026\/01\/2600QLOMN00039-BROWN-300x166.png",300,166,true],"medium_large":["https:\/\/turkishtrade.co\/wp-content\/uploads\/2026\/01\/2600QLOMN00039-BROWN.png",453,250,false],"large":["https:\/\/turkishtrade.co\/wp-content\/uploads\/2026\/01\/2600QLOMN00039-BROWN.png",453,250,false],"1536x1536":["https:\/\/turkishtrade.co\/wp-content\/uploads\/2026\/01\/2600QLOMN00039-BROWN.png",453,250,false],"2048x2048":["https:\/\/turkishtrade.co\/wp-content\/uploads\/2026\/01\/2600QLOMN00039-BROWN.png",453,250,false],"trp-custom-language-flag":["https:\/\/turkishtrade.co\/wp-content\/uploads\/2026\/01\/2600QLOMN00039-BROWN-18x10.png",18,10,true],"woocommerce_thumbnail":["https:\/\/turkishtrade.co\/wp-content\/uploads\/2026\/01\/2600QLOMN00039-BROWN-400x250.png",400,250,true],"woocommerce_single":["https:\/\/turkishtrade.co\/wp-content\/uploads\/2026\/01\/2600QLOMN00039-BROWN.png",453,250,false],"woocommerce_gallery_thumbnail":["https:\/\/turkishtrade.co\/wp-content\/uploads\/2026\/01\/2600QLOMN00039-BROWN-100x100.png",100,100,true]},"uagb_author_info":{"display_name":"python python","author_link":"https:\/\/turkishtrade.co\/fr\/author\/"},"uagb_comment_info":0,"uagb_excerpt":"Crafted from premium Eva calf leather for a sophisticated look Luxurious goat leather lining provides exceptional breathability and comfort Timeless casual loafer design with elegant metal buckle detail Lightweight and flexible EVA sole for superior traction and cushioning Available in a versatile size range: 40, 41, 42, 43, 44 Wholesale opportunities available for minimum orders\u2026","_links":{"self":[{"href":"https:\/\/turkishtrade.co\/fr\/wp-json\/wp\/v2\/product\/8587","targetHints":{"allow":["GET"]}}],"collection":[{"href":"https:\/\/turkishtrade.co\/fr\/wp-json\/wp\/v2\/product"}],"about":[{"href":"https:\/\/turkishtrade.co\/fr\/wp-json\/wp\/v2\/types\/product"}],"wp:featuredmedia":[{"embeddable":true,"href":"https:\/\/turkishtrade.co\/fr\/wp-json\/wp\/v2\/media\/6743"}],"wp:attachment":[{"href":"https:\/\/turkishtrade.co\/fr\/wp-json\/wp\/v2\/media?parent=8587"}],"wp:term":[{"taxonomy":"product_brand","embeddable":true,"href":"https:\/\/turkishtrade.co\/fr\/wp-json\/wp\/v2\/product_brand?post=8587"},{"taxonomy":"product_cat","embeddable":true,"href":"https:\/\/turkishtrade.co\/fr\/wp-json\/wp\/v2\/product_cat?post=8587"},{"taxonomy":"product_tag","embeddable":true,"href":"https:\/\/turkishtrade.co\/fr\/wp-json\/wp\/v2\/product_tag?post=8587"}],"curies":[{"name":"wp","href":"https:\/\/api.w.org\/{rel}","templated":true}]}}