{"id":8586,"date":"2026-01-29T14:51:19","date_gmt":"2026-01-29T14:51:19","guid":{"rendered":"https:\/\/turkishtrade.co\/?post_type=product&#038;p=8586"},"modified":"2026-04-09T20:20:43","modified_gmt":"2026-04-09T20:20:43","slug":"black-calf-leather-casual-loafers","status":"publish","type":"product","link":"https:\/\/turkishtrade.co\/fr\/shop\/black-calf-leather-casual-loafers\/","title":{"rendered":"Cuir de veau noir Loafers Casual Sensational | Hommes Cuir de veau noir Casual"},"content":{"rendered":"<p><strong>Mocassins d\u00e9contract\u00e9s en cuir de veau noir<\/strong>. Une qualit\u00e9 et un design sensationnels.<\/p>\n<p>Entrez dans un style et un confort in\u00e9gal\u00e9s gr\u00e2ce \u00e0 nos magnifiques <strong>Mocassins d\u00e9contract\u00e9s en cuir de veau noir<\/strong>. Con\u00e7us pour l'homme moderne qui appr\u00e9cie \u00e0 la fois l'esth\u00e9tique et la fonctionnalit\u00e9, ces mocassins sont le compl\u00e9ment indispensable de toute garde-robe sophistiqu\u00e9e. Fabriqu\u00e9s en cuir de veau Eva (dana deri), r\u00e9put\u00e9 pour sa texture lisse et sa durabilit\u00e9 exceptionnelle, ces mocassins conserveront leur \u00e9l\u00e9gance pendant des ann\u00e9es. La teinte noire profonde offre une polyvalence intemporelle, ce qui fait de ces chaussures des chaussures \u00e0 la mode. <strong>Mocassins d\u00e9contract\u00e9s en cuir de veau noir<\/strong> convient \u00e0 une myriade d'occasions, des r\u00e9unions d'affaires d\u00e9contract\u00e9es aux sorties d\u00e9contract\u00e9es du week-end.<\/p>\n<p>Au-del\u00e0 de leur aspect ext\u00e9rieur remarquable, le v\u00e9ritable luxe se trouve \u00e0 l'int\u00e9rieur. Chaque paire est m\u00e9ticuleusement doubl\u00e9e de cuir de ch\u00e8vre somptueusement doux (keci astar). Cette doublure naturelle est r\u00e9put\u00e9e pour sa respirabilit\u00e9 et ses propri\u00e9t\u00e9s d'\u00e9vacuation de l'humidit\u00e9, ce qui garantit le confort et la fra\u00eecheur de vos pieds, m\u00eame apr\u00e8s un usage prolong\u00e9. L'association judicieuse d'un cuir de veau robuste et d'une doublure en ch\u00e8vre douce cr\u00e9e un environnement ergonomique qui se moule \u00e0 vos pieds, offrant un ajustement sur mesure et un amorti sup\u00e9rieur. La boucle m\u00e9tallique subtile mais raffin\u00e9e sur l'empeigne ajoute une touche d'\u00e9l\u00e9gance moderne \u00e0 ces chaussures classiques. <strong>Mocassins d\u00e9contract\u00e9s en cuir de veau noir<\/strong>, Les chaussures de sport de la s\u00e9rie \"B\" ont \u00e9t\u00e9 con\u00e7ues de mani\u00e8re \u00e0 ce qu'elles soient plus attrayantes, sans pour autant faire de l'ombre \u00e0 leur charme discret. Ces produits polyvalents <strong>Mocassins d\u00e9contract\u00e9s en cuir de veau noir<\/strong> red\u00e9finir l'\u00e9l\u00e9gance au quotidien.<\/p>\n<h3>Un savoir-faire in\u00e9gal\u00e9 et un style polyvalent<\/h3>\n<p>Notre d\u00e9vouement \u00e0 la qualit\u00e9 est \u00e9vident dans chaque point et d\u00e9tail de ces mocassins haut de gamme. La construction robuste garantit la long\u00e9vit\u00e9, tandis que la semelle flexible offre une traction et un soutien excellents, permettant de se d\u00e9placer sans effort tout au long de la journ\u00e9e. Que vous naviguiez dans des paysages urbains ou que vous vous promeniez tranquillement, ces mocassins sont con\u00e7us pour offrir un maximum de confort et de stabilit\u00e9. La silhouette classique des mocassins, rehauss\u00e9e par le riche cuir de veau noir, s'associe parfaitement \u00e0 diverses tenues, qu'il s'agisse de pantalons cintr\u00e9s, de chemises impeccables, de jeans \u00e9l\u00e9gants ou de blazers. Ils font sans effort le lien entre le formel et le d\u00e9contract\u00e9, ce qui en fait un choix de chaussures indispensable. Parfaitement adapt\u00e9es \u00e0 vos tenues professionnelles et de loisir, ces chaussures de sport en cuir s'adaptent parfaitement \u00e0 votre style de vie. <strong>Mocassins d\u00e9contract\u00e9s en cuir de veau noir<\/strong> t\u00e9moignent d'un style durable.<\/p>\n<p>Disponibles dans une gamme de tailles pratiques (EU 40, 41, 42, 43 et 44), il est facile de trouver la chaussure id\u00e9ale. Nous nous adressons \u00e9galement aux entreprises qui souhaitent stocker des chaussures de haute qualit\u00e9. Ces chaussures \u00e9l\u00e9gantes et confortables <strong>Mocassins d\u00e9contract\u00e9s en cuir de veau noir<\/strong> sont disponibles \u00e0 l'achat en gros, avec une commande minimum de 8 paires. Il s'agit d'une excellente occasion pour les d\u00e9taillants d'offrir \u00e0 leurs clients un produit qui allie l'artisanat turc au style mondial. Rehaussez votre collection de chaussures ou \u00e9largissez votre offre de vente au d\u00e9tail avec ces mocassins d\u00e9contract\u00e9s exceptionnellement bien fabriqu\u00e9s et esth\u00e9tiquement agr\u00e9ables.<\/p>","protected":false},"excerpt":{"rendered":"<ul>\n<li>Fabriqu\u00e9 en cuir de veau Eva (Dana Deri) de premi\u00e8re qualit\u00e9 pour une durabilit\u00e9 exceptionnelle et un style \u00e9l\u00e9gant.<\/li>\n<li>Doublure en cuir de ch\u00e8vre luxueux (Keci Astar) pour une respirabilit\u00e9 sup\u00e9rieure et un confort tout au long de la journ\u00e9e.<\/li>\n<li>Mocassins classiques et d\u00e9contract\u00e9s avec une boucle moderne, parfaits pour un style polyvalent.<\/li>\n<li>Disponible dans une large gamme de tailles : EU 40, 41, 42, 43, 44.<\/li>\n<li>Id\u00e9al pour l'achat individuel et la vente en gros (commande minimum : 8 paires).<\/li>\n<\/ul>","protected":false},"featured_media":6742,"template":"","meta":{"_acf_changed":false,"_uag_custom_page_level_css":"","site-sidebar-layout":"default","site-content-layout":"","ast-site-content-layout":"default","site-content-style":"default","site-sidebar-style":"default","ast-global-header-display":"","ast-banner-title-visibility":"","ast-main-header-display":"","ast-hfb-above-header-display":"","ast-hfb-below-header-display":"","ast-hfb-mobile-header-display":"","site-post-title":"","ast-breadcrumbs-content":"","ast-featured-img":"","footer-sml-layout":"","ast-disable-related-posts":"","theme-transparent-header-meta":"","adv-header-id-meta":"","stick-header-meta":"","header-above-stick-meta":"","header-main-stick-meta":"","header-below-stick-meta":"","astra-migrate-meta-layouts":"default","ast-page-background-enabled":"default","ast-page-background-meta":{"desktop":{"background-color":"var(--ast-global-color-4)","background-image":"","background-repeat":"repeat","background-position":"center center","background-size":"auto","background-attachment":"scroll","background-type":"","background-media":"","overlay-type":"","overlay-color":"","overlay-opacity":"","overlay-gradient":""},"tablet":{"background-color":"","background-image":"","background-repeat":"repeat","background-position":"center center","background-size":"auto","background-attachment":"scroll","background-type":"","background-media":"","overlay-type":"","overlay-color":"","overlay-opacity":"","overlay-gradient":""},"mobile":{"background-color":"","background-image":"","background-repeat":"repeat","background-position":"center center","background-size":"auto","background-attachment":"scroll","background-type":"","background-media":"","overlay-type":"","overlay-color":"","overlay-opacity":"","overlay-gradient":""}},"ast-content-background-meta":{"desktop":{"background-color":"var(--ast-global-color-5)","background-image":"","background-repeat":"repeat","background-position":"center center","background-size":"auto","background-attachment":"scroll","background-type":"","background-media":"","overlay-type":"","overlay-color":"","overlay-opacity":"","overlay-gradient":""},"tablet":{"background-color":"var(--ast-global-color-5)","background-image":"","background-repeat":"repeat","background-position":"center center","background-size":"auto","background-attachment":"scroll","background-type":"","background-media":"","overlay-type":"","overlay-color":"","overlay-opacity":"","overlay-gradient":""},"mobile":{"background-color":"var(--ast-global-color-5)","background-image":"","background-repeat":"repeat","background-position":"center center","background-size":"auto","background-attachment":"scroll","background-type":"","background-media":"","overlay-type":"","overlay-color":"","overlay-opacity":"","overlay-gradient":""}}},"product_brand":[],"product_cat":[48,49,430,1200],"product_tag":[1435,457,272,189,215,632,670,456],"class_list":{"0":"post-8586","1":"product","2":"type-product","3":"status-publish","4":"has-post-thumbnail","6":"product_cat-casual","7":"product_cat-loafer","8":"product_cat-men","9":"product_cat-mens-shoes-2","10":"product_tag-black-calf-leather-loafers","11":"product_tag-classic-loafers","12":"product_tag-comfort-shoes","13":"product_tag-goat-leather-lining","14":"product_tag-leather-loafers","15":"product_tag-premium-leather-shoes","16":"product_tag-stylish-loafers","17":"product_tag-wholesale-loafers","18":"desktop-align-center","19":"tablet-align-center","20":"mobile-align-center","22":"first","23":"instock","24":"shipping-taxable","25":"purchasable","26":"product-type-variable","27":"has-default-attributes"},"acf":[],"uagb_featured_image_src":{"full":["https:\/\/turkishtrade.co\/wp-content\/uploads\/2026\/01\/2600QLOMN00038-BLACK.png",453,250,false],"thumbnail":["https:\/\/turkishtrade.co\/wp-content\/uploads\/2026\/01\/2600QLOMN00038-BLACK-150x150.png",150,150,true],"medium":["https:\/\/turkishtrade.co\/wp-content\/uploads\/2026\/01\/2600QLOMN00038-BLACK-300x166.png",300,166,true],"medium_large":["https:\/\/turkishtrade.co\/wp-content\/uploads\/2026\/01\/2600QLOMN00038-BLACK.png",453,250,false],"large":["https:\/\/turkishtrade.co\/wp-content\/uploads\/2026\/01\/2600QLOMN00038-BLACK.png",453,250,false],"1536x1536":["https:\/\/turkishtrade.co\/wp-content\/uploads\/2026\/01\/2600QLOMN00038-BLACK.png",453,250,false],"2048x2048":["https:\/\/turkishtrade.co\/wp-content\/uploads\/2026\/01\/2600QLOMN00038-BLACK.png",453,250,false],"trp-custom-language-flag":["https:\/\/turkishtrade.co\/wp-content\/uploads\/2026\/01\/2600QLOMN00038-BLACK-18x10.png",18,10,true],"woocommerce_thumbnail":["https:\/\/turkishtrade.co\/wp-content\/uploads\/2026\/01\/2600QLOMN00038-BLACK-400x250.png",400,250,true],"woocommerce_single":["https:\/\/turkishtrade.co\/wp-content\/uploads\/2026\/01\/2600QLOMN00038-BLACK.png",453,250,false],"woocommerce_gallery_thumbnail":["https:\/\/turkishtrade.co\/wp-content\/uploads\/2026\/01\/2600QLOMN00038-BLACK-100x100.png",100,100,true]},"uagb_author_info":{"display_name":"python python","author_link":"https:\/\/turkishtrade.co\/fr\/author\/"},"uagb_comment_info":0,"uagb_excerpt":"Crafted from premium Eva Calf Leather (Dana Deri) for exceptional durability and sleek style. Features a luxurious goat leather (Keci Astar) lining for superior breathability and all-day comfort. Classic casual loafer design with a modern buckle accent, perfect for versatile styling. Available in a comprehensive size range: EU 40, 41, 42, 43, 44. Ideal for\u2026","_links":{"self":[{"href":"https:\/\/turkishtrade.co\/fr\/wp-json\/wp\/v2\/product\/8586","targetHints":{"allow":["GET"]}}],"collection":[{"href":"https:\/\/turkishtrade.co\/fr\/wp-json\/wp\/v2\/product"}],"about":[{"href":"https:\/\/turkishtrade.co\/fr\/wp-json\/wp\/v2\/types\/product"}],"wp:featuredmedia":[{"embeddable":true,"href":"https:\/\/turkishtrade.co\/fr\/wp-json\/wp\/v2\/media\/6742"}],"wp:attachment":[{"href":"https:\/\/turkishtrade.co\/fr\/wp-json\/wp\/v2\/media?parent=8586"}],"wp:term":[{"taxonomy":"product_brand","embeddable":true,"href":"https:\/\/turkishtrade.co\/fr\/wp-json\/wp\/v2\/product_brand?post=8586"},{"taxonomy":"product_cat","embeddable":true,"href":"https:\/\/turkishtrade.co\/fr\/wp-json\/wp\/v2\/product_cat?post=8586"},{"taxonomy":"product_tag","embeddable":true,"href":"https:\/\/turkishtrade.co\/fr\/wp-json\/wp\/v2\/product_tag?post=8586"}],"curies":[{"name":"wp","href":"https:\/\/api.w.org\/{rel}","templated":true}]}}