{"id":8583,"date":"2026-01-29T14:51:19","date_gmt":"2026-01-29T14:51:19","guid":{"rendered":"https:\/\/turkishtrade.co\/?post_type=product&#038;p=8583"},"modified":"2026-04-09T20:20:51","modified_gmt":"2026-04-09T20:20:51","slug":"mens-calf-leather-loafers-17","status":"publish","type":"product","link":"https:\/\/turkishtrade.co\/fr\/shop\/mens-calf-leather-loafers-17\/","title":{"rendered":"Mocassins en cuir de veau Hommes Luxury | Tan Embossed Calf Leather Men's"},"content":{"rendered":"<p><strong>Mocassins en cuir de veau pour hommes<\/strong>. Qualit\u00e9 et design de luxe.<\/p>\n<p>Entrez dans un style et un confort in\u00e9gal\u00e9s gr\u00e2ce \u00e0 nos magnifiques <strong>Mocassins en cuir de veau pour hommes<\/strong>. Con\u00e7us pour l'homme moderne qui appr\u00e9cie \u00e0 la fois l'\u00e9l\u00e9gance et la facilit\u00e9, ces mocassins t\u00e9moignent d'un savoir-faire sup\u00e9rieur. L'empeigne tan, m\u00e9ticuleusement confectionn\u00e9e en cuir de veau v\u00e9ritable, pr\u00e9sente un motif g\u00e9om\u00e9trique gaufr\u00e9 unique qui les distingue des chaussures ordinaires. Un \u00e9l\u00e9gant mors de cheval m\u00e9tallique orne l'empeigne, ajoutant une touche de raffinement sophistiqu\u00e9 \u00e0 ce classique d\u00e9contract\u00e9.<\/p>\n<p>Faites l'exp\u00e9rience du luxe de l'int\u00e9rieur vers l'ext\u00e9rieur. Chaque paire de ces <strong>mocassins en cuir de veau pour hommes<\/strong> est doubl\u00e9e de cuir de ch\u00e8vre doux et souple, connu pour ses propri\u00e9t\u00e9s exceptionnelles de respirabilit\u00e9 et d'\u00e9vacuation de l'humidit\u00e9. Ainsi, vos pieds restent confortables et frais, m\u00eame en cas de port prolong\u00e9. La semelle en EVA, \u00e0 la fois durable et l\u00e9g\u00e8re, offre un excellent amorti et une grande souplesse, pour que chaque pas se fasse sans effort. Que vous naviguiez dans les rues de la ville ou que vous profitiez d'un week-end d\u00e9contract\u00e9, ces mocassins offrent le m\u00e9lange parfait de soutien et de style.<\/p>\n<h3>Qualit\u00e9 in\u00e9gal\u00e9e et style polyvalent<\/h3>\n<p>Notre <strong>mocassins en cuir de veau pour hommes<\/strong> sont plus que de simples chaussures, elles sont un investissement dans un style durable. Le cuir de veau robuste promet une grande long\u00e9vit\u00e9, conservant son aspect sophistiqu\u00e9 au fil du temps avec un entretien ad\u00e9quat. La teinte beige polyvalente de ces mocassins permet de les associer \u00e0 un large \u00e9ventail de tenues, des chinos aux shorts en passant par les pantalons \u00e9l\u00e9gants et les blazers. Rehaussez votre look de tous les jours avec des chaussures qui passent sans probl\u00e8me d'un brunch d\u00e9contract\u00e9 \u00e0 une soir\u00e9e.<\/p>\n<p>Fabriqu\u00e9s \u00e0 la perfection, ces mocassins sont disponibles dans une gamme compl\u00e8te de tailles allant du 40 au 44, garantissant un ajustement parfait \u00e0 une large client\u00e8le. L'attention port\u00e9e aux d\u00e9tails, des coutures pr\u00e9cises aux mat\u00e9riaux s\u00e9lectionn\u00e9s avec soin, souligne notre engagement en faveur de la qualit\u00e9. Pour les d\u00e9taillants qui cherchent \u00e0 offrir des chaussures exceptionnelles, ces chaussures sophistiqu\u00e9es sont la solution id\u00e9ale. <strong>mocassins en cuir de veau pour hommes<\/strong> sont disponibles \u00e0 l'achat en gros avec une commande minimum de 8 paires, ce qui en fait un compl\u00e9ment id\u00e9al \u00e0 toute collection exigeante.<\/p>\n<p>Optez pour le confort, la qualit\u00e9 et la distinction avec notre collection de produits de qualit\u00e9 sup\u00e9rieure. <strong>mocassins en cuir de veau pour hommes<\/strong>. D\u00e9couvrez l'alliance parfaite de l'\u00e9l\u00e9gance traditionnelle et du design contemporain.<\/p>","protected":false},"excerpt":{"rendered":"<ul>\n<li>Fabriqu\u00e9 en cuir de veau v\u00e9ritable pour une sensation de luxe et de durabilit\u00e9.<\/li>\n<li>La doublure en cuir de ch\u00e8vre souple et respirant assure un confort tout au long de la journ\u00e9e.<\/li>\n<li>Motif gaufr\u00e9 distinctif et d\u00e9tails m\u00e9talliques \u00e9l\u00e9gants en forme de mors de cheval.<\/li>\n<li>La semelle EVA l\u00e9g\u00e8re et flexible offre un confort et une traction sup\u00e9rieurs.<\/li>\n<li>Disponible dans les tailles 40-44, parfait pour une tenue polyvalente et d\u00e9contract\u00e9e.<\/li>\n<li>Vente en gros possible avec une commande minimum de 8 paires.<\/li>\n<\/ul>","protected":false},"featured_media":6739,"template":"","meta":{"_acf_changed":false,"_uag_custom_page_level_css":"","site-sidebar-layout":"default","site-content-layout":"","ast-site-content-layout":"default","site-content-style":"default","site-sidebar-style":"default","ast-global-header-display":"","ast-banner-title-visibility":"","ast-main-header-display":"","ast-hfb-above-header-display":"","ast-hfb-below-header-display":"","ast-hfb-mobile-header-display":"","site-post-title":"","ast-breadcrumbs-content":"","ast-featured-img":"","footer-sml-layout":"","ast-disable-related-posts":"","theme-transparent-header-meta":"","adv-header-id-meta":"","stick-header-meta":"","header-above-stick-meta":"","header-main-stick-meta":"","header-below-stick-meta":"","astra-migrate-meta-layouts":"default","ast-page-background-enabled":"default","ast-page-background-meta":{"desktop":{"background-color":"var(--ast-global-color-4)","background-image":"","background-repeat":"repeat","background-position":"center center","background-size":"auto","background-attachment":"scroll","background-type":"","background-media":"","overlay-type":"","overlay-color":"","overlay-opacity":"","overlay-gradient":""},"tablet":{"background-color":"","background-image":"","background-repeat":"repeat","background-position":"center center","background-size":"auto","background-attachment":"scroll","background-type":"","background-media":"","overlay-type":"","overlay-color":"","overlay-opacity":"","overlay-gradient":""},"mobile":{"background-color":"","background-image":"","background-repeat":"repeat","background-position":"center center","background-size":"auto","background-attachment":"scroll","background-type":"","background-media":"","overlay-type":"","overlay-color":"","overlay-opacity":"","overlay-gradient":""}},"ast-content-background-meta":{"desktop":{"background-color":"var(--ast-global-color-5)","background-image":"","background-repeat":"repeat","background-position":"center center","background-size":"auto","background-attachment":"scroll","background-type":"","background-media":"","overlay-type":"","overlay-color":"","overlay-opacity":"","overlay-gradient":""},"tablet":{"background-color":"var(--ast-global-color-5)","background-image":"","background-repeat":"repeat","background-position":"center center","background-size":"auto","background-attachment":"scroll","background-type":"","background-media":"","overlay-type":"","overlay-color":"","overlay-opacity":"","overlay-gradient":""},"mobile":{"background-color":"var(--ast-global-color-5)","background-image":"","background-repeat":"repeat","background-position":"center center","background-size":"auto","background-attachment":"scroll","background-type":"","background-media":"","overlay-type":"","overlay-color":"","overlay-opacity":"","overlay-gradient":""}}},"product_brand":[],"product_cat":[48,49,430,1200],"product_tag":[185,512,1433,438,1249,186,374,760],"class_list":{"0":"post-8583","1":"product","2":"type-product","3":"status-publish","4":"has-post-thumbnail","6":"product_cat-casual","7":"product_cat-loafer","8":"product_cat-men","9":"product_cat-mens-shoes-2","10":"product_tag-calf-leather-shoes","11":"product_tag-casual-loafers","12":"product_tag-embossed-loafers","13":"product_tag-eva-sole","14":"product_tag-goat-lining","15":"product_tag-mens-loafers","16":"product_tag-premium-loafers","17":"product_tag-tan-loafers","18":"desktop-align-center","19":"tablet-align-center","20":"mobile-align-center","22":"first","23":"instock","24":"shipping-taxable","25":"purchasable","26":"product-type-variable","27":"has-default-attributes"},"acf":[],"uagb_featured_image_src":{"full":["https:\/\/turkishtrade.co\/wp-content\/uploads\/2026\/01\/2600QLOMN00035-BEIGE.png",453,250,false],"thumbnail":["https:\/\/turkishtrade.co\/wp-content\/uploads\/2026\/01\/2600QLOMN00035-BEIGE-150x150.png",150,150,true],"medium":["https:\/\/turkishtrade.co\/wp-content\/uploads\/2026\/01\/2600QLOMN00035-BEIGE-300x166.png",300,166,true],"medium_large":["https:\/\/turkishtrade.co\/wp-content\/uploads\/2026\/01\/2600QLOMN00035-BEIGE.png",453,250,false],"large":["https:\/\/turkishtrade.co\/wp-content\/uploads\/2026\/01\/2600QLOMN00035-BEIGE.png",453,250,false],"1536x1536":["https:\/\/turkishtrade.co\/wp-content\/uploads\/2026\/01\/2600QLOMN00035-BEIGE.png",453,250,false],"2048x2048":["https:\/\/turkishtrade.co\/wp-content\/uploads\/2026\/01\/2600QLOMN00035-BEIGE.png",453,250,false],"trp-custom-language-flag":["https:\/\/turkishtrade.co\/wp-content\/uploads\/2026\/01\/2600QLOMN00035-BEIGE-18x10.png",18,10,true],"woocommerce_thumbnail":["https:\/\/turkishtrade.co\/wp-content\/uploads\/2026\/01\/2600QLOMN00035-BEIGE-400x250.png",400,250,true],"woocommerce_single":["https:\/\/turkishtrade.co\/wp-content\/uploads\/2026\/01\/2600QLOMN00035-BEIGE.png",453,250,false],"woocommerce_gallery_thumbnail":["https:\/\/turkishtrade.co\/wp-content\/uploads\/2026\/01\/2600QLOMN00035-BEIGE-100x100.png",100,100,true]},"uagb_author_info":{"display_name":"python python","author_link":"https:\/\/turkishtrade.co\/fr\/author\/"},"uagb_comment_info":0,"uagb_excerpt":"Crafted from genuine calf leather for a luxurious feel and durability. Soft, breathable goat leather lining ensures all-day comfort. Distinctive embossed pattern and stylish metallic horse-bit detail. Lightweight and flexible EVA sole provides superior comfort and traction. Available in sizes 40-44, perfect for versatile casual wear. Wholesale available with a minimum order of 8 pairs.","_links":{"self":[{"href":"https:\/\/turkishtrade.co\/fr\/wp-json\/wp\/v2\/product\/8583","targetHints":{"allow":["GET"]}}],"collection":[{"href":"https:\/\/turkishtrade.co\/fr\/wp-json\/wp\/v2\/product"}],"about":[{"href":"https:\/\/turkishtrade.co\/fr\/wp-json\/wp\/v2\/types\/product"}],"wp:featuredmedia":[{"embeddable":true,"href":"https:\/\/turkishtrade.co\/fr\/wp-json\/wp\/v2\/media\/6739"}],"wp:attachment":[{"href":"https:\/\/turkishtrade.co\/fr\/wp-json\/wp\/v2\/media?parent=8583"}],"wp:term":[{"taxonomy":"product_brand","embeddable":true,"href":"https:\/\/turkishtrade.co\/fr\/wp-json\/wp\/v2\/product_brand?post=8583"},{"taxonomy":"product_cat","embeddable":true,"href":"https:\/\/turkishtrade.co\/fr\/wp-json\/wp\/v2\/product_cat?post=8583"},{"taxonomy":"product_tag","embeddable":true,"href":"https:\/\/turkishtrade.co\/fr\/wp-json\/wp\/v2\/product_tag?post=8583"}],"curies":[{"name":"wp","href":"https:\/\/api.w.org\/{rel}","templated":true}]}}