{"id":8566,"date":"2026-01-29T14:51:05","date_gmt":"2026-01-29T14:51:05","guid":{"rendered":"https:\/\/turkishtrade.co\/?post_type=product&#038;p=8566"},"modified":"2026-04-09T20:20:57","modified_gmt":"2026-04-09T20:20:57","slug":"navy-calf-leather-loafers-2","status":"publish","type":"product","link":"https:\/\/turkishtrade.co\/fr\/shop\/navy-calf-leather-loafers-2\/","title":{"rendered":"Mocassins en cuir de veau marine Best-Selling | Mocassins en cuir de veau marine Casual pour hommes"},"content":{"rendered":"<p><strong>Mocassins en cuir de veau marine<\/strong>. La qualit\u00e9 et le design les plus vendus.<\/p>\n<p>\u00c9levez votre collection de chaussures gr\u00e2ce \u00e0 nos chaussures exquises. <strong>Mocassins en cuir de veau marine pour hommes<\/strong>, Ces mocassins ont \u00e9t\u00e9 m\u00e9ticuleusement con\u00e7us pour les personnes exigeantes qui appr\u00e9cient \u00e0 la fois le style et le confort. Ces mocassins haut de gamme t\u00e9moignent d'un savoir-faire sup\u00e9rieur, offrant un m\u00e9lange sophistiqu\u00e9 d'\u00e9l\u00e9gance classique et de praticit\u00e9 moderne. La riche teinte marine, associ\u00e9e \u00e0 une tige en cuir de veau au motif unique, garantit que ces chaussures se distinguent, rehaussant sans effort toute tenue, qu'elle soit d\u00e9contract\u00e9e ou semi-d\u00e9contract\u00e9e.<\/p>\n<p>Faites l'exp\u00e9rience d'un confort in\u00e9gal\u00e9 \u00e0 chaque pas, gr\u00e2ce \u00e0 la construction r\u00e9fl\u00e9chie de ces chaussures. <strong>mocassins en cuir de veau marine<\/strong>. L'int\u00e9rieur est dot\u00e9 d'une somptueuse doublure en cuir de ch\u00e8vre souple, qui permet \u00e0 vos pieds de respirer et d'\u00eatre envelopp\u00e9s de douceur tout au long de la journ\u00e9e. Dites adieu \u00e0 l'inconfort et bonjour au confort durable, m\u00eame pendant de longues p\u00e9riodes. La semelle EVA, l\u00e9g\u00e8re et tr\u00e8s flexible, est con\u00e7ue pour offrir une absorption des chocs et un soutien exceptionnels, ce qui renforce encore le profil de confort. Cela fait de nos <strong>mocassins en cuir de veau<\/strong> le choix id\u00e9al pour les horaires charg\u00e9s, garantissant le confort de vos pieds du matin au soir.<\/p>\n<p>Au-del\u00e0 du confort, ces <strong>mocassins d\u00e9contract\u00e9s pour hommes<\/strong> d\u00e9gagent une aura de style raffin\u00e9. La boucle m\u00e9tallique distinctive sur l'empeigne ajoute une touche de d\u00e9tail unique, distinguant ces chaussures et soulignant leur attrait haut de gamme. Que vous vous rendiez \u00e0 une r\u00e9union d'affaires d\u00e9contract\u00e9e, que vous preniez un brunch le week-end ou que vous assistiez \u00e0 un \u00e9v\u00e9nement sp\u00e9cial, ces chaussures sont faites pour vous. <strong>mocassins en cuir de veau marine<\/strong> apportent la touche finale parfaite. Ils sont suffisamment polyvalents pour s'associer parfaitement \u00e0 des pantalons de tailleur, des chinos ou m\u00eame des jeans \u00e9l\u00e9gants, ce qui en fait un compl\u00e9ment indispensable \u00e0 toute garde-robe sophistiqu\u00e9e.<\/p>\n<p>Notre engagement en faveur de la qualit\u00e9 est \u00e9vident dans chaque point de couture et dans le choix des mat\u00e9riaux. Chaque paire de ces luxueux <strong>mocassins en cuir de veau marine<\/strong> est fabriqu\u00e9 de mani\u00e8re experte pour garantir une durabilit\u00e9 et une finition impeccable qui r\u00e9sisteront \u00e0 l'\u00e9preuve du temps. Disponibles dans une gamme de tailles pratiques (40-44), il est facile de trouver la taille id\u00e9ale, garantissant un confort maximal et une silhouette \u00e9l\u00e9gante. Investissez dans des chaussures qui ne font aucun compromis sur le luxe, la fonctionnalit\u00e9 ou l'attrait intemporel.<\/p>\n<h3>Opportunit\u00e9s pour le commerce de gros<\/h3>\n<p>Pour les d\u00e9taillants et les entreprises qui souhaitent proposer des chaussures haut de gamme et de grande qualit\u00e9, nos <strong>Mocassins en cuir de veau marine pour hommes<\/strong> sont disponibles \u00e0 l'achat en gros. Le minimum de commande est de 8 paires, ce qui vous permet de stocker efficacement cet article populaire et \u00e9l\u00e9gant. Faites \u00e9quipe avec nous pour offrir \u00e0 vos clients des chaussures exceptionnelles qui combinent l'artisanat turc et le style mondial. Contactez-nous d\u00e8s aujourd'hui pour explorer les possibilit\u00e9s de vente en gros et ajouter ces chaussures exquises \u00e0 votre assortiment. <strong>mocassins en cuir de veau<\/strong> \u00e0 votre collection.<\/p>","protected":false},"excerpt":{"rendered":"<ul>\n<li>Fabriqu\u00e9 en **cuir de veau marine** de premi\u00e8re qualit\u00e9 pour une durabilit\u00e9 et un style sophistiqu\u00e9.<\/li>\n<li>La doublure en cuir de ch\u00e8vre luxueusement souple assure un confort exceptionnel tout au long de la journ\u00e9e.<\/li>\n<li>Semelle EVA l\u00e9g\u00e8re et flexible offrant un amorti et un soutien sup\u00e9rieurs.<\/li>\n<li>Mocassins \u00e9l\u00e9gants et d\u00e9contract\u00e9s, dot\u00e9s d'une boucle m\u00e9tallique distinctive.<\/li>\n<li>Disponible dans les tailles 40, 41, 42, 43 et 44.<\/li>\n<li>Les commandes en gros sont les bienvenues (commande minimale : 8 paires).<\/li>\n<\/ul>","protected":false},"featured_media":6737,"template":"","meta":{"_acf_changed":false,"_uag_custom_page_level_css":"","site-sidebar-layout":"default","site-content-layout":"","ast-site-content-layout":"default","site-content-style":"default","site-sidebar-style":"default","ast-global-header-display":"","ast-banner-title-visibility":"","ast-main-header-display":"","ast-hfb-above-header-display":"","ast-hfb-below-header-display":"","ast-hfb-mobile-header-display":"","site-post-title":"","ast-breadcrumbs-content":"","ast-featured-img":"","footer-sml-layout":"","ast-disable-related-posts":"","theme-transparent-header-meta":"","adv-header-id-meta":"","stick-header-meta":"","header-above-stick-meta":"","header-main-stick-meta":"","header-below-stick-meta":"","astra-migrate-meta-layouts":"default","ast-page-background-enabled":"default","ast-page-background-meta":{"desktop":{"background-color":"var(--ast-global-color-4)","background-image":"","background-repeat":"repeat","background-position":"center center","background-size":"auto","background-attachment":"scroll","background-type":"","background-media":"","overlay-type":"","overlay-color":"","overlay-opacity":"","overlay-gradient":""},"tablet":{"background-color":"","background-image":"","background-repeat":"repeat","background-position":"center center","background-size":"auto","background-attachment":"scroll","background-type":"","background-media":"","overlay-type":"","overlay-color":"","overlay-opacity":"","overlay-gradient":""},"mobile":{"background-color":"","background-image":"","background-repeat":"repeat","background-position":"center center","background-size":"auto","background-attachment":"scroll","background-type":"","background-media":"","overlay-type":"","overlay-color":"","overlay-opacity":"","overlay-gradient":""}},"ast-content-background-meta":{"desktop":{"background-color":"var(--ast-global-color-5)","background-image":"","background-repeat":"repeat","background-position":"center center","background-size":"auto","background-attachment":"scroll","background-type":"","background-media":"","overlay-type":"","overlay-color":"","overlay-opacity":"","overlay-gradient":""},"tablet":{"background-color":"var(--ast-global-color-5)","background-image":"","background-repeat":"repeat","background-position":"center center","background-size":"auto","background-attachment":"scroll","background-type":"","background-media":"","overlay-type":"","overlay-color":"","overlay-opacity":"","overlay-gradient":""},"mobile":{"background-color":"var(--ast-global-color-5)","background-image":"","background-repeat":"repeat","background-position":"center center","background-size":"auto","background-attachment":"scroll","background-type":"","background-media":"","overlay-type":"","overlay-color":"","overlay-opacity":"","overlay-gradient":""}}},"product_brand":[],"product_cat":[48,49,430,1200],"product_tag":[185,512,737,303,1278,227,969,186,557,456],"class_list":{"0":"post-8566","1":"product","2":"type-product","3":"status-publish","4":"has-post-thumbnail","6":"product_cat-casual","7":"product_cat-loafer","8":"product_cat-men","9":"product_cat-mens-shoes-2","10":"product_tag-calf-leather-shoes","11":"product_tag-casual-loafers","12":"product_tag-dress-loafers","13":"product_tag-eva-sole-footwear","14":"product_tag-goat-lining-shoes","15":"product_tag-leather-shoes","16":"product_tag-mens-fashion-shoes","17":"product_tag-mens-loafers","18":"product_tag-navy-loafers","19":"product_tag-wholesale-loafers","20":"desktop-align-center","21":"tablet-align-center","22":"mobile-align-center","24":"first","25":"instock","26":"shipping-taxable","27":"purchasable","28":"product-type-variable","29":"has-default-attributes"},"acf":[],"uagb_featured_image_src":{"full":["https:\/\/turkishtrade.co\/wp-content\/uploads\/2026\/01\/2600QLOMN00033-DARK-BLUE.png",453,250,false],"thumbnail":["https:\/\/turkishtrade.co\/wp-content\/uploads\/2026\/01\/2600QLOMN00033-DARK-BLUE-150x150.png",150,150,true],"medium":["https:\/\/turkishtrade.co\/wp-content\/uploads\/2026\/01\/2600QLOMN00033-DARK-BLUE-300x166.png",300,166,true],"medium_large":["https:\/\/turkishtrade.co\/wp-content\/uploads\/2026\/01\/2600QLOMN00033-DARK-BLUE.png",453,250,false],"large":["https:\/\/turkishtrade.co\/wp-content\/uploads\/2026\/01\/2600QLOMN00033-DARK-BLUE.png",453,250,false],"1536x1536":["https:\/\/turkishtrade.co\/wp-content\/uploads\/2026\/01\/2600QLOMN00033-DARK-BLUE.png",453,250,false],"2048x2048":["https:\/\/turkishtrade.co\/wp-content\/uploads\/2026\/01\/2600QLOMN00033-DARK-BLUE.png",453,250,false],"trp-custom-language-flag":["https:\/\/turkishtrade.co\/wp-content\/uploads\/2026\/01\/2600QLOMN00033-DARK-BLUE-18x10.png",18,10,true],"woocommerce_thumbnail":["https:\/\/turkishtrade.co\/wp-content\/uploads\/2026\/01\/2600QLOMN00033-DARK-BLUE-400x250.png",400,250,true],"woocommerce_single":["https:\/\/turkishtrade.co\/wp-content\/uploads\/2026\/01\/2600QLOMN00033-DARK-BLUE.png",453,250,false],"woocommerce_gallery_thumbnail":["https:\/\/turkishtrade.co\/wp-content\/uploads\/2026\/01\/2600QLOMN00033-DARK-BLUE-100x100.png",100,100,true]},"uagb_author_info":{"display_name":"python python","author_link":"https:\/\/turkishtrade.co\/fr\/author\/"},"uagb_comment_info":0,"uagb_excerpt":"Crafted from premium **navy calf leather** for durability and sophisticated style. Luxuriously soft goat leather lining ensures exceptional all-day comfort. Lightweight and flexible EVA sole provides superior cushioning and support. Elegant casual loafer design finished with a distinctive metallic buckle. Available in sizes 40, 41, 42, 43, and 44. Wholesale orders welcome (Minimum order: 8\u2026","_links":{"self":[{"href":"https:\/\/turkishtrade.co\/fr\/wp-json\/wp\/v2\/product\/8566","targetHints":{"allow":["GET"]}}],"collection":[{"href":"https:\/\/turkishtrade.co\/fr\/wp-json\/wp\/v2\/product"}],"about":[{"href":"https:\/\/turkishtrade.co\/fr\/wp-json\/wp\/v2\/types\/product"}],"wp:featuredmedia":[{"embeddable":true,"href":"https:\/\/turkishtrade.co\/fr\/wp-json\/wp\/v2\/media\/6737"}],"wp:attachment":[{"href":"https:\/\/turkishtrade.co\/fr\/wp-json\/wp\/v2\/media?parent=8566"}],"wp:term":[{"taxonomy":"product_brand","embeddable":true,"href":"https:\/\/turkishtrade.co\/fr\/wp-json\/wp\/v2\/product_brand?post=8566"},{"taxonomy":"product_cat","embeddable":true,"href":"https:\/\/turkishtrade.co\/fr\/wp-json\/wp\/v2\/product_cat?post=8566"},{"taxonomy":"product_tag","embeddable":true,"href":"https:\/\/turkishtrade.co\/fr\/wp-json\/wp\/v2\/product_tag?post=8566"}],"curies":[{"name":"wp","href":"https:\/\/api.w.org\/{rel}","templated":true}]}}