{"id":8563,"date":"2026-01-29T14:51:05","date_gmt":"2026-01-29T14:51:05","guid":{"rendered":"https:\/\/turkishtrade.co\/?post_type=product&#038;p=8563"},"modified":"2026-04-09T20:21:07","modified_gmt":"2026-04-09T20:21:07","slug":"mens-yellow-calf-loafers","status":"publish","type":"product","link":"https:\/\/turkishtrade.co\/fr\/shop\/mens-yellow-calf-loafers\/","title":{"rendered":"Mocassins en cuir de veau jaune Elite | Mocassins en cuir de veau jaune pour hommes"},"content":{"rendered":"<h3>D\u00e9couvrez un style in\u00e9gal\u00e9 avec nos mocassins en veau jaune pour hommes<\/h3>\n<p>Entrez dans un monde de confort sophistiqu\u00e9 et de style vibrant gr\u00e2ce \u00e0 notre exquise <strong>Mocassins en veau jaune pour hommes<\/strong>. Con\u00e7us pour le gentleman exigeant, ces mocassins t\u00e9moignent d'un savoir-faire sup\u00e9rieur et d'une \u00e9l\u00e9gance moderne. La teinte jaune frappante, associ\u00e9e \u00e0 la silhouette classique des mocassins, en fait un ajout remarquable \u00e0 toute garde-robe, parfait pour ceux qui osent exprimer leur personnalit\u00e9 \u00e0 travers leurs chaussures. Que vous vous rendiez \u00e0 un brunch d\u00e9contract\u00e9 ou \u00e0 un \u00e9v\u00e9nement chic et d\u00e9contract\u00e9, ces mocassins promettent d'apporter \u00e0 la fois du panache et un confort in\u00e9gal\u00e9, ce qui en fait un \u00e9l\u00e9ment essentiel de votre collection saisonni\u00e8re.<\/p>\n<h3>Mat\u00e9riaux de premi\u00e8re qualit\u00e9 pour un confort et une durabilit\u00e9 ultimes<\/h3>\n<p>Fabriqu\u00e9e \u00e0 partir du meilleur cuir de veau v\u00e9ritable, la tige de ces mocassins pr\u00e9sente une texture luxueuse et une durabilit\u00e9 exceptionnelle. Le cuir de veau est r\u00e9put\u00e9 pour sa finition lisse et sa capacit\u00e9 \u00e0 vieillir magnifiquement, ce qui garantit que vos chaussures resteront un \u00e9l\u00e9ment pr\u00e9cieux de votre collection pendant des ann\u00e9es. \u00c0 l'int\u00e9rieur, vos pieds seront envelopp\u00e9s par la douceur d'une doublure en cuir de ch\u00e8vre de premi\u00e8re qualit\u00e9. Cette doublure de qualit\u00e9 sup\u00e9rieure est non seulement incroyablement douce pour la peau, mais aussi tr\u00e8s respirante, ce qui \u00e9vite toute g\u00eane, m\u00eame en cas de port prolong\u00e9. La base de ces chaussures exceptionnelles est une semelle EVA l\u00e9g\u00e8re et flexible, qui offre un excellent amorti et une absorption des chocs \u00e0 chaque pas. Cette technologie de semelle innovante, associ\u00e9e \u00e0 des mat\u00e9riaux en cuir de premi\u00e8re qualit\u00e9, garantit un confort tout au long de la journ\u00e9e que vous appr\u00e9cierez \u00e0 chaque foul\u00e9e.<\/p>\n<h3>Design distinctif et attrait polyvalent<\/h3>\n<p>Au-del\u00e0 de leur couleur vibrante, ces mocassins pr\u00e9sentent des \u00e9l\u00e9ments de design bien pens\u00e9s qui rehaussent leur attrait g\u00e9n\u00e9ral. Une boucle m\u00e9tallique \u00e9l\u00e9gante orne l'empeigne, ajoutant une touche de sophistication qui rehausse le design d\u00e9contract\u00e9. Les panneaux lat\u00e9raux subtilement textur\u00e9s offrent un contraste visuel int\u00e9ressant, mettant en valeur l'attention m\u00e9ticuleuse port\u00e9e aux d\u00e9tails dans chaque paire. Nos <strong>Mocassins en veau jaune pour hommes<\/strong> sont incroyablement polyvalentes, ce qui les rend id\u00e9ales pour toute une s\u00e9rie d'occasions. Associez-les sans effort \u00e0 un pantalon chino et \u00e0 une chemise en lin pour un look \u00e0 la fois d\u00e9contract\u00e9 et raffin\u00e9, ou habillez-les l\u00e9g\u00e8rement avec un pantalon de tailleur et un blazer pour un ensemble chic et d\u00e9contract\u00e9. Leur teinte jaune joyeuse est particuli\u00e8rement adapt\u00e9e au printemps et \u00e0 l'\u00e9t\u00e9, ajoutant une touche de couleur rafra\u00eechissante qui illumine n'importe quelle tenue et attire l'attention.<\/p>\n<h3>Dimensionnement et possibilit\u00e9s de vente en gros<\/h3>\n<p>Ces \u00e9l\u00e9gants mocassins sont disponibles dans une large gamme de tailles europ\u00e9ennes, \u00e0 savoir 40, 41, 42, 43 et 44, ce qui garantit un ajustement parfait pour la plupart des hommes. Nous sommes fiers de proposer des chaussures de haute qualit\u00e9 qui r\u00e9pondent \u00e0 divers besoins et pr\u00e9f\u00e9rences. Pour les d\u00e9taillants et les entreprises qui souhaitent stocker nos chaussures de qualit\u00e9 sup\u00e9rieure, nous proposons des prix de gros attractifs. La quantit\u00e9 minimale de commande pour ces chaussures exceptionnelles est de 1,5 million d'euros. <strong>Mocassins en veau jaune pour hommes<\/strong> est de 8 paires, ce qui est pratique pour les achats en gros. Am\u00e9liorez votre inventaire avec un produit qui combine un style frappant, un confort supr\u00eame et un savoir-faire sup\u00e9rieur, qui sera certainement un favori parmi vos clients. Contactez-nous d\u00e8s aujourd'hui pour discuter de vos besoins en gros et b\u00e9n\u00e9ficiez de nos tarifs comp\u00e9titifs et de notre service fiable, en am\u00e9liorant vos offres de produits avec nos chaussures de premi\u00e8re qualit\u00e9.<\/p>","protected":false},"excerpt":{"rendered":"<ul>\n<li>Fabriqu\u00e9 en cuir de veau v\u00e9ritable pour une qualit\u00e9 sup\u00e9rieure et un toucher luxueux.<\/li>\n<li>La doublure en cuir de ch\u00e8vre luxueux assure un confort tout au long de la journ\u00e9e et une respirabilit\u00e9 exceptionnelle.<\/li>\n<li>Semelle EVA l\u00e9g\u00e8re et flexible pour des pas amortis et une meilleure adh\u00e9rence.<\/li>\n<li>La boucle en m\u00e9tal ajoute une touche d'\u00e9l\u00e9gance sophistiqu\u00e9e.<\/li>\n<li>Disponible dans les tailles europ\u00e9ennes 40, 41, 42, 43 et 44 pour un ajustement parfait.<\/li>\n<li>Id\u00e9al pour rehausser votre garde-robe d\u00e9contract\u00e9e et semi-formelle d'une touche de couleur vibrante.<\/li>\n<li>Possibilit\u00e9 de vente en gros avec une commande minimum de 8 paires.<\/li>\n<\/ul>","protected":false},"featured_media":6734,"template":"","meta":{"_acf_changed":false,"_uag_custom_page_level_css":"","site-sidebar-layout":"default","site-content-layout":"","ast-site-content-layout":"default","site-content-style":"default","site-sidebar-style":"default","ast-global-header-display":"","ast-banner-title-visibility":"","ast-main-header-display":"","ast-hfb-above-header-display":"","ast-hfb-below-header-display":"","ast-hfb-mobile-header-display":"","site-post-title":"","ast-breadcrumbs-content":"","ast-featured-img":"","footer-sml-layout":"","ast-disable-related-posts":"","theme-transparent-header-meta":"","adv-header-id-meta":"","stick-header-meta":"","header-above-stick-meta":"","header-main-stick-meta":"","header-below-stick-meta":"","astra-migrate-meta-layouts":"default","ast-page-background-enabled":"default","ast-page-background-meta":{"desktop":{"background-color":"var(--ast-global-color-4)","background-image":"","background-repeat":"repeat","background-position":"center center","background-size":"auto","background-attachment":"scroll","background-type":"","background-media":"","overlay-type":"","overlay-color":"","overlay-opacity":"","overlay-gradient":""},"tablet":{"background-color":"","background-image":"","background-repeat":"repeat","background-position":"center center","background-size":"auto","background-attachment":"scroll","background-type":"","background-media":"","overlay-type":"","overlay-color":"","overlay-opacity":"","overlay-gradient":""},"mobile":{"background-color":"","background-image":"","background-repeat":"repeat","background-position":"center center","background-size":"auto","background-attachment":"scroll","background-type":"","background-media":"","overlay-type":"","overlay-color":"","overlay-opacity":"","overlay-gradient":""}},"ast-content-background-meta":{"desktop":{"background-color":"var(--ast-global-color-5)","background-image":"","background-repeat":"repeat","background-position":"center center","background-size":"auto","background-attachment":"scroll","background-type":"","background-media":"","overlay-type":"","overlay-color":"","overlay-opacity":"","overlay-gradient":""},"tablet":{"background-color":"var(--ast-global-color-5)","background-image":"","background-repeat":"repeat","background-position":"center center","background-size":"auto","background-attachment":"scroll","background-type":"","background-media":"","overlay-type":"","overlay-color":"","overlay-opacity":"","overlay-gradient":""},"mobile":{"background-color":"var(--ast-global-color-5)","background-image":"","background-repeat":"repeat","background-position":"center center","background-size":"auto","background-attachment":"scroll","background-type":"","background-media":"","overlay-type":"","overlay-color":"","overlay-opacity":"","overlay-gradient":""}}},"product_brand":[],"product_cat":[48,49,430,1200],"product_tag":[185,1431,530,287,1430,1277,1429,1155,546,323],"class_list":{"0":"post-8563","1":"product","2":"type-product","3":"status-publish","4":"has-post-thumbnail","6":"product_cat-casual","7":"product_cat-loafer","8":"product_cat-men","9":"product_cat-mens-shoes-2","10":"product_tag-calf-leather-shoes","11":"product_tag-casual-loafers-men","12":"product_tag-designer-loafers","13":"product_tag-eva-sole-shoes","14":"product_tag-goat-lined-loafers","15":"product_tag-mens-loafer-shoes","16":"product_tag-mens-yellow-calf-loafers","17":"product_tag-slip-on-loafers","18":"product_tag-stylish-mens-shoes","19":"product_tag-summer-loafers","20":"desktop-align-center","21":"tablet-align-center","22":"mobile-align-center","24":"first","25":"instock","26":"shipping-taxable","27":"purchasable","28":"product-type-variable","29":"has-default-attributes"},"acf":[],"uagb_featured_image_src":{"full":["https:\/\/turkishtrade.co\/wp-content\/uploads\/2026\/01\/2600QLOMN00030-YELLOW.png",453,250,false],"thumbnail":["https:\/\/turkishtrade.co\/wp-content\/uploads\/2026\/01\/2600QLOMN00030-YELLOW-150x150.png",150,150,true],"medium":["https:\/\/turkishtrade.co\/wp-content\/uploads\/2026\/01\/2600QLOMN00030-YELLOW-300x166.png",300,166,true],"medium_large":["https:\/\/turkishtrade.co\/wp-content\/uploads\/2026\/01\/2600QLOMN00030-YELLOW.png",453,250,false],"large":["https:\/\/turkishtrade.co\/wp-content\/uploads\/2026\/01\/2600QLOMN00030-YELLOW.png",453,250,false],"1536x1536":["https:\/\/turkishtrade.co\/wp-content\/uploads\/2026\/01\/2600QLOMN00030-YELLOW.png",453,250,false],"2048x2048":["https:\/\/turkishtrade.co\/wp-content\/uploads\/2026\/01\/2600QLOMN00030-YELLOW.png",453,250,false],"trp-custom-language-flag":["https:\/\/turkishtrade.co\/wp-content\/uploads\/2026\/01\/2600QLOMN00030-YELLOW-18x10.png",18,10,true],"woocommerce_thumbnail":["https:\/\/turkishtrade.co\/wp-content\/uploads\/2026\/01\/2600QLOMN00030-YELLOW-400x250.png",400,250,true],"woocommerce_single":["https:\/\/turkishtrade.co\/wp-content\/uploads\/2026\/01\/2600QLOMN00030-YELLOW.png",453,250,false],"woocommerce_gallery_thumbnail":["https:\/\/turkishtrade.co\/wp-content\/uploads\/2026\/01\/2600QLOMN00030-YELLOW-100x100.png",100,100,true]},"uagb_author_info":{"display_name":"python python","author_link":"https:\/\/turkishtrade.co\/fr\/author\/"},"uagb_comment_info":0,"uagb_excerpt":"Crafted from premium genuine Calf Leather for superior quality and luxurious feel. Luxurious Goat Leather lining ensures all-day comfort and exceptional breathability. Features a lightweight and flexible EVA Sole for cushioned steps and enhanced grip. Stylish metal buckle detail adds a touch of sophisticated elegance. Available in EU sizes 40, 41, 42, 43, and 44\u2026","_links":{"self":[{"href":"https:\/\/turkishtrade.co\/fr\/wp-json\/wp\/v2\/product\/8563","targetHints":{"allow":["GET"]}}],"collection":[{"href":"https:\/\/turkishtrade.co\/fr\/wp-json\/wp\/v2\/product"}],"about":[{"href":"https:\/\/turkishtrade.co\/fr\/wp-json\/wp\/v2\/types\/product"}],"wp:featuredmedia":[{"embeddable":true,"href":"https:\/\/turkishtrade.co\/fr\/wp-json\/wp\/v2\/media\/6734"}],"wp:attachment":[{"href":"https:\/\/turkishtrade.co\/fr\/wp-json\/wp\/v2\/media?parent=8563"}],"wp:term":[{"taxonomy":"product_brand","embeddable":true,"href":"https:\/\/turkishtrade.co\/fr\/wp-json\/wp\/v2\/product_brand?post=8563"},{"taxonomy":"product_cat","embeddable":true,"href":"https:\/\/turkishtrade.co\/fr\/wp-json\/wp\/v2\/product_cat?post=8563"},{"taxonomy":"product_tag","embeddable":true,"href":"https:\/\/turkishtrade.co\/fr\/wp-json\/wp\/v2\/product_tag?post=8563"}],"curies":[{"name":"wp","href":"https:\/\/api.w.org\/{rel}","templated":true}]}}