{"id":8560,"date":"2026-01-29T14:51:04","date_gmt":"2026-01-29T14:51:04","guid":{"rendered":"https:\/\/turkishtrade.co\/?post_type=product&#038;p=8560"},"modified":"2026-04-09T20:21:16","modified_gmt":"2026-04-09T20:21:16","slug":"mens-casual-leather-loafers-7","status":"publish","type":"product","link":"https:\/\/turkishtrade.co\/fr\/shop\/mens-casual-leather-loafers-7\/","title":{"rendered":"Mocassins en cuir d\u00e9contract\u00e9s pour hommes Luxe | Mocassins en cuir de veau de premi\u00e8re qualit\u00e9 pour hommes d\u00e9contract\u00e9s"},"content":{"rendered":"<p><strong>Mocassins en cuir pour hommes<\/strong>. Qualit\u00e9 et design de luxe.<\/p>\n<p>D\u00e9couvrez l'alliance parfaite du style, du confort et de la durabilit\u00e9 gr\u00e2ce \u00e0 nos produits exquis. <b>Mocassins d\u00e9contract\u00e9s en cuir de veau de premi\u00e8re qualit\u00e9 pour hommes<\/b>. Con\u00e7us pour l'homme moderne, ces mocassins permettent de passer sans probl\u00e8me d'une sortie d\u00e9contract\u00e9e \u00e0 un \u00e9v\u00e9nement plus raffin\u00e9. Chaque paire est le fruit d'un travail artisanal turc de qualit\u00e9 sup\u00e9rieure, garantissant une exp\u00e9rience de la chaussure \u00e0 la fois luxueuse et durable. Si vous \u00eates \u00e0 la recherche de mocassins d\u00e9contract\u00e9s en cuir pour hommes qui se d\u00e9marquent, ne cherchez pas plus loin.<\/p>\n<h3>Un confort in\u00e9gal\u00e9 et des mat\u00e9riaux de premi\u00e8re qualit\u00e9<\/h3>\n<p>Au c\u0153ur de ces projets d'exception <b>mocassins d\u00e9contract\u00e9s en cuir pour hommes<\/b> est l'utilisation de mat\u00e9riaux de premi\u00e8re qualit\u00e9. L'ext\u00e9rieur est fabriqu\u00e9 en cuir de veau (Dana Deri) de haute qualit\u00e9, r\u00e9put\u00e9 pour sa texture lisse, son \u00e9lasticit\u00e9 et sa finition \u00e9l\u00e9gante. Ce cuir naturel n'a pas seulement un aspect sophistiqu\u00e9, il se moule \u00e9galement \u00e0 vos pieds au fil du temps, offrant un ajustement sur mesure. \u00c0 l'int\u00e9rieur, vos pieds seront berc\u00e9s par une doublure souple en cuir de ch\u00e8vre Kec\u0131 Astar, qui offre une respirabilit\u00e9 et un confort in\u00e9gal\u00e9s, pour une sensation de fra\u00eecheur tout au long de la journ\u00e9e. La conception perfor\u00e9e de la tige ajoute non seulement un attrait visuel distinctif, mais am\u00e9liore \u00e9galement la ventilation, ce qui en fait la chaussure id\u00e9ale. <b>mocassins d\u00e9contract\u00e9s en cuir pour hommes<\/b> pour toutes les saisons.<\/p>\n<h3>Conception innovante et polyvalence au quotidien<\/h3>\n<p>Ces <b>mocassins d\u00e9contract\u00e9s en cuir pour hommes<\/b> sont dot\u00e9es d'une semelle Eva l\u00e9g\u00e8re et flexible, un mat\u00e9riau r\u00e9put\u00e9 pour ses propri\u00e9t\u00e9s sup\u00e9rieures d'absorption des chocs et d'amortissement. Cette semelle innovante assure un confort maximal \u00e0 chaque pas, en r\u00e9duisant la fatigue du pied et en offrant une excellente adh\u00e9rence. La silhouette classique du mocassin est rehauss\u00e9e de d\u00e9tails modernes, notamment une empeigne \u00e0 motif distinctif et un \u00e9l\u00e9gant embl\u00e8me m\u00e9tallique, qui ajoutent une touche de luxe discret. Associ\u00e9s \u00e0 un pantalon chino, un jean ou un short \u00e9l\u00e9gant, ces mocassins rehaussent votre tenue sans effort. Qu'il s'agisse d'un brunch d\u00e9contract\u00e9 le week-end ou d'une journ\u00e9e au bureau, ces mocassins polyvalents sont parfaits pour la vie de tous les jours. <b>mocassins d\u00e9contract\u00e9s en cuir pour hommes<\/b> sont votre choix de pr\u00e9dilection pour un style sans effort et un confort ultime.<\/p>\n<h3>Qualit\u00e9 et disponibilit\u00e9<\/h3>\n<p>Disponibles dans une s\u00e9rie de tailles pratiques (40, 41, 42, 43 et 44), il est facile de trouver la chaussure id\u00e9ale. Nous sommes fiers de proposer des chaussures qui r\u00e9pondent aux normes les plus strictes en mati\u00e8re de qualit\u00e9 et de design. Ces chaussures <b>mocassins d\u00e9contract\u00e9s en cuir pour hommes<\/b> ne sont pas de simples chaussures ; elles constituent un investissement dans votre style personnel et votre confort. Pour les entreprises qui cherchent \u00e0 stocker des chaussures de haute qualit\u00e9, ces chaussures premium <b>mocassins d\u00e9contract\u00e9s en cuir pour hommes<\/b> sont disponibles \u00e0 l'achat en gros avec une commande minimum de 8 paires, ce qui constitue une excellente occasion d'offrir \u00e0 vos clients des produits exceptionnels. D\u00e9couvrez l'alliance parfaite de l'artisanat traditionnel et du design contemporain avec nos mocassins en cuir de veau de premi\u00e8re qualit\u00e9.<\/p>","protected":false},"excerpt":{"rendered":"<ul>\n<li>Tige en cuir de veau de premi\u00e8re qualit\u00e9 (Dana Deri) pour une durabilit\u00e9 sup\u00e9rieure et un style raffin\u00e9<\/li>\n<li>La doublure en cuir de ch\u00e8vre souple (Keci Astar) assure une respirabilit\u00e9 exceptionnelle et un confort tout au long de la journ\u00e9e.<\/li>\n<li>La semelle Eva, l\u00e9g\u00e8re et flexible, offre un excellent amorti et un bon soutien.<\/li>\n<li>Mocassins classiques et d\u00e9contract\u00e9s, parfaits pour un style polyvalent de tous les jours.<\/li>\n<li>Disponible dans une large gamme de tailles allant de 40 \u00e0 44<\/li>\n<li>Possibilit\u00e9 de vente en gros (commande minimale : 8 paires)<\/li>\n<\/ul>","protected":false},"featured_media":6731,"template":"","meta":{"_acf_changed":false,"_uag_custom_page_level_css":"","site-sidebar-layout":"default","site-content-layout":"","ast-site-content-layout":"default","site-content-style":"default","site-sidebar-style":"default","ast-global-header-display":"","ast-banner-title-visibility":"","ast-main-header-display":"","ast-hfb-above-header-display":"","ast-hfb-below-header-display":"","ast-hfb-mobile-header-display":"","site-post-title":"","ast-breadcrumbs-content":"","ast-featured-img":"","footer-sml-layout":"","ast-disable-related-posts":"","theme-transparent-header-meta":"","adv-header-id-meta":"","stick-header-meta":"","header-above-stick-meta":"","header-main-stick-meta":"","header-below-stick-meta":"","astra-migrate-meta-layouts":"default","ast-page-background-enabled":"default","ast-page-background-meta":{"desktop":{"background-color":"var(--ast-global-color-4)","background-image":"","background-repeat":"repeat","background-position":"center center","background-size":"auto","background-attachment":"scroll","background-type":"","background-media":"","overlay-type":"","overlay-color":"","overlay-opacity":"","overlay-gradient":""},"tablet":{"background-color":"","background-image":"","background-repeat":"repeat","background-position":"center center","background-size":"auto","background-attachment":"scroll","background-type":"","background-media":"","overlay-type":"","overlay-color":"","overlay-opacity":"","overlay-gradient":""},"mobile":{"background-color":"","background-image":"","background-repeat":"repeat","background-position":"center center","background-size":"auto","background-attachment":"scroll","background-type":"","background-media":"","overlay-type":"","overlay-color":"","overlay-opacity":"","overlay-gradient":""}},"ast-content-background-meta":{"desktop":{"background-color":"var(--ast-global-color-5)","background-image":"","background-repeat":"repeat","background-position":"center center","background-size":"auto","background-attachment":"scroll","background-type":"","background-media":"","overlay-type":"","overlay-color":"","overlay-opacity":"","overlay-gradient":""},"tablet":{"background-color":"var(--ast-global-color-5)","background-image":"","background-repeat":"repeat","background-position":"center center","background-size":"auto","background-attachment":"scroll","background-type":"","background-media":"","overlay-type":"","overlay-color":"","overlay-opacity":"","overlay-gradient":""},"mobile":{"background-color":"var(--ast-global-color-5)","background-image":"","background-repeat":"repeat","background-position":"center center","background-size":"auto","background-attachment":"scroll","background-type":"","background-media":"","overlay-type":"","overlay-color":"","overlay-opacity":"","overlay-gradient":""}}},"product_brand":[],"product_cat":[48,49,430,1200],"product_tag":[185,512,220,287,1258,215,186,184,285],"class_list":{"0":"post-8560","1":"product","2":"type-product","3":"status-publish","4":"has-post-thumbnail","6":"product_cat-casual","7":"product_cat-loafer","8":"product_cat-men","9":"product_cat-mens-shoes-2","10":"product_tag-calf-leather-shoes","11":"product_tag-casual-loafers","12":"product_tag-comfortable-loafers","13":"product_tag-eva-sole-shoes","14":"product_tag-goat-lined-shoes","15":"product_tag-leather-loafers","16":"product_tag-mens-loafers","17":"product_tag-slip-on-shoes","18":"product_tag-turkish-shoes","19":"desktop-align-center","20":"tablet-align-center","21":"mobile-align-center","23":"first","24":"instock","25":"shipping-taxable","26":"purchasable","27":"product-type-variable","28":"has-default-attributes"},"acf":[],"uagb_featured_image_src":{"full":["https:\/\/turkishtrade.co\/wp-content\/uploads\/2026\/01\/2600QLOMN00027-BLACK.png",453,250,false],"thumbnail":["https:\/\/turkishtrade.co\/wp-content\/uploads\/2026\/01\/2600QLOMN00027-BLACK-150x150.png",150,150,true],"medium":["https:\/\/turkishtrade.co\/wp-content\/uploads\/2026\/01\/2600QLOMN00027-BLACK-300x166.png",300,166,true],"medium_large":["https:\/\/turkishtrade.co\/wp-content\/uploads\/2026\/01\/2600QLOMN00027-BLACK.png",453,250,false],"large":["https:\/\/turkishtrade.co\/wp-content\/uploads\/2026\/01\/2600QLOMN00027-BLACK.png",453,250,false],"1536x1536":["https:\/\/turkishtrade.co\/wp-content\/uploads\/2026\/01\/2600QLOMN00027-BLACK.png",453,250,false],"2048x2048":["https:\/\/turkishtrade.co\/wp-content\/uploads\/2026\/01\/2600QLOMN00027-BLACK.png",453,250,false],"trp-custom-language-flag":["https:\/\/turkishtrade.co\/wp-content\/uploads\/2026\/01\/2600QLOMN00027-BLACK-18x10.png",18,10,true],"woocommerce_thumbnail":["https:\/\/turkishtrade.co\/wp-content\/uploads\/2026\/01\/2600QLOMN00027-BLACK-400x250.png",400,250,true],"woocommerce_single":["https:\/\/turkishtrade.co\/wp-content\/uploads\/2026\/01\/2600QLOMN00027-BLACK.png",453,250,false],"woocommerce_gallery_thumbnail":["https:\/\/turkishtrade.co\/wp-content\/uploads\/2026\/01\/2600QLOMN00027-BLACK-100x100.png",100,100,true]},"uagb_author_info":{"display_name":"python python","author_link":"https:\/\/turkishtrade.co\/fr\/author\/"},"uagb_comment_info":0,"uagb_excerpt":"Premium Calf Leather (Dana Deri) Upper for superior durability and refined style Soft Goat Leather (Keci Astar) Lining ensures exceptional breathability and all-day comfort Lightweight and flexible Eva Sole provides excellent cushioning and support Classic Casual Loafer design, perfect for versatile everyday styling Available in a comprehensive size range from 40 to 44 Wholesale opportunities\u2026","_links":{"self":[{"href":"https:\/\/turkishtrade.co\/fr\/wp-json\/wp\/v2\/product\/8560","targetHints":{"allow":["GET"]}}],"collection":[{"href":"https:\/\/turkishtrade.co\/fr\/wp-json\/wp\/v2\/product"}],"about":[{"href":"https:\/\/turkishtrade.co\/fr\/wp-json\/wp\/v2\/types\/product"}],"wp:featuredmedia":[{"embeddable":true,"href":"https:\/\/turkishtrade.co\/fr\/wp-json\/wp\/v2\/media\/6731"}],"wp:attachment":[{"href":"https:\/\/turkishtrade.co\/fr\/wp-json\/wp\/v2\/media?parent=8560"}],"wp:term":[{"taxonomy":"product_brand","embeddable":true,"href":"https:\/\/turkishtrade.co\/fr\/wp-json\/wp\/v2\/product_brand?post=8560"},{"taxonomy":"product_cat","embeddable":true,"href":"https:\/\/turkishtrade.co\/fr\/wp-json\/wp\/v2\/product_cat?post=8560"},{"taxonomy":"product_tag","embeddable":true,"href":"https:\/\/turkishtrade.co\/fr\/wp-json\/wp\/v2\/product_tag?post=8560"}],"curies":[{"name":"wp","href":"https:\/\/api.w.org\/{rel}","templated":true}]}}