{"id":8559,"date":"2026-01-29T14:51:04","date_gmt":"2026-01-29T14:51:04","guid":{"rendered":"https:\/\/turkishtrade.co\/?post_type=product&#038;p=8559"},"modified":"2026-04-09T20:21:19","modified_gmt":"2026-04-09T20:21:19","slug":"mens-calf-leather-casual-loafer","status":"publish","type":"product","link":"https:\/\/turkishtrade.co\/fr\/shop\/mens-calf-leather-casual-loafer\/","title":{"rendered":"Mocassins d\u00e9contract\u00e9s en cuir de veau pour hommes Incroyable avec semelle Eva"},"content":{"rendered":"<p><strong>Mocassins d\u00e9contract\u00e9s en cuir de veau pour hommes<\/strong>. Une qualit\u00e9 et un design incroyables.<\/p>\n<p>Profitez d'un confort sophistiqu\u00e9 et d'un style intemporel gr\u00e2ce \u00e0 nos produits exquis. <strong>Mocassins d\u00e9contract\u00e9s en cuir de veau pour hommes<\/strong>, Ces chaussures ont \u00e9t\u00e9 m\u00e9ticuleusement con\u00e7ues pour le gentleman moderne. Ces chaussures haut de gamme allient une silhouette classique \u00e0 un confort in\u00e9gal\u00e9, ce qui en fait un \u00e9l\u00e9ment essentiel de toute garde-robe exigeante. Fabriqu\u00e9s en cuir de veau de qualit\u00e9 sup\u00e9rieure, ces mocassins offrent \u00e0 la fois une durabilit\u00e9 exceptionnelle et une esth\u00e9tique raffin\u00e9e qui se d\u00e9marque.<\/p>\n<h3>Confort in\u00e9gal\u00e9 et qualit\u00e9 de fabrication<\/h3>\n<p>Faites l'exp\u00e9rience d'un v\u00e9ritable luxe \u00e0 chaque pas. Nos <strong>Mocassins d\u00e9contract\u00e9s en cuir de veau pour hommes<\/strong> est dot\u00e9e d'une somptueuse doublure en cuir de ch\u00e8vre, r\u00e9put\u00e9e pour son incroyable douceur, sa souplesse et sa respirabilit\u00e9 naturelle. Cette doublure de qualit\u00e9 sup\u00e9rieure garantit le confort et la fra\u00eecheur de vos pieds tout au long de la journ\u00e9e, \u00e9vitant ainsi toute g\u00eane, m\u00eame apr\u00e8s un port prolong\u00e9. Cette doublure luxueuse est compl\u00e9t\u00e9e par une semelle EVA de pointe. Les propri\u00e9t\u00e9s l\u00e9g\u00e8res et flexibles de la semelle EVA offrent un amorti sup\u00e9rieur et une absorption efficace des chocs, ce qui r\u00e9duit consid\u00e9rablement la fatigue du pied et offre une exp\u00e9rience de marche exceptionnellement confortable. Que vous vous d\u00e9placiez dans les rues anim\u00e9es de la ville ou que vous profitiez d'un week-end d\u00e9contract\u00e9, ce mocassin offre un confort et un soutien constants.<\/p>\n<h3>Un style sophistiqu\u00e9 pour toutes les occasions<\/h3>\n<p>Le design \u00e9l\u00e9gant de cette <strong>Mocassins d\u00e9contract\u00e9s en cuir de veau pour hommes<\/strong> la rend incroyablement polyvalente. Sa silhouette classique et d\u00e9contract\u00e9e est subtilement rehauss\u00e9e par une tige textur\u00e9e unique et une boucle m\u00e9tallique frappante, qui ajoutent une touche de distinction et d'\u00e9l\u00e9gance contemporaine. La riche teinte brune du cuir de veau s'associe sans effort \u00e0 un large \u00e9ventail de tenues, des pantalons d\u00e9contract\u00e9s et chinos aux jeans plus d\u00e9contract\u00e9s. Il ne s'agit pas seulement d'une chaussure, mais d'une d\u00e9claration de go\u00fbt raffin\u00e9 et d'\u00e9l\u00e9gance sans effort, parfaite pour les environnements professionnels d\u00e9contract\u00e9s, les rencontres sociales ou simplement pour rehausser votre look de tous les jours. Chaque paire de cette chaussure de haute qualit\u00e9 <strong>Mocassins d\u00e9contract\u00e9s en cuir de veau pour hommes<\/strong> refl\u00e8te un engagement en faveur d'un savoir-faire de qualit\u00e9 sup\u00e9rieure et d'un design moderne, vous garantissant une impression durable.<\/p>\n<h3>Id\u00e9al pour les d\u00e9taillants : Opportunit\u00e9s exceptionnelles pour les grossistes<\/h3>\n<p>Pour les d\u00e9taillants qui cherchent \u00e0 offrir \u00e0 leurs clients un m\u00e9lange sup\u00e9rieur de qualit\u00e9, de confort et de style, nos <strong>Mocassins d\u00e9contract\u00e9s en cuir de veau pour hommes<\/strong> repr\u00e9sente une excellente opportunit\u00e9 de vente en gros. Disponibles dans une s\u00e9rie de tailles pratiques allant de l'UE 40 \u00e0 44, ces mocassins populaires s'adressent \u00e0 une client\u00e8le large et diversifi\u00e9e. Nous comprenons les exigences dynamiques du march\u00e9 de d\u00e9tail, c'est pourquoi nous proposons ces mocassins de qualit\u00e9 sup\u00e9rieure avec une quantit\u00e9 minimale de commande pratique de seulement 8 paires. Faites le plein de ces mocassins tr\u00e8s demand\u00e9s <strong>Mocassins d\u00e9contract\u00e9s en cuir de veau pour hommes<\/strong> et offrez \u00e0 votre client\u00e8le des chaussures qui allient parfaitement des mat\u00e9riaux luxueux, une conception ergonomique et un style durable. Cet exceptionnel <strong>Mocassins d\u00e9contract\u00e9s en cuir de veau pour hommes<\/strong> est un must-have pour toute cliente soucieuse de la mode. Faites \u00e9quipe avec nous pour apporter un confort in\u00e9gal\u00e9 et un style sophistiqu\u00e9 \u00e0 la collection de votre magasin.<\/p>","protected":false},"excerpt":{"rendered":"<ul>\n<li>Tige en cuir de veau de premi\u00e8re qualit\u00e9 pour une durabilit\u00e9 et un style raffin\u00e9.<\/li>\n<li>La doublure en cuir de ch\u00e8vre luxueux assure un confort et une respirabilit\u00e9 exceptionnels.<\/li>\n<li>La semelle EVA l\u00e9g\u00e8re et flexible offre un amorti sup\u00e9rieur pour une utilisation tout au long de la journ\u00e9e.<\/li>\n<li>Ce mocassin d\u00e9contract\u00e9 et sophistiqu\u00e9 est dot\u00e9 d'une \u00e9l\u00e9gante boucle m\u00e9tallique.<\/li>\n<li>Disponible dans une large gamme de tailles allant de l'UE 40 \u00e0 44.<\/li>\n<li>Possibilit\u00e9 de vente en gros \u00e0 partir d'une quantit\u00e9 minimale de 8 paires.<\/li>\n<\/ul>","protected":false},"featured_media":6730,"template":"","meta":{"_acf_changed":false,"_uag_custom_page_level_css":"","site-sidebar-layout":"default","site-content-layout":"","ast-site-content-layout":"default","site-content-style":"default","site-sidebar-style":"default","ast-global-header-display":"","ast-banner-title-visibility":"","ast-main-header-display":"","ast-hfb-above-header-display":"","ast-hfb-below-header-display":"","ast-hfb-mobile-header-display":"","site-post-title":"","ast-breadcrumbs-content":"","ast-featured-img":"","footer-sml-layout":"","ast-disable-related-posts":"","theme-transparent-header-meta":"","adv-header-id-meta":"","stick-header-meta":"","header-above-stick-meta":"","header-main-stick-meta":"","header-below-stick-meta":"","astra-migrate-meta-layouts":"default","ast-page-background-enabled":"default","ast-page-background-meta":{"desktop":{"background-color":"var(--ast-global-color-4)","background-image":"","background-repeat":"repeat","background-position":"center center","background-size":"auto","background-attachment":"scroll","background-type":"","background-media":"","overlay-type":"","overlay-color":"","overlay-opacity":"","overlay-gradient":""},"tablet":{"background-color":"","background-image":"","background-repeat":"repeat","background-position":"center center","background-size":"auto","background-attachment":"scroll","background-type":"","background-media":"","overlay-type":"","overlay-color":"","overlay-opacity":"","overlay-gradient":""},"mobile":{"background-color":"","background-image":"","background-repeat":"repeat","background-position":"center center","background-size":"auto","background-attachment":"scroll","background-type":"","background-media":"","overlay-type":"","overlay-color":"","overlay-opacity":"","overlay-gradient":""}},"ast-content-background-meta":{"desktop":{"background-color":"var(--ast-global-color-5)","background-image":"","background-repeat":"repeat","background-position":"center center","background-size":"auto","background-attachment":"scroll","background-type":"","background-media":"","overlay-type":"","overlay-color":"","overlay-opacity":"","overlay-gradient":""},"tablet":{"background-color":"var(--ast-global-color-5)","background-image":"","background-repeat":"repeat","background-position":"center center","background-size":"auto","background-attachment":"scroll","background-type":"","background-media":"","overlay-type":"","overlay-color":"","overlay-opacity":"","overlay-gradient":""},"mobile":{"background-color":"var(--ast-global-color-5)","background-image":"","background-repeat":"repeat","background-position":"center center","background-size":"auto","background-attachment":"scroll","background-type":"","background-media":"","overlay-type":"","overlay-color":"","overlay-opacity":"","overlay-gradient":""}}},"product_brand":[],"product_cat":[48,49,430,1200],"product_tag":[147,185,512,220,287,189,215,186,1083,254],"class_list":{"0":"post-8559","1":"product","2":"type-product","3":"status-publish","4":"has-post-thumbnail","6":"product_cat-casual","7":"product_cat-loafer","8":"product_cat-men","9":"product_cat-mens-shoes-2","10":"product_tag-brown-loafers","11":"product_tag-calf-leather-shoes","12":"product_tag-casual-loafers","13":"product_tag-comfortable-loafers","14":"product_tag-eva-sole-shoes","15":"product_tag-goat-leather-lining","16":"product_tag-leather-loafers","17":"product_tag-mens-loafers","18":"product_tag-mens-slip-on","19":"product_tag-wholesale-footwear","20":"desktop-align-center","21":"tablet-align-center","22":"mobile-align-center","24":"first","25":"instock","26":"shipping-taxable","27":"purchasable","28":"product-type-variable","29":"has-default-attributes"},"acf":[],"uagb_featured_image_src":{"full":["https:\/\/turkishtrade.co\/wp-content\/uploads\/2026\/01\/2600QLOMN00026-BLACK.png",453,250,false],"thumbnail":["https:\/\/turkishtrade.co\/wp-content\/uploads\/2026\/01\/2600QLOMN00026-BLACK-150x150.png",150,150,true],"medium":["https:\/\/turkishtrade.co\/wp-content\/uploads\/2026\/01\/2600QLOMN00026-BLACK-300x166.png",300,166,true],"medium_large":["https:\/\/turkishtrade.co\/wp-content\/uploads\/2026\/01\/2600QLOMN00026-BLACK.png",453,250,false],"large":["https:\/\/turkishtrade.co\/wp-content\/uploads\/2026\/01\/2600QLOMN00026-BLACK.png",453,250,false],"1536x1536":["https:\/\/turkishtrade.co\/wp-content\/uploads\/2026\/01\/2600QLOMN00026-BLACK.png",453,250,false],"2048x2048":["https:\/\/turkishtrade.co\/wp-content\/uploads\/2026\/01\/2600QLOMN00026-BLACK.png",453,250,false],"trp-custom-language-flag":["https:\/\/turkishtrade.co\/wp-content\/uploads\/2026\/01\/2600QLOMN00026-BLACK-18x10.png",18,10,true],"woocommerce_thumbnail":["https:\/\/turkishtrade.co\/wp-content\/uploads\/2026\/01\/2600QLOMN00026-BLACK-400x250.png",400,250,true],"woocommerce_single":["https:\/\/turkishtrade.co\/wp-content\/uploads\/2026\/01\/2600QLOMN00026-BLACK.png",453,250,false],"woocommerce_gallery_thumbnail":["https:\/\/turkishtrade.co\/wp-content\/uploads\/2026\/01\/2600QLOMN00026-BLACK-100x100.png",100,100,true]},"uagb_author_info":{"display_name":"python python","author_link":"https:\/\/turkishtrade.co\/fr\/author\/"},"uagb_comment_info":0,"uagb_excerpt":"Premium calf leather upper for durability and refined style. Luxurious goat leather lining ensures exceptional comfort and breathability. Lightweight and flexible EVA sole provides superior cushioning for all-day wear. Features a sophisticated casual loafer design with an elegant metallic buckle. Available in a comprehensive size range from EU 40 to 44. Wholesale opportunities available with\u2026","_links":{"self":[{"href":"https:\/\/turkishtrade.co\/fr\/wp-json\/wp\/v2\/product\/8559","targetHints":{"allow":["GET"]}}],"collection":[{"href":"https:\/\/turkishtrade.co\/fr\/wp-json\/wp\/v2\/product"}],"about":[{"href":"https:\/\/turkishtrade.co\/fr\/wp-json\/wp\/v2\/types\/product"}],"wp:featuredmedia":[{"embeddable":true,"href":"https:\/\/turkishtrade.co\/fr\/wp-json\/wp\/v2\/media\/6730"}],"wp:attachment":[{"href":"https:\/\/turkishtrade.co\/fr\/wp-json\/wp\/v2\/media?parent=8559"}],"wp:term":[{"taxonomy":"product_brand","embeddable":true,"href":"https:\/\/turkishtrade.co\/fr\/wp-json\/wp\/v2\/product_brand?post=8559"},{"taxonomy":"product_cat","embeddable":true,"href":"https:\/\/turkishtrade.co\/fr\/wp-json\/wp\/v2\/product_cat?post=8559"},{"taxonomy":"product_tag","embeddable":true,"href":"https:\/\/turkishtrade.co\/fr\/wp-json\/wp\/v2\/product_tag?post=8559"}],"curies":[{"name":"wp","href":"https:\/\/api.w.org\/{rel}","templated":true}]}}