{"id":8555,"date":"2026-01-29T14:51:04","date_gmt":"2026-01-29T14:51:04","guid":{"rendered":"https:\/\/turkishtrade.co\/?post_type=product&#038;p=8555"},"modified":"2026-04-09T20:21:31","modified_gmt":"2026-04-09T20:21:31","slug":"mens-calf-leather-loafers-15","status":"publish","type":"product","link":"https:\/\/turkishtrade.co\/fr\/shop\/mens-calf-leather-loafers-15\/","title":{"rendered":"Mocassins en cuir de veau pour hommes Amazing | Premium avec semelle EVA"},"content":{"rendered":"<p>Am\u00e9liorez votre collection de chaussures gr\u00e2ce \u00e0 nos chaussures de qualit\u00e9 sup\u00e9rieure. <strong>Mocassins en cuir de veau pour hommes<\/strong>, Ces mocassins ont \u00e9t\u00e9 m\u00e9ticuleusement con\u00e7us pour l'homme moderne qui appr\u00e9cie \u00e0 la fois le style et le confort. Ces mocassins sophistiqu\u00e9s ne sont pas seulement des chaussures ; ils sont une d\u00e9claration d'\u00e9l\u00e9gance et de qualit\u00e9, parfaite pour une vari\u00e9t\u00e9 d'occasions \u00e9l\u00e9gantes et d\u00e9contract\u00e9es. D'une journ\u00e9e au bureau \u00e0 un brunch le week-end, ces chaussures polyvalentes promettent de compl\u00e9ter votre tenue vestimentaire sans effort.<\/p>\n<h3>Une qualit\u00e9 et un savoir-faire in\u00e9gal\u00e9s<\/h3>\n<p>Chaque paire de nos <strong>Mocassins en cuir de veau pour hommes<\/strong> est fabriqu\u00e9 \u00e0 partir du meilleur cuir de veau v\u00e9ritable, offrant une texture lisse et souple qui se moule \u00e0 vos pieds au fil du temps. Sa teinte riche et fonc\u00e9e lui conf\u00e8re un attrait intemporel, tandis que le motif perfor\u00e9 distinctif sur l'empeigne ajoute une touche d'originalit\u00e9 et de respirabilit\u00e9. Un ornement m\u00e9tallique subtil mais \u00e9l\u00e9gant orne l'avant de la chaussure, rehaussant son esth\u00e9tique raffin\u00e9e. Nous sommes fiers de l'attention que nous portons aux d\u00e9tails, en veillant \u00e0 ce que chaque point et chaque couture contribuent \u00e0 une finition impeccable qui en dit long sur la qualit\u00e9 sup\u00e9rieure de l'artisanat.<\/p>\n<h3>Le confort supr\u00eame<\/h3>\n<p>Le confort est primordial, et ces mocassins sont \u00e0 la hauteur. L'int\u00e9rieur est somptueusement doubl\u00e9 de cuir de ch\u00e8vre souple, connu pour ses propri\u00e9t\u00e9s respirantes et d'\u00e9vacuation de l'humidit\u00e9, offrant un environnement incroyablement confortable \u00e0 vos pieds. Dites adieu \u00e0 l'inconfort, car la doublure souple en cuir de ch\u00e8vre emp\u00eache les frottements et permet une foul\u00e9e sans entrave. De plus, la semelle l\u00e9g\u00e8re en EVA offre un amorti et une flexibilit\u00e9 exceptionnels, absorbant les chocs \u00e0 chaque pas. Que vous restiez debout pendant de longues p\u00e9riodes ou que vous vous promeniez en ville, ces chaussures sont id\u00e9ales. <strong>Mocassins en cuir de veau pour hommes<\/strong> assurent un confort tout au long de la journ\u00e9e sans compromettre le style.<\/p>\n<h3>Un style polyvalent pour toutes les occasions<\/h3>\n<p>Nos mocassins haut de gamme sont incroyablement polyvalents, ce qui en fait la pierre angulaire de toute garde-robe exigeante. Leur design \u00e0 la fois d\u00e9contract\u00e9 et raffin\u00e9 les rend id\u00e9aux pour \u00eatre associ\u00e9s \u00e0 des pantalons de tailleur, des chinos ou m\u00eame des jeans \u00e9l\u00e9gants. Passez sans probl\u00e8me d'une r\u00e9union d'affaires d\u00e9contract\u00e9e \u00e0 une soir\u00e9e entre amis. La silhouette intemporelle du mocassin garantit que ces chaussures restent un choix \u00e0 la mode saison apr\u00e8s saison. Avec des tailles europ\u00e9ennes allant du 40 au 44, il est facile de trouver la bonne taille pour ces mocassins exceptionnels. Investissez dans une paire de nos <strong>Mocassins en cuir de veau pour hommes<\/strong> et faites l'exp\u00e9rience d'un m\u00e9lange parfait de luxe, de confort et de style durable.<\/p>","protected":false},"excerpt":{"rendered":"<ul>\n<li>Fabriqu\u00e9 de mani\u00e8re experte en cuir de veau v\u00e9ritable pour un style et une durabilit\u00e9 sup\u00e9rieurs.<\/li>\n<li>Luxueusement doubl\u00e9 de cuir de ch\u00e8vre souple, il assure un confort exceptionnel \u00e0 chaque pas.<\/li>\n<li>\u00c9quip\u00e9e d'une semelle EVA l\u00e9g\u00e8re et amortie pour une portabilit\u00e9 tout au long de la journ\u00e9e.<\/li>\n<li>Mocassins \u00e9l\u00e9gants et d\u00e9contract\u00e9s, avec des d\u00e9tails perfor\u00e9s et des ornements m\u00e9talliques.<\/li>\n<li>Disponible dans les tailles europ\u00e9ennes 40, 41, 42, 43 et 44 pour garantir un ajustement parfait.<\/li>\n<li>Disponible en gros : Commande minimum de 8 paires.<\/li>\n<\/ul>","protected":false},"featured_media":6726,"template":"","meta":{"_acf_changed":false,"_uag_custom_page_level_css":"","site-sidebar-layout":"default","site-content-layout":"","ast-site-content-layout":"default","site-content-style":"default","site-sidebar-style":"default","ast-global-header-display":"","ast-banner-title-visibility":"","ast-main-header-display":"","ast-hfb-above-header-display":"","ast-hfb-below-header-display":"","ast-hfb-mobile-header-display":"","site-post-title":"","ast-breadcrumbs-content":"","ast-featured-img":"","footer-sml-layout":"","ast-disable-related-posts":"","theme-transparent-header-meta":"","adv-header-id-meta":"","stick-header-meta":"","header-above-stick-meta":"","header-main-stick-meta":"","header-below-stick-meta":"","astra-migrate-meta-layouts":"default","ast-page-background-enabled":"default","ast-page-background-meta":{"desktop":{"background-color":"var(--ast-global-color-4)","background-image":"","background-repeat":"repeat","background-position":"center center","background-size":"auto","background-attachment":"scroll","background-type":"","background-media":"","overlay-type":"","overlay-color":"","overlay-opacity":"","overlay-gradient":""},"tablet":{"background-color":"","background-image":"","background-repeat":"repeat","background-position":"center center","background-size":"auto","background-attachment":"scroll","background-type":"","background-media":"","overlay-type":"","overlay-color":"","overlay-opacity":"","overlay-gradient":""},"mobile":{"background-color":"","background-image":"","background-repeat":"repeat","background-position":"center center","background-size":"auto","background-attachment":"scroll","background-type":"","background-media":"","overlay-type":"","overlay-color":"","overlay-opacity":"","overlay-gradient":""}},"ast-content-background-meta":{"desktop":{"background-color":"var(--ast-global-color-5)","background-image":"","background-repeat":"repeat","background-position":"center center","background-size":"auto","background-attachment":"scroll","background-type":"","background-media":"","overlay-type":"","overlay-color":"","overlay-opacity":"","overlay-gradient":""},"tablet":{"background-color":"var(--ast-global-color-5)","background-image":"","background-repeat":"repeat","background-position":"center center","background-size":"auto","background-attachment":"scroll","background-type":"","background-media":"","overlay-type":"","overlay-color":"","overlay-opacity":"","overlay-gradient":""},"mobile":{"background-color":"var(--ast-global-color-5)","background-image":"","background-repeat":"repeat","background-position":"center center","background-size":"auto","background-attachment":"scroll","background-type":"","background-media":"","overlay-type":"","overlay-color":"","overlay-opacity":"","overlay-gradient":""}}},"product_brand":[],"product_cat":[48,49,430,1200],"product_tag":[185,512,287,189,746,324,186,1289,380,456],"class_list":{"0":"post-8555","1":"product","2":"type-product","3":"status-publish","4":"has-post-thumbnail","6":"product_cat-casual","7":"product_cat-loafer","8":"product_cat-men","9":"product_cat-mens-shoes-2","10":"product_tag-calf-leather-shoes","11":"product_tag-casual-loafers","12":"product_tag-eva-sole-shoes","13":"product_tag-goat-leather-lining","14":"product_tag-leather-slip-ons","15":"product_tag-mens-dress-shoes","16":"product_tag-mens-loafers","17":"product_tag-perforated-loafers","18":"product_tag-smart-casual-footwear","19":"product_tag-wholesale-loafers","20":"desktop-align-center","21":"tablet-align-center","22":"mobile-align-center","24":"first","25":"instock","26":"shipping-taxable","27":"purchasable","28":"product-type-variable","29":"has-default-attributes"},"acf":[],"uagb_featured_image_src":{"full":["https:\/\/turkishtrade.co\/wp-content\/uploads\/2026\/01\/2600QLOMN00022-BLACK.png",453,250,false],"thumbnail":["https:\/\/turkishtrade.co\/wp-content\/uploads\/2026\/01\/2600QLOMN00022-BLACK-150x150.png",150,150,true],"medium":["https:\/\/turkishtrade.co\/wp-content\/uploads\/2026\/01\/2600QLOMN00022-BLACK-300x166.png",300,166,true],"medium_large":["https:\/\/turkishtrade.co\/wp-content\/uploads\/2026\/01\/2600QLOMN00022-BLACK.png",453,250,false],"large":["https:\/\/turkishtrade.co\/wp-content\/uploads\/2026\/01\/2600QLOMN00022-BLACK.png",453,250,false],"1536x1536":["https:\/\/turkishtrade.co\/wp-content\/uploads\/2026\/01\/2600QLOMN00022-BLACK.png",453,250,false],"2048x2048":["https:\/\/turkishtrade.co\/wp-content\/uploads\/2026\/01\/2600QLOMN00022-BLACK.png",453,250,false],"trp-custom-language-flag":["https:\/\/turkishtrade.co\/wp-content\/uploads\/2026\/01\/2600QLOMN00022-BLACK-18x10.png",18,10,true],"woocommerce_thumbnail":["https:\/\/turkishtrade.co\/wp-content\/uploads\/2026\/01\/2600QLOMN00022-BLACK-400x250.png",400,250,true],"woocommerce_single":["https:\/\/turkishtrade.co\/wp-content\/uploads\/2026\/01\/2600QLOMN00022-BLACK.png",453,250,false],"woocommerce_gallery_thumbnail":["https:\/\/turkishtrade.co\/wp-content\/uploads\/2026\/01\/2600QLOMN00022-BLACK-100x100.png",100,100,true]},"uagb_author_info":{"display_name":"python python","author_link":"https:\/\/turkishtrade.co\/fr\/author\/"},"uagb_comment_info":0,"uagb_excerpt":"Expertly crafted from genuine calf leather for superior style and durability. Luxuriously lined with soft goat leather, ensuring exceptional comfort with every step. Equipped with a lightweight and cushioned EVA sole for all-day wearability. Stylish casual loafer design with elegant perforated detailing and metal ornament. Available in EU sizes 40, 41, 42, 43, 44 to\u2026","_links":{"self":[{"href":"https:\/\/turkishtrade.co\/fr\/wp-json\/wp\/v2\/product\/8555","targetHints":{"allow":["GET"]}}],"collection":[{"href":"https:\/\/turkishtrade.co\/fr\/wp-json\/wp\/v2\/product"}],"about":[{"href":"https:\/\/turkishtrade.co\/fr\/wp-json\/wp\/v2\/types\/product"}],"wp:featuredmedia":[{"embeddable":true,"href":"https:\/\/turkishtrade.co\/fr\/wp-json\/wp\/v2\/media\/6726"}],"wp:attachment":[{"href":"https:\/\/turkishtrade.co\/fr\/wp-json\/wp\/v2\/media?parent=8555"}],"wp:term":[{"taxonomy":"product_brand","embeddable":true,"href":"https:\/\/turkishtrade.co\/fr\/wp-json\/wp\/v2\/product_brand?post=8555"},{"taxonomy":"product_cat","embeddable":true,"href":"https:\/\/turkishtrade.co\/fr\/wp-json\/wp\/v2\/product_cat?post=8555"},{"taxonomy":"product_tag","embeddable":true,"href":"https:\/\/turkishtrade.co\/fr\/wp-json\/wp\/v2\/product_tag?post=8555"}],"curies":[{"name":"wp","href":"https:\/\/api.w.org\/{rel}","templated":true}]}}